{"id":9791,"date":"2023-12-10T12:22:02","date_gmt":"2023-12-10T11:22:02","guid":{"rendered":"https:\/\/test-psadevincijunior-456.devincijunior.fr\/3-12-for-holds-and-cargos\/"},"modified":"2024-04-12T21:27:20","modified_gmt":"2024-04-12T19:27:20","slug":"3-12-for-holds-and-cargos","status":"publish","type":"page","link":"https:\/\/psa-paris.com\/fr\/3-12-for-holds-and-cargos\/","title":{"rendered":"POUR LES SOUTES ET CARGOS"},"content":{"rendered":"<div class=\"wpb-content-wrapper\"><p>[vc_row][vc_column][vc_single_image image=\u00a0\u00bb8153&Prime; img_size=\u00a0\u00bbfull\u00a0\u00bb alignment=\u00a0\u00bbcenter\u00a0\u00bb][vc_column_text css=\u00a0\u00bb.vc_custom_1712164703375{margin-bottom: 0px !important;}\u00a0\u00bb]<\/p>\n<h1 style=\"text-align: center;\">Pour les Soutes et Cargos<\/h1>\n<p>[\/vc_column_text][vc_separator][vc_column_text]<\/p>\n<p style=\"text-align: justify;\">Nos produits chimiques et solutions pour la maintenance a\u00e9ronautique sont vendus \u00e0 plus de 150 compagnies a\u00e9riennes, MRO et entreprises de manutention au sol dans le monde entier.<\/p>\n<p style=\"text-align: justify;\">De notre nappe protectrice absorbante exclusive TITE&rsquo;s \u00e0 notre \u00e9liminateur d&rsquo;odeurs ou notre d\u00e9colleur d&rsquo;\u00e9tiquettes Aero Label Remover, en passant par toutes nos autres solutions sp\u00e9cifiquement approuv\u00e9es pour l&rsquo;entretien, le nettoyage et la d\u00e9sinfection des soutes et des zones de fret des avions de ligne et des cargos, nous avons tout ce qu&rsquo;il vous faut.<\/p>\n<p>[\/vc_column_text][\/vc_column][\/vc_row][vc_row][vc_column][vc_basic_grid post_type=\u00a0\u00bbdt_portfolio\u00a0\u00bb max_items=\u00a0\u00bb-1&Prime; element_width=\u00a0\u00bb3&Prime; gap=\u00a0\u00bb20&Prime; order=\u00a0\u00bbASC\u00a0\u00bb item=\u00a0\u00bb10546&Prime; grid_id=\u00a0\u00bbvc_gid:1712949604603-e636ea17-b825-5&Prime; taxonomies=\u00a0\u00bb65&Prime;][\/vc_column][\/vc_row]<\/p>\n<\/div>","protected":false},"excerpt":{"rendered":"<p>[vc_row][vc_column][vc_single_image image=\u00a0\u00bb8153&Prime; img_size=\u00a0\u00bbfull\u00a0\u00bb alignment=\u00a0\u00bbcenter\u00a0\u00bb][vc_column_text css=\u00a0\u00bb.vc_custom_1712164703375{margin-bottom: 0px !important;}\u00a0\u00bb] Pour les Soutes et Cargos [\/vc_column_text][vc_separator][vc_column_text] Nos produits chimiques et solutions pour la maintenance a\u00e9ronautique sont vendus \u00e0 plus de 150 compagnies a\u00e9riennes, MRO et entreprises de manutention au sol dans le monde entier. De notre nappe protectrice absorbante exclusive TITE&rsquo;s \u00e0 notre \u00e9liminateur d&rsquo;odeurs ou notre d\u00e9colleur&hellip;<\/p>\n","protected":false},"author":1,"featured_media":0,"parent":0,"menu_order":0,"comment_status":"closed","ping_status":"closed","template":"","meta":{"_acf_changed":false,"footnotes":""},"class_list":["post-9791","page","type-page","status-publish","hentry","description-off"],"acf":[],"yoast_head":"<!-- This site is optimized with the Yoast SEO plugin v26.4 - https:\/\/yoast.com\/wordpress\/plugins\/seo\/ -->\n<title>POUR LES SOUTES ET CARGOS - PSA<\/title>\n<meta name=\"robots\" content=\"index, follow, max-snippet:-1, max-image-preview:large, max-video-preview:-1\" \/>\n<link rel=\"canonical\" href=\"https:\/\/psa-paris.com\/fr\/3-12-for-holds-and-cargos\/\" \/>\n<meta property=\"og:locale\" content=\"fr_FR\" \/>\n<meta property=\"og:type\" content=\"article\" \/>\n<meta property=\"og:title\" content=\"POUR LES SOUTES ET CARGOS - PSA\" \/>\n<meta property=\"og:description\" content=\"[vc_row][vc_column][vc_single_image image=\u00a0\u00bb8153&Prime; img_size=\u00a0\u00bbfull\u00a0\u00bb alignment=\u00a0\u00bbcenter\u00a0\u00bb][vc_column_text css=\u00a0\u00bb.vc_custom_1712164703375{margin-bottom: 0px !important;}\u00a0\u00bb] Pour les Soutes et Cargos [\/vc_column_text][vc_separator][vc_column_text] Nos produits chimiques et solutions pour la maintenance a\u00e9ronautique sont vendus \u00e0 plus de 150 compagnies a\u00e9riennes, MRO et entreprises de manutention au sol dans le monde entier. De notre nappe protectrice absorbante exclusive TITE&rsquo;s \u00e0 notre \u00e9liminateur d&rsquo;odeurs ou notre d\u00e9colleur&hellip;\" \/>\n<meta property=\"og:url\" content=\"https:\/\/psa-paris.com\/fr\/3-12-for-holds-and-cargos\/\" \/>\n<meta property=\"og:site_name\" content=\"PSA\" \/>\n<meta property=\"article:modified_time\" content=\"2024-04-12T19:27:20+00:00\" \/>\n<meta name=\"twitter:card\" content=\"summary_large_image\" \/>\n<meta name=\"twitter:label1\" content=\"Dur\u00e9e de lecture estim\u00e9e\" \/>\n\t<meta name=\"twitter:data1\" content=\"1 minute\" \/>\n<script type=\"application\/ld+json\" class=\"yoast-schema-graph\">{\"@context\":\"https:\/\/schema.org\",\"@graph\":[{\"@type\":\"WebPage\",\"@id\":\"https:\/\/psa-paris.com\/fr\/3-12-for-holds-and-cargos\/\",\"url\":\"https:\/\/psa-paris.com\/fr\/3-12-for-holds-and-cargos\/\",\"name\":\"POUR LES SOUTES ET CARGOS - PSA\",\"isPartOf\":{\"@id\":\"https:\/\/psa-paris.com\/fr\/#website\"},\"datePublished\":\"2023-12-10T11:22:02+00:00\",\"dateModified\":\"2024-04-12T19:27:20+00:00\",\"breadcrumb\":{\"@id\":\"https:\/\/psa-paris.com\/fr\/3-12-for-holds-and-cargos\/#breadcrumb\"},\"inLanguage\":\"fr-FR\",\"potentialAction\":[{\"@type\":\"ReadAction\",\"target\":[\"https:\/\/psa-paris.com\/fr\/3-12-for-holds-and-cargos\/\"]}]},{\"@type\":\"BreadcrumbList\",\"@id\":\"https:\/\/psa-paris.com\/fr\/3-12-for-holds-and-cargos\/#breadcrumb\",\"itemListElement\":[{\"@type\":\"ListItem\",\"position\":1,\"name\":\"Accueil\",\"item\":\"https:\/\/psa-paris.com\/fr\/\"},{\"@type\":\"ListItem\",\"position\":2,\"name\":\"POUR LES SOUTES ET CARGOS\"}]},{\"@type\":\"WebSite\",\"@id\":\"https:\/\/psa-paris.com\/fr\/#website\",\"url\":\"https:\/\/psa-paris.com\/fr\/\",\"name\":\"PSA\",\"description\":\"Produits Sanitaires A\u00e9ronefs - PSA\",\"potentialAction\":[{\"@type\":\"SearchAction\",\"target\":{\"@type\":\"EntryPoint\",\"urlTemplate\":\"https:\/\/psa-paris.com\/fr\/?s={search_term_string}\"},\"query-input\":{\"@type\":\"PropertyValueSpecification\",\"valueRequired\":true,\"valueName\":\"search_term_string\"}}],\"inLanguage\":\"fr-FR\"}]}<\/script>\n<!-- \/ Yoast SEO plugin. -->","yoast_head_json":{"title":"POUR LES SOUTES ET CARGOS - PSA","robots":{"index":"index","follow":"follow","max-snippet":"max-snippet:-1","max-image-preview":"max-image-preview:large","max-video-preview":"max-video-preview:-1"},"canonical":"https:\/\/psa-paris.com\/fr\/3-12-for-holds-and-cargos\/","og_locale":"fr_FR","og_type":"article","og_title":"POUR LES SOUTES ET CARGOS - PSA","og_description":"[vc_row][vc_column][vc_single_image image=\u00a0\u00bb8153&Prime; img_size=\u00a0\u00bbfull\u00a0\u00bb alignment=\u00a0\u00bbcenter\u00a0\u00bb][vc_column_text css=\u00a0\u00bb.vc_custom_1712164703375{margin-bottom: 0px !important;}\u00a0\u00bb] Pour les Soutes et Cargos [\/vc_column_text][vc_separator][vc_column_text] Nos produits chimiques et solutions pour la maintenance a\u00e9ronautique sont vendus \u00e0 plus de 150 compagnies a\u00e9riennes, MRO et entreprises de manutention au sol dans le monde entier. De notre nappe protectrice absorbante exclusive TITE&rsquo;s \u00e0 notre \u00e9liminateur d&rsquo;odeurs ou notre d\u00e9colleur&hellip;","og_url":"https:\/\/psa-paris.com\/fr\/3-12-for-holds-and-cargos\/","og_site_name":"PSA","article_modified_time":"2024-04-12T19:27:20+00:00","twitter_card":"summary_large_image","twitter_misc":{"Dur\u00e9e de lecture estim\u00e9e":"1 minute"},"schema":{"@context":"https:\/\/schema.org","@graph":[{"@type":"WebPage","@id":"https:\/\/psa-paris.com\/fr\/3-12-for-holds-and-cargos\/","url":"https:\/\/psa-paris.com\/fr\/3-12-for-holds-and-cargos\/","name":"POUR LES SOUTES ET CARGOS - PSA","isPartOf":{"@id":"https:\/\/psa-paris.com\/fr\/#website"},"datePublished":"2023-12-10T11:22:02+00:00","dateModified":"2024-04-12T19:27:20+00:00","breadcrumb":{"@id":"https:\/\/psa-paris.com\/fr\/3-12-for-holds-and-cargos\/#breadcrumb"},"inLanguage":"fr-FR","potentialAction":[{"@type":"ReadAction","target":["https:\/\/psa-paris.com\/fr\/3-12-for-holds-and-cargos\/"]}]},{"@type":"BreadcrumbList","@id":"https:\/\/psa-paris.com\/fr\/3-12-for-holds-and-cargos\/#breadcrumb","itemListElement":[{"@type":"ListItem","position":1,"name":"Accueil","item":"https:\/\/psa-paris.com\/fr\/"},{"@type":"ListItem","position":2,"name":"POUR LES SOUTES ET CARGOS"}]},{"@type":"WebSite","@id":"https:\/\/psa-paris.com\/fr\/#website","url":"https:\/\/psa-paris.com\/fr\/","name":"PSA","description":"Produits Sanitaires A\u00e9ronefs - PSA","potentialAction":[{"@type":"SearchAction","target":{"@type":"EntryPoint","urlTemplate":"https:\/\/psa-paris.com\/fr\/?s={search_term_string}"},"query-input":{"@type":"PropertyValueSpecification","valueRequired":true,"valueName":"search_term_string"}}],"inLanguage":"fr-FR"}]}},"_links":{"self":[{"href":"https:\/\/psa-paris.com\/fr\/wp-json\/wp\/v2\/pages\/9791","targetHints":{"allow":["GET"]}}],"collection":[{"href":"https:\/\/psa-paris.com\/fr\/wp-json\/wp\/v2\/pages"}],"about":[{"href":"https:\/\/psa-paris.com\/fr\/wp-json\/wp\/v2\/types\/page"}],"author":[{"embeddable":true,"href":"https:\/\/psa-paris.com\/fr\/wp-json\/wp\/v2\/users\/1"}],"replies":[{"embeddable":true,"href":"https:\/\/psa-paris.com\/fr\/wp-json\/wp\/v2\/comments?post=9791"}],"version-history":[{"count":7,"href":"https:\/\/psa-paris.com\/fr\/wp-json\/wp\/v2\/pages\/9791\/revisions"}],"predecessor-version":[{"id":15046,"href":"https:\/\/psa-paris.com\/fr\/wp-json\/wp\/v2\/pages\/9791\/revisions\/15046"}],"wp:attachment":[{"href":"https:\/\/psa-paris.com\/fr\/wp-json\/wp\/v2\/media?parent=9791"}],"curies":[{"name":"wp","href":"https:\/\/api.w.org\/{rel}","templated":true}]}}