{"id":9792,"date":"2023-12-08T10:06:34","date_gmt":"2023-12-08T09:06:34","guid":{"rendered":"https:\/\/test-psadevincijunior-456.devincijunior.fr\/3-7-pest-control\/"},"modified":"2024-04-12T21:23:26","modified_gmt":"2024-04-12T19:23:26","slug":"3-7-pest-control","status":"publish","type":"page","link":"https:\/\/psa-paris.com\/fr\/3-7-pest-control\/","title":{"rendered":"CONTROLE DES INSECTES NUISIBLES"},"content":{"rendered":"<div class=\"wpb-content-wrapper\"><p>[vc_row][vc_column][vc_single_image image=\u00a0\u00bb7997&Prime; img_size=\u00a0\u00bbfull\u00a0\u00bb alignment=\u00a0\u00bbcenter\u00a0\u00bb][vc_column_text css=\u00a0\u00bb.vc_custom_1712164188810{margin-bottom: 0px !important;}\u00a0\u00bb]<\/p>\n<h1 style=\"text-align: center;\">Contr\u00f4le des Insectes Nuisibles<\/h1>\n<p>[\/vc_column_text][vc_separator][vc_column_text]<\/p>\n<p style=\"text-align: justify;\">Toutes les solutions s\u00fbres approuv\u00e9es usage a\u00e9ronautique dont vous avez besoin en cas d&rsquo;infestation et pour le traitement \u00e0 long terme contre les cafards, les punaises de lit et autres insectes rampants, ainsi que contre les moustiques et les insectes volants typiques.<\/p>\n<p>[\/vc_column_text][\/vc_column][\/vc_row][vc_row][vc_column][vc_basic_grid post_type=\u00a0\u00bbdt_portfolio\u00a0\u00bb max_items=\u00a0\u00bb-1&Prime; element_width=\u00a0\u00bb3&Prime; gap=\u00a0\u00bb20&Prime; order=\u00a0\u00bbASC\u00a0\u00bb item=\u00a0\u00bb10546&Prime; grid_id=\u00a0\u00bbvc_gid:1712949508620-5debace6-70ad-0&Prime; taxonomies=\u00a0\u00bb64&Prime;][\/vc_column][\/vc_row]<\/p>\n<\/div>","protected":false},"excerpt":{"rendered":"<p>[vc_row][vc_column][vc_single_image image=\u00a0\u00bb7997&Prime; img_size=\u00a0\u00bbfull\u00a0\u00bb alignment=\u00a0\u00bbcenter\u00a0\u00bb][vc_column_text css=\u00a0\u00bb.vc_custom_1712164188810{margin-bottom: 0px !important;}\u00a0\u00bb] Contr\u00f4le des Insectes Nuisibles [\/vc_column_text][vc_separator][vc_column_text] Toutes les solutions s\u00fbres approuv\u00e9es usage a\u00e9ronautique dont vous avez besoin en cas d&rsquo;infestation et pour le traitement \u00e0 long terme contre les cafards, les punaises de lit et autres insectes rampants, ainsi que contre les moustiques et les insectes volants typiques. [\/vc_column_text][\/vc_column][\/vc_row][vc_row][vc_column][vc_basic_grid&hellip;<\/p>\n","protected":false},"author":1,"featured_media":9162,"parent":0,"menu_order":0,"comment_status":"closed","ping_status":"closed","template":"","meta":{"_acf_changed":false,"footnotes":""},"class_list":["post-9792","page","type-page","status-publish","has-post-thumbnail","hentry","description-off"],"acf":[],"yoast_head":"<!-- This site is optimized with the Yoast SEO plugin v26.4 - https:\/\/yoast.com\/wordpress\/plugins\/seo\/ -->\n<title>CONTROLE DES INSECTES NUISIBLES - PSA<\/title>\n<meta name=\"robots\" content=\"index, follow, max-snippet:-1, max-image-preview:large, max-video-preview:-1\" \/>\n<link rel=\"canonical\" href=\"https:\/\/psa-paris.com\/fr\/3-7-pest-control\/\" \/>\n<meta property=\"og:locale\" content=\"fr_FR\" \/>\n<meta property=\"og:type\" content=\"article\" \/>\n<meta property=\"og:title\" content=\"CONTROLE DES INSECTES NUISIBLES - PSA\" \/>\n<meta property=\"og:description\" content=\"[vc_row][vc_column][vc_single_image image=\u00a0\u00bb7997&Prime; img_size=\u00a0\u00bbfull\u00a0\u00bb alignment=\u00a0\u00bbcenter\u00a0\u00bb][vc_column_text css=\u00a0\u00bb.vc_custom_1712164188810{margin-bottom: 0px !important;}\u00a0\u00bb] Contr\u00f4le des Insectes Nuisibles [\/vc_column_text][vc_separator][vc_column_text] Toutes les solutions s\u00fbres approuv\u00e9es usage a\u00e9ronautique dont vous avez besoin en cas d&rsquo;infestation et pour le traitement \u00e0 long terme contre les cafards, les punaises de lit et autres insectes rampants, ainsi que contre les moustiques et les insectes volants typiques. [\/vc_column_text][\/vc_column][\/vc_row][vc_row][vc_column][vc_basic_grid&hellip;\" \/>\n<meta property=\"og:url\" content=\"https:\/\/psa-paris.com\/fr\/3-7-pest-control\/\" \/>\n<meta property=\"og:site_name\" content=\"PSA\" \/>\n<meta property=\"article:modified_time\" content=\"2024-04-12T19:23:26+00:00\" \/>\n<meta property=\"og:image\" content=\"https:\/\/psa-paris.com\/wp-content\/uploads\/2023\/12\/Pest-Control-Thumbnail.jpg\" \/>\n\t<meta property=\"og:image:width\" content=\"2061\" \/>\n\t<meta property=\"og:image:height\" content=\"2061\" \/>\n\t<meta property=\"og:image:type\" content=\"image\/jpeg\" \/>\n<meta name=\"twitter:card\" content=\"summary_large_image\" \/>\n<meta name=\"twitter:label1\" content=\"Dur\u00e9e de lecture estim\u00e9e\" \/>\n\t<meta name=\"twitter:data1\" content=\"1 minute\" \/>\n<script type=\"application\/ld+json\" class=\"yoast-schema-graph\">{\"@context\":\"https:\/\/schema.org\",\"@graph\":[{\"@type\":\"WebPage\",\"@id\":\"https:\/\/psa-paris.com\/fr\/3-7-pest-control\/\",\"url\":\"https:\/\/psa-paris.com\/fr\/3-7-pest-control\/\",\"name\":\"CONTROLE DES INSECTES NUISIBLES - PSA\",\"isPartOf\":{\"@id\":\"https:\/\/psa-paris.com\/fr\/#website\"},\"primaryImageOfPage\":{\"@id\":\"https:\/\/psa-paris.com\/fr\/3-7-pest-control\/#primaryimage\"},\"image\":{\"@id\":\"https:\/\/psa-paris.com\/fr\/3-7-pest-control\/#primaryimage\"},\"thumbnailUrl\":\"https:\/\/psa-paris.com\/wp-content\/uploads\/2023\/12\/Pest-Control-Thumbnail.jpg\",\"datePublished\":\"2023-12-08T09:06:34+00:00\",\"dateModified\":\"2024-04-12T19:23:26+00:00\",\"breadcrumb\":{\"@id\":\"https:\/\/psa-paris.com\/fr\/3-7-pest-control\/#breadcrumb\"},\"inLanguage\":\"fr-FR\",\"potentialAction\":[{\"@type\":\"ReadAction\",\"target\":[\"https:\/\/psa-paris.com\/fr\/3-7-pest-control\/\"]}]},{\"@type\":\"ImageObject\",\"inLanguage\":\"fr-FR\",\"@id\":\"https:\/\/psa-paris.com\/fr\/3-7-pest-control\/#primaryimage\",\"url\":\"https:\/\/psa-paris.com\/wp-content\/uploads\/2023\/12\/Pest-Control-Thumbnail.jpg\",\"contentUrl\":\"https:\/\/psa-paris.com\/wp-content\/uploads\/2023\/12\/Pest-Control-Thumbnail.jpg\",\"width\":2061,\"height\":2061,\"caption\":\"Hand holding cockroaches with airplane cabine with the luggage compartments, disturbances was eliminated idea is get rid of insects and put insect protection systems at airplanes.\"},{\"@type\":\"BreadcrumbList\",\"@id\":\"https:\/\/psa-paris.com\/fr\/3-7-pest-control\/#breadcrumb\",\"itemListElement\":[{\"@type\":\"ListItem\",\"position\":1,\"name\":\"Accueil\",\"item\":\"https:\/\/psa-paris.com\/fr\/\"},{\"@type\":\"ListItem\",\"position\":2,\"name\":\"CONTROLE DES INSECTES NUISIBLES\"}]},{\"@type\":\"WebSite\",\"@id\":\"https:\/\/psa-paris.com\/fr\/#website\",\"url\":\"https:\/\/psa-paris.com\/fr\/\",\"name\":\"PSA\",\"description\":\"Produits Sanitaires A\u00e9ronefs - PSA\",\"potentialAction\":[{\"@type\":\"SearchAction\",\"target\":{\"@type\":\"EntryPoint\",\"urlTemplate\":\"https:\/\/psa-paris.com\/fr\/?s={search_term_string}\"},\"query-input\":{\"@type\":\"PropertyValueSpecification\",\"valueRequired\":true,\"valueName\":\"search_term_string\"}}],\"inLanguage\":\"fr-FR\"}]}<\/script>\n<!-- \/ Yoast SEO plugin. -->","yoast_head_json":{"title":"CONTROLE DES INSECTES NUISIBLES - PSA","robots":{"index":"index","follow":"follow","max-snippet":"max-snippet:-1","max-image-preview":"max-image-preview:large","max-video-preview":"max-video-preview:-1"},"canonical":"https:\/\/psa-paris.com\/fr\/3-7-pest-control\/","og_locale":"fr_FR","og_type":"article","og_title":"CONTROLE DES INSECTES NUISIBLES - PSA","og_description":"[vc_row][vc_column][vc_single_image image=\u00a0\u00bb7997&Prime; img_size=\u00a0\u00bbfull\u00a0\u00bb alignment=\u00a0\u00bbcenter\u00a0\u00bb][vc_column_text css=\u00a0\u00bb.vc_custom_1712164188810{margin-bottom: 0px !important;}\u00a0\u00bb] Contr\u00f4le des Insectes Nuisibles [\/vc_column_text][vc_separator][vc_column_text] Toutes les solutions s\u00fbres approuv\u00e9es usage a\u00e9ronautique dont vous avez besoin en cas d&rsquo;infestation et pour le traitement \u00e0 long terme contre les cafards, les punaises de lit et autres insectes rampants, ainsi que contre les moustiques et les insectes volants typiques. [\/vc_column_text][\/vc_column][\/vc_row][vc_row][vc_column][vc_basic_grid&hellip;","og_url":"https:\/\/psa-paris.com\/fr\/3-7-pest-control\/","og_site_name":"PSA","article_modified_time":"2024-04-12T19:23:26+00:00","og_image":[{"width":2061,"height":2061,"url":"https:\/\/psa-paris.com\/wp-content\/uploads\/2023\/12\/Pest-Control-Thumbnail.jpg","type":"image\/jpeg"}],"twitter_card":"summary_large_image","twitter_misc":{"Dur\u00e9e de lecture estim\u00e9e":"1 minute"},"schema":{"@context":"https:\/\/schema.org","@graph":[{"@type":"WebPage","@id":"https:\/\/psa-paris.com\/fr\/3-7-pest-control\/","url":"https:\/\/psa-paris.com\/fr\/3-7-pest-control\/","name":"CONTROLE DES INSECTES NUISIBLES - PSA","isPartOf":{"@id":"https:\/\/psa-paris.com\/fr\/#website"},"primaryImageOfPage":{"@id":"https:\/\/psa-paris.com\/fr\/3-7-pest-control\/#primaryimage"},"image":{"@id":"https:\/\/psa-paris.com\/fr\/3-7-pest-control\/#primaryimage"},"thumbnailUrl":"https:\/\/psa-paris.com\/wp-content\/uploads\/2023\/12\/Pest-Control-Thumbnail.jpg","datePublished":"2023-12-08T09:06:34+00:00","dateModified":"2024-04-12T19:23:26+00:00","breadcrumb":{"@id":"https:\/\/psa-paris.com\/fr\/3-7-pest-control\/#breadcrumb"},"inLanguage":"fr-FR","potentialAction":[{"@type":"ReadAction","target":["https:\/\/psa-paris.com\/fr\/3-7-pest-control\/"]}]},{"@type":"ImageObject","inLanguage":"fr-FR","@id":"https:\/\/psa-paris.com\/fr\/3-7-pest-control\/#primaryimage","url":"https:\/\/psa-paris.com\/wp-content\/uploads\/2023\/12\/Pest-Control-Thumbnail.jpg","contentUrl":"https:\/\/psa-paris.com\/wp-content\/uploads\/2023\/12\/Pest-Control-Thumbnail.jpg","width":2061,"height":2061,"caption":"Hand holding cockroaches with airplane cabine with the luggage compartments, disturbances was eliminated idea is get rid of insects and put insect protection systems at airplanes."},{"@type":"BreadcrumbList","@id":"https:\/\/psa-paris.com\/fr\/3-7-pest-control\/#breadcrumb","itemListElement":[{"@type":"ListItem","position":1,"name":"Accueil","item":"https:\/\/psa-paris.com\/fr\/"},{"@type":"ListItem","position":2,"name":"CONTROLE DES INSECTES NUISIBLES"}]},{"@type":"WebSite","@id":"https:\/\/psa-paris.com\/fr\/#website","url":"https:\/\/psa-paris.com\/fr\/","name":"PSA","description":"Produits Sanitaires A\u00e9ronefs - PSA","potentialAction":[{"@type":"SearchAction","target":{"@type":"EntryPoint","urlTemplate":"https:\/\/psa-paris.com\/fr\/?s={search_term_string}"},"query-input":{"@type":"PropertyValueSpecification","valueRequired":true,"valueName":"search_term_string"}}],"inLanguage":"fr-FR"}]}},"_links":{"self":[{"href":"https:\/\/psa-paris.com\/fr\/wp-json\/wp\/v2\/pages\/9792","targetHints":{"allow":["GET"]}}],"collection":[{"href":"https:\/\/psa-paris.com\/fr\/wp-json\/wp\/v2\/pages"}],"about":[{"href":"https:\/\/psa-paris.com\/fr\/wp-json\/wp\/v2\/types\/page"}],"author":[{"embeddable":true,"href":"https:\/\/psa-paris.com\/fr\/wp-json\/wp\/v2\/users\/1"}],"replies":[{"embeddable":true,"href":"https:\/\/psa-paris.com\/fr\/wp-json\/wp\/v2\/comments?post=9792"}],"version-history":[{"count":10,"href":"https:\/\/psa-paris.com\/fr\/wp-json\/wp\/v2\/pages\/9792\/revisions"}],"predecessor-version":[{"id":15036,"href":"https:\/\/psa-paris.com\/fr\/wp-json\/wp\/v2\/pages\/9792\/revisions\/15036"}],"wp:featuredmedia":[{"embeddable":true,"href":"https:\/\/psa-paris.com\/fr\/wp-json\/wp\/v2\/media\/9162"}],"wp:attachment":[{"href":"https:\/\/psa-paris.com\/fr\/wp-json\/wp\/v2\/media?parent=9792"}],"curies":[{"name":"wp","href":"https:\/\/api.w.org\/{rel}","templated":true}]}}