{"id":9817,"date":"2023-11-27T14:59:41","date_gmt":"2023-11-27T13:59:41","guid":{"rendered":"https:\/\/test-psadevincijunior-456.devincijunior.fr\/welding-metal-treatment\/"},"modified":"2024-09-26T14:45:17","modified_gmt":"2024-09-26T12:45:17","slug":"welding-metal-treatment","status":"publish","type":"page","link":"https:\/\/psa-paris.com\/fr\/welding-metal-treatment\/","title":{"rendered":"SOUDAGE &amp; TRAITEMENT DES METAUX"},"content":{"rendered":"<div class=\"wpb-content-wrapper\"><p>[vc_row][vc_column][vc_single_image image=\u00a0\u00bb6252&Prime; img_size=\u00a0\u00bbfull\u00a0\u00bb alignment=\u00a0\u00bbcenter\u00a0\u00bb][vc_column_text css=\u00a0\u00bb.vc_custom_1708073325243{margin-bottom: 0px !important;}\u00a0\u00bb]<\/p>\n<h1 style=\"text-align: center;\">Welding &amp; Metal Treatments<\/h1>\n<p>[\/vc_column_text][vc_separator][vc_column_text]<\/p>\n<p style=\"text-align: justify;\">Produits chimiques pour le soudage et produits de traitement des m\u00e9taux de haute qualit\u00e9, notamment sprays anti-\u00e9claboussures, gels anti-\u00e9claboussures, r\u00e9v\u00e9lateurs, gels de d\u00e9capage, p\u00e2tes de d\u00e9capage, etc. Nos produits de soudage sont disponibles soit directement, soit par l&rsquo;interm\u00e9diaire de distributeurs, et peuvent \u00eatre livr\u00e9s dans le monde entier \u00e0 partir de plusieurs points de stockage.<\/p>\n<p style=\"text-align: justify;\">La passivation de l&rsquo;acier inoxydable est n\u00e9cessaire pour maximiser la r\u00e9sistance naturelle \u00e0 la corrosion de l&rsquo;acier inoxydable. Il \u00e9limine les contaminations de surface des outils de coupe qui peuvent participer \u00e0 la formation de rouille ou servir de point d\u2019initiation de la corrosion.<\/p>\n<p style=\"text-align: justify;\">Nous fournissons la gamme compl\u00e8te de nettoyants pour acier inoxydable Callington, y compris les solution de passivation des aciers inoxydables, les produits d\u2019\u00e9limination de la corrosion, les gels de d\u00e9capage pour l\u2019acier inoxydable et des produits pour le polissage.<\/p>\n<p>[\/vc_column_text][vc_row_inner][vc_column_inner width=\u00a0\u00bb1\/4&Prime;][vc_single_image image=\u00a0\u00bb6233&Prime; img_size=\u00a0\u00bb200&#215;200&Prime; alignment=\u00a0\u00bbcenter\u00a0\u00bb onclick=\u00a0\u00bbcustom_link\u00a0\u00bb link=\u00a0\u00bbhttps:\/\/psa-paris.com\/surface-treatment\/\u00a0\u00bb][vc_column_text]<\/p>\n<h3 class=\"untransform_title\" style=\"text-align: center;\"><span style=\"color: #009ec5;\"><a style=\"color: #009ec5;\" href=\"https:\/\/psa-paris.com\/fr\/surface-treatment\/\">Surface Treatment<\/a><\/span><\/h3>\n<p>[\/vc_column_text][\/vc_column_inner][vc_column_inner width=\u00a0\u00bb1\/4&Prime;][vc_single_image image=\u00a0\u00bb8169&Prime; img_size=\u00a0\u00bb200&#215;200&Prime; alignment=\u00a0\u00bbcenter\u00a0\u00bb onclick=\u00a0\u00bbcustom_link\u00a0\u00bb link=\u00a0\u00bbhttps:\/\/psa-paris.com\/spatter-protection\/\u00a0\u00bb][vc_column_text]<\/p>\n<h3 class=\"untransform_title\" style=\"text-align: center;\"><span style=\"color: #009ec5;\"><a style=\"color: #009ec5;\" href=\"https:\/\/psa-paris.com\/fr\/spatter-protection\/\">Spatter Protection<\/a><\/span><\/h3>\n<p>[\/vc_column_text][\/vc_column_inner][vc_column_inner width=\u00a0\u00bb1\/4&Prime;][vc_single_image image=\u00a0\u00bb6251&Prime; img_size=\u00a0\u00bb200&#215;200&Prime; alignment=\u00a0\u00bbcenter\u00a0\u00bb onclick=\u00a0\u00bbcustom_link\u00a0\u00bb link=\u00a0\u00bbhttps:\/\/psa-paris.com\/surface-coatings\/\u00a0\u00bb][vc_column_text]<\/p>\n<h3 class=\"untransform_title\" style=\"text-align: center;\"><span style=\"color: #009ec5;\"><a style=\"color: #009ec5;\" href=\"https:\/\/psa-paris.com\/fr\/surface-coatings\/\">Surface Coatings<\/a><\/span><\/h3>\n<p>[\/vc_column_text][\/vc_column_inner][vc_column_inner width=\u00a0\u00bb1\/4&Prime;][vc_single_image image=\u00a0\u00bb16004&Prime; img_size=\u00a0\u00bb200&#215;200&Prime; alignment=\u00a0\u00bbcenter\u00a0\u00bb css=\u00a0\u00bb\u00a0\u00bb][vc_column_text css=\u00a0\u00bb\u00a0\u00bb]<\/p>\n<h3 class=\"untransform_title\" style=\"text-align: center;\"><span style=\"color: #009ec5;\">Passivation<\/span><\/h3>\n<p>[\/vc_column_text][\/vc_column_inner][\/vc_row_inner][\/vc_column][\/vc_row]<\/p>\n<\/div>","protected":false},"excerpt":{"rendered":"<p>[vc_row][vc_column][vc_single_image image=\u00a0\u00bb6252&Prime; img_size=\u00a0\u00bbfull\u00a0\u00bb alignment=\u00a0\u00bbcenter\u00a0\u00bb][vc_column_text css=\u00a0\u00bb.vc_custom_1708073325243{margin-bottom: 0px !important;}\u00a0\u00bb] Welding &amp; Metal Treatments [\/vc_column_text][vc_separator][vc_column_text] Produits chimiques pour le soudage et produits de traitement des m\u00e9taux de haute qualit\u00e9, notamment sprays anti-\u00e9claboussures, gels anti-\u00e9claboussures, r\u00e9v\u00e9lateurs, gels de d\u00e9capage, p\u00e2tes de d\u00e9capage, etc. Nos produits de soudage sont disponibles soit directement, soit par l&rsquo;interm\u00e9diaire de distributeurs, et peuvent \u00eatre&hellip;<\/p>\n","protected":false},"author":1,"featured_media":0,"parent":0,"menu_order":0,"comment_status":"closed","ping_status":"closed","template":"","meta":{"_acf_changed":false,"footnotes":""},"class_list":["post-9817","page","type-page","status-publish","hentry","description-off"],"acf":[],"yoast_head":"<!-- This site is optimized with the Yoast SEO plugin v26.4 - https:\/\/yoast.com\/wordpress\/plugins\/seo\/ -->\n<title>SOUDAGE &amp; TRAITEMENT DES METAUX - PSA<\/title>\n<meta name=\"description\" content=\"Produits chimiques pour le soudage et produits de traitement des m\u00e9taux de haute qualit\u00e9, sprays anti-\u00e9claboussures, p\u00e2tes de d\u00e9capage, etc.\" \/>\n<meta name=\"robots\" content=\"index, follow, max-snippet:-1, max-image-preview:large, max-video-preview:-1\" \/>\n<link rel=\"canonical\" href=\"https:\/\/psa-paris.com\/fr\/welding-metal-treatment\/\" \/>\n<meta property=\"og:locale\" content=\"fr_FR\" \/>\n<meta property=\"og:type\" content=\"article\" \/>\n<meta property=\"og:title\" content=\"SOUDAGE &amp; TRAITEMENT DES METAUX - PSA\" \/>\n<meta property=\"og:description\" content=\"Produits chimiques pour le soudage et produits de traitement des m\u00e9taux de haute qualit\u00e9, sprays anti-\u00e9claboussures, p\u00e2tes de d\u00e9capage, etc.\" \/>\n<meta property=\"og:url\" content=\"https:\/\/psa-paris.com\/fr\/welding-metal-treatment\/\" \/>\n<meta property=\"og:site_name\" content=\"PSA\" \/>\n<meta property=\"article:modified_time\" content=\"2024-09-26T12:45:17+00:00\" \/>\n<meta name=\"twitter:card\" content=\"summary_large_image\" \/>\n<meta name=\"twitter:label1\" content=\"Dur\u00e9e de lecture estim\u00e9e\" \/>\n\t<meta name=\"twitter:data1\" content=\"2 minutes\" \/>\n<script type=\"application\/ld+json\" class=\"yoast-schema-graph\">{\"@context\":\"https:\/\/schema.org\",\"@graph\":[{\"@type\":\"WebPage\",\"@id\":\"https:\/\/psa-paris.com\/fr\/welding-metal-treatment\/\",\"url\":\"https:\/\/psa-paris.com\/fr\/welding-metal-treatment\/\",\"name\":\"SOUDAGE &amp; TRAITEMENT DES METAUX - PSA\",\"isPartOf\":{\"@id\":\"https:\/\/psa-paris.com\/fr\/#website\"},\"datePublished\":\"2023-11-27T13:59:41+00:00\",\"dateModified\":\"2024-09-26T12:45:17+00:00\",\"description\":\"Produits chimiques pour le soudage et produits de traitement des m\u00e9taux de haute qualit\u00e9, sprays anti-\u00e9claboussures, p\u00e2tes de d\u00e9capage, etc.\",\"breadcrumb\":{\"@id\":\"https:\/\/psa-paris.com\/fr\/welding-metal-treatment\/#breadcrumb\"},\"inLanguage\":\"fr-FR\",\"potentialAction\":[{\"@type\":\"ReadAction\",\"target\":[\"https:\/\/psa-paris.com\/fr\/welding-metal-treatment\/\"]}]},{\"@type\":\"BreadcrumbList\",\"@id\":\"https:\/\/psa-paris.com\/fr\/welding-metal-treatment\/#breadcrumb\",\"itemListElement\":[{\"@type\":\"ListItem\",\"position\":1,\"name\":\"Accueil\",\"item\":\"https:\/\/psa-paris.com\/fr\/\"},{\"@type\":\"ListItem\",\"position\":2,\"name\":\"SOUDAGE &amp; TRAITEMENT DES METAUX\"}]},{\"@type\":\"WebSite\",\"@id\":\"https:\/\/psa-paris.com\/fr\/#website\",\"url\":\"https:\/\/psa-paris.com\/fr\/\",\"name\":\"PSA\",\"description\":\"Produits Sanitaires A\u00e9ronefs - PSA\",\"potentialAction\":[{\"@type\":\"SearchAction\",\"target\":{\"@type\":\"EntryPoint\",\"urlTemplate\":\"https:\/\/psa-paris.com\/fr\/?s={search_term_string}\"},\"query-input\":{\"@type\":\"PropertyValueSpecification\",\"valueRequired\":true,\"valueName\":\"search_term_string\"}}],\"inLanguage\":\"fr-FR\"}]}<\/script>\n<!-- \/ Yoast SEO plugin. -->","yoast_head_json":{"title":"SOUDAGE &amp; TRAITEMENT DES METAUX - PSA","description":"Produits chimiques pour le soudage et produits de traitement des m\u00e9taux de haute qualit\u00e9, sprays anti-\u00e9claboussures, p\u00e2tes de d\u00e9capage, etc.","robots":{"index":"index","follow":"follow","max-snippet":"max-snippet:-1","max-image-preview":"max-image-preview:large","max-video-preview":"max-video-preview:-1"},"canonical":"https:\/\/psa-paris.com\/fr\/welding-metal-treatment\/","og_locale":"fr_FR","og_type":"article","og_title":"SOUDAGE &amp; TRAITEMENT DES METAUX - PSA","og_description":"Produits chimiques pour le soudage et produits de traitement des m\u00e9taux de haute qualit\u00e9, sprays anti-\u00e9claboussures, p\u00e2tes de d\u00e9capage, etc.","og_url":"https:\/\/psa-paris.com\/fr\/welding-metal-treatment\/","og_site_name":"PSA","article_modified_time":"2024-09-26T12:45:17+00:00","twitter_card":"summary_large_image","twitter_misc":{"Dur\u00e9e de lecture estim\u00e9e":"2 minutes"},"schema":{"@context":"https:\/\/schema.org","@graph":[{"@type":"WebPage","@id":"https:\/\/psa-paris.com\/fr\/welding-metal-treatment\/","url":"https:\/\/psa-paris.com\/fr\/welding-metal-treatment\/","name":"SOUDAGE &amp; TRAITEMENT DES METAUX - PSA","isPartOf":{"@id":"https:\/\/psa-paris.com\/fr\/#website"},"datePublished":"2023-11-27T13:59:41+00:00","dateModified":"2024-09-26T12:45:17+00:00","description":"Produits chimiques pour le soudage et produits de traitement des m\u00e9taux de haute qualit\u00e9, sprays anti-\u00e9claboussures, p\u00e2tes de d\u00e9capage, etc.","breadcrumb":{"@id":"https:\/\/psa-paris.com\/fr\/welding-metal-treatment\/#breadcrumb"},"inLanguage":"fr-FR","potentialAction":[{"@type":"ReadAction","target":["https:\/\/psa-paris.com\/fr\/welding-metal-treatment\/"]}]},{"@type":"BreadcrumbList","@id":"https:\/\/psa-paris.com\/fr\/welding-metal-treatment\/#breadcrumb","itemListElement":[{"@type":"ListItem","position":1,"name":"Accueil","item":"https:\/\/psa-paris.com\/fr\/"},{"@type":"ListItem","position":2,"name":"SOUDAGE &amp; TRAITEMENT DES METAUX"}]},{"@type":"WebSite","@id":"https:\/\/psa-paris.com\/fr\/#website","url":"https:\/\/psa-paris.com\/fr\/","name":"PSA","description":"Produits Sanitaires A\u00e9ronefs - PSA","potentialAction":[{"@type":"SearchAction","target":{"@type":"EntryPoint","urlTemplate":"https:\/\/psa-paris.com\/fr\/?s={search_term_string}"},"query-input":{"@type":"PropertyValueSpecification","valueRequired":true,"valueName":"search_term_string"}}],"inLanguage":"fr-FR"}]}},"_links":{"self":[{"href":"https:\/\/psa-paris.com\/fr\/wp-json\/wp\/v2\/pages\/9817","targetHints":{"allow":["GET"]}}],"collection":[{"href":"https:\/\/psa-paris.com\/fr\/wp-json\/wp\/v2\/pages"}],"about":[{"href":"https:\/\/psa-paris.com\/fr\/wp-json\/wp\/v2\/types\/page"}],"author":[{"embeddable":true,"href":"https:\/\/psa-paris.com\/fr\/wp-json\/wp\/v2\/users\/1"}],"replies":[{"embeddable":true,"href":"https:\/\/psa-paris.com\/fr\/wp-json\/wp\/v2\/comments?post=9817"}],"version-history":[{"count":15,"href":"https:\/\/psa-paris.com\/fr\/wp-json\/wp\/v2\/pages\/9817\/revisions"}],"predecessor-version":[{"id":16006,"href":"https:\/\/psa-paris.com\/fr\/wp-json\/wp\/v2\/pages\/9817\/revisions\/16006"}],"wp:attachment":[{"href":"https:\/\/psa-paris.com\/fr\/wp-json\/wp\/v2\/media?parent=9817"}],"curies":[{"name":"wp","href":"https:\/\/api.w.org\/{rel}","templated":true}]}}