{"id":9818,"date":"2023-11-27T14:55:13","date_gmt":"2023-11-27T13:55:13","guid":{"rendered":"https:\/\/test-psadevincijunior-456.devincijunior.fr\/non-destructive-testing\/"},"modified":"2024-02-16T10:29:31","modified_gmt":"2024-02-16T09:29:31","slug":"non-destructive-testing","status":"publish","type":"page","link":"https:\/\/psa-paris.com\/fr\/non-destructive-testing\/","title":{"rendered":"TESTS NON DESTRUCTIFS"},"content":{"rendered":"<div class=\"wpb-content-wrapper\"><p>[vc_row][vc_column][vc_single_image image=\u00a0\u00bb6742&Prime; img_size=\u00a0\u00bbfull\u00a0\u00bb alignment=\u00a0\u00bbcenter\u00a0\u00bb][vc_column_text css=\u00a0\u00bb.vc_custom_1708075767623{margin-bottom: 0px !important;}\u00a0\u00bb]<\/p>\n<h1 style=\"text-align: center;\">Tests Non Destructifs<\/h1>\n<p>[\/vc_column_text][vc_separator][vc_column_text]<\/p>\n<p style=\"text-align: justify;\">La technologie des produits de Tests Non Destructifs de Callington est approuv\u00e9e \u00e0 l&rsquo;\u00e9chelle mondiale par les fournisseurs de premier rang et les grands industriels du secteur a\u00e9ronautique pour effectuer des inspections et d\u00e9tecter les d\u00e9fauts dans les pi\u00e8ces critiques susceptibles de d\u00e9faut pendant leur usage, ainsi que pour certifier que les pratiques de fabrication sont conformes aux sp\u00e9cifications mondiales.<\/p>\n<p style=\"text-align: justify;\">Conformes et fabriqu\u00e9s pour r\u00e9pondre aux normes industrielles et a\u00e9rospatiales, les produits de Test Non Destructifs de Callington sont accept\u00e9s et d\u00e9passent les exigences des clients et offrent aux propri\u00e9taires d&rsquo;actifs le plus haut degr\u00e9 de confiance. Par leur utilisation, il s&rsquo;agit non seulement d&rsquo;assurer la s\u00e9curit\u00e9 des personnes et de l&rsquo;environnement, mais aussi de montrer que les normes de fabrication respectent les niveaux de qualit\u00e9 rigoureux exig\u00e9s sur le march\u00e9 mondial.<\/p>\n<p>[\/vc_column_text][vc_row_inner][vc_column_inner width=\u00a0\u00bb1\/4&Prime;][vc_single_image image=\u00a0\u00bb6095&Prime; img_size=\u00a0\u00bb200&#215;200&Prime; alignment=\u00a0\u00bbcenter\u00a0\u00bb onclick=\u00a0\u00bbcustom_link\u00a0\u00bb link=\u00a0\u00bbhttps:\/\/psa-paris.com\/penetrants\/\u00a0\u00bb][vc_column_text]<\/p>\n<h3 class=\"untransform_title\" style=\"text-align: center;\"><span style=\"color: #009ec5;\"><a style=\"color: #009ec5;\" href=\"https:\/\/psa-paris.com\/penetrants\/\">Penetrants<\/a><\/span><\/h3>\n<p>[\/vc_column_text][\/vc_column_inner][vc_column_inner width=\u00a0\u00bb1\/4&Prime;][vc_single_image image=\u00a0\u00bb6103&Prime; img_size=\u00a0\u00bb200&#215;200&Prime; alignment=\u00a0\u00bbcenter\u00a0\u00bb onclick=\u00a0\u00bbcustom_link\u00a0\u00bb link=\u00a0\u00bbhttps:\/\/psa-paris.com\/developers\/\u00a0\u00bb][vc_column_text]<\/p>\n<h3 class=\"untransform_title\" style=\"text-align: center;\"><span style=\"color: #009ec5;\"><a style=\"color: #009ec5;\" href=\"https:\/\/psa-paris.com\/developers\/\">Developers<\/a><\/span><\/h3>\n<p>[\/vc_column_text][\/vc_column_inner][vc_column_inner width=\u00a0\u00bb1\/4&Prime;][vc_single_image image=\u00a0\u00bb6847&Prime; img_size=\u00a0\u00bb200&#215;200&Prime; alignment=\u00a0\u00bbcenter\u00a0\u00bb onclick=\u00a0\u00bbcustom_link\u00a0\u00bb link=\u00a0\u00bbhttps:\/\/psa-paris.com\/cleaners-removers\/\u00a0\u00bb][vc_column_text]<\/p>\n<h3 class=\"untransform_title\" style=\"text-align: center;\"><span style=\"color: #009ec5;\"><a style=\"color: #009ec5;\" href=\"https:\/\/psa-paris.com\/cleaners-removers\/\">Cleaners &amp; Removers<\/a><\/span><\/h3>\n<p>[\/vc_column_text][\/vc_column_inner][vc_column_inner width=\u00a0\u00bb1\/4&Prime;][vc_single_image image=\u00a0\u00bb8167&Prime; img_size=\u00a0\u00bb200&#215;200&Prime; alignment=\u00a0\u00bbcenter\u00a0\u00bb onclick=\u00a0\u00bbcustom_link\u00a0\u00bb link=\u00a0\u00bbhttps:\/\/psa-paris.com\/high-temp-penetrant-system\/\u00a0\u00bb][vc_column_text]<\/p>\n<h3 class=\"untransform_title\" style=\"text-align: center;\"><span style=\"color: #009ec5;\"><a style=\"color: #009ec5;\" href=\"https:\/\/psa-paris.com\/high-temp-penetrant-system\/\">High Temp Penetrant System<\/a><\/span><\/h3>\n<p>[\/vc_column_text][\/vc_column_inner][\/vc_row_inner][vc_row_inner][vc_column_inner width=\u00a0\u00bb1\/4&Prime;][vc_single_image image=\u00a0\u00bb6153&Prime; img_size=\u00a0\u00bb200&#215;200&Prime; alignment=\u00a0\u00bbcenter\u00a0\u00bb onclick=\u00a0\u00bbcustom_link\u00a0\u00bb link=\u00a0\u00bbhttps:\/\/psa-paris.com\/magnetic-particles\/\u00a0\u00bb][vc_column_text]<\/p>\n<h3 class=\"untransform_title\" style=\"text-align: center;\"><span style=\"color: #009ec5;\"><a style=\"color: #009ec5;\" href=\"https:\/\/psa-paris.com\/magnetic-particles\/\">Magnetic Particles<\/a><\/span><\/h3>\n<p>[\/vc_column_text][\/vc_column_inner][vc_column_inner width=\u00a0\u00bb1\/4&Prime;][vc_single_image image=\u00a0\u00bb6195&Prime; img_size=\u00a0\u00bb200&#215;200&Prime; alignment=\u00a0\u00bbcenter\u00a0\u00bb onclick=\u00a0\u00bbcustom_link\u00a0\u00bb link=\u00a0\u00bbhttps:\/\/psa-paris.com\/equipment-accessories\/\u00a0\u00bb][vc_column_text]<\/p>\n<h3 class=\"untransform_title\" style=\"text-align: center;\"><span style=\"color: #009ec5;\"><a style=\"color: #009ec5;\" href=\"https:\/\/psa-paris.com\/equipment-accessories\/\">Equipment &amp; Accessories<\/a><\/span><\/h3>\n<p>[\/vc_column_text][\/vc_column_inner][vc_column_inner width=\u00a0\u00bb1\/4&Prime;][vc_single_image image=\u00a0\u00bb6849&Prime; img_size=\u00a0\u00bb200&#215;200&Prime; alignment=\u00a0\u00bbcenter\u00a0\u00bb onclick=\u00a0\u00bbcustom_link\u00a0\u00bb link=\u00a0\u00bbhttps:\/\/psa-paris.com\/ultraviolet-equipment-accessories\/\u00a0\u00bb][vc_column_text]<\/p>\n<h3 class=\"untransform_title\" style=\"text-align: center;\"><span style=\"color: #009ec5;\"><a style=\"color: #009ec5;\" href=\"https:\/\/psa-paris.com\/ultraviolet-equipment-accessories\/\">Ultraviolet Equipment &amp; Accessories<\/a><\/span><\/h3>\n<p>[\/vc_column_text][\/vc_column_inner][vc_column_inner width=\u00a0\u00bb1\/4&Prime;][\/vc_column_inner][\/vc_row_inner][\/vc_column][\/vc_row]<\/p>\n<\/div>","protected":false},"excerpt":{"rendered":"<p>[vc_row][vc_column][vc_single_image image=\u00a0\u00bb6742&Prime; img_size=\u00a0\u00bbfull\u00a0\u00bb alignment=\u00a0\u00bbcenter\u00a0\u00bb][vc_column_text css=\u00a0\u00bb.vc_custom_1708075767623{margin-bottom: 0px !important;}\u00a0\u00bb] Tests Non Destructifs [\/vc_column_text][vc_separator][vc_column_text] La technologie des produits de Tests Non Destructifs de Callington est approuv\u00e9e \u00e0 l&rsquo;\u00e9chelle mondiale par les fournisseurs de premier rang et les grands industriels du secteur a\u00e9ronautique pour effectuer des inspections et d\u00e9tecter les d\u00e9fauts dans les pi\u00e8ces critiques susceptibles de d\u00e9faut pendant&hellip;<\/p>\n","protected":false},"author":1,"featured_media":0,"parent":0,"menu_order":0,"comment_status":"closed","ping_status":"closed","template":"","meta":{"_acf_changed":false,"footnotes":""},"class_list":["post-9818","page","type-page","status-publish","hentry","description-off"],"acf":[],"yoast_head":"<!-- This site is optimized with the Yoast SEO plugin v26.4 - https:\/\/yoast.com\/wordpress\/plugins\/seo\/ -->\n<title>TESTS NON DESTRUCTIFS - PSA<\/title>\n<meta name=\"robots\" content=\"index, follow, max-snippet:-1, max-image-preview:large, max-video-preview:-1\" \/>\n<link rel=\"canonical\" href=\"https:\/\/psa-paris.com\/fr\/non-destructive-testing\/\" \/>\n<meta property=\"og:locale\" content=\"fr_FR\" \/>\n<meta property=\"og:type\" content=\"article\" \/>\n<meta property=\"og:title\" content=\"TESTS NON DESTRUCTIFS - PSA\" \/>\n<meta property=\"og:description\" content=\"[vc_row][vc_column][vc_single_image image=\u00a0\u00bb6742&Prime; img_size=\u00a0\u00bbfull\u00a0\u00bb alignment=\u00a0\u00bbcenter\u00a0\u00bb][vc_column_text css=\u00a0\u00bb.vc_custom_1708075767623{margin-bottom: 0px !important;}\u00a0\u00bb] Tests Non Destructifs [\/vc_column_text][vc_separator][vc_column_text] La technologie des produits de Tests Non Destructifs de Callington est approuv\u00e9e \u00e0 l&rsquo;\u00e9chelle mondiale par les fournisseurs de premier rang et les grands industriels du secteur a\u00e9ronautique pour effectuer des inspections et d\u00e9tecter les d\u00e9fauts dans les pi\u00e8ces critiques susceptibles de d\u00e9faut pendant&hellip;\" \/>\n<meta property=\"og:url\" content=\"https:\/\/psa-paris.com\/fr\/non-destructive-testing\/\" \/>\n<meta property=\"og:site_name\" content=\"PSA\" \/>\n<meta property=\"article:modified_time\" content=\"2024-02-16T09:29:31+00:00\" \/>\n<meta name=\"twitter:card\" content=\"summary_large_image\" \/>\n<meta name=\"twitter:label1\" content=\"Dur\u00e9e de lecture estim\u00e9e\" \/>\n\t<meta name=\"twitter:data1\" content=\"1 minute\" \/>\n<script type=\"application\/ld+json\" class=\"yoast-schema-graph\">{\"@context\":\"https:\/\/schema.org\",\"@graph\":[{\"@type\":\"WebPage\",\"@id\":\"https:\/\/psa-paris.com\/fr\/non-destructive-testing\/\",\"url\":\"https:\/\/psa-paris.com\/fr\/non-destructive-testing\/\",\"name\":\"TESTS NON DESTRUCTIFS - PSA\",\"isPartOf\":{\"@id\":\"https:\/\/psa-paris.com\/fr\/#website\"},\"datePublished\":\"2023-11-27T13:55:13+00:00\",\"dateModified\":\"2024-02-16T09:29:31+00:00\",\"breadcrumb\":{\"@id\":\"https:\/\/psa-paris.com\/fr\/non-destructive-testing\/#breadcrumb\"},\"inLanguage\":\"fr-FR\",\"potentialAction\":[{\"@type\":\"ReadAction\",\"target\":[\"https:\/\/psa-paris.com\/fr\/non-destructive-testing\/\"]}]},{\"@type\":\"BreadcrumbList\",\"@id\":\"https:\/\/psa-paris.com\/fr\/non-destructive-testing\/#breadcrumb\",\"itemListElement\":[{\"@type\":\"ListItem\",\"position\":1,\"name\":\"Accueil\",\"item\":\"https:\/\/psa-paris.com\/fr\/\"},{\"@type\":\"ListItem\",\"position\":2,\"name\":\"TESTS NON DESTRUCTIFS\"}]},{\"@type\":\"WebSite\",\"@id\":\"https:\/\/psa-paris.com\/fr\/#website\",\"url\":\"https:\/\/psa-paris.com\/fr\/\",\"name\":\"PSA\",\"description\":\"Produits Sanitaires A\u00e9ronefs - PSA\",\"potentialAction\":[{\"@type\":\"SearchAction\",\"target\":{\"@type\":\"EntryPoint\",\"urlTemplate\":\"https:\/\/psa-paris.com\/fr\/?s={search_term_string}\"},\"query-input\":{\"@type\":\"PropertyValueSpecification\",\"valueRequired\":true,\"valueName\":\"search_term_string\"}}],\"inLanguage\":\"fr-FR\"}]}<\/script>\n<!-- \/ Yoast SEO plugin. -->","yoast_head_json":{"title":"TESTS NON DESTRUCTIFS - PSA","robots":{"index":"index","follow":"follow","max-snippet":"max-snippet:-1","max-image-preview":"max-image-preview:large","max-video-preview":"max-video-preview:-1"},"canonical":"https:\/\/psa-paris.com\/fr\/non-destructive-testing\/","og_locale":"fr_FR","og_type":"article","og_title":"TESTS NON DESTRUCTIFS - PSA","og_description":"[vc_row][vc_column][vc_single_image image=\u00a0\u00bb6742&Prime; img_size=\u00a0\u00bbfull\u00a0\u00bb alignment=\u00a0\u00bbcenter\u00a0\u00bb][vc_column_text css=\u00a0\u00bb.vc_custom_1708075767623{margin-bottom: 0px !important;}\u00a0\u00bb] Tests Non Destructifs [\/vc_column_text][vc_separator][vc_column_text] La technologie des produits de Tests Non Destructifs de Callington est approuv\u00e9e \u00e0 l&rsquo;\u00e9chelle mondiale par les fournisseurs de premier rang et les grands industriels du secteur a\u00e9ronautique pour effectuer des inspections et d\u00e9tecter les d\u00e9fauts dans les pi\u00e8ces critiques susceptibles de d\u00e9faut pendant&hellip;","og_url":"https:\/\/psa-paris.com\/fr\/non-destructive-testing\/","og_site_name":"PSA","article_modified_time":"2024-02-16T09:29:31+00:00","twitter_card":"summary_large_image","twitter_misc":{"Dur\u00e9e de lecture estim\u00e9e":"1 minute"},"schema":{"@context":"https:\/\/schema.org","@graph":[{"@type":"WebPage","@id":"https:\/\/psa-paris.com\/fr\/non-destructive-testing\/","url":"https:\/\/psa-paris.com\/fr\/non-destructive-testing\/","name":"TESTS NON DESTRUCTIFS - PSA","isPartOf":{"@id":"https:\/\/psa-paris.com\/fr\/#website"},"datePublished":"2023-11-27T13:55:13+00:00","dateModified":"2024-02-16T09:29:31+00:00","breadcrumb":{"@id":"https:\/\/psa-paris.com\/fr\/non-destructive-testing\/#breadcrumb"},"inLanguage":"fr-FR","potentialAction":[{"@type":"ReadAction","target":["https:\/\/psa-paris.com\/fr\/non-destructive-testing\/"]}]},{"@type":"BreadcrumbList","@id":"https:\/\/psa-paris.com\/fr\/non-destructive-testing\/#breadcrumb","itemListElement":[{"@type":"ListItem","position":1,"name":"Accueil","item":"https:\/\/psa-paris.com\/fr\/"},{"@type":"ListItem","position":2,"name":"TESTS NON DESTRUCTIFS"}]},{"@type":"WebSite","@id":"https:\/\/psa-paris.com\/fr\/#website","url":"https:\/\/psa-paris.com\/fr\/","name":"PSA","description":"Produits Sanitaires A\u00e9ronefs - PSA","potentialAction":[{"@type":"SearchAction","target":{"@type":"EntryPoint","urlTemplate":"https:\/\/psa-paris.com\/fr\/?s={search_term_string}"},"query-input":{"@type":"PropertyValueSpecification","valueRequired":true,"valueName":"search_term_string"}}],"inLanguage":"fr-FR"}]}},"_links":{"self":[{"href":"https:\/\/psa-paris.com\/fr\/wp-json\/wp\/v2\/pages\/9818","targetHints":{"allow":["GET"]}}],"collection":[{"href":"https:\/\/psa-paris.com\/fr\/wp-json\/wp\/v2\/pages"}],"about":[{"href":"https:\/\/psa-paris.com\/fr\/wp-json\/wp\/v2\/types\/page"}],"author":[{"embeddable":true,"href":"https:\/\/psa-paris.com\/fr\/wp-json\/wp\/v2\/users\/1"}],"replies":[{"embeddable":true,"href":"https:\/\/psa-paris.com\/fr\/wp-json\/wp\/v2\/comments?post=9818"}],"version-history":[{"count":13,"href":"https:\/\/psa-paris.com\/fr\/wp-json\/wp\/v2\/pages\/9818\/revisions"}],"predecessor-version":[{"id":10530,"href":"https:\/\/psa-paris.com\/fr\/wp-json\/wp\/v2\/pages\/9818\/revisions\/10530"}],"wp:attachment":[{"href":"https:\/\/psa-paris.com\/fr\/wp-json\/wp\/v2\/media?parent=9818"}],"curies":[{"name":"wp","href":"https:\/\/api.w.org\/{rel}","templated":true}]}}