{"id":9819,"date":"2023-11-13T16:40:42","date_gmt":"2023-11-13T15:40:42","guid":{"rendered":"https:\/\/test-psadevincijunior-456.devincijunior.fr\/products-home\/"},"modified":"2024-04-10T00:10:53","modified_gmt":"2024-04-09T22:10:53","slug":"products-home","status":"publish","type":"page","link":"https:\/\/psa-paris.com\/fr\/products-home\/","title":{"rendered":"PRODUITS"},"content":{"rendered":"<div class=\"wpb-content-wrapper\"><p>[vc_row][vc_column][vc_column_text css=\u00a0\u00bb.vc_custom_1699890034359{margin-bottom: 0px !important;}\u00a0\u00bb]<\/p>\n<h1 style=\"text-align: center;\">Produits<\/h1>\n<p>[\/vc_column_text][vc_separator][vc_row_inner][vc_column_inner width=\u00a0\u00bb1\/4&Prime;][vc_single_image image=\u00a0\u00bb36&Prime; img_size=\u00a0\u00bb200&#215;200&Prime; alignment=\u00a0\u00bbcenter\u00a0\u00bb onclick=\u00a0\u00bbcustom_link\u00a0\u00bb link=\u00a0\u00bbhttps:\/\/psa-paris.com\/fr\/1-hands-surface-disinfection\/\u00a0\u00bb][vc_column_text]<\/p>\n<h3 class=\"untransform_title\" style=\"text-align: center;\"><span style=\"color: #009ec5;\"><a style=\"color: #009ec5;\" href=\"https:\/\/psa-paris.com\/fr\/1-hands-surface-disinfection\/\">Solutions de Nettoyage et D\u00e9sinfection<\/a><\/span><\/h3>\n<p>[\/vc_column_text][\/vc_column_inner][vc_column_inner width=\u00a0\u00bb1\/4&Prime;][vc_single_image image=\u00a0\u00bb1341&Prime; img_size=\u00a0\u00bb200&#215;200&Prime; alignment=\u00a0\u00bbcenter\u00a0\u00bb onclick=\u00a0\u00bbcustom_link\u00a0\u00bb link=\u00a0\u00bbhttps:\/\/psa-paris.com\/fr\/2-insect-repellents-for-skin-clothes\/\u00a0\u00bb][vc_column_text]<\/p>\n<h3 class=\"untransform_title\" style=\"text-align: center;\"><span style=\"color: #009ec5;\"><a style=\"color: #009ec5;\" href=\"https:\/\/psa-paris.com\/fr\/2-insect-repellents-for-skin-clothes\/\">R\u00e9pulsifs Insectes Peau &amp; V\u00eatements<\/a><\/span><\/h3>\n<p>[\/vc_column_text][\/vc_column_inner][vc_column_inner width=\u00a0\u00bb1\/4&Prime;][vc_single_image image=\u00a0\u00bb39&Prime; img_size=\u00a0\u00bb200&#215;200&Prime; alignment=\u00a0\u00bbcenter\u00a0\u00bb onclick=\u00a0\u00bbcustom_link\u00a0\u00bb link=\u00a0\u00bbhttps:\/\/psa-paris.com\/fr\/3-specialty-solutions-for-aviation\/\u00a0\u00bb][vc_column_text]<\/p>\n<h3 class=\"untransform_title\" style=\"text-align: center;\"><span style=\"color: #009ec5;\"><a style=\"color: #009ec5;\" href=\"https:\/\/psa-paris.com\/fr\/3-specialty-solutions-for-aviation\/\">Solutions Sp\u00e9cialis\u00e9es A\u00e9ronautique<\/a><\/span><\/h3>\n<p>[\/vc_column_text][\/vc_column_inner][vc_column_inner width=\u00a0\u00bb1\/4&Prime;][vc_single_image image=\u00a0\u00bb38&Prime; img_size=\u00a0\u00bb200&#215;200&Prime; alignment=\u00a0\u00bbcenter\u00a0\u00bb onclick=\u00a0\u00bbcustom_link\u00a0\u00bb link=\u00a0\u00bbhttps:\/\/psa-paris.com\/fr\/non-destructive-testing\/\u00a0\u00bb][vc_column_text]<\/p>\n<h3 class=\"untransform_title\" style=\"text-align: center;\"><span style=\"color: #009ec5;\"><a style=\"color: #009ec5;\" href=\"https:\/\/psa-paris.com\/fr\/non-destructive-testing\/\">Test Non Destructifs<\/a><\/span><\/h3>\n<p>[\/vc_column_text][\/vc_column_inner][\/vc_row_inner][vc_row_inner][vc_column_inner width=\u00a0\u00bb1\/4&Prime;][vc_single_image image=\u00a0\u00bb40&Prime; img_size=\u00a0\u00bb200&#215;200&Prime; alignment=\u00a0\u00bbcenter\u00a0\u00bb onclick=\u00a0\u00bbcustom_link\u00a0\u00bb link=\u00a0\u00bbhttps:\/\/psa-paris.com\/fr\/welding-metal-treatment\/\u00a0\u00bb][vc_column_text]<\/p>\n<h3 class=\"untransform_title\" style=\"text-align: center;\"><span style=\"color: #009ec5;\"><a style=\"color: #009ec5;\" href=\"https:\/\/psa-paris.com\/fr\/welding-metal-treatment\/\">Soudages &amp; Traitements M\u00e9taux<\/a><\/span><\/h3>\n<p>[\/vc_column_text][\/vc_column_inner][vc_column_inner width=\u00a0\u00bb1\/4&Prime;][vc_single_image image=\u00a0\u00bb37&Prime; img_size=\u00a0\u00bb200&#215;200&Prime; alignment=\u00a0\u00bbcenter\u00a0\u00bb onclick=\u00a0\u00bbcustom_link\u00a0\u00bb link=\u00a0\u00bbhttps:\/\/psa-paris.com\/fr\/fuel-and-engine-treatments\/\u00a0\u00bb][vc_column_text]<\/p>\n<h3 class=\"untransform_title\" style=\"text-align: center;\"><span style=\"color: #009ec5;\"><a style=\"color: #009ec5;\" href=\"https:\/\/psa-paris.com\/fr\/fuel-and-engine-treatments\/\">Traitements Carburants &amp; Moteurs<\/a><\/span><\/h3>\n<p>[\/vc_column_text][\/vc_column_inner][vc_column_inner width=\u00a0\u00bb1\/4&Prime;][vc_single_image image=\u00a0\u00bb8093&Prime; img_size=\u00a0\u00bb200&#215;200&Prime; alignment=\u00a0\u00bbcenter\u00a0\u00bb onclick=\u00a0\u00bbcustom_link\u00a0\u00bb link=\u00a0\u00bbhttps:\/\/psa-paris.com\/fr\/automotive\/\u00a0\u00bb][vc_column_text]<\/p>\n<h3 class=\"untransform_title\" style=\"text-align: center;\"><span style=\"color: #009ec5;\"><a style=\"color: #009ec5;\" href=\"https:\/\/psa-paris.com\/fr\/automotive\/\">Automobile<\/a><\/span><\/h3>\n<p>[\/vc_column_text][\/vc_column_inner][vc_column_inner width=\u00a0\u00bb1\/4&Prime;][\/vc_column_inner][\/vc_row_inner][\/vc_column][\/vc_row]<\/p>\n<\/div>","protected":false},"excerpt":{"rendered":"<p>[vc_row][vc_column][vc_column_text css=\u00a0\u00bb.vc_custom_1699890034359{margin-bottom: 0px !important;}\u00a0\u00bb] Produits [\/vc_column_text][vc_separator][vc_row_inner][vc_column_inner width=\u00a0\u00bb1\/4&Prime;][vc_single_image image=\u00a0\u00bb36&Prime; img_size=\u00a0\u00bb200&#215;200&Prime; alignment=\u00a0\u00bbcenter\u00a0\u00bb onclick=\u00a0\u00bbcustom_link\u00a0\u00bb link=\u00a0\u00bbhttps:\/\/psa-paris.com\/fr\/1-hands-surface-disinfection\/\u00a0\u00bb][vc_column_text] Solutions de Nettoyage et D\u00e9sinfection [\/vc_column_text][\/vc_column_inner][vc_column_inner width=\u00a0\u00bb1\/4&Prime;][vc_single_image image=\u00a0\u00bb1341&Prime; img_size=\u00a0\u00bb200&#215;200&Prime; alignment=\u00a0\u00bbcenter\u00a0\u00bb onclick=\u00a0\u00bbcustom_link\u00a0\u00bb link=\u00a0\u00bbhttps:\/\/psa-paris.com\/fr\/2-insect-repellents-for-skin-clothes\/\u00a0\u00bb][vc_column_text] R\u00e9pulsifs Insectes Peau &amp; V\u00eatements [\/vc_column_text][\/vc_column_inner][vc_column_inner width=\u00a0\u00bb1\/4&Prime;][vc_single_image image=\u00a0\u00bb39&Prime; img_size=\u00a0\u00bb200&#215;200&Prime; alignment=\u00a0\u00bbcenter\u00a0\u00bb onclick=\u00a0\u00bbcustom_link\u00a0\u00bb link=\u00a0\u00bbhttps:\/\/psa-paris.com\/fr\/3-specialty-solutions-for-aviation\/\u00a0\u00bb][vc_column_text] Solutions Sp\u00e9cialis\u00e9es A\u00e9ronautique [\/vc_column_text][\/vc_column_inner][vc_column_inner width=\u00a0\u00bb1\/4&Prime;][vc_single_image image=\u00a0\u00bb38&Prime; img_size=\u00a0\u00bb200&#215;200&Prime; alignment=\u00a0\u00bbcenter\u00a0\u00bb onclick=\u00a0\u00bbcustom_link\u00a0\u00bb link=\u00a0\u00bbhttps:\/\/psa-paris.com\/fr\/non-destructive-testing\/\u00a0\u00bb][vc_column_text] Test Non Destructifs [\/vc_column_text][\/vc_column_inner][\/vc_row_inner][vc_row_inner][vc_column_inner width=\u00a0\u00bb1\/4&Prime;][vc_single_image image=\u00a0\u00bb40&Prime; img_size=\u00a0\u00bb200&#215;200&Prime; alignment=\u00a0\u00bbcenter\u00a0\u00bb onclick=\u00a0\u00bbcustom_link\u00a0\u00bb&hellip;<\/p>\n","protected":false},"author":1,"featured_media":0,"parent":0,"menu_order":0,"comment_status":"closed","ping_status":"closed","template":"","meta":{"_acf_changed":false,"footnotes":""},"class_list":["post-9819","page","type-page","status-publish","hentry","description-off"],"acf":[],"yoast_head":"<!-- This site is optimized with the Yoast SEO plugin v26.4 - https:\/\/yoast.com\/wordpress\/plugins\/seo\/ -->\n<title>PRODUITS - PSA<\/title>\n<meta name=\"robots\" content=\"index, follow, max-snippet:-1, max-image-preview:large, max-video-preview:-1\" \/>\n<link rel=\"canonical\" href=\"https:\/\/psa-paris.com\/fr\/products-home\/\" \/>\n<meta property=\"og:locale\" content=\"fr_FR\" \/>\n<meta property=\"og:type\" content=\"article\" \/>\n<meta property=\"og:title\" content=\"PRODUITS - PSA\" \/>\n<meta property=\"og:description\" content=\"[vc_row][vc_column][vc_column_text css=\u00a0\u00bb.vc_custom_1699890034359{margin-bottom: 0px !important;}\u00a0\u00bb] Produits [\/vc_column_text][vc_separator][vc_row_inner][vc_column_inner width=\u00a0\u00bb1\/4&Prime;][vc_single_image image=\u00a0\u00bb36&Prime; img_size=\u00a0\u00bb200&#215;200&Prime; alignment=\u00a0\u00bbcenter\u00a0\u00bb onclick=\u00a0\u00bbcustom_link\u00a0\u00bb link=\u00a0\u00bbhttps:\/\/psa-paris.com\/fr\/1-hands-surface-disinfection\/\u00a0\u00bb][vc_column_text] Solutions de Nettoyage et D\u00e9sinfection [\/vc_column_text][\/vc_column_inner][vc_column_inner width=\u00a0\u00bb1\/4&Prime;][vc_single_image image=\u00a0\u00bb1341&Prime; img_size=\u00a0\u00bb200&#215;200&Prime; alignment=\u00a0\u00bbcenter\u00a0\u00bb onclick=\u00a0\u00bbcustom_link\u00a0\u00bb link=\u00a0\u00bbhttps:\/\/psa-paris.com\/fr\/2-insect-repellents-for-skin-clothes\/\u00a0\u00bb][vc_column_text] R\u00e9pulsifs Insectes Peau &amp; V\u00eatements [\/vc_column_text][\/vc_column_inner][vc_column_inner width=\u00a0\u00bb1\/4&Prime;][vc_single_image image=\u00a0\u00bb39&Prime; img_size=\u00a0\u00bb200&#215;200&Prime; alignment=\u00a0\u00bbcenter\u00a0\u00bb onclick=\u00a0\u00bbcustom_link\u00a0\u00bb link=\u00a0\u00bbhttps:\/\/psa-paris.com\/fr\/3-specialty-solutions-for-aviation\/\u00a0\u00bb][vc_column_text] Solutions Sp\u00e9cialis\u00e9es A\u00e9ronautique [\/vc_column_text][\/vc_column_inner][vc_column_inner width=\u00a0\u00bb1\/4&Prime;][vc_single_image image=\u00a0\u00bb38&Prime; img_size=\u00a0\u00bb200&#215;200&Prime; alignment=\u00a0\u00bbcenter\u00a0\u00bb onclick=\u00a0\u00bbcustom_link\u00a0\u00bb link=\u00a0\u00bbhttps:\/\/psa-paris.com\/fr\/non-destructive-testing\/\u00a0\u00bb][vc_column_text] Test Non Destructifs [\/vc_column_text][\/vc_column_inner][\/vc_row_inner][vc_row_inner][vc_column_inner width=\u00a0\u00bb1\/4&Prime;][vc_single_image image=\u00a0\u00bb40&Prime; img_size=\u00a0\u00bb200&#215;200&Prime; alignment=\u00a0\u00bbcenter\u00a0\u00bb onclick=\u00a0\u00bbcustom_link\u00a0\u00bb&hellip;\" \/>\n<meta property=\"og:url\" content=\"https:\/\/psa-paris.com\/fr\/products-home\/\" \/>\n<meta property=\"og:site_name\" content=\"PSA\" \/>\n<meta property=\"article:modified_time\" content=\"2024-04-09T22:10:53+00:00\" \/>\n<meta name=\"twitter:card\" content=\"summary_large_image\" \/>\n<meta name=\"twitter:label1\" content=\"Dur\u00e9e de lecture estim\u00e9e\" \/>\n\t<meta name=\"twitter:data1\" content=\"2 minutes\" \/>\n<script type=\"application\/ld+json\" class=\"yoast-schema-graph\">{\"@context\":\"https:\/\/schema.org\",\"@graph\":[{\"@type\":\"WebPage\",\"@id\":\"https:\/\/psa-paris.com\/fr\/products-home\/\",\"url\":\"https:\/\/psa-paris.com\/fr\/products-home\/\",\"name\":\"PRODUITS - PSA\",\"isPartOf\":{\"@id\":\"https:\/\/psa-paris.com\/fr\/#website\"},\"datePublished\":\"2023-11-13T15:40:42+00:00\",\"dateModified\":\"2024-04-09T22:10:53+00:00\",\"breadcrumb\":{\"@id\":\"https:\/\/psa-paris.com\/fr\/products-home\/#breadcrumb\"},\"inLanguage\":\"fr-FR\",\"potentialAction\":[{\"@type\":\"ReadAction\",\"target\":[\"https:\/\/psa-paris.com\/fr\/products-home\/\"]}]},{\"@type\":\"BreadcrumbList\",\"@id\":\"https:\/\/psa-paris.com\/fr\/products-home\/#breadcrumb\",\"itemListElement\":[{\"@type\":\"ListItem\",\"position\":1,\"name\":\"Accueil\",\"item\":\"https:\/\/psa-paris.com\/fr\/\"},{\"@type\":\"ListItem\",\"position\":2,\"name\":\"PRODUITS\"}]},{\"@type\":\"WebSite\",\"@id\":\"https:\/\/psa-paris.com\/fr\/#website\",\"url\":\"https:\/\/psa-paris.com\/fr\/\",\"name\":\"PSA\",\"description\":\"Produits Sanitaires A\u00e9ronefs - PSA\",\"potentialAction\":[{\"@type\":\"SearchAction\",\"target\":{\"@type\":\"EntryPoint\",\"urlTemplate\":\"https:\/\/psa-paris.com\/fr\/?s={search_term_string}\"},\"query-input\":{\"@type\":\"PropertyValueSpecification\",\"valueRequired\":true,\"valueName\":\"search_term_string\"}}],\"inLanguage\":\"fr-FR\"}]}<\/script>\n<!-- \/ Yoast SEO plugin. -->","yoast_head_json":{"title":"PRODUITS - PSA","robots":{"index":"index","follow":"follow","max-snippet":"max-snippet:-1","max-image-preview":"max-image-preview:large","max-video-preview":"max-video-preview:-1"},"canonical":"https:\/\/psa-paris.com\/fr\/products-home\/","og_locale":"fr_FR","og_type":"article","og_title":"PRODUITS - PSA","og_description":"[vc_row][vc_column][vc_column_text css=\u00a0\u00bb.vc_custom_1699890034359{margin-bottom: 0px !important;}\u00a0\u00bb] Produits [\/vc_column_text][vc_separator][vc_row_inner][vc_column_inner width=\u00a0\u00bb1\/4&Prime;][vc_single_image image=\u00a0\u00bb36&Prime; img_size=\u00a0\u00bb200&#215;200&Prime; alignment=\u00a0\u00bbcenter\u00a0\u00bb onclick=\u00a0\u00bbcustom_link\u00a0\u00bb link=\u00a0\u00bbhttps:\/\/psa-paris.com\/fr\/1-hands-surface-disinfection\/\u00a0\u00bb][vc_column_text] Solutions de Nettoyage et D\u00e9sinfection [\/vc_column_text][\/vc_column_inner][vc_column_inner width=\u00a0\u00bb1\/4&Prime;][vc_single_image image=\u00a0\u00bb1341&Prime; img_size=\u00a0\u00bb200&#215;200&Prime; alignment=\u00a0\u00bbcenter\u00a0\u00bb onclick=\u00a0\u00bbcustom_link\u00a0\u00bb link=\u00a0\u00bbhttps:\/\/psa-paris.com\/fr\/2-insect-repellents-for-skin-clothes\/\u00a0\u00bb][vc_column_text] R\u00e9pulsifs Insectes Peau &amp; V\u00eatements [\/vc_column_text][\/vc_column_inner][vc_column_inner width=\u00a0\u00bb1\/4&Prime;][vc_single_image image=\u00a0\u00bb39&Prime; img_size=\u00a0\u00bb200&#215;200&Prime; alignment=\u00a0\u00bbcenter\u00a0\u00bb onclick=\u00a0\u00bbcustom_link\u00a0\u00bb link=\u00a0\u00bbhttps:\/\/psa-paris.com\/fr\/3-specialty-solutions-for-aviation\/\u00a0\u00bb][vc_column_text] Solutions Sp\u00e9cialis\u00e9es A\u00e9ronautique [\/vc_column_text][\/vc_column_inner][vc_column_inner width=\u00a0\u00bb1\/4&Prime;][vc_single_image image=\u00a0\u00bb38&Prime; img_size=\u00a0\u00bb200&#215;200&Prime; alignment=\u00a0\u00bbcenter\u00a0\u00bb onclick=\u00a0\u00bbcustom_link\u00a0\u00bb link=\u00a0\u00bbhttps:\/\/psa-paris.com\/fr\/non-destructive-testing\/\u00a0\u00bb][vc_column_text] Test Non Destructifs [\/vc_column_text][\/vc_column_inner][\/vc_row_inner][vc_row_inner][vc_column_inner width=\u00a0\u00bb1\/4&Prime;][vc_single_image image=\u00a0\u00bb40&Prime; img_size=\u00a0\u00bb200&#215;200&Prime; alignment=\u00a0\u00bbcenter\u00a0\u00bb onclick=\u00a0\u00bbcustom_link\u00a0\u00bb&hellip;","og_url":"https:\/\/psa-paris.com\/fr\/products-home\/","og_site_name":"PSA","article_modified_time":"2024-04-09T22:10:53+00:00","twitter_card":"summary_large_image","twitter_misc":{"Dur\u00e9e de lecture estim\u00e9e":"2 minutes"},"schema":{"@context":"https:\/\/schema.org","@graph":[{"@type":"WebPage","@id":"https:\/\/psa-paris.com\/fr\/products-home\/","url":"https:\/\/psa-paris.com\/fr\/products-home\/","name":"PRODUITS - PSA","isPartOf":{"@id":"https:\/\/psa-paris.com\/fr\/#website"},"datePublished":"2023-11-13T15:40:42+00:00","dateModified":"2024-04-09T22:10:53+00:00","breadcrumb":{"@id":"https:\/\/psa-paris.com\/fr\/products-home\/#breadcrumb"},"inLanguage":"fr-FR","potentialAction":[{"@type":"ReadAction","target":["https:\/\/psa-paris.com\/fr\/products-home\/"]}]},{"@type":"BreadcrumbList","@id":"https:\/\/psa-paris.com\/fr\/products-home\/#breadcrumb","itemListElement":[{"@type":"ListItem","position":1,"name":"Accueil","item":"https:\/\/psa-paris.com\/fr\/"},{"@type":"ListItem","position":2,"name":"PRODUITS"}]},{"@type":"WebSite","@id":"https:\/\/psa-paris.com\/fr\/#website","url":"https:\/\/psa-paris.com\/fr\/","name":"PSA","description":"Produits Sanitaires A\u00e9ronefs - PSA","potentialAction":[{"@type":"SearchAction","target":{"@type":"EntryPoint","urlTemplate":"https:\/\/psa-paris.com\/fr\/?s={search_term_string}"},"query-input":{"@type":"PropertyValueSpecification","valueRequired":true,"valueName":"search_term_string"}}],"inLanguage":"fr-FR"}]}},"_links":{"self":[{"href":"https:\/\/psa-paris.com\/fr\/wp-json\/wp\/v2\/pages\/9819","targetHints":{"allow":["GET"]}}],"collection":[{"href":"https:\/\/psa-paris.com\/fr\/wp-json\/wp\/v2\/pages"}],"about":[{"href":"https:\/\/psa-paris.com\/fr\/wp-json\/wp\/v2\/types\/page"}],"author":[{"embeddable":true,"href":"https:\/\/psa-paris.com\/fr\/wp-json\/wp\/v2\/users\/1"}],"replies":[{"embeddable":true,"href":"https:\/\/psa-paris.com\/fr\/wp-json\/wp\/v2\/comments?post=9819"}],"version-history":[{"count":9,"href":"https:\/\/psa-paris.com\/fr\/wp-json\/wp\/v2\/pages\/9819\/revisions"}],"predecessor-version":[{"id":14707,"href":"https:\/\/psa-paris.com\/fr\/wp-json\/wp\/v2\/pages\/9819\/revisions\/14707"}],"wp:attachment":[{"href":"https:\/\/psa-paris.com\/fr\/wp-json\/wp\/v2\/media?parent=9819"}],"curies":[{"name":"wp","href":"https:\/\/api.w.org\/{rel}","templated":true}]}}