{"id":9821,"date":"2023-11-13T16:35:19","date_gmt":"2023-11-13T15:35:19","guid":{"rendered":"https:\/\/test-psadevincijunior-456.devincijunior.fr\/3-specialty-solutions-for-aviation\/"},"modified":"2024-04-03T18:54:27","modified_gmt":"2024-04-03T16:54:27","slug":"3-specialty-solutions-for-aviation","status":"publish","type":"page","link":"https:\/\/psa-paris.com\/fr\/3-specialty-solutions-for-aviation\/","title":{"rendered":"SOLUTIONS SPECIALISEES POUR l\u2019AERONAUTIQUE"},"content":{"rendered":"<div class=\"wpb-content-wrapper\"><p>[vc_row][vc_column][vc_single_image image=\u00a0\u00bb2119&Prime; img_size=\u00a0\u00bbfull\u00a0\u00bb alignment=\u00a0\u00bbcenter\u00a0\u00bb][vc_column_text css=\u00a0\u00bb.vc_custom_1702033606259{margin-bottom: 0px !important;}\u00a0\u00bb]<\/p>\n<h1 style=\"text-align: center;\">Solutions Sp\u00e9cialis\u00e9es A\u00e9ronautique<\/h1>\n<p style=\"text-align: center;\">[\/vc_column_text][vc_separator][vc_column_text]PSA vous apporte une expertise mondialement reconnue et plus de 55 ans d&rsquo;exp\u00e9rience dans le d\u00e9veloppement et la fabrication de solutions de chimie sp\u00e9cialis\u00e9es innovantes et s\u00fbres pour l&rsquo;aviation civile et militaire, pour les applications cl\u00e9s du nettoyage et de l&rsquo;apparence des cabines, de la d\u00e9sinsectisation et de la lutte contre les nuisibles, pour la protection et l&rsquo;hygi\u00e8ne personnelle des \u00e9quipages et des passagers, ainsi que le nettoyage et l\u2019entretien en ligne et en base des a\u00e9ronefs.[\/vc_column_text][vc_row_inner][vc_column_inner width=\u00a0\u00bb1\/4&Prime;][vc_single_image image=\u00a0\u00bb8332&Prime; img_size=\u00a0\u00bb200&#215;200&Prime; alignment=\u00a0\u00bbcenter\u00a0\u00bb onclick=\u00a0\u00bbcustom_link\u00a0\u00bb link=\u00a0\u00bbhttps:\/\/psa-paris.com\/fr\/3-1-aircraft-approved-biosecurity-insecticides\/\u00a0\u00bb][vc_column_text]<\/p>\n<h3 class=\"untransform_title\" style=\"text-align: center;\"><span style=\"color: #009ec5;\"><a style=\"color: #009ec5;\" href=\"https:\/\/psa-paris.com\/fr\/3-1-aircraft-approved-biosecurity-insecticides\/\">Insecticides Bios\u00e9curit\u00e9 Usage A\u00e9ronautique<\/a><\/span><\/h3>\n<p>[\/vc_column_text][\/vc_column_inner][vc_column_inner width=\u00a0\u00bb1\/4&Prime;][vc_single_image image=\u00a0\u00bb1343&Prime; img_size=\u00a0\u00bb200&#215;200&Prime; alignment=\u00a0\u00bbcenter\u00a0\u00bb onclick=\u00a0\u00bbcustom_link\u00a0\u00bb link=\u00a0\u00bbhttps:\/\/psa-paris.com\/fr\/3-2-insect-repellants-for-skin-and-clothes\/\u00a0\u00bb][vc_column_text]<\/p>\n<h3 class=\"untransform_title\" style=\"text-align: center;\"><span style=\"color: #009ec5;\"><a style=\"color: #009ec5;\" href=\"https:\/\/psa-paris.com\/fr\/3-2-insect-repellants-for-skin-and-clothes\/\">R\u00e9pulsifs Insectes Peau &amp; V\u00eatement<\/a><\/span><\/h3>\n<p>[\/vc_column_text][\/vc_column_inner][vc_column_inner width=\u00a0\u00bb1\/4&Prime;][vc_single_image image=\u00a0\u00bb1375&Prime; img_size=\u00a0\u00bb200&#215;200&Prime; alignment=\u00a0\u00bbcenter\u00a0\u00bb onclick=\u00a0\u00bbcustom_link\u00a0\u00bb link=\u00a0\u00bbhttps:\/\/psa-paris.com\/fr\/3-3-hand-soaps\/\u00a0\u00bb][vc_column_text]<\/p>\n<h3 class=\"untransform_title\" style=\"text-align: center;\"><span style=\"color: #009ec5;\"><a style=\"color: #009ec5;\" href=\"https:\/\/psa-paris.com\/fr\/3-3-hand-soaps\/\">Savon Mains<\/a><\/span><\/h3>\n<p>[\/vc_column_text][\/vc_column_inner][vc_column_inner width=\u00a0\u00bb1\/4&Prime;][vc_single_image image=\u00a0\u00bb5712&Prime; img_size=\u00a0\u00bb200&#215;200&Prime; alignment=\u00a0\u00bbcenter\u00a0\u00bb onclick=\u00a0\u00bbcustom_link\u00a0\u00bb link=\u00a0\u00bbhttps:\/\/psa-paris.com\/fr\/3-4-inflight-and-cabin-appearance\/\u00a0\u00bb][vc_column_text]<\/p>\n<h3 class=\"untransform_title\" style=\"text-align: center;\"><span style=\"color: #009ec5;\"><a style=\"color: #009ec5;\" href=\"https:\/\/psa-paris.com\/fr\/3-4-inflight-and-cabin-appearance\/\">Apparence Cabine et Produits Vol<\/a><\/span><\/h3>\n<p>[\/vc_column_text][\/vc_column_inner][\/vc_row_inner][vc_row_inner][vc_column_inner width=\u00a0\u00bb1\/4&Prime;][vc_single_image image=\u00a0\u00bb8159&Prime; img_size=\u00a0\u00bb200&#215;200&Prime; alignment=\u00a0\u00bbcenter\u00a0\u00bb onclick=\u00a0\u00bbcustom_link\u00a0\u00bb link=\u00a0\u00bbhttps:\/\/psa-paris.com\/fr\/3-5-air-fresheners-and-fragances\/\u00a0\u00bb][vc_column_text]<\/p>\n<h3 class=\"untransform_title\" style=\"text-align: center;\"><span style=\"color: #009ec5;\"><a style=\"color: #009ec5;\" href=\"https:\/\/psa-paris.com\/fr\/3-5-air-fresheners-and-fragances\/\">D\u00e9sodorisants et Parfums d&rsquo;Ambiance<\/a><\/span><\/h3>\n<p>[\/vc_column_text][\/vc_column_inner][vc_column_inner width=\u00a0\u00bb1\/4&Prime;][vc_single_image image=\u00a0\u00bb1364&Prime; img_size=\u00a0\u00bb200&#215;200&Prime; alignment=\u00a0\u00bbcenter\u00a0\u00bb onclick=\u00a0\u00bbcustom_link\u00a0\u00bb link=\u00a0\u00bbhttps:\/\/psa-paris.com\/fr\/3-6-cabin-cleaning\/\u00a0\u00bb][vc_column_text]<\/p>\n<h3 class=\"untransform_title\" style=\"text-align: center;\"><span style=\"color: #009ec5;\"><a style=\"color: #009ec5;\" href=\"https:\/\/psa-paris.com\/fr\/3-6-cabin-cleaning\/\">Nettoyage Cabine<\/a><\/span><\/h3>\n<p>[\/vc_column_text][\/vc_column_inner][vc_column_inner width=\u00a0\u00bb1\/4&Prime;][vc_single_image image=\u00a0\u00bb7996&Prime; img_size=\u00a0\u00bb200&#215;200&Prime; alignment=\u00a0\u00bbcenter\u00a0\u00bb onclick=\u00a0\u00bbcustom_link\u00a0\u00bb link=\u00a0\u00bbhttps:\/\/psa-paris.com\/fr\/3-7-pest-control\/\u00a0\u00bb][vc_column_text]<\/p>\n<h3 class=\"untransform_title\" style=\"text-align: center;\"><span style=\"color: #009ec5;\"><a style=\"color: #009ec5;\" href=\"https:\/\/psa-paris.com\/fr\/3-7-pest-control\/\">Contr\u00f4le des Insectes Nuisibles<\/a><\/span><\/h3>\n<p>[\/vc_column_text][\/vc_column_inner][vc_column_inner width=\u00a0\u00bb1\/4&Prime;][vc_single_image image=\u00a0\u00bb8162&Prime; img_size=\u00a0\u00bb200&#215;200&Prime; alignment=\u00a0\u00bbcenter\u00a0\u00bb onclick=\u00a0\u00bbcustom_link\u00a0\u00bb link=\u00a0\u00bbhttps:\/\/psa-paris.com\/fr\/3-8-exterior-cleaning-solvents-cic-removers\/\u00a0\u00bb][vc_column_text]<\/p>\n<h3 class=\"untransform_title\" style=\"text-align: center;\"><span style=\"color: #009ec5;\"><a style=\"color: #009ec5;\" href=\"https:\/\/psa-paris.com\/fr\/3-8-exterior-cleaning-solvents-cic-removers\/\">Nettoyants Ext\u00e9rieur &#8211; Solvants &#8211; Dissolvants Inhibiteurs Corrosion<\/a><\/span><\/h3>\n<p>[\/vc_column_text][\/vc_column_inner][\/vc_row_inner][vc_row_inner][vc_column_inner width=\u00a0\u00bb1\/4&Prime;][vc_single_image image=\u00a0\u00bb1366&Prime; img_size=\u00a0\u00bb200&#215;200&Prime; alignment=\u00a0\u00bbcenter\u00a0\u00bb onclick=\u00a0\u00bbcustom_link\u00a0\u00bb link=\u00a0\u00bbhttps:\/\/psa-paris.com\/fr\/3-9-water-and-waste-system-38\/\u00a0\u00bb][vc_column_text]<\/p>\n<h3 class=\"untransform_title\" style=\"text-align: center;\"><span style=\"color: #009ec5;\"><a style=\"color: #009ec5;\" href=\"https:\/\/psa-paris.com\/fr\/3-9-water-and-waste-system-38\/\">Eaux et Toilettes &#8211; Syst\u00e8me 38<\/a><\/span><\/h3>\n<p>[\/vc_column_text][\/vc_column_inner][vc_column_inner width=\u00a0\u00bb1\/4&Prime;][vc_single_image image=\u00a0\u00bb5704&Prime; img_size=\u00a0\u00bb200&#215;200&Prime; alignment=\u00a0\u00bbcenter\u00a0\u00bb onclick=\u00a0\u00bbcustom_link\u00a0\u00bb link=\u00a0\u00bbhttps:\/\/psa-paris.com\/fr\/3-10-paint-strippers\/\u00a0\u00bb][vc_column_text]<\/p>\n<h3 class=\"untransform_title\" style=\"text-align: center;\"><a href=\"https:\/\/psa-paris.com\/fr\/3-10-paint-strippers\/\"><span style=\"color: #009ec5;\">D\u00e9capants Peintures<\/span><\/a><\/h3>\n<p>[\/vc_column_text][\/vc_column_inner][vc_column_inner width=\u00a0\u00bb1\/4&Prime;][vc_single_image image=\u00a0\u00bb8164&Prime; img_size=\u00a0\u00bb200&#215;200&Prime; alignment=\u00a0\u00bbcenter\u00a0\u00bb onclick=\u00a0\u00bbcustom_link\u00a0\u00bb link=\u00a0\u00bbhttps:\/\/psa-paris.com\/fr\/3-11-mroline-workshop-technical-aerosols\/\u00a0\u00bb][vc_column_text]<\/p>\n<h3 class=\"untransform_title\" style=\"text-align: center;\"><span style=\"color: #009ec5;\"><a style=\"color: #009ec5;\" href=\"https:\/\/psa-paris.com\/fr\/3-11-mroline-workshop-technical-aerosols\/\">A\u00e9rosols Techniques MROLine\u2122<\/a><\/span><\/h3>\n<p>[\/vc_column_text][\/vc_column_inner][vc_column_inner width=\u00a0\u00bb1\/4&Prime;][vc_single_image image=\u00a0\u00bb8154&Prime; img_size=\u00a0\u00bb200&#215;200&Prime; alignment=\u00a0\u00bbcenter\u00a0\u00bb onclick=\u00a0\u00bbcustom_link\u00a0\u00bb link=\u00a0\u00bbhttps:\/\/psa-paris.com\/fr\/3-12-for-holds-and-cargos\/\u00a0\u00bb][vc_column_text]<\/p>\n<h3 class=\"untransform_title\" style=\"text-align: center;\"><span style=\"color: #009ec5;\"><a style=\"color: #009ec5;\" href=\"https:\/\/psa-paris.com\/fr\/3-12-for-holds-and-cargos\/\">Pour les Soutes et Cargos<\/a><\/span><\/h3>\n<p>[\/vc_column_text][\/vc_column_inner][\/vc_row_inner][\/vc_column][\/vc_row]<\/p>\n<\/div>","protected":false},"excerpt":{"rendered":"<p>[vc_row][vc_column][vc_single_image image=\u00a0\u00bb2119&Prime; img_size=\u00a0\u00bbfull\u00a0\u00bb alignment=\u00a0\u00bbcenter\u00a0\u00bb][vc_column_text css=\u00a0\u00bb.vc_custom_1702033606259{margin-bottom: 0px !important;}\u00a0\u00bb] Solutions Sp\u00e9cialis\u00e9es A\u00e9ronautique [\/vc_column_text][vc_separator][vc_column_text]PSA vous apporte une expertise mondialement reconnue et plus de 55 ans d&rsquo;exp\u00e9rience dans le d\u00e9veloppement et la fabrication de solutions de chimie sp\u00e9cialis\u00e9es innovantes et s\u00fbres pour l&rsquo;aviation civile et militaire, pour les applications cl\u00e9s du nettoyage et de l&rsquo;apparence des cabines, de la&hellip;<\/p>\n","protected":false},"author":1,"featured_media":0,"parent":0,"menu_order":0,"comment_status":"closed","ping_status":"closed","template":"","meta":{"_acf_changed":false,"footnotes":""},"class_list":["post-9821","page","type-page","status-publish","hentry","description-off"],"acf":[],"yoast_head":"<!-- This site is optimized with the Yoast SEO plugin v26.4 - https:\/\/yoast.com\/wordpress\/plugins\/seo\/ -->\n<title>SOLUTIONS SPECIALISEES POUR l\u2019AERONAUTIQUE - PSA<\/title>\n<meta name=\"robots\" content=\"index, follow, max-snippet:-1, max-image-preview:large, max-video-preview:-1\" \/>\n<link rel=\"canonical\" href=\"https:\/\/psa-paris.com\/fr\/3-specialty-solutions-for-aviation\/\" \/>\n<meta property=\"og:locale\" content=\"fr_FR\" \/>\n<meta property=\"og:type\" content=\"article\" \/>\n<meta property=\"og:title\" content=\"SOLUTIONS SPECIALISEES POUR l\u2019AERONAUTIQUE - PSA\" \/>\n<meta property=\"og:description\" content=\"[vc_row][vc_column][vc_single_image image=\u00a0\u00bb2119&Prime; img_size=\u00a0\u00bbfull\u00a0\u00bb alignment=\u00a0\u00bbcenter\u00a0\u00bb][vc_column_text css=\u00a0\u00bb.vc_custom_1702033606259{margin-bottom: 0px !important;}\u00a0\u00bb] Solutions Sp\u00e9cialis\u00e9es A\u00e9ronautique [\/vc_column_text][vc_separator][vc_column_text]PSA vous apporte une expertise mondialement reconnue et plus de 55 ans d&rsquo;exp\u00e9rience dans le d\u00e9veloppement et la fabrication de solutions de chimie sp\u00e9cialis\u00e9es innovantes et s\u00fbres pour l&rsquo;aviation civile et militaire, pour les applications cl\u00e9s du nettoyage et de l&rsquo;apparence des cabines, de la&hellip;\" \/>\n<meta property=\"og:url\" content=\"https:\/\/psa-paris.com\/fr\/3-specialty-solutions-for-aviation\/\" \/>\n<meta property=\"og:site_name\" content=\"PSA\" \/>\n<meta property=\"article:modified_time\" content=\"2024-04-03T16:54:27+00:00\" \/>\n<meta name=\"twitter:card\" content=\"summary_large_image\" \/>\n<meta name=\"twitter:label1\" content=\"Dur\u00e9e de lecture estim\u00e9e\" \/>\n\t<meta name=\"twitter:data1\" content=\"1 minute\" \/>\n<script type=\"application\/ld+json\" class=\"yoast-schema-graph\">{\"@context\":\"https:\/\/schema.org\",\"@graph\":[{\"@type\":\"WebPage\",\"@id\":\"https:\/\/psa-paris.com\/fr\/3-specialty-solutions-for-aviation\/\",\"url\":\"https:\/\/psa-paris.com\/fr\/3-specialty-solutions-for-aviation\/\",\"name\":\"SOLUTIONS SPECIALISEES POUR l\u2019AERONAUTIQUE - PSA\",\"isPartOf\":{\"@id\":\"https:\/\/psa-paris.com\/fr\/#website\"},\"datePublished\":\"2023-11-13T15:35:19+00:00\",\"dateModified\":\"2024-04-03T16:54:27+00:00\",\"breadcrumb\":{\"@id\":\"https:\/\/psa-paris.com\/fr\/3-specialty-solutions-for-aviation\/#breadcrumb\"},\"inLanguage\":\"fr-FR\",\"potentialAction\":[{\"@type\":\"ReadAction\",\"target\":[\"https:\/\/psa-paris.com\/fr\/3-specialty-solutions-for-aviation\/\"]}]},{\"@type\":\"BreadcrumbList\",\"@id\":\"https:\/\/psa-paris.com\/fr\/3-specialty-solutions-for-aviation\/#breadcrumb\",\"itemListElement\":[{\"@type\":\"ListItem\",\"position\":1,\"name\":\"Accueil\",\"item\":\"https:\/\/psa-paris.com\/fr\/\"},{\"@type\":\"ListItem\",\"position\":2,\"name\":\"SOLUTIONS SPECIALISEES POUR l\u2019AERONAUTIQUE\"}]},{\"@type\":\"WebSite\",\"@id\":\"https:\/\/psa-paris.com\/fr\/#website\",\"url\":\"https:\/\/psa-paris.com\/fr\/\",\"name\":\"PSA\",\"description\":\"Produits Sanitaires A\u00e9ronefs - PSA\",\"potentialAction\":[{\"@type\":\"SearchAction\",\"target\":{\"@type\":\"EntryPoint\",\"urlTemplate\":\"https:\/\/psa-paris.com\/fr\/?s={search_term_string}\"},\"query-input\":{\"@type\":\"PropertyValueSpecification\",\"valueRequired\":true,\"valueName\":\"search_term_string\"}}],\"inLanguage\":\"fr-FR\"}]}<\/script>\n<!-- \/ Yoast SEO plugin. -->","yoast_head_json":{"title":"SOLUTIONS SPECIALISEES POUR l\u2019AERONAUTIQUE - PSA","robots":{"index":"index","follow":"follow","max-snippet":"max-snippet:-1","max-image-preview":"max-image-preview:large","max-video-preview":"max-video-preview:-1"},"canonical":"https:\/\/psa-paris.com\/fr\/3-specialty-solutions-for-aviation\/","og_locale":"fr_FR","og_type":"article","og_title":"SOLUTIONS SPECIALISEES POUR l\u2019AERONAUTIQUE - PSA","og_description":"[vc_row][vc_column][vc_single_image image=\u00a0\u00bb2119&Prime; img_size=\u00a0\u00bbfull\u00a0\u00bb alignment=\u00a0\u00bbcenter\u00a0\u00bb][vc_column_text css=\u00a0\u00bb.vc_custom_1702033606259{margin-bottom: 0px !important;}\u00a0\u00bb] Solutions Sp\u00e9cialis\u00e9es A\u00e9ronautique [\/vc_column_text][vc_separator][vc_column_text]PSA vous apporte une expertise mondialement reconnue et plus de 55 ans d&rsquo;exp\u00e9rience dans le d\u00e9veloppement et la fabrication de solutions de chimie sp\u00e9cialis\u00e9es innovantes et s\u00fbres pour l&rsquo;aviation civile et militaire, pour les applications cl\u00e9s du nettoyage et de l&rsquo;apparence des cabines, de la&hellip;","og_url":"https:\/\/psa-paris.com\/fr\/3-specialty-solutions-for-aviation\/","og_site_name":"PSA","article_modified_time":"2024-04-03T16:54:27+00:00","twitter_card":"summary_large_image","twitter_misc":{"Dur\u00e9e de lecture estim\u00e9e":"1 minute"},"schema":{"@context":"https:\/\/schema.org","@graph":[{"@type":"WebPage","@id":"https:\/\/psa-paris.com\/fr\/3-specialty-solutions-for-aviation\/","url":"https:\/\/psa-paris.com\/fr\/3-specialty-solutions-for-aviation\/","name":"SOLUTIONS SPECIALISEES POUR l\u2019AERONAUTIQUE - PSA","isPartOf":{"@id":"https:\/\/psa-paris.com\/fr\/#website"},"datePublished":"2023-11-13T15:35:19+00:00","dateModified":"2024-04-03T16:54:27+00:00","breadcrumb":{"@id":"https:\/\/psa-paris.com\/fr\/3-specialty-solutions-for-aviation\/#breadcrumb"},"inLanguage":"fr-FR","potentialAction":[{"@type":"ReadAction","target":["https:\/\/psa-paris.com\/fr\/3-specialty-solutions-for-aviation\/"]}]},{"@type":"BreadcrumbList","@id":"https:\/\/psa-paris.com\/fr\/3-specialty-solutions-for-aviation\/#breadcrumb","itemListElement":[{"@type":"ListItem","position":1,"name":"Accueil","item":"https:\/\/psa-paris.com\/fr\/"},{"@type":"ListItem","position":2,"name":"SOLUTIONS SPECIALISEES POUR l\u2019AERONAUTIQUE"}]},{"@type":"WebSite","@id":"https:\/\/psa-paris.com\/fr\/#website","url":"https:\/\/psa-paris.com\/fr\/","name":"PSA","description":"Produits Sanitaires A\u00e9ronefs - PSA","potentialAction":[{"@type":"SearchAction","target":{"@type":"EntryPoint","urlTemplate":"https:\/\/psa-paris.com\/fr\/?s={search_term_string}"},"query-input":{"@type":"PropertyValueSpecification","valueRequired":true,"valueName":"search_term_string"}}],"inLanguage":"fr-FR"}]}},"_links":{"self":[{"href":"https:\/\/psa-paris.com\/fr\/wp-json\/wp\/v2\/pages\/9821","targetHints":{"allow":["GET"]}}],"collection":[{"href":"https:\/\/psa-paris.com\/fr\/wp-json\/wp\/v2\/pages"}],"about":[{"href":"https:\/\/psa-paris.com\/fr\/wp-json\/wp\/v2\/types\/page"}],"author":[{"embeddable":true,"href":"https:\/\/psa-paris.com\/fr\/wp-json\/wp\/v2\/users\/1"}],"replies":[{"embeddable":true,"href":"https:\/\/psa-paris.com\/fr\/wp-json\/wp\/v2\/comments?post=9821"}],"version-history":[{"count":21,"href":"https:\/\/psa-paris.com\/fr\/wp-json\/wp\/v2\/pages\/9821\/revisions"}],"predecessor-version":[{"id":14648,"href":"https:\/\/psa-paris.com\/fr\/wp-json\/wp\/v2\/pages\/9821\/revisions\/14648"}],"wp:attachment":[{"href":"https:\/\/psa-paris.com\/fr\/wp-json\/wp\/v2\/media?parent=9821"}],"curies":[{"name":"wp","href":"https:\/\/api.w.org\/{rel}","templated":true}]}}