{"id":9822,"date":"2023-11-13T16:33:23","date_gmt":"2023-11-13T15:33:23","guid":{"rendered":"https:\/\/test-psadevincijunior-456.devincijunior.fr\/3-11-mroline-workshop-technical-aerosols\/"},"modified":"2024-04-12T21:21:58","modified_gmt":"2024-04-12T19:21:58","slug":"3-11-mroline-workshop-technical-aerosols","status":"publish","type":"page","link":"https:\/\/psa-paris.com\/fr\/3-11-mroline-workshop-technical-aerosols\/","title":{"rendered":"AEROSOLS TECHNIQUES MROLINE\u2122"},"content":{"rendered":"<div class=\"wpb-content-wrapper\"><p>[vc_row][vc_column][vc_single_image image=\u00a0\u00bb8171&Prime; img_size=\u00a0\u00bbfull\u00a0\u00bb alignment=\u00a0\u00bbcenter\u00a0\u00bb][vc_column_text css=\u00a0\u00bb.vc_custom_1712164621136{margin-bottom: 0px !important;}\u00a0\u00bb]<\/p>\n<h1 style=\"text-align: center;\">A\u00e9rosols Techniques MROLine<strong>\u2122<\/strong><\/h1>\n<p>[\/vc_column_text][vc_separator][vc_column_text]<\/p>\n<p style=\"text-align: justify;\">Nos produits chimiques pour la maintenance a\u00e9ronautique sont vendus \u00e0 plus de 150 compagnies a\u00e9riennes, MRO et entreprises de manutention au sol dans le monde entier.<\/p>\n<p style=\"text-align: justify;\">MRO Line\u2122 est la gamme d&rsquo;a\u00e9rosols techniques sp\u00e9cialis\u00e9s destin\u00e9s aux techniciens et ateliers exigeants des soci\u00e9t\u00e9s de maintenance, de r\u00e9paration et de r\u00e9vision d&rsquo;a\u00e9ronefs. La gamme MRO Line\u2122 se d\u00e9veloppe pour vous apporter des solutions a\u00e9rosols toujours plus performantes.<\/p>\n<p>[\/vc_column_text][\/vc_column][\/vc_row][vc_row][vc_column][vc_basic_grid post_type=\u00a0\u00bbdt_portfolio\u00a0\u00bb max_items=\u00a0\u00bb-1&Prime; element_width=\u00a0\u00bb3&Prime; gap=\u00a0\u00bb20&Prime; order=\u00a0\u00bbASC\u00a0\u00bb item=\u00a0\u00bb10546&Prime; grid_id=\u00a0\u00bbvc_gid:1712949472675-9f34d31e-9b2a-5&Prime; taxonomies=\u00a0\u00bb34&Prime;][\/vc_column][\/vc_row]<\/p>\n<\/div>","protected":false},"excerpt":{"rendered":"<p>[vc_row][vc_column][vc_single_image image=\u00a0\u00bb8171&Prime; img_size=\u00a0\u00bbfull\u00a0\u00bb alignment=\u00a0\u00bbcenter\u00a0\u00bb][vc_column_text css=\u00a0\u00bb.vc_custom_1712164621136{margin-bottom: 0px !important;}\u00a0\u00bb] A\u00e9rosols Techniques MROLine\u2122 [\/vc_column_text][vc_separator][vc_column_text] Nos produits chimiques pour la maintenance a\u00e9ronautique sont vendus \u00e0 plus de 150 compagnies a\u00e9riennes, MRO et entreprises de manutention au sol dans le monde entier. MRO Line\u2122 est la gamme d&rsquo;a\u00e9rosols techniques sp\u00e9cialis\u00e9s destin\u00e9s aux techniciens et ateliers exigeants des soci\u00e9t\u00e9s de maintenance,&hellip;<\/p>\n","protected":false},"author":1,"featured_media":0,"parent":0,"menu_order":0,"comment_status":"closed","ping_status":"closed","template":"","meta":{"_acf_changed":false,"footnotes":""},"class_list":["post-9822","page","type-page","status-publish","hentry","description-off"],"acf":[],"yoast_head":"<!-- This site is optimized with the Yoast SEO plugin v26.4 - https:\/\/yoast.com\/wordpress\/plugins\/seo\/ -->\n<title>AEROSOLS TECHNIQUES MROLINE\u2122 - PSA<\/title>\n<meta name=\"robots\" content=\"index, follow, max-snippet:-1, max-image-preview:large, max-video-preview:-1\" \/>\n<link rel=\"canonical\" href=\"https:\/\/psa-paris.com\/fr\/3-11-mroline-workshop-technical-aerosols\/\" \/>\n<meta property=\"og:locale\" content=\"fr_FR\" \/>\n<meta property=\"og:type\" content=\"article\" \/>\n<meta property=\"og:title\" content=\"AEROSOLS TECHNIQUES MROLINE\u2122 - PSA\" \/>\n<meta property=\"og:description\" content=\"[vc_row][vc_column][vc_single_image image=\u00a0\u00bb8171&Prime; img_size=\u00a0\u00bbfull\u00a0\u00bb alignment=\u00a0\u00bbcenter\u00a0\u00bb][vc_column_text css=\u00a0\u00bb.vc_custom_1712164621136{margin-bottom: 0px !important;}\u00a0\u00bb] A\u00e9rosols Techniques MROLine\u2122 [\/vc_column_text][vc_separator][vc_column_text] Nos produits chimiques pour la maintenance a\u00e9ronautique sont vendus \u00e0 plus de 150 compagnies a\u00e9riennes, MRO et entreprises de manutention au sol dans le monde entier. MRO Line\u2122 est la gamme d&rsquo;a\u00e9rosols techniques sp\u00e9cialis\u00e9s destin\u00e9s aux techniciens et ateliers exigeants des soci\u00e9t\u00e9s de maintenance,&hellip;\" \/>\n<meta property=\"og:url\" content=\"https:\/\/psa-paris.com\/fr\/3-11-mroline-workshop-technical-aerosols\/\" \/>\n<meta property=\"og:site_name\" content=\"PSA\" \/>\n<meta property=\"article:modified_time\" content=\"2024-04-12T19:21:58+00:00\" \/>\n<meta name=\"twitter:card\" content=\"summary_large_image\" \/>\n<meta name=\"twitter:label1\" content=\"Dur\u00e9e de lecture estim\u00e9e\" \/>\n\t<meta name=\"twitter:data1\" content=\"1 minute\" \/>\n<script type=\"application\/ld+json\" class=\"yoast-schema-graph\">{\"@context\":\"https:\/\/schema.org\",\"@graph\":[{\"@type\":\"WebPage\",\"@id\":\"https:\/\/psa-paris.com\/fr\/3-11-mroline-workshop-technical-aerosols\/\",\"url\":\"https:\/\/psa-paris.com\/fr\/3-11-mroline-workshop-technical-aerosols\/\",\"name\":\"AEROSOLS TECHNIQUES MROLINE\u2122 - PSA\",\"isPartOf\":{\"@id\":\"https:\/\/psa-paris.com\/fr\/#website\"},\"datePublished\":\"2023-11-13T15:33:23+00:00\",\"dateModified\":\"2024-04-12T19:21:58+00:00\",\"breadcrumb\":{\"@id\":\"https:\/\/psa-paris.com\/fr\/3-11-mroline-workshop-technical-aerosols\/#breadcrumb\"},\"inLanguage\":\"fr-FR\",\"potentialAction\":[{\"@type\":\"ReadAction\",\"target\":[\"https:\/\/psa-paris.com\/fr\/3-11-mroline-workshop-technical-aerosols\/\"]}]},{\"@type\":\"BreadcrumbList\",\"@id\":\"https:\/\/psa-paris.com\/fr\/3-11-mroline-workshop-technical-aerosols\/#breadcrumb\",\"itemListElement\":[{\"@type\":\"ListItem\",\"position\":1,\"name\":\"Accueil\",\"item\":\"https:\/\/psa-paris.com\/fr\/\"},{\"@type\":\"ListItem\",\"position\":2,\"name\":\"AEROSOLS TECHNIQUES MROLINE\u2122\"}]},{\"@type\":\"WebSite\",\"@id\":\"https:\/\/psa-paris.com\/fr\/#website\",\"url\":\"https:\/\/psa-paris.com\/fr\/\",\"name\":\"PSA\",\"description\":\"Produits Sanitaires A\u00e9ronefs - PSA\",\"potentialAction\":[{\"@type\":\"SearchAction\",\"target\":{\"@type\":\"EntryPoint\",\"urlTemplate\":\"https:\/\/psa-paris.com\/fr\/?s={search_term_string}\"},\"query-input\":{\"@type\":\"PropertyValueSpecification\",\"valueRequired\":true,\"valueName\":\"search_term_string\"}}],\"inLanguage\":\"fr-FR\"}]}<\/script>\n<!-- \/ Yoast SEO plugin. -->","yoast_head_json":{"title":"AEROSOLS TECHNIQUES MROLINE\u2122 - PSA","robots":{"index":"index","follow":"follow","max-snippet":"max-snippet:-1","max-image-preview":"max-image-preview:large","max-video-preview":"max-video-preview:-1"},"canonical":"https:\/\/psa-paris.com\/fr\/3-11-mroline-workshop-technical-aerosols\/","og_locale":"fr_FR","og_type":"article","og_title":"AEROSOLS TECHNIQUES MROLINE\u2122 - PSA","og_description":"[vc_row][vc_column][vc_single_image image=\u00a0\u00bb8171&Prime; img_size=\u00a0\u00bbfull\u00a0\u00bb alignment=\u00a0\u00bbcenter\u00a0\u00bb][vc_column_text css=\u00a0\u00bb.vc_custom_1712164621136{margin-bottom: 0px !important;}\u00a0\u00bb] A\u00e9rosols Techniques MROLine\u2122 [\/vc_column_text][vc_separator][vc_column_text] Nos produits chimiques pour la maintenance a\u00e9ronautique sont vendus \u00e0 plus de 150 compagnies a\u00e9riennes, MRO et entreprises de manutention au sol dans le monde entier. MRO Line\u2122 est la gamme d&rsquo;a\u00e9rosols techniques sp\u00e9cialis\u00e9s destin\u00e9s aux techniciens et ateliers exigeants des soci\u00e9t\u00e9s de maintenance,&hellip;","og_url":"https:\/\/psa-paris.com\/fr\/3-11-mroline-workshop-technical-aerosols\/","og_site_name":"PSA","article_modified_time":"2024-04-12T19:21:58+00:00","twitter_card":"summary_large_image","twitter_misc":{"Dur\u00e9e de lecture estim\u00e9e":"1 minute"},"schema":{"@context":"https:\/\/schema.org","@graph":[{"@type":"WebPage","@id":"https:\/\/psa-paris.com\/fr\/3-11-mroline-workshop-technical-aerosols\/","url":"https:\/\/psa-paris.com\/fr\/3-11-mroline-workshop-technical-aerosols\/","name":"AEROSOLS TECHNIQUES MROLINE\u2122 - PSA","isPartOf":{"@id":"https:\/\/psa-paris.com\/fr\/#website"},"datePublished":"2023-11-13T15:33:23+00:00","dateModified":"2024-04-12T19:21:58+00:00","breadcrumb":{"@id":"https:\/\/psa-paris.com\/fr\/3-11-mroline-workshop-technical-aerosols\/#breadcrumb"},"inLanguage":"fr-FR","potentialAction":[{"@type":"ReadAction","target":["https:\/\/psa-paris.com\/fr\/3-11-mroline-workshop-technical-aerosols\/"]}]},{"@type":"BreadcrumbList","@id":"https:\/\/psa-paris.com\/fr\/3-11-mroline-workshop-technical-aerosols\/#breadcrumb","itemListElement":[{"@type":"ListItem","position":1,"name":"Accueil","item":"https:\/\/psa-paris.com\/fr\/"},{"@type":"ListItem","position":2,"name":"AEROSOLS TECHNIQUES MROLINE\u2122"}]},{"@type":"WebSite","@id":"https:\/\/psa-paris.com\/fr\/#website","url":"https:\/\/psa-paris.com\/fr\/","name":"PSA","description":"Produits Sanitaires A\u00e9ronefs - PSA","potentialAction":[{"@type":"SearchAction","target":{"@type":"EntryPoint","urlTemplate":"https:\/\/psa-paris.com\/fr\/?s={search_term_string}"},"query-input":{"@type":"PropertyValueSpecification","valueRequired":true,"valueName":"search_term_string"}}],"inLanguage":"fr-FR"}]}},"_links":{"self":[{"href":"https:\/\/psa-paris.com\/fr\/wp-json\/wp\/v2\/pages\/9822","targetHints":{"allow":["GET"]}}],"collection":[{"href":"https:\/\/psa-paris.com\/fr\/wp-json\/wp\/v2\/pages"}],"about":[{"href":"https:\/\/psa-paris.com\/fr\/wp-json\/wp\/v2\/types\/page"}],"author":[{"embeddable":true,"href":"https:\/\/psa-paris.com\/fr\/wp-json\/wp\/v2\/users\/1"}],"replies":[{"embeddable":true,"href":"https:\/\/psa-paris.com\/fr\/wp-json\/wp\/v2\/comments?post=9822"}],"version-history":[{"count":11,"href":"https:\/\/psa-paris.com\/fr\/wp-json\/wp\/v2\/pages\/9822\/revisions"}],"predecessor-version":[{"id":15034,"href":"https:\/\/psa-paris.com\/fr\/wp-json\/wp\/v2\/pages\/9822\/revisions\/15034"}],"wp:attachment":[{"href":"https:\/\/psa-paris.com\/fr\/wp-json\/wp\/v2\/media?parent=9822"}],"curies":[{"name":"wp","href":"https:\/\/api.w.org\/{rel}","templated":true}]}}