{"id":9825,"date":"2023-11-13T16:27:54","date_gmt":"2023-11-13T15:27:54","guid":{"rendered":"https:\/\/test-psadevincijunior-456.devincijunior.fr\/3-8-exterior-cleaning-solvents-cic-removers\/"},"modified":"2024-04-12T21:26:48","modified_gmt":"2024-04-12T19:26:48","slug":"3-8-exterior-cleaning-solvents-cic-removers","status":"publish","type":"page","link":"https:\/\/psa-paris.com\/fr\/3-8-exterior-cleaning-solvents-cic-removers\/","title":{"rendered":"NETTOYANTS EXTERIEUR &#8211; SOLVANTS &#8211; DISSOLVANTS INHIBITEURS CORROSION"},"content":{"rendered":"<div class=\"wpb-content-wrapper\"><p>[vc_row][vc_column][vc_single_image image=\u00a0\u00bb5709&Prime; img_size=\u00a0\u00bbfull\u00a0\u00bb alignment=\u00a0\u00bbcenter\u00a0\u00bb][vc_column_text css=\u00a0\u00bb.vc_custom_1712164318814{margin-bottom: 0px !important;}\u00a0\u00bb]<\/p>\n<h1 style=\"text-align: center;\">Nettoyants Ext\u00e9rieur &#8211; Solvants &#8211; Dissolvants Inhibiteurs Corrosion<\/h1>\n<p>[\/vc_column_text][vc_separator][vc_column_text]<\/p>\n<p style=\"text-align: justify;\">Nos produits chimiques pour la maintenance a\u00e9ronautique sont vendus \u00e0 plus de 150 compagnies a\u00e9riennes, MRO et entreprises de manutention au sol dans le monde entier.<\/p>\n<p style=\"text-align: justify;\">Nos nettoyants et polish pour l&rsquo;ext\u00e9rieur des avions, nos solvants, dissolvants d&rsquo;inhibiteurs de corrosion et nos d\u00e9capants ont \u00e9t\u00e9 sp\u00e9cialement formul\u00e9s pour r\u00e9pondre aux normes exigeantes et sp\u00e9cifiques de l&rsquo;industrie, tout en permettant aux utilisateurs de satisfaire aux exigences environnementales rigoureuses d&rsquo;aujourd&rsquo;hui.<\/p>\n<p>[\/vc_column_text][\/vc_column][\/vc_row][vc_row][vc_column][vc_basic_grid post_type=\u00a0\u00bbdt_portfolio\u00a0\u00bb max_items=\u00a0\u00bb-1&Prime; element_width=\u00a0\u00bb3&Prime; gap=\u00a0\u00bb20&Prime; order=\u00a0\u00bbASC\u00a0\u00bb item=\u00a0\u00bb10546&Prime; grid_id=\u00a0\u00bbvc_gid:1712949579493-07e4f63d-7fc7-6&Prime; taxonomies=\u00a0\u00bb87&Prime;][\/vc_column][\/vc_row]<\/p>\n<\/div>","protected":false},"excerpt":{"rendered":"<p>[vc_row][vc_column][vc_single_image image=\u00a0\u00bb5709&Prime; img_size=\u00a0\u00bbfull\u00a0\u00bb alignment=\u00a0\u00bbcenter\u00a0\u00bb][vc_column_text css=\u00a0\u00bb.vc_custom_1712164318814{margin-bottom: 0px !important;}\u00a0\u00bb] Nettoyants Ext\u00e9rieur &#8211; Solvants &#8211; Dissolvants Inhibiteurs Corrosion [\/vc_column_text][vc_separator][vc_column_text] Nos produits chimiques pour la maintenance a\u00e9ronautique sont vendus \u00e0 plus de 150 compagnies a\u00e9riennes, MRO et entreprises de manutention au sol dans le monde entier. Nos nettoyants et polish pour l&rsquo;ext\u00e9rieur des avions, nos solvants, dissolvants d&rsquo;inhibiteurs de&hellip;<\/p>\n","protected":false},"author":1,"featured_media":0,"parent":0,"menu_order":0,"comment_status":"closed","ping_status":"closed","template":"","meta":{"_acf_changed":false,"footnotes":""},"class_list":["post-9825","page","type-page","status-publish","hentry","description-off"],"acf":[],"yoast_head":"<!-- This site is optimized with the Yoast SEO plugin v26.4 - https:\/\/yoast.com\/wordpress\/plugins\/seo\/ -->\n<title>NETTOYANTS EXTERIEUR - SOLVANTS - DISSOLVANTS INHIBITEURS CORROSION - PSA<\/title>\n<meta name=\"robots\" content=\"index, follow, max-snippet:-1, max-image-preview:large, max-video-preview:-1\" \/>\n<link rel=\"canonical\" href=\"https:\/\/psa-paris.com\/fr\/3-8-exterior-cleaning-solvents-cic-removers\/\" \/>\n<meta property=\"og:locale\" content=\"fr_FR\" \/>\n<meta property=\"og:type\" content=\"article\" \/>\n<meta property=\"og:title\" content=\"NETTOYANTS EXTERIEUR - SOLVANTS - DISSOLVANTS INHIBITEURS CORROSION - PSA\" \/>\n<meta property=\"og:description\" content=\"[vc_row][vc_column][vc_single_image image=\u00a0\u00bb5709&Prime; img_size=\u00a0\u00bbfull\u00a0\u00bb alignment=\u00a0\u00bbcenter\u00a0\u00bb][vc_column_text css=\u00a0\u00bb.vc_custom_1712164318814{margin-bottom: 0px !important;}\u00a0\u00bb] Nettoyants Ext\u00e9rieur &#8211; Solvants &#8211; Dissolvants Inhibiteurs Corrosion [\/vc_column_text][vc_separator][vc_column_text] Nos produits chimiques pour la maintenance a\u00e9ronautique sont vendus \u00e0 plus de 150 compagnies a\u00e9riennes, MRO et entreprises de manutention au sol dans le monde entier. Nos nettoyants et polish pour l&rsquo;ext\u00e9rieur des avions, nos solvants, dissolvants d&rsquo;inhibiteurs de&hellip;\" \/>\n<meta property=\"og:url\" content=\"https:\/\/psa-paris.com\/fr\/3-8-exterior-cleaning-solvents-cic-removers\/\" \/>\n<meta property=\"og:site_name\" content=\"PSA\" \/>\n<meta property=\"article:modified_time\" content=\"2024-04-12T19:26:48+00:00\" \/>\n<meta name=\"twitter:card\" content=\"summary_large_image\" \/>\n<meta name=\"twitter:label1\" content=\"Dur\u00e9e de lecture estim\u00e9e\" \/>\n\t<meta name=\"twitter:data1\" content=\"1 minute\" \/>\n<script type=\"application\/ld+json\" class=\"yoast-schema-graph\">{\"@context\":\"https:\/\/schema.org\",\"@graph\":[{\"@type\":\"WebPage\",\"@id\":\"https:\/\/psa-paris.com\/fr\/3-8-exterior-cleaning-solvents-cic-removers\/\",\"url\":\"https:\/\/psa-paris.com\/fr\/3-8-exterior-cleaning-solvents-cic-removers\/\",\"name\":\"NETTOYANTS EXTERIEUR - SOLVANTS - DISSOLVANTS INHIBITEURS CORROSION - PSA\",\"isPartOf\":{\"@id\":\"https:\/\/psa-paris.com\/fr\/#website\"},\"datePublished\":\"2023-11-13T15:27:54+00:00\",\"dateModified\":\"2024-04-12T19:26:48+00:00\",\"breadcrumb\":{\"@id\":\"https:\/\/psa-paris.com\/fr\/3-8-exterior-cleaning-solvents-cic-removers\/#breadcrumb\"},\"inLanguage\":\"fr-FR\",\"potentialAction\":[{\"@type\":\"ReadAction\",\"target\":[\"https:\/\/psa-paris.com\/fr\/3-8-exterior-cleaning-solvents-cic-removers\/\"]}]},{\"@type\":\"BreadcrumbList\",\"@id\":\"https:\/\/psa-paris.com\/fr\/3-8-exterior-cleaning-solvents-cic-removers\/#breadcrumb\",\"itemListElement\":[{\"@type\":\"ListItem\",\"position\":1,\"name\":\"Accueil\",\"item\":\"https:\/\/psa-paris.com\/fr\/\"},{\"@type\":\"ListItem\",\"position\":2,\"name\":\"NETTOYANTS EXTERIEUR &#8211; SOLVANTS &#8211; DISSOLVANTS INHIBITEURS CORROSION\"}]},{\"@type\":\"WebSite\",\"@id\":\"https:\/\/psa-paris.com\/fr\/#website\",\"url\":\"https:\/\/psa-paris.com\/fr\/\",\"name\":\"PSA\",\"description\":\"Produits Sanitaires A\u00e9ronefs - PSA\",\"potentialAction\":[{\"@type\":\"SearchAction\",\"target\":{\"@type\":\"EntryPoint\",\"urlTemplate\":\"https:\/\/psa-paris.com\/fr\/?s={search_term_string}\"},\"query-input\":{\"@type\":\"PropertyValueSpecification\",\"valueRequired\":true,\"valueName\":\"search_term_string\"}}],\"inLanguage\":\"fr-FR\"}]}<\/script>\n<!-- \/ Yoast SEO plugin. -->","yoast_head_json":{"title":"NETTOYANTS EXTERIEUR - SOLVANTS - DISSOLVANTS INHIBITEURS CORROSION - PSA","robots":{"index":"index","follow":"follow","max-snippet":"max-snippet:-1","max-image-preview":"max-image-preview:large","max-video-preview":"max-video-preview:-1"},"canonical":"https:\/\/psa-paris.com\/fr\/3-8-exterior-cleaning-solvents-cic-removers\/","og_locale":"fr_FR","og_type":"article","og_title":"NETTOYANTS EXTERIEUR - SOLVANTS - DISSOLVANTS INHIBITEURS CORROSION - PSA","og_description":"[vc_row][vc_column][vc_single_image image=\u00a0\u00bb5709&Prime; img_size=\u00a0\u00bbfull\u00a0\u00bb alignment=\u00a0\u00bbcenter\u00a0\u00bb][vc_column_text css=\u00a0\u00bb.vc_custom_1712164318814{margin-bottom: 0px !important;}\u00a0\u00bb] Nettoyants Ext\u00e9rieur &#8211; Solvants &#8211; Dissolvants Inhibiteurs Corrosion [\/vc_column_text][vc_separator][vc_column_text] Nos produits chimiques pour la maintenance a\u00e9ronautique sont vendus \u00e0 plus de 150 compagnies a\u00e9riennes, MRO et entreprises de manutention au sol dans le monde entier. Nos nettoyants et polish pour l&rsquo;ext\u00e9rieur des avions, nos solvants, dissolvants d&rsquo;inhibiteurs de&hellip;","og_url":"https:\/\/psa-paris.com\/fr\/3-8-exterior-cleaning-solvents-cic-removers\/","og_site_name":"PSA","article_modified_time":"2024-04-12T19:26:48+00:00","twitter_card":"summary_large_image","twitter_misc":{"Dur\u00e9e de lecture estim\u00e9e":"1 minute"},"schema":{"@context":"https:\/\/schema.org","@graph":[{"@type":"WebPage","@id":"https:\/\/psa-paris.com\/fr\/3-8-exterior-cleaning-solvents-cic-removers\/","url":"https:\/\/psa-paris.com\/fr\/3-8-exterior-cleaning-solvents-cic-removers\/","name":"NETTOYANTS EXTERIEUR - SOLVANTS - DISSOLVANTS INHIBITEURS CORROSION - PSA","isPartOf":{"@id":"https:\/\/psa-paris.com\/fr\/#website"},"datePublished":"2023-11-13T15:27:54+00:00","dateModified":"2024-04-12T19:26:48+00:00","breadcrumb":{"@id":"https:\/\/psa-paris.com\/fr\/3-8-exterior-cleaning-solvents-cic-removers\/#breadcrumb"},"inLanguage":"fr-FR","potentialAction":[{"@type":"ReadAction","target":["https:\/\/psa-paris.com\/fr\/3-8-exterior-cleaning-solvents-cic-removers\/"]}]},{"@type":"BreadcrumbList","@id":"https:\/\/psa-paris.com\/fr\/3-8-exterior-cleaning-solvents-cic-removers\/#breadcrumb","itemListElement":[{"@type":"ListItem","position":1,"name":"Accueil","item":"https:\/\/psa-paris.com\/fr\/"},{"@type":"ListItem","position":2,"name":"NETTOYANTS EXTERIEUR &#8211; SOLVANTS &#8211; DISSOLVANTS INHIBITEURS CORROSION"}]},{"@type":"WebSite","@id":"https:\/\/psa-paris.com\/fr\/#website","url":"https:\/\/psa-paris.com\/fr\/","name":"PSA","description":"Produits Sanitaires A\u00e9ronefs - PSA","potentialAction":[{"@type":"SearchAction","target":{"@type":"EntryPoint","urlTemplate":"https:\/\/psa-paris.com\/fr\/?s={search_term_string}"},"query-input":{"@type":"PropertyValueSpecification","valueRequired":true,"valueName":"search_term_string"}}],"inLanguage":"fr-FR"}]}},"_links":{"self":[{"href":"https:\/\/psa-paris.com\/fr\/wp-json\/wp\/v2\/pages\/9825","targetHints":{"allow":["GET"]}}],"collection":[{"href":"https:\/\/psa-paris.com\/fr\/wp-json\/wp\/v2\/pages"}],"about":[{"href":"https:\/\/psa-paris.com\/fr\/wp-json\/wp\/v2\/types\/page"}],"author":[{"embeddable":true,"href":"https:\/\/psa-paris.com\/fr\/wp-json\/wp\/v2\/users\/1"}],"replies":[{"embeddable":true,"href":"https:\/\/psa-paris.com\/fr\/wp-json\/wp\/v2\/comments?post=9825"}],"version-history":[{"count":11,"href":"https:\/\/psa-paris.com\/fr\/wp-json\/wp\/v2\/pages\/9825\/revisions"}],"predecessor-version":[{"id":15043,"href":"https:\/\/psa-paris.com\/fr\/wp-json\/wp\/v2\/pages\/9825\/revisions\/15043"}],"wp:attachment":[{"href":"https:\/\/psa-paris.com\/fr\/wp-json\/wp\/v2\/media?parent=9825"}],"curies":[{"name":"wp","href":"https:\/\/api.w.org\/{rel}","templated":true}]}}