{"id":9826,"date":"2023-11-13T16:26:23","date_gmt":"2023-11-13T15:26:23","guid":{"rendered":"https:\/\/test-psadevincijunior-456.devincijunior.fr\/3-6-cabin-cleaning\/"},"modified":"2024-04-12T21:26:29","modified_gmt":"2024-04-12T19:26:29","slug":"3-6-cabin-cleaning","status":"publish","type":"page","link":"https:\/\/psa-paris.com\/fr\/3-6-cabin-cleaning\/","title":{"rendered":"NETTOYAGE CABINE"},"content":{"rendered":"<div class=\"wpb-content-wrapper\"><p>[vc_row][vc_column][vc_single_image image=\u00a0\u00bb2066&Prime; img_size=\u00a0\u00bbfull\u00a0\u00bb alignment=\u00a0\u00bbcenter\u00a0\u00bb][vc_column_text css=\u00a0\u00bb.vc_custom_1712164066555{margin-bottom: 0px !important;}\u00a0\u00bb]<\/p>\n<h1 style=\"text-align: center;\">Nettoyage Cabine<\/h1>\n<p>[\/vc_column_text][vc_separator][vc_column_text]<\/p>\n<p style=\"font-weight: 400; text-align: justify;\">PSA d\u00e9veloppe, fabrique et distribue une gamme compl\u00e8te et exclusive de solutions de nettoyage des cabines, sp\u00e9cialement con\u00e7ues et test\u00e9es pour se conformer aux normes a\u00e9ronautiques et OEM sp\u00e9cifiques et n\u00e9cessaires, et r\u00e9pondre aux besoins des compagnies a\u00e9riennes, des soci\u00e9t\u00e9s de nettoyage, de maintenance et d&rsquo;assistance au sol les plus exigeantes.<\/p>\n<p style=\"font-weight: 400; text-align: justify;\">Avec des produits Pr\u00eat \u00e0 l&rsquo;Emploi (RTU) et concentr\u00e9s efficaces pour une meilleure rentabilit\u00e9 et un impact environnemental optimis\u00e9, et les formats les plus pratiques et adapt\u00e9s \u00e0 leur application, nous vous proposons la gamme la plus polyvalente et la plus compl\u00e8te des meilleurs produits de leur cat\u00e9gorie. Depuis 2023, PSA est \u00e9galement le premier \u00e0 proposer des solutions de nettoyage des cabines approuv\u00e9es usage a\u00e9ronautique, dont l&#8217;empreinte carbone est calcul\u00e9e et compens\u00e9e (&lsquo;Net Zero CO2&rsquo;).<\/p>\n<p style=\"font-weight: 400; text-align: justify;\">55 ans de produits chimiques pour l&rsquo;aviation \u00e0 port\u00e9e de main !<\/p>\n<p>[\/vc_column_text][\/vc_column][\/vc_row][vc_row][vc_column][vc_basic_grid post_type=\u00a0\u00bbdt_portfolio\u00a0\u00bb max_items=\u00a0\u00bb-1&Prime; element_width=\u00a0\u00bb3&Prime; gap=\u00a0\u00bb20&Prime; order=\u00a0\u00bbASC\u00a0\u00bb item=\u00a0\u00bb10546&Prime; grid_id=\u00a0\u00bbvc_gid:1712949559367-1b5503da-af5a-0&Prime; taxonomies=\u00a0\u00bb30&Prime;][\/vc_column][\/vc_row]<\/p>\n<\/div>","protected":false},"excerpt":{"rendered":"<p>[vc_row][vc_column][vc_single_image image=\u00a0\u00bb2066&Prime; img_size=\u00a0\u00bbfull\u00a0\u00bb alignment=\u00a0\u00bbcenter\u00a0\u00bb][vc_column_text css=\u00a0\u00bb.vc_custom_1712164066555{margin-bottom: 0px !important;}\u00a0\u00bb] Nettoyage Cabine [\/vc_column_text][vc_separator][vc_column_text] PSA d\u00e9veloppe, fabrique et distribue une gamme compl\u00e8te et exclusive de solutions de nettoyage des cabines, sp\u00e9cialement con\u00e7ues et test\u00e9es pour se conformer aux normes a\u00e9ronautiques et OEM sp\u00e9cifiques et n\u00e9cessaires, et r\u00e9pondre aux besoins des compagnies a\u00e9riennes, des soci\u00e9t\u00e9s de nettoyage, de maintenance et&hellip;<\/p>\n","protected":false},"author":1,"featured_media":0,"parent":0,"menu_order":0,"comment_status":"closed","ping_status":"closed","template":"","meta":{"_acf_changed":false,"footnotes":""},"class_list":["post-9826","page","type-page","status-publish","hentry","description-off"],"acf":[],"yoast_head":"<!-- This site is optimized with the Yoast SEO plugin v26.4 - https:\/\/yoast.com\/wordpress\/plugins\/seo\/ -->\n<title>NETTOYAGE CABINE - PSA<\/title>\n<meta name=\"robots\" content=\"index, follow, max-snippet:-1, max-image-preview:large, max-video-preview:-1\" \/>\n<link rel=\"canonical\" href=\"https:\/\/psa-paris.com\/fr\/3-6-cabin-cleaning\/\" \/>\n<meta property=\"og:locale\" content=\"fr_FR\" \/>\n<meta property=\"og:type\" content=\"article\" \/>\n<meta property=\"og:title\" content=\"NETTOYAGE CABINE - PSA\" \/>\n<meta property=\"og:description\" content=\"[vc_row][vc_column][vc_single_image image=\u00a0\u00bb2066&Prime; img_size=\u00a0\u00bbfull\u00a0\u00bb alignment=\u00a0\u00bbcenter\u00a0\u00bb][vc_column_text css=\u00a0\u00bb.vc_custom_1712164066555{margin-bottom: 0px !important;}\u00a0\u00bb] Nettoyage Cabine [\/vc_column_text][vc_separator][vc_column_text] PSA d\u00e9veloppe, fabrique et distribue une gamme compl\u00e8te et exclusive de solutions de nettoyage des cabines, sp\u00e9cialement con\u00e7ues et test\u00e9es pour se conformer aux normes a\u00e9ronautiques et OEM sp\u00e9cifiques et n\u00e9cessaires, et r\u00e9pondre aux besoins des compagnies a\u00e9riennes, des soci\u00e9t\u00e9s de nettoyage, de maintenance et&hellip;\" \/>\n<meta property=\"og:url\" content=\"https:\/\/psa-paris.com\/fr\/3-6-cabin-cleaning\/\" \/>\n<meta property=\"og:site_name\" content=\"PSA\" \/>\n<meta property=\"article:modified_time\" content=\"2024-04-12T19:26:29+00:00\" \/>\n<meta name=\"twitter:card\" content=\"summary_large_image\" \/>\n<meta name=\"twitter:label1\" content=\"Dur\u00e9e de lecture estim\u00e9e\" \/>\n\t<meta name=\"twitter:data1\" content=\"1 minute\" \/>\n<script type=\"application\/ld+json\" class=\"yoast-schema-graph\">{\"@context\":\"https:\/\/schema.org\",\"@graph\":[{\"@type\":\"WebPage\",\"@id\":\"https:\/\/psa-paris.com\/fr\/3-6-cabin-cleaning\/\",\"url\":\"https:\/\/psa-paris.com\/fr\/3-6-cabin-cleaning\/\",\"name\":\"NETTOYAGE CABINE - PSA\",\"isPartOf\":{\"@id\":\"https:\/\/psa-paris.com\/fr\/#website\"},\"datePublished\":\"2023-11-13T15:26:23+00:00\",\"dateModified\":\"2024-04-12T19:26:29+00:00\",\"breadcrumb\":{\"@id\":\"https:\/\/psa-paris.com\/fr\/3-6-cabin-cleaning\/#breadcrumb\"},\"inLanguage\":\"fr-FR\",\"potentialAction\":[{\"@type\":\"ReadAction\",\"target\":[\"https:\/\/psa-paris.com\/fr\/3-6-cabin-cleaning\/\"]}]},{\"@type\":\"BreadcrumbList\",\"@id\":\"https:\/\/psa-paris.com\/fr\/3-6-cabin-cleaning\/#breadcrumb\",\"itemListElement\":[{\"@type\":\"ListItem\",\"position\":1,\"name\":\"Accueil\",\"item\":\"https:\/\/psa-paris.com\/fr\/\"},{\"@type\":\"ListItem\",\"position\":2,\"name\":\"NETTOYAGE CABINE\"}]},{\"@type\":\"WebSite\",\"@id\":\"https:\/\/psa-paris.com\/fr\/#website\",\"url\":\"https:\/\/psa-paris.com\/fr\/\",\"name\":\"PSA\",\"description\":\"Produits Sanitaires A\u00e9ronefs - PSA\",\"potentialAction\":[{\"@type\":\"SearchAction\",\"target\":{\"@type\":\"EntryPoint\",\"urlTemplate\":\"https:\/\/psa-paris.com\/fr\/?s={search_term_string}\"},\"query-input\":{\"@type\":\"PropertyValueSpecification\",\"valueRequired\":true,\"valueName\":\"search_term_string\"}}],\"inLanguage\":\"fr-FR\"}]}<\/script>\n<!-- \/ Yoast SEO plugin. -->","yoast_head_json":{"title":"NETTOYAGE CABINE - PSA","robots":{"index":"index","follow":"follow","max-snippet":"max-snippet:-1","max-image-preview":"max-image-preview:large","max-video-preview":"max-video-preview:-1"},"canonical":"https:\/\/psa-paris.com\/fr\/3-6-cabin-cleaning\/","og_locale":"fr_FR","og_type":"article","og_title":"NETTOYAGE CABINE - PSA","og_description":"[vc_row][vc_column][vc_single_image image=\u00a0\u00bb2066&Prime; img_size=\u00a0\u00bbfull\u00a0\u00bb alignment=\u00a0\u00bbcenter\u00a0\u00bb][vc_column_text css=\u00a0\u00bb.vc_custom_1712164066555{margin-bottom: 0px !important;}\u00a0\u00bb] Nettoyage Cabine [\/vc_column_text][vc_separator][vc_column_text] PSA d\u00e9veloppe, fabrique et distribue une gamme compl\u00e8te et exclusive de solutions de nettoyage des cabines, sp\u00e9cialement con\u00e7ues et test\u00e9es pour se conformer aux normes a\u00e9ronautiques et OEM sp\u00e9cifiques et n\u00e9cessaires, et r\u00e9pondre aux besoins des compagnies a\u00e9riennes, des soci\u00e9t\u00e9s de nettoyage, de maintenance et&hellip;","og_url":"https:\/\/psa-paris.com\/fr\/3-6-cabin-cleaning\/","og_site_name":"PSA","article_modified_time":"2024-04-12T19:26:29+00:00","twitter_card":"summary_large_image","twitter_misc":{"Dur\u00e9e de lecture estim\u00e9e":"1 minute"},"schema":{"@context":"https:\/\/schema.org","@graph":[{"@type":"WebPage","@id":"https:\/\/psa-paris.com\/fr\/3-6-cabin-cleaning\/","url":"https:\/\/psa-paris.com\/fr\/3-6-cabin-cleaning\/","name":"NETTOYAGE CABINE - PSA","isPartOf":{"@id":"https:\/\/psa-paris.com\/fr\/#website"},"datePublished":"2023-11-13T15:26:23+00:00","dateModified":"2024-04-12T19:26:29+00:00","breadcrumb":{"@id":"https:\/\/psa-paris.com\/fr\/3-6-cabin-cleaning\/#breadcrumb"},"inLanguage":"fr-FR","potentialAction":[{"@type":"ReadAction","target":["https:\/\/psa-paris.com\/fr\/3-6-cabin-cleaning\/"]}]},{"@type":"BreadcrumbList","@id":"https:\/\/psa-paris.com\/fr\/3-6-cabin-cleaning\/#breadcrumb","itemListElement":[{"@type":"ListItem","position":1,"name":"Accueil","item":"https:\/\/psa-paris.com\/fr\/"},{"@type":"ListItem","position":2,"name":"NETTOYAGE CABINE"}]},{"@type":"WebSite","@id":"https:\/\/psa-paris.com\/fr\/#website","url":"https:\/\/psa-paris.com\/fr\/","name":"PSA","description":"Produits Sanitaires A\u00e9ronefs - PSA","potentialAction":[{"@type":"SearchAction","target":{"@type":"EntryPoint","urlTemplate":"https:\/\/psa-paris.com\/fr\/?s={search_term_string}"},"query-input":{"@type":"PropertyValueSpecification","valueRequired":true,"valueName":"search_term_string"}}],"inLanguage":"fr-FR"}]}},"_links":{"self":[{"href":"https:\/\/psa-paris.com\/fr\/wp-json\/wp\/v2\/pages\/9826","targetHints":{"allow":["GET"]}}],"collection":[{"href":"https:\/\/psa-paris.com\/fr\/wp-json\/wp\/v2\/pages"}],"about":[{"href":"https:\/\/psa-paris.com\/fr\/wp-json\/wp\/v2\/types\/page"}],"author":[{"embeddable":true,"href":"https:\/\/psa-paris.com\/fr\/wp-json\/wp\/v2\/users\/1"}],"replies":[{"embeddable":true,"href":"https:\/\/psa-paris.com\/fr\/wp-json\/wp\/v2\/comments?post=9826"}],"version-history":[{"count":9,"href":"https:\/\/psa-paris.com\/fr\/wp-json\/wp\/v2\/pages\/9826\/revisions"}],"predecessor-version":[{"id":15042,"href":"https:\/\/psa-paris.com\/fr\/wp-json\/wp\/v2\/pages\/9826\/revisions\/15042"}],"wp:attachment":[{"href":"https:\/\/psa-paris.com\/fr\/wp-json\/wp\/v2\/media?parent=9826"}],"curies":[{"name":"wp","href":"https:\/\/api.w.org\/{rel}","templated":true}]}}