{"id":9827,"date":"2023-11-13T16:24:51","date_gmt":"2023-11-13T15:24:51","guid":{"rendered":"https:\/\/test-psadevincijunior-456.devincijunior.fr\/3-5-air-fresheners-and-fragances\/"},"modified":"2024-04-12T21:26:02","modified_gmt":"2024-04-12T19:26:02","slug":"3-5-air-fresheners-and-fragances","status":"publish","type":"page","link":"https:\/\/psa-paris.com\/fr\/3-5-air-fresheners-and-fragances\/","title":{"rendered":"DESODORISANTS ET PARFUMS D\u2019AMBIANCE"},"content":{"rendered":"<div class=\"wpb-content-wrapper\"><p>[vc_row][vc_column][vc_single_image image=\u00a0\u00bb8158&Prime; img_size=\u00a0\u00bbfull\u00a0\u00bb alignment=\u00a0\u00bbcenter\u00a0\u00bb][vc_column_text css=\u00a0\u00bb.vc_custom_1712164041588{margin-bottom: 0px !important;}\u00a0\u00bb]<\/p>\n<h1 style=\"text-align: center;\">D\u00e9sodorisants et parfums d&rsquo;ambiance<\/h1>\n<p>[\/vc_column_text][vc_separator][vc_column_text]<\/p>\n<p style=\"text-align: justify;\">Fresh+Clean\u2122 est une gamme unique et compl\u00e8te de d\u00e9sodorisants ininflammables, approuv\u00e9s pour les avions, d\u00e9velopp\u00e9s avec des parfums exclusifs inspir\u00e9s du monde entier, avec des notes de t\u00eate, de c\u0153ur et de noyau tr\u00e8s distinctes et toujours tr\u00e8s raffin\u00e9es, et portant des identit\u00e9s uniques.<\/p>\n<p style=\"text-align: justify;\">Pl\u00e9biscit\u00e9 par de nombreuses entreprises, Fresh+Clean\u2122 peut \u00eatre personnalis\u00e9 sur demande avec une fragrance signature ainsi qu&rsquo;avec des couleurs et des \u00e9tiquettes sp\u00e9cifiques, pour correspondre et v\u00e9hiculer l&rsquo;identit\u00e9 visuelle et olfactive.<\/p>\n<p>[\/vc_column_text][\/vc_column][\/vc_row][vc_row][vc_column][vc_basic_grid post_type=\u00a0\u00bbdt_portfolio\u00a0\u00bb max_items=\u00a0\u00bb-1&Prime; element_width=\u00a0\u00bb3&Prime; gap=\u00a0\u00bb20&Prime; order=\u00a0\u00bbASC\u00a0\u00bb item=\u00a0\u00bb10546&Prime; grid_id=\u00a0\u00bbvc_gid:1712949533474-38c035a7-3e3b-3&Prime; taxonomies=\u00a0\u00bb29&Prime;][\/vc_column][\/vc_row]<\/p>\n<\/div>","protected":false},"excerpt":{"rendered":"<p>[vc_row][vc_column][vc_single_image image=\u00a0\u00bb8158&Prime; img_size=\u00a0\u00bbfull\u00a0\u00bb alignment=\u00a0\u00bbcenter\u00a0\u00bb][vc_column_text css=\u00a0\u00bb.vc_custom_1712164041588{margin-bottom: 0px !important;}\u00a0\u00bb] D\u00e9sodorisants et parfums d&rsquo;ambiance [\/vc_column_text][vc_separator][vc_column_text] Fresh+Clean\u2122 est une gamme unique et compl\u00e8te de d\u00e9sodorisants ininflammables, approuv\u00e9s pour les avions, d\u00e9velopp\u00e9s avec des parfums exclusifs inspir\u00e9s du monde entier, avec des notes de t\u00eate, de c\u0153ur et de noyau tr\u00e8s distinctes et toujours tr\u00e8s raffin\u00e9es, et portant des identit\u00e9s&hellip;<\/p>\n","protected":false},"author":1,"featured_media":0,"parent":0,"menu_order":0,"comment_status":"closed","ping_status":"closed","template":"","meta":{"_acf_changed":false,"footnotes":""},"class_list":["post-9827","page","type-page","status-publish","hentry","description-off"],"acf":[],"yoast_head":"<!-- This site is optimized with the Yoast SEO plugin v26.4 - https:\/\/yoast.com\/wordpress\/plugins\/seo\/ -->\n<title>DESODORISANTS ET PARFUMS D\u2019AMBIANCE - PSA<\/title>\n<meta name=\"robots\" content=\"index, follow, max-snippet:-1, max-image-preview:large, max-video-preview:-1\" \/>\n<link rel=\"canonical\" href=\"https:\/\/psa-paris.com\/fr\/3-5-air-fresheners-and-fragances\/\" \/>\n<meta property=\"og:locale\" content=\"fr_FR\" \/>\n<meta property=\"og:type\" content=\"article\" \/>\n<meta property=\"og:title\" content=\"DESODORISANTS ET PARFUMS D\u2019AMBIANCE - PSA\" \/>\n<meta property=\"og:description\" content=\"[vc_row][vc_column][vc_single_image image=\u00a0\u00bb8158&Prime; img_size=\u00a0\u00bbfull\u00a0\u00bb alignment=\u00a0\u00bbcenter\u00a0\u00bb][vc_column_text css=\u00a0\u00bb.vc_custom_1712164041588{margin-bottom: 0px !important;}\u00a0\u00bb] D\u00e9sodorisants et parfums d&rsquo;ambiance [\/vc_column_text][vc_separator][vc_column_text] Fresh+Clean\u2122 est une gamme unique et compl\u00e8te de d\u00e9sodorisants ininflammables, approuv\u00e9s pour les avions, d\u00e9velopp\u00e9s avec des parfums exclusifs inspir\u00e9s du monde entier, avec des notes de t\u00eate, de c\u0153ur et de noyau tr\u00e8s distinctes et toujours tr\u00e8s raffin\u00e9es, et portant des identit\u00e9s&hellip;\" \/>\n<meta property=\"og:url\" content=\"https:\/\/psa-paris.com\/fr\/3-5-air-fresheners-and-fragances\/\" \/>\n<meta property=\"og:site_name\" content=\"PSA\" \/>\n<meta property=\"article:modified_time\" content=\"2024-04-12T19:26:02+00:00\" \/>\n<meta name=\"twitter:card\" content=\"summary_large_image\" \/>\n<meta name=\"twitter:label1\" content=\"Dur\u00e9e de lecture estim\u00e9e\" \/>\n\t<meta name=\"twitter:data1\" content=\"1 minute\" \/>\n<script type=\"application\/ld+json\" class=\"yoast-schema-graph\">{\"@context\":\"https:\/\/schema.org\",\"@graph\":[{\"@type\":\"WebPage\",\"@id\":\"https:\/\/psa-paris.com\/fr\/3-5-air-fresheners-and-fragances\/\",\"url\":\"https:\/\/psa-paris.com\/fr\/3-5-air-fresheners-and-fragances\/\",\"name\":\"DESODORISANTS ET PARFUMS D\u2019AMBIANCE - PSA\",\"isPartOf\":{\"@id\":\"https:\/\/psa-paris.com\/fr\/#website\"},\"datePublished\":\"2023-11-13T15:24:51+00:00\",\"dateModified\":\"2024-04-12T19:26:02+00:00\",\"breadcrumb\":{\"@id\":\"https:\/\/psa-paris.com\/fr\/3-5-air-fresheners-and-fragances\/#breadcrumb\"},\"inLanguage\":\"fr-FR\",\"potentialAction\":[{\"@type\":\"ReadAction\",\"target\":[\"https:\/\/psa-paris.com\/fr\/3-5-air-fresheners-and-fragances\/\"]}]},{\"@type\":\"BreadcrumbList\",\"@id\":\"https:\/\/psa-paris.com\/fr\/3-5-air-fresheners-and-fragances\/#breadcrumb\",\"itemListElement\":[{\"@type\":\"ListItem\",\"position\":1,\"name\":\"Accueil\",\"item\":\"https:\/\/psa-paris.com\/fr\/\"},{\"@type\":\"ListItem\",\"position\":2,\"name\":\"DESODORISANTS ET PARFUMS D\u2019AMBIANCE\"}]},{\"@type\":\"WebSite\",\"@id\":\"https:\/\/psa-paris.com\/fr\/#website\",\"url\":\"https:\/\/psa-paris.com\/fr\/\",\"name\":\"PSA\",\"description\":\"Produits Sanitaires A\u00e9ronefs - PSA\",\"potentialAction\":[{\"@type\":\"SearchAction\",\"target\":{\"@type\":\"EntryPoint\",\"urlTemplate\":\"https:\/\/psa-paris.com\/fr\/?s={search_term_string}\"},\"query-input\":{\"@type\":\"PropertyValueSpecification\",\"valueRequired\":true,\"valueName\":\"search_term_string\"}}],\"inLanguage\":\"fr-FR\"}]}<\/script>\n<!-- \/ Yoast SEO plugin. -->","yoast_head_json":{"title":"DESODORISANTS ET PARFUMS D\u2019AMBIANCE - PSA","robots":{"index":"index","follow":"follow","max-snippet":"max-snippet:-1","max-image-preview":"max-image-preview:large","max-video-preview":"max-video-preview:-1"},"canonical":"https:\/\/psa-paris.com\/fr\/3-5-air-fresheners-and-fragances\/","og_locale":"fr_FR","og_type":"article","og_title":"DESODORISANTS ET PARFUMS D\u2019AMBIANCE - PSA","og_description":"[vc_row][vc_column][vc_single_image image=\u00a0\u00bb8158&Prime; img_size=\u00a0\u00bbfull\u00a0\u00bb alignment=\u00a0\u00bbcenter\u00a0\u00bb][vc_column_text css=\u00a0\u00bb.vc_custom_1712164041588{margin-bottom: 0px !important;}\u00a0\u00bb] D\u00e9sodorisants et parfums d&rsquo;ambiance [\/vc_column_text][vc_separator][vc_column_text] Fresh+Clean\u2122 est une gamme unique et compl\u00e8te de d\u00e9sodorisants ininflammables, approuv\u00e9s pour les avions, d\u00e9velopp\u00e9s avec des parfums exclusifs inspir\u00e9s du monde entier, avec des notes de t\u00eate, de c\u0153ur et de noyau tr\u00e8s distinctes et toujours tr\u00e8s raffin\u00e9es, et portant des identit\u00e9s&hellip;","og_url":"https:\/\/psa-paris.com\/fr\/3-5-air-fresheners-and-fragances\/","og_site_name":"PSA","article_modified_time":"2024-04-12T19:26:02+00:00","twitter_card":"summary_large_image","twitter_misc":{"Dur\u00e9e de lecture estim\u00e9e":"1 minute"},"schema":{"@context":"https:\/\/schema.org","@graph":[{"@type":"WebPage","@id":"https:\/\/psa-paris.com\/fr\/3-5-air-fresheners-and-fragances\/","url":"https:\/\/psa-paris.com\/fr\/3-5-air-fresheners-and-fragances\/","name":"DESODORISANTS ET PARFUMS D\u2019AMBIANCE - PSA","isPartOf":{"@id":"https:\/\/psa-paris.com\/fr\/#website"},"datePublished":"2023-11-13T15:24:51+00:00","dateModified":"2024-04-12T19:26:02+00:00","breadcrumb":{"@id":"https:\/\/psa-paris.com\/fr\/3-5-air-fresheners-and-fragances\/#breadcrumb"},"inLanguage":"fr-FR","potentialAction":[{"@type":"ReadAction","target":["https:\/\/psa-paris.com\/fr\/3-5-air-fresheners-and-fragances\/"]}]},{"@type":"BreadcrumbList","@id":"https:\/\/psa-paris.com\/fr\/3-5-air-fresheners-and-fragances\/#breadcrumb","itemListElement":[{"@type":"ListItem","position":1,"name":"Accueil","item":"https:\/\/psa-paris.com\/fr\/"},{"@type":"ListItem","position":2,"name":"DESODORISANTS ET PARFUMS D\u2019AMBIANCE"}]},{"@type":"WebSite","@id":"https:\/\/psa-paris.com\/fr\/#website","url":"https:\/\/psa-paris.com\/fr\/","name":"PSA","description":"Produits Sanitaires A\u00e9ronefs - PSA","potentialAction":[{"@type":"SearchAction","target":{"@type":"EntryPoint","urlTemplate":"https:\/\/psa-paris.com\/fr\/?s={search_term_string}"},"query-input":{"@type":"PropertyValueSpecification","valueRequired":true,"valueName":"search_term_string"}}],"inLanguage":"fr-FR"}]}},"_links":{"self":[{"href":"https:\/\/psa-paris.com\/fr\/wp-json\/wp\/v2\/pages\/9827","targetHints":{"allow":["GET"]}}],"collection":[{"href":"https:\/\/psa-paris.com\/fr\/wp-json\/wp\/v2\/pages"}],"about":[{"href":"https:\/\/psa-paris.com\/fr\/wp-json\/wp\/v2\/types\/page"}],"author":[{"embeddable":true,"href":"https:\/\/psa-paris.com\/fr\/wp-json\/wp\/v2\/users\/1"}],"replies":[{"embeddable":true,"href":"https:\/\/psa-paris.com\/fr\/wp-json\/wp\/v2\/comments?post=9827"}],"version-history":[{"count":8,"href":"https:\/\/psa-paris.com\/fr\/wp-json\/wp\/v2\/pages\/9827\/revisions"}],"predecessor-version":[{"id":15039,"href":"https:\/\/psa-paris.com\/fr\/wp-json\/wp\/v2\/pages\/9827\/revisions\/15039"}],"wp:attachment":[{"href":"https:\/\/psa-paris.com\/fr\/wp-json\/wp\/v2\/media?parent=9827"}],"curies":[{"name":"wp","href":"https:\/\/api.w.org\/{rel}","templated":true}]}}