{"id":9828,"date":"2023-11-13T16:23:09","date_gmt":"2023-11-13T15:23:09","guid":{"rendered":"https:\/\/test-psadevincijunior-456.devincijunior.fr\/3-3-hand-soaps\/"},"modified":"2024-04-12T21:27:52","modified_gmt":"2024-04-12T19:27:52","slug":"3-3-hand-soaps","status":"publish","type":"page","link":"https:\/\/psa-paris.com\/fr\/3-3-hand-soaps\/","title":{"rendered":"SAVONS MAINS"},"content":{"rendered":"<div class=\"wpb-content-wrapper\"><p>[vc_row][vc_column][vc_single_image image=\u00a0\u00bb1381&Prime; img_size=\u00a0\u00bbfull\u00a0\u00bb alignment=\u00a0\u00bbcenter\u00a0\u00bb][vc_column_text css=\u00a0\u00bb.vc_custom_1712163805924{margin-bottom: 0px !important;}\u00a0\u00bb]<\/p>\n<h1 style=\"text-align: center;\">Savons Mains<\/h1>\n<p>[\/vc_column_text][vc_separator][vc_column_text]<\/p>\n<p style=\"font-weight: 400; text-align: justify;\">Le savon moussant pour les mains ALIZ\u00c9\u2122 de derni\u00e8re g\u00e9n\u00e9ration, sp\u00e9cifiquement formul\u00e9 en se concentrant sur les aspects cl\u00e9s de la s\u00e9curit\u00e9 et de l&rsquo;environnement, apporte une fra\u00eecheur et une douceur in\u00e9gal\u00e9es \u00e0 vos passagers, ainsi que la meilleure formule et le meilleur emballage pour l&rsquo;environnement.<\/p>\n<p style=\"text-align: justify;\">Une formule exempte de mol\u00e9cules et d&rsquo;extraits dont les effets cytotoxiques, g\u00e9notoxiques, allerg\u00e8nes, canc\u00e9rig\u00e8nes et perturbateurs endocriniens sont aujourd&rsquo;hui suspect\u00e9s ou reconnus, et exempte de mol\u00e9cules et d&rsquo;extraits non biod\u00e9gradables ou \u00e0 biod\u00e9gradabilit\u00e9 trop lente ayant un impact sur les organismes aquatiques.<\/p>\n<p style=\"font-weight: 400; text-align: justify;\">La gamme ALIZ\u00c9\u2122 comprend diff\u00e9rents formats de flacons, \u00e0 fond viss\u00e9 ou plat, disponibles en mat\u00e9riaux recyclables et recycl\u00e9s apr\u00e8s consommation, ainsi qu&rsquo;une gamme exclusive de syst\u00e8mes 2-en-1 combinant le meilleur du savon ALIZ\u00c9\u2122 avec un rafra\u00eechissement et une d\u00e9sodorisation efficaces de l&rsquo;air.<\/p>\n<p>[\/vc_column_text][\/vc_column][\/vc_row][vc_row][vc_column][vc_basic_grid post_type=\u00a0\u00bbdt_portfolio\u00a0\u00bb max_items=\u00a0\u00bb-1&Prime; element_width=\u00a0\u00bb3&Prime; gap=\u00a0\u00bb20&Prime; order=\u00a0\u00bbASC\u00a0\u00bb item=\u00a0\u00bb10546&Prime; grid_id=\u00a0\u00bbvc_gid:1712949632332-47795d23-b51a-2&Prime; taxonomies=\u00a0\u00bb37&Prime;][\/vc_column][\/vc_row]<\/p>\n<\/div>","protected":false},"excerpt":{"rendered":"<p>[vc_row][vc_column][vc_single_image image=\u00a0\u00bb1381&Prime; img_size=\u00a0\u00bbfull\u00a0\u00bb alignment=\u00a0\u00bbcenter\u00a0\u00bb][vc_column_text css=\u00a0\u00bb.vc_custom_1712163805924{margin-bottom: 0px !important;}\u00a0\u00bb] Savons Mains [\/vc_column_text][vc_separator][vc_column_text] Le savon moussant pour les mains ALIZ\u00c9\u2122 de derni\u00e8re g\u00e9n\u00e9ration, sp\u00e9cifiquement formul\u00e9 en se concentrant sur les aspects cl\u00e9s de la s\u00e9curit\u00e9 et de l&rsquo;environnement, apporte une fra\u00eecheur et une douceur in\u00e9gal\u00e9es \u00e0 vos passagers, ainsi que la meilleure formule et le meilleur emballage pour&hellip;<\/p>\n","protected":false},"author":1,"featured_media":0,"parent":0,"menu_order":0,"comment_status":"closed","ping_status":"closed","template":"","meta":{"_acf_changed":false,"footnotes":""},"class_list":["post-9828","page","type-page","status-publish","hentry","description-off"],"acf":[],"yoast_head":"<!-- This site is optimized with the Yoast SEO plugin v26.4 - https:\/\/yoast.com\/wordpress\/plugins\/seo\/ -->\n<title>SAVONS MAINS - PSA<\/title>\n<meta name=\"robots\" content=\"index, follow, max-snippet:-1, max-image-preview:large, max-video-preview:-1\" \/>\n<link rel=\"canonical\" href=\"https:\/\/psa-paris.com\/fr\/3-3-hand-soaps\/\" \/>\n<meta property=\"og:locale\" content=\"fr_FR\" \/>\n<meta property=\"og:type\" content=\"article\" \/>\n<meta property=\"og:title\" content=\"SAVONS MAINS - PSA\" \/>\n<meta property=\"og:description\" content=\"[vc_row][vc_column][vc_single_image image=\u00a0\u00bb1381&Prime; img_size=\u00a0\u00bbfull\u00a0\u00bb alignment=\u00a0\u00bbcenter\u00a0\u00bb][vc_column_text css=\u00a0\u00bb.vc_custom_1712163805924{margin-bottom: 0px !important;}\u00a0\u00bb] Savons Mains [\/vc_column_text][vc_separator][vc_column_text] Le savon moussant pour les mains ALIZ\u00c9\u2122 de derni\u00e8re g\u00e9n\u00e9ration, sp\u00e9cifiquement formul\u00e9 en se concentrant sur les aspects cl\u00e9s de la s\u00e9curit\u00e9 et de l&rsquo;environnement, apporte une fra\u00eecheur et une douceur in\u00e9gal\u00e9es \u00e0 vos passagers, ainsi que la meilleure formule et le meilleur emballage pour&hellip;\" \/>\n<meta property=\"og:url\" content=\"https:\/\/psa-paris.com\/fr\/3-3-hand-soaps\/\" \/>\n<meta property=\"og:site_name\" content=\"PSA\" \/>\n<meta property=\"article:modified_time\" content=\"2024-04-12T19:27:52+00:00\" \/>\n<meta name=\"twitter:card\" content=\"summary_large_image\" \/>\n<meta name=\"twitter:label1\" content=\"Dur\u00e9e de lecture estim\u00e9e\" \/>\n\t<meta name=\"twitter:data1\" content=\"1 minute\" \/>\n<script type=\"application\/ld+json\" class=\"yoast-schema-graph\">{\"@context\":\"https:\/\/schema.org\",\"@graph\":[{\"@type\":\"WebPage\",\"@id\":\"https:\/\/psa-paris.com\/fr\/3-3-hand-soaps\/\",\"url\":\"https:\/\/psa-paris.com\/fr\/3-3-hand-soaps\/\",\"name\":\"SAVONS MAINS - PSA\",\"isPartOf\":{\"@id\":\"https:\/\/psa-paris.com\/fr\/#website\"},\"datePublished\":\"2023-11-13T15:23:09+00:00\",\"dateModified\":\"2024-04-12T19:27:52+00:00\",\"breadcrumb\":{\"@id\":\"https:\/\/psa-paris.com\/fr\/3-3-hand-soaps\/#breadcrumb\"},\"inLanguage\":\"fr-FR\",\"potentialAction\":[{\"@type\":\"ReadAction\",\"target\":[\"https:\/\/psa-paris.com\/fr\/3-3-hand-soaps\/\"]}]},{\"@type\":\"BreadcrumbList\",\"@id\":\"https:\/\/psa-paris.com\/fr\/3-3-hand-soaps\/#breadcrumb\",\"itemListElement\":[{\"@type\":\"ListItem\",\"position\":1,\"name\":\"Accueil\",\"item\":\"https:\/\/psa-paris.com\/fr\/\"},{\"@type\":\"ListItem\",\"position\":2,\"name\":\"SAVONS MAINS\"}]},{\"@type\":\"WebSite\",\"@id\":\"https:\/\/psa-paris.com\/fr\/#website\",\"url\":\"https:\/\/psa-paris.com\/fr\/\",\"name\":\"PSA\",\"description\":\"Produits Sanitaires A\u00e9ronefs - PSA\",\"potentialAction\":[{\"@type\":\"SearchAction\",\"target\":{\"@type\":\"EntryPoint\",\"urlTemplate\":\"https:\/\/psa-paris.com\/fr\/?s={search_term_string}\"},\"query-input\":{\"@type\":\"PropertyValueSpecification\",\"valueRequired\":true,\"valueName\":\"search_term_string\"}}],\"inLanguage\":\"fr-FR\"}]}<\/script>\n<!-- \/ Yoast SEO plugin. -->","yoast_head_json":{"title":"SAVONS MAINS - PSA","robots":{"index":"index","follow":"follow","max-snippet":"max-snippet:-1","max-image-preview":"max-image-preview:large","max-video-preview":"max-video-preview:-1"},"canonical":"https:\/\/psa-paris.com\/fr\/3-3-hand-soaps\/","og_locale":"fr_FR","og_type":"article","og_title":"SAVONS MAINS - PSA","og_description":"[vc_row][vc_column][vc_single_image image=\u00a0\u00bb1381&Prime; img_size=\u00a0\u00bbfull\u00a0\u00bb alignment=\u00a0\u00bbcenter\u00a0\u00bb][vc_column_text css=\u00a0\u00bb.vc_custom_1712163805924{margin-bottom: 0px !important;}\u00a0\u00bb] Savons Mains [\/vc_column_text][vc_separator][vc_column_text] Le savon moussant pour les mains ALIZ\u00c9\u2122 de derni\u00e8re g\u00e9n\u00e9ration, sp\u00e9cifiquement formul\u00e9 en se concentrant sur les aspects cl\u00e9s de la s\u00e9curit\u00e9 et de l&rsquo;environnement, apporte une fra\u00eecheur et une douceur in\u00e9gal\u00e9es \u00e0 vos passagers, ainsi que la meilleure formule et le meilleur emballage pour&hellip;","og_url":"https:\/\/psa-paris.com\/fr\/3-3-hand-soaps\/","og_site_name":"PSA","article_modified_time":"2024-04-12T19:27:52+00:00","twitter_card":"summary_large_image","twitter_misc":{"Dur\u00e9e de lecture estim\u00e9e":"1 minute"},"schema":{"@context":"https:\/\/schema.org","@graph":[{"@type":"WebPage","@id":"https:\/\/psa-paris.com\/fr\/3-3-hand-soaps\/","url":"https:\/\/psa-paris.com\/fr\/3-3-hand-soaps\/","name":"SAVONS MAINS - PSA","isPartOf":{"@id":"https:\/\/psa-paris.com\/fr\/#website"},"datePublished":"2023-11-13T15:23:09+00:00","dateModified":"2024-04-12T19:27:52+00:00","breadcrumb":{"@id":"https:\/\/psa-paris.com\/fr\/3-3-hand-soaps\/#breadcrumb"},"inLanguage":"fr-FR","potentialAction":[{"@type":"ReadAction","target":["https:\/\/psa-paris.com\/fr\/3-3-hand-soaps\/"]}]},{"@type":"BreadcrumbList","@id":"https:\/\/psa-paris.com\/fr\/3-3-hand-soaps\/#breadcrumb","itemListElement":[{"@type":"ListItem","position":1,"name":"Accueil","item":"https:\/\/psa-paris.com\/fr\/"},{"@type":"ListItem","position":2,"name":"SAVONS MAINS"}]},{"@type":"WebSite","@id":"https:\/\/psa-paris.com\/fr\/#website","url":"https:\/\/psa-paris.com\/fr\/","name":"PSA","description":"Produits Sanitaires A\u00e9ronefs - PSA","potentialAction":[{"@type":"SearchAction","target":{"@type":"EntryPoint","urlTemplate":"https:\/\/psa-paris.com\/fr\/?s={search_term_string}"},"query-input":{"@type":"PropertyValueSpecification","valueRequired":true,"valueName":"search_term_string"}}],"inLanguage":"fr-FR"}]}},"_links":{"self":[{"href":"https:\/\/psa-paris.com\/fr\/wp-json\/wp\/v2\/pages\/9828","targetHints":{"allow":["GET"]}}],"collection":[{"href":"https:\/\/psa-paris.com\/fr\/wp-json\/wp\/v2\/pages"}],"about":[{"href":"https:\/\/psa-paris.com\/fr\/wp-json\/wp\/v2\/types\/page"}],"author":[{"embeddable":true,"href":"https:\/\/psa-paris.com\/fr\/wp-json\/wp\/v2\/users\/1"}],"replies":[{"embeddable":true,"href":"https:\/\/psa-paris.com\/fr\/wp-json\/wp\/v2\/comments?post=9828"}],"version-history":[{"count":8,"href":"https:\/\/psa-paris.com\/fr\/wp-json\/wp\/v2\/pages\/9828\/revisions"}],"predecessor-version":[{"id":15050,"href":"https:\/\/psa-paris.com\/fr\/wp-json\/wp\/v2\/pages\/9828\/revisions\/15050"}],"wp:attachment":[{"href":"https:\/\/psa-paris.com\/fr\/wp-json\/wp\/v2\/media?parent=9828"}],"curies":[{"name":"wp","href":"https:\/\/api.w.org\/{rel}","templated":true}]}}