{"id":9829,"date":"2023-11-13T16:20:41","date_gmt":"2023-11-13T15:20:41","guid":{"rendered":"https:\/\/test-psadevincijunior-456.devincijunior.fr\/3-3b-cabin-appearance\/"},"modified":"2024-04-12T21:23:22","modified_gmt":"2024-04-12T19:23:22","slug":"3-3b-cabin-appearance","status":"publish","type":"page","link":"https:\/\/psa-paris.com\/fr\/3-3b-cabin-appearance\/","title":{"rendered":"APPARENCE CABINE"},"content":{"rendered":"<div class=\"wpb-content-wrapper\"><p>[vc_row][vc_column][vc_single_image image=\u00a0\u00bb1379&Prime; img_size=\u00a0\u00bbfull\u00a0\u00bb alignment=\u00a0\u00bbcenter\u00a0\u00bb][vc_column_text css=\u00a0\u00bb.vc_custom_1712164002263{margin-bottom: 0px !important;}\u00a0\u00bb]<\/p>\n<h1 style=\"text-align: center;\">Apparence Cabine<\/h1>\n<p>[\/vc_column_text][vc_separator][vc_column_text]<\/p>\n<p style=\"text-align: justify;\">Nous d\u00e9veloppons, fabriquons et distribuons une gamme de produits de bord \u00e0 plus de 160 compagnies a\u00e9riennes dans le monde, notamment des produits de d\u00e9sinfection et d&rsquo;hygi\u00e8ne pour les avions. Nos produits sont sp\u00e9cifiquement con\u00e7us pour garantir la conformit\u00e9 aux normes a\u00e9ronautiques tout en maintenant des performances \u00e9lev\u00e9es et une bonne rentabilit\u00e9.<\/p>\n<p style=\"text-align: justify;\">Our range of inflight products for the cabin during the flight have been tested and comply with both Boeing and Airbus standards. La gamme Fresh+Clean\u2122 compl\u00e8te l&rsquo;offre \u00e0 bord avec une gamme diversifi\u00e9e de solutions de d\u00e9sodorisant cabine et de contr\u00f4le des odeurs, le tout dans des formats adapt\u00e9s.<\/p>\n<p>[\/vc_column_text][\/vc_column][\/vc_row][vc_row][vc_column][vc_basic_grid post_type=\u00a0\u00bbdt_portfolio\u00a0\u00bb max_items=\u00a0\u00bb-1&Prime; element_width=\u00a0\u00bb3&Prime; gap=\u00a0\u00bb20&Prime; order=\u00a0\u00bbASC\u00a0\u00bb item=\u00a0\u00bb10546&Prime; grid_id=\u00a0\u00bbvc_gid:1712949475325-691c85a1-5df8-9&Prime; taxonomies=\u00a0\u00bb36&Prime;][\/vc_column][\/vc_row]<\/p>\n<\/div>","protected":false},"excerpt":{"rendered":"<p>[vc_row][vc_column][vc_single_image image=\u00a0\u00bb1379&Prime; img_size=\u00a0\u00bbfull\u00a0\u00bb alignment=\u00a0\u00bbcenter\u00a0\u00bb][vc_column_text css=\u00a0\u00bb.vc_custom_1712164002263{margin-bottom: 0px !important;}\u00a0\u00bb] Apparence Cabine [\/vc_column_text][vc_separator][vc_column_text] Nous d\u00e9veloppons, fabriquons et distribuons une gamme de produits de bord \u00e0 plus de 160 compagnies a\u00e9riennes dans le monde, notamment des produits de d\u00e9sinfection et d&rsquo;hygi\u00e8ne pour les avions. Nos produits sont sp\u00e9cifiquement con\u00e7us pour garantir la conformit\u00e9 aux normes a\u00e9ronautiques tout en maintenant&hellip;<\/p>\n","protected":false},"author":1,"featured_media":0,"parent":0,"menu_order":0,"comment_status":"closed","ping_status":"closed","template":"","meta":{"_acf_changed":false,"footnotes":""},"class_list":["post-9829","page","type-page","status-publish","hentry","description-off"],"acf":[],"yoast_head":"<!-- This site is optimized with the Yoast SEO plugin v26.4 - https:\/\/yoast.com\/wordpress\/plugins\/seo\/ -->\n<title>APPARENCE CABINE - PSA<\/title>\n<meta name=\"robots\" content=\"index, follow, max-snippet:-1, max-image-preview:large, max-video-preview:-1\" \/>\n<link rel=\"canonical\" href=\"https:\/\/psa-paris.com\/fr\/3-3b-cabin-appearance\/\" \/>\n<meta property=\"og:locale\" content=\"fr_FR\" \/>\n<meta property=\"og:type\" content=\"article\" \/>\n<meta property=\"og:title\" content=\"APPARENCE CABINE - PSA\" \/>\n<meta property=\"og:description\" content=\"[vc_row][vc_column][vc_single_image image=\u00a0\u00bb1379&Prime; img_size=\u00a0\u00bbfull\u00a0\u00bb alignment=\u00a0\u00bbcenter\u00a0\u00bb][vc_column_text css=\u00a0\u00bb.vc_custom_1712164002263{margin-bottom: 0px !important;}\u00a0\u00bb] Apparence Cabine [\/vc_column_text][vc_separator][vc_column_text] Nous d\u00e9veloppons, fabriquons et distribuons une gamme de produits de bord \u00e0 plus de 160 compagnies a\u00e9riennes dans le monde, notamment des produits de d\u00e9sinfection et d&rsquo;hygi\u00e8ne pour les avions. Nos produits sont sp\u00e9cifiquement con\u00e7us pour garantir la conformit\u00e9 aux normes a\u00e9ronautiques tout en maintenant&hellip;\" \/>\n<meta property=\"og:url\" content=\"https:\/\/psa-paris.com\/fr\/3-3b-cabin-appearance\/\" \/>\n<meta property=\"og:site_name\" content=\"PSA\" \/>\n<meta property=\"article:modified_time\" content=\"2024-04-12T19:23:22+00:00\" \/>\n<meta name=\"twitter:card\" content=\"summary_large_image\" \/>\n<meta name=\"twitter:label1\" content=\"Dur\u00e9e de lecture estim\u00e9e\" \/>\n\t<meta name=\"twitter:data1\" content=\"1 minute\" \/>\n<script type=\"application\/ld+json\" class=\"yoast-schema-graph\">{\"@context\":\"https:\/\/schema.org\",\"@graph\":[{\"@type\":\"WebPage\",\"@id\":\"https:\/\/psa-paris.com\/fr\/3-3b-cabin-appearance\/\",\"url\":\"https:\/\/psa-paris.com\/fr\/3-3b-cabin-appearance\/\",\"name\":\"APPARENCE CABINE - PSA\",\"isPartOf\":{\"@id\":\"https:\/\/psa-paris.com\/fr\/#website\"},\"datePublished\":\"2023-11-13T15:20:41+00:00\",\"dateModified\":\"2024-04-12T19:23:22+00:00\",\"breadcrumb\":{\"@id\":\"https:\/\/psa-paris.com\/fr\/3-3b-cabin-appearance\/#breadcrumb\"},\"inLanguage\":\"fr-FR\",\"potentialAction\":[{\"@type\":\"ReadAction\",\"target\":[\"https:\/\/psa-paris.com\/fr\/3-3b-cabin-appearance\/\"]}]},{\"@type\":\"BreadcrumbList\",\"@id\":\"https:\/\/psa-paris.com\/fr\/3-3b-cabin-appearance\/#breadcrumb\",\"itemListElement\":[{\"@type\":\"ListItem\",\"position\":1,\"name\":\"Accueil\",\"item\":\"https:\/\/psa-paris.com\/fr\/\"},{\"@type\":\"ListItem\",\"position\":2,\"name\":\"APPARENCE CABINE\"}]},{\"@type\":\"WebSite\",\"@id\":\"https:\/\/psa-paris.com\/fr\/#website\",\"url\":\"https:\/\/psa-paris.com\/fr\/\",\"name\":\"PSA\",\"description\":\"Produits Sanitaires A\u00e9ronefs - PSA\",\"potentialAction\":[{\"@type\":\"SearchAction\",\"target\":{\"@type\":\"EntryPoint\",\"urlTemplate\":\"https:\/\/psa-paris.com\/fr\/?s={search_term_string}\"},\"query-input\":{\"@type\":\"PropertyValueSpecification\",\"valueRequired\":true,\"valueName\":\"search_term_string\"}}],\"inLanguage\":\"fr-FR\"}]}<\/script>\n<!-- \/ Yoast SEO plugin. -->","yoast_head_json":{"title":"APPARENCE CABINE - PSA","robots":{"index":"index","follow":"follow","max-snippet":"max-snippet:-1","max-image-preview":"max-image-preview:large","max-video-preview":"max-video-preview:-1"},"canonical":"https:\/\/psa-paris.com\/fr\/3-3b-cabin-appearance\/","og_locale":"fr_FR","og_type":"article","og_title":"APPARENCE CABINE - PSA","og_description":"[vc_row][vc_column][vc_single_image image=\u00a0\u00bb1379&Prime; img_size=\u00a0\u00bbfull\u00a0\u00bb alignment=\u00a0\u00bbcenter\u00a0\u00bb][vc_column_text css=\u00a0\u00bb.vc_custom_1712164002263{margin-bottom: 0px !important;}\u00a0\u00bb] Apparence Cabine [\/vc_column_text][vc_separator][vc_column_text] Nous d\u00e9veloppons, fabriquons et distribuons une gamme de produits de bord \u00e0 plus de 160 compagnies a\u00e9riennes dans le monde, notamment des produits de d\u00e9sinfection et d&rsquo;hygi\u00e8ne pour les avions. Nos produits sont sp\u00e9cifiquement con\u00e7us pour garantir la conformit\u00e9 aux normes a\u00e9ronautiques tout en maintenant&hellip;","og_url":"https:\/\/psa-paris.com\/fr\/3-3b-cabin-appearance\/","og_site_name":"PSA","article_modified_time":"2024-04-12T19:23:22+00:00","twitter_card":"summary_large_image","twitter_misc":{"Dur\u00e9e de lecture estim\u00e9e":"1 minute"},"schema":{"@context":"https:\/\/schema.org","@graph":[{"@type":"WebPage","@id":"https:\/\/psa-paris.com\/fr\/3-3b-cabin-appearance\/","url":"https:\/\/psa-paris.com\/fr\/3-3b-cabin-appearance\/","name":"APPARENCE CABINE - PSA","isPartOf":{"@id":"https:\/\/psa-paris.com\/fr\/#website"},"datePublished":"2023-11-13T15:20:41+00:00","dateModified":"2024-04-12T19:23:22+00:00","breadcrumb":{"@id":"https:\/\/psa-paris.com\/fr\/3-3b-cabin-appearance\/#breadcrumb"},"inLanguage":"fr-FR","potentialAction":[{"@type":"ReadAction","target":["https:\/\/psa-paris.com\/fr\/3-3b-cabin-appearance\/"]}]},{"@type":"BreadcrumbList","@id":"https:\/\/psa-paris.com\/fr\/3-3b-cabin-appearance\/#breadcrumb","itemListElement":[{"@type":"ListItem","position":1,"name":"Accueil","item":"https:\/\/psa-paris.com\/fr\/"},{"@type":"ListItem","position":2,"name":"APPARENCE CABINE"}]},{"@type":"WebSite","@id":"https:\/\/psa-paris.com\/fr\/#website","url":"https:\/\/psa-paris.com\/fr\/","name":"PSA","description":"Produits Sanitaires A\u00e9ronefs - PSA","potentialAction":[{"@type":"SearchAction","target":{"@type":"EntryPoint","urlTemplate":"https:\/\/psa-paris.com\/fr\/?s={search_term_string}"},"query-input":{"@type":"PropertyValueSpecification","valueRequired":true,"valueName":"search_term_string"}}],"inLanguage":"fr-FR"}]}},"_links":{"self":[{"href":"https:\/\/psa-paris.com\/fr\/wp-json\/wp\/v2\/pages\/9829","targetHints":{"allow":["GET"]}}],"collection":[{"href":"https:\/\/psa-paris.com\/fr\/wp-json\/wp\/v2\/pages"}],"about":[{"href":"https:\/\/psa-paris.com\/fr\/wp-json\/wp\/v2\/types\/page"}],"author":[{"embeddable":true,"href":"https:\/\/psa-paris.com\/fr\/wp-json\/wp\/v2\/users\/1"}],"replies":[{"embeddable":true,"href":"https:\/\/psa-paris.com\/fr\/wp-json\/wp\/v2\/comments?post=9829"}],"version-history":[{"count":9,"href":"https:\/\/psa-paris.com\/fr\/wp-json\/wp\/v2\/pages\/9829\/revisions"}],"predecessor-version":[{"id":15035,"href":"https:\/\/psa-paris.com\/fr\/wp-json\/wp\/v2\/pages\/9829\/revisions\/15035"}],"wp:attachment":[{"href":"https:\/\/psa-paris.com\/fr\/wp-json\/wp\/v2\/media?parent=9829"}],"curies":[{"name":"wp","href":"https:\/\/api.w.org\/{rel}","templated":true}]}}