{"id":9830,"date":"2023-11-13T16:19:00","date_gmt":"2023-11-13T15:19:00","guid":{"rendered":"https:\/\/test-psadevincijunior-456.devincijunior.fr\/3-3a-passenger-and-crew-protection\/"},"modified":"2024-04-12T21:27:18","modified_gmt":"2024-04-12T19:27:18","slug":"3-3a-passenger-and-crew-protection","status":"publish","type":"page","link":"https:\/\/psa-paris.com\/fr\/3-3a-passenger-and-crew-protection\/","title":{"rendered":"PASSENGER AND CREW PROTECTION"},"content":{"rendered":"<div class=\"wpb-content-wrapper\"><p>[vc_row][vc_column][vc_single_image image=\u00a0\u00bb1377&Prime; img_size=\u00a0\u00bbfull\u00a0\u00bb alignment=\u00a0\u00bbcenter\u00a0\u00bb][vc_column_text css=\u00a0\u00bb.vc_custom_1712163864088{margin-bottom: 0px !important;}\u00a0\u00bb]<\/p>\n<h1 style=\"text-align: center;\">Protection Passagers Et Personnel Naviguant<\/h1>\n<p>[\/vc_column_text][vc_separator][vc_column_text]<\/p>\n<p style=\"font-weight: 400; text-align: justify;\">Nous d\u00e9veloppons, fabriquons et distribuons une gamme de produits de bord \u00e0 plus de 160 compagnies a\u00e9riennes dans le monde, notamment des produits de d\u00e9sinfection et d&rsquo;hygi\u00e8ne usage a\u00e9ronautique. Nos produits sont sp\u00e9cifiquement con\u00e7us pour garantir la conformit\u00e9 aux normes a\u00e9ronautiques tout en maintenant des performances \u00e9lev\u00e9es et le meilleur positionnement \u00e9conomique.<\/p>\n<p style=\"font-weight: 400; text-align: justify;\">Notre gamme de produits de bord pour la protection des passagers et du personnel de cabine pendant le vol et leur voyage a \u00e9t\u00e9 test\u00e9e et est conforme aux normes de Boeing et d&rsquo;Airbus. Il se compose de solutions autonomes approuv\u00e9es dans des formats adapt\u00e9s et de kits sp\u00e9cialement con\u00e7us pour l&rsquo;\u00e9quipage pendant le vol. La gamme Ki-ose\u00ae est au c\u0153ur de notre offre en mati\u00e8re d&rsquo;apparence des avions et des cabines, avec une gamme polyvalente et compl\u00e8te de nettoyants et de lingettes d\u00e9sinfectantes ininflammables et approuv\u00e9s usage a\u00e9ronautique, destin\u00e9s \u00e0 l&rsquo;\u00e9quipage et aux passagers.<\/p>\n<p>[\/vc_column_text][\/vc_column][\/vc_row][vc_row][vc_column][vc_basic_grid post_type=\u00a0\u00bbdt_portfolio\u00a0\u00bb max_items=\u00a0\u00bb-1&Prime; element_width=\u00a0\u00bb3&Prime; gap=\u00a0\u00bb20&Prime; order=\u00a0\u00bbASC\u00a0\u00bb item=\u00a0\u00bb10546&Prime; grid_id=\u00a0\u00bbvc_gid:1712949586385-9b288b58-f0cd-4&Prime; taxonomies=\u00a0\u00bb35&Prime;][\/vc_column][\/vc_row]<\/p>\n<\/div>","protected":false},"excerpt":{"rendered":"<p>[vc_row][vc_column][vc_single_image image=\u00a0\u00bb1377&Prime; img_size=\u00a0\u00bbfull\u00a0\u00bb alignment=\u00a0\u00bbcenter\u00a0\u00bb][vc_column_text css=\u00a0\u00bb.vc_custom_1712163864088{margin-bottom: 0px !important;}\u00a0\u00bb] Protection Passagers Et Personnel Naviguant [\/vc_column_text][vc_separator][vc_column_text] Nous d\u00e9veloppons, fabriquons et distribuons une gamme de produits de bord \u00e0 plus de 160 compagnies a\u00e9riennes dans le monde, notamment des produits de d\u00e9sinfection et d&rsquo;hygi\u00e8ne usage a\u00e9ronautique. Nos produits sont sp\u00e9cifiquement con\u00e7us pour garantir la conformit\u00e9 aux normes a\u00e9ronautiques tout&hellip;<\/p>\n","protected":false},"author":1,"featured_media":0,"parent":0,"menu_order":0,"comment_status":"closed","ping_status":"closed","template":"","meta":{"_acf_changed":false,"footnotes":""},"class_list":["post-9830","page","type-page","status-publish","hentry","description-off"],"acf":[],"yoast_head":"<!-- This site is optimized with the Yoast SEO plugin v26.4 - https:\/\/yoast.com\/wordpress\/plugins\/seo\/ -->\n<title>PASSENGER AND CREW PROTECTION - PSA<\/title>\n<meta name=\"robots\" content=\"index, follow, max-snippet:-1, max-image-preview:large, max-video-preview:-1\" \/>\n<link rel=\"canonical\" href=\"https:\/\/psa-paris.com\/fr\/3-3a-passenger-and-crew-protection\/\" \/>\n<meta property=\"og:locale\" content=\"fr_FR\" \/>\n<meta property=\"og:type\" content=\"article\" \/>\n<meta property=\"og:title\" content=\"PASSENGER AND CREW PROTECTION - PSA\" \/>\n<meta property=\"og:description\" content=\"[vc_row][vc_column][vc_single_image image=\u00a0\u00bb1377&Prime; img_size=\u00a0\u00bbfull\u00a0\u00bb alignment=\u00a0\u00bbcenter\u00a0\u00bb][vc_column_text css=\u00a0\u00bb.vc_custom_1712163864088{margin-bottom: 0px !important;}\u00a0\u00bb] Protection Passagers Et Personnel Naviguant [\/vc_column_text][vc_separator][vc_column_text] Nous d\u00e9veloppons, fabriquons et distribuons une gamme de produits de bord \u00e0 plus de 160 compagnies a\u00e9riennes dans le monde, notamment des produits de d\u00e9sinfection et d&rsquo;hygi\u00e8ne usage a\u00e9ronautique. Nos produits sont sp\u00e9cifiquement con\u00e7us pour garantir la conformit\u00e9 aux normes a\u00e9ronautiques tout&hellip;\" \/>\n<meta property=\"og:url\" content=\"https:\/\/psa-paris.com\/fr\/3-3a-passenger-and-crew-protection\/\" \/>\n<meta property=\"og:site_name\" content=\"PSA\" \/>\n<meta property=\"article:modified_time\" content=\"2024-04-12T19:27:18+00:00\" \/>\n<meta name=\"twitter:card\" content=\"summary_large_image\" \/>\n<meta name=\"twitter:label1\" content=\"Dur\u00e9e de lecture estim\u00e9e\" \/>\n\t<meta name=\"twitter:data1\" content=\"1 minute\" \/>\n<script type=\"application\/ld+json\" class=\"yoast-schema-graph\">{\"@context\":\"https:\/\/schema.org\",\"@graph\":[{\"@type\":\"WebPage\",\"@id\":\"https:\/\/psa-paris.com\/fr\/3-3a-passenger-and-crew-protection\/\",\"url\":\"https:\/\/psa-paris.com\/fr\/3-3a-passenger-and-crew-protection\/\",\"name\":\"PASSENGER AND CREW PROTECTION - PSA\",\"isPartOf\":{\"@id\":\"https:\/\/psa-paris.com\/fr\/#website\"},\"datePublished\":\"2023-11-13T15:19:00+00:00\",\"dateModified\":\"2024-04-12T19:27:18+00:00\",\"breadcrumb\":{\"@id\":\"https:\/\/psa-paris.com\/fr\/3-3a-passenger-and-crew-protection\/#breadcrumb\"},\"inLanguage\":\"fr-FR\",\"potentialAction\":[{\"@type\":\"ReadAction\",\"target\":[\"https:\/\/psa-paris.com\/fr\/3-3a-passenger-and-crew-protection\/\"]}]},{\"@type\":\"BreadcrumbList\",\"@id\":\"https:\/\/psa-paris.com\/fr\/3-3a-passenger-and-crew-protection\/#breadcrumb\",\"itemListElement\":[{\"@type\":\"ListItem\",\"position\":1,\"name\":\"Accueil\",\"item\":\"https:\/\/psa-paris.com\/fr\/\"},{\"@type\":\"ListItem\",\"position\":2,\"name\":\"PASSENGER AND CREW PROTECTION\"}]},{\"@type\":\"WebSite\",\"@id\":\"https:\/\/psa-paris.com\/fr\/#website\",\"url\":\"https:\/\/psa-paris.com\/fr\/\",\"name\":\"PSA\",\"description\":\"Produits Sanitaires A\u00e9ronefs - PSA\",\"potentialAction\":[{\"@type\":\"SearchAction\",\"target\":{\"@type\":\"EntryPoint\",\"urlTemplate\":\"https:\/\/psa-paris.com\/fr\/?s={search_term_string}\"},\"query-input\":{\"@type\":\"PropertyValueSpecification\",\"valueRequired\":true,\"valueName\":\"search_term_string\"}}],\"inLanguage\":\"fr-FR\"}]}<\/script>\n<!-- \/ Yoast SEO plugin. -->","yoast_head_json":{"title":"PASSENGER AND CREW PROTECTION - PSA","robots":{"index":"index","follow":"follow","max-snippet":"max-snippet:-1","max-image-preview":"max-image-preview:large","max-video-preview":"max-video-preview:-1"},"canonical":"https:\/\/psa-paris.com\/fr\/3-3a-passenger-and-crew-protection\/","og_locale":"fr_FR","og_type":"article","og_title":"PASSENGER AND CREW PROTECTION - PSA","og_description":"[vc_row][vc_column][vc_single_image image=\u00a0\u00bb1377&Prime; img_size=\u00a0\u00bbfull\u00a0\u00bb alignment=\u00a0\u00bbcenter\u00a0\u00bb][vc_column_text css=\u00a0\u00bb.vc_custom_1712163864088{margin-bottom: 0px !important;}\u00a0\u00bb] Protection Passagers Et Personnel Naviguant [\/vc_column_text][vc_separator][vc_column_text] Nous d\u00e9veloppons, fabriquons et distribuons une gamme de produits de bord \u00e0 plus de 160 compagnies a\u00e9riennes dans le monde, notamment des produits de d\u00e9sinfection et d&rsquo;hygi\u00e8ne usage a\u00e9ronautique. Nos produits sont sp\u00e9cifiquement con\u00e7us pour garantir la conformit\u00e9 aux normes a\u00e9ronautiques tout&hellip;","og_url":"https:\/\/psa-paris.com\/fr\/3-3a-passenger-and-crew-protection\/","og_site_name":"PSA","article_modified_time":"2024-04-12T19:27:18+00:00","twitter_card":"summary_large_image","twitter_misc":{"Dur\u00e9e de lecture estim\u00e9e":"1 minute"},"schema":{"@context":"https:\/\/schema.org","@graph":[{"@type":"WebPage","@id":"https:\/\/psa-paris.com\/fr\/3-3a-passenger-and-crew-protection\/","url":"https:\/\/psa-paris.com\/fr\/3-3a-passenger-and-crew-protection\/","name":"PASSENGER AND CREW PROTECTION - PSA","isPartOf":{"@id":"https:\/\/psa-paris.com\/fr\/#website"},"datePublished":"2023-11-13T15:19:00+00:00","dateModified":"2024-04-12T19:27:18+00:00","breadcrumb":{"@id":"https:\/\/psa-paris.com\/fr\/3-3a-passenger-and-crew-protection\/#breadcrumb"},"inLanguage":"fr-FR","potentialAction":[{"@type":"ReadAction","target":["https:\/\/psa-paris.com\/fr\/3-3a-passenger-and-crew-protection\/"]}]},{"@type":"BreadcrumbList","@id":"https:\/\/psa-paris.com\/fr\/3-3a-passenger-and-crew-protection\/#breadcrumb","itemListElement":[{"@type":"ListItem","position":1,"name":"Accueil","item":"https:\/\/psa-paris.com\/fr\/"},{"@type":"ListItem","position":2,"name":"PASSENGER AND CREW PROTECTION"}]},{"@type":"WebSite","@id":"https:\/\/psa-paris.com\/fr\/#website","url":"https:\/\/psa-paris.com\/fr\/","name":"PSA","description":"Produits Sanitaires A\u00e9ronefs - PSA","potentialAction":[{"@type":"SearchAction","target":{"@type":"EntryPoint","urlTemplate":"https:\/\/psa-paris.com\/fr\/?s={search_term_string}"},"query-input":{"@type":"PropertyValueSpecification","valueRequired":true,"valueName":"search_term_string"}}],"inLanguage":"fr-FR"}]}},"_links":{"self":[{"href":"https:\/\/psa-paris.com\/fr\/wp-json\/wp\/v2\/pages\/9830","targetHints":{"allow":["GET"]}}],"collection":[{"href":"https:\/\/psa-paris.com\/fr\/wp-json\/wp\/v2\/pages"}],"about":[{"href":"https:\/\/psa-paris.com\/fr\/wp-json\/wp\/v2\/types\/page"}],"author":[{"embeddable":true,"href":"https:\/\/psa-paris.com\/fr\/wp-json\/wp\/v2\/users\/1"}],"replies":[{"embeddable":true,"href":"https:\/\/psa-paris.com\/fr\/wp-json\/wp\/v2\/comments?post=9830"}],"version-history":[{"count":12,"href":"https:\/\/psa-paris.com\/fr\/wp-json\/wp\/v2\/pages\/9830\/revisions"}],"predecessor-version":[{"id":15045,"href":"https:\/\/psa-paris.com\/fr\/wp-json\/wp\/v2\/pages\/9830\/revisions\/15045"}],"wp:attachment":[{"href":"https:\/\/psa-paris.com\/fr\/wp-json\/wp\/v2\/media?parent=9830"}],"curies":[{"name":"wp","href":"https:\/\/api.w.org\/{rel}","templated":true}]}}