{"id":9832,"date":"2023-11-13T16:14:18","date_gmt":"2023-11-13T15:14:18","guid":{"rendered":"https:\/\/test-psadevincijunior-456.devincijunior.fr\/3-1-aircraft-approved-biosecurity-insecticides\/"},"modified":"2024-04-12T21:26:25","modified_gmt":"2024-04-12T19:26:25","slug":"3-1-aircraft-approved-biosecurity-insecticides","status":"publish","type":"page","link":"https:\/\/psa-paris.com\/fr\/3-1-aircraft-approved-biosecurity-insecticides\/","title":{"rendered":"INSECTICIDES BIOSECURITE USAGE AERONAUTIQUE"},"content":{"rendered":"<div class=\"wpb-content-wrapper\"><p>[vc_row][vc_column][vc_single_image image=\u00a0\u00bb8330&Prime; img_size=\u00a0\u00bbfull\u00a0\u00bb alignment=\u00a0\u00bbcenter\u00a0\u00bb][vc_column_text css=\u00a0\u00bb.vc_custom_1712163391810{margin-bottom: 0px !important;}\u00a0\u00bb]<\/p>\n<h1 style=\"text-align: center;\">Insecticides Bios\u00e9curit\u00e9 Usage A\u00e9ronautique<\/h1>\n<p>[\/vc_column_text][vc_separator][vc_column_text]<\/p>\n<p style=\"font-weight: 400; text-align: justify;\">Nos insecticides approuv\u00e9s usage a\u00e9ronautique sont ininflammables et conformes aux normes les plus r\u00e9centes et aux recommandations de l&rsquo;Organisation Mondiale de la Sant\u00e9 (OMS) pour les insecticides destin\u00e9s aux avions. Leur utilisation permet d&rsquo;\u00e9viter la propagation de vecteurs d&rsquo;organismes nuisibles pour l&rsquo;homme, les animaux et les plantes, et de minimiser le risque de transmission de maladies infectieuses.<\/p>\n<p style=\"font-weight: 400; text-align: justify;\">La gamme Non Flammable Aircraft Insecticide\u2122 (NFAI\u2122) est compos\u00e9e de diff\u00e9rentes substances actives (Perm\u00e9thrine, D-ph\u00e9nothrine, 1R-Trans Ph\u00e9nothrine), ce qui permet d&rsquo;appliquer toutes les m\u00e9thodes et proc\u00e9dures actuellement recommand\u00e9es pour la d\u00e9sinsectisation des a\u00e9ronefs : Avant l&#8217;embarquement (`Pre-embarkation`), avant le d\u00e9part (`Pre-departure`), pour les soutes (`Holds`) et \u00e0 l&rsquo;arriv\u00e9e (`On-arrival`).<\/p>\n<p style=\"font-weight: 400; text-align: justify;\">Avec des formats de 30, 40, 60 et 100g et des diffuseurs &lsquo;single-shot&rsquo; &amp; &lsquo;muti-shot&rsquo;, la gamme NFAI\u2122 offre actuellement le plus large \u00e9ventail de tailles disponibles pour se conformer aux recommandations de l&rsquo;OMS, et r\u00e9pondre \u00e0 toutes les configurations d&rsquo;avions, optimiser la quantit\u00e9 de biocide utilis\u00e9e, et r\u00e9duire le gaspillage, tout en facilitant l&rsquo;op\u00e9ration de pulv\u00e9risation.<\/p>\n<p style=\"font-weight: 400; text-align: justify;\">NFAI-Phenothrin\u2122 a \u00e9t\u00e9 le premier a\u00e9rosol insecticide pour l&rsquo;aviation base approuv\u00e9 en Europe (mars 2019). Cette Autorisation de Mise sur le March\u00e9 (AMM) en vertu du r\u00e8glement UE no. 528\/2012 illustre notre expertise et notre leadership dans le secteur et la ma\u00eetrise des vecteurs de transmission et des risques biologiques conform\u00e9ment aux exigences et recommandations de l&rsquo;IATA et de l&rsquo;OMS.<\/p>\n<p style=\"font-weight: 400; text-align: justify;\">PSA et Callington sont membres d&rsquo;un groupe consultatif et font partie du groupe de travail de l&rsquo;Organisation Mondiale de la Sant\u00e9 charg\u00e9 d&rsquo;examiner les politiques et proc\u00e9dures de d\u00e9sinsectisation des a\u00e9ronefs \u00e0 l&rsquo;\u00e9chelle mondiale.<\/p>\n<p>[\/vc_column_text][\/vc_column][\/vc_row][vc_row][vc_column][vc_basic_grid post_type=\u00a0\u00bbdt_portfolio\u00a0\u00bb max_items=\u00a0\u00bb-1&Prime; element_width=\u00a0\u00bb3&Prime; gap=\u00a0\u00bb20&Prime; order=\u00a0\u00bbASC\u00a0\u00bb item=\u00a0\u00bb10546&Prime; grid_id=\u00a0\u00bbvc_gid:1712949559362-0f4bd7a3-f890-7&Prime; taxonomies=\u00a0\u00bb26&Prime;][\/vc_column][\/vc_row]<\/p>\n<\/div>","protected":false},"excerpt":{"rendered":"<p>[vc_row][vc_column][vc_single_image image=\u00a0\u00bb8330&Prime; img_size=\u00a0\u00bbfull\u00a0\u00bb alignment=\u00a0\u00bbcenter\u00a0\u00bb][vc_column_text css=\u00a0\u00bb.vc_custom_1712163391810{margin-bottom: 0px !important;}\u00a0\u00bb] Insecticides Bios\u00e9curit\u00e9 Usage A\u00e9ronautique [\/vc_column_text][vc_separator][vc_column_text] Nos insecticides approuv\u00e9s usage a\u00e9ronautique sont ininflammables et conformes aux normes les plus r\u00e9centes et aux recommandations de l&rsquo;Organisation Mondiale de la Sant\u00e9 (OMS) pour les insecticides destin\u00e9s aux avions. Leur utilisation permet d&rsquo;\u00e9viter la propagation de vecteurs d&rsquo;organismes nuisibles pour l&rsquo;homme, les&hellip;<\/p>\n","protected":false},"author":1,"featured_media":0,"parent":0,"menu_order":0,"comment_status":"closed","ping_status":"closed","template":"","meta":{"_acf_changed":false,"footnotes":""},"class_list":["post-9832","page","type-page","status-publish","hentry","description-off"],"acf":[],"yoast_head":"<!-- This site is optimized with the Yoast SEO plugin v26.4 - https:\/\/yoast.com\/wordpress\/plugins\/seo\/ -->\n<title>INSECTICIDES BIOSECURITE USAGE AERONAUTIQUE - PSA<\/title>\n<meta name=\"robots\" content=\"index, follow, max-snippet:-1, max-image-preview:large, max-video-preview:-1\" \/>\n<link rel=\"canonical\" href=\"https:\/\/psa-paris.com\/fr\/3-1-aircraft-approved-biosecurity-insecticides\/\" \/>\n<meta property=\"og:locale\" content=\"fr_FR\" \/>\n<meta property=\"og:type\" content=\"article\" \/>\n<meta property=\"og:title\" content=\"INSECTICIDES BIOSECURITE USAGE AERONAUTIQUE - PSA\" \/>\n<meta property=\"og:description\" content=\"[vc_row][vc_column][vc_single_image image=\u00a0\u00bb8330&Prime; img_size=\u00a0\u00bbfull\u00a0\u00bb alignment=\u00a0\u00bbcenter\u00a0\u00bb][vc_column_text css=\u00a0\u00bb.vc_custom_1712163391810{margin-bottom: 0px !important;}\u00a0\u00bb] Insecticides Bios\u00e9curit\u00e9 Usage A\u00e9ronautique [\/vc_column_text][vc_separator][vc_column_text] Nos insecticides approuv\u00e9s usage a\u00e9ronautique sont ininflammables et conformes aux normes les plus r\u00e9centes et aux recommandations de l&rsquo;Organisation Mondiale de la Sant\u00e9 (OMS) pour les insecticides destin\u00e9s aux avions. Leur utilisation permet d&rsquo;\u00e9viter la propagation de vecteurs d&rsquo;organismes nuisibles pour l&rsquo;homme, les&hellip;\" \/>\n<meta property=\"og:url\" content=\"https:\/\/psa-paris.com\/fr\/3-1-aircraft-approved-biosecurity-insecticides\/\" \/>\n<meta property=\"og:site_name\" content=\"PSA\" \/>\n<meta property=\"article:modified_time\" content=\"2024-04-12T19:26:25+00:00\" \/>\n<meta name=\"twitter:card\" content=\"summary_large_image\" \/>\n<meta name=\"twitter:label1\" content=\"Dur\u00e9e de lecture estim\u00e9e\" \/>\n\t<meta name=\"twitter:data1\" content=\"2 minutes\" \/>\n<script type=\"application\/ld+json\" class=\"yoast-schema-graph\">{\"@context\":\"https:\/\/schema.org\",\"@graph\":[{\"@type\":\"WebPage\",\"@id\":\"https:\/\/psa-paris.com\/fr\/3-1-aircraft-approved-biosecurity-insecticides\/\",\"url\":\"https:\/\/psa-paris.com\/fr\/3-1-aircraft-approved-biosecurity-insecticides\/\",\"name\":\"INSECTICIDES BIOSECURITE USAGE AERONAUTIQUE - PSA\",\"isPartOf\":{\"@id\":\"https:\/\/psa-paris.com\/fr\/#website\"},\"datePublished\":\"2023-11-13T15:14:18+00:00\",\"dateModified\":\"2024-04-12T19:26:25+00:00\",\"breadcrumb\":{\"@id\":\"https:\/\/psa-paris.com\/fr\/3-1-aircraft-approved-biosecurity-insecticides\/#breadcrumb\"},\"inLanguage\":\"fr-FR\",\"potentialAction\":[{\"@type\":\"ReadAction\",\"target\":[\"https:\/\/psa-paris.com\/fr\/3-1-aircraft-approved-biosecurity-insecticides\/\"]}]},{\"@type\":\"BreadcrumbList\",\"@id\":\"https:\/\/psa-paris.com\/fr\/3-1-aircraft-approved-biosecurity-insecticides\/#breadcrumb\",\"itemListElement\":[{\"@type\":\"ListItem\",\"position\":1,\"name\":\"Accueil\",\"item\":\"https:\/\/psa-paris.com\/fr\/\"},{\"@type\":\"ListItem\",\"position\":2,\"name\":\"INSECTICIDES BIOSECURITE USAGE AERONAUTIQUE\"}]},{\"@type\":\"WebSite\",\"@id\":\"https:\/\/psa-paris.com\/fr\/#website\",\"url\":\"https:\/\/psa-paris.com\/fr\/\",\"name\":\"PSA\",\"description\":\"Produits Sanitaires A\u00e9ronefs - PSA\",\"potentialAction\":[{\"@type\":\"SearchAction\",\"target\":{\"@type\":\"EntryPoint\",\"urlTemplate\":\"https:\/\/psa-paris.com\/fr\/?s={search_term_string}\"},\"query-input\":{\"@type\":\"PropertyValueSpecification\",\"valueRequired\":true,\"valueName\":\"search_term_string\"}}],\"inLanguage\":\"fr-FR\"}]}<\/script>\n<!-- \/ Yoast SEO plugin. -->","yoast_head_json":{"title":"INSECTICIDES BIOSECURITE USAGE AERONAUTIQUE - PSA","robots":{"index":"index","follow":"follow","max-snippet":"max-snippet:-1","max-image-preview":"max-image-preview:large","max-video-preview":"max-video-preview:-1"},"canonical":"https:\/\/psa-paris.com\/fr\/3-1-aircraft-approved-biosecurity-insecticides\/","og_locale":"fr_FR","og_type":"article","og_title":"INSECTICIDES BIOSECURITE USAGE AERONAUTIQUE - PSA","og_description":"[vc_row][vc_column][vc_single_image image=\u00a0\u00bb8330&Prime; img_size=\u00a0\u00bbfull\u00a0\u00bb alignment=\u00a0\u00bbcenter\u00a0\u00bb][vc_column_text css=\u00a0\u00bb.vc_custom_1712163391810{margin-bottom: 0px !important;}\u00a0\u00bb] Insecticides Bios\u00e9curit\u00e9 Usage A\u00e9ronautique [\/vc_column_text][vc_separator][vc_column_text] Nos insecticides approuv\u00e9s usage a\u00e9ronautique sont ininflammables et conformes aux normes les plus r\u00e9centes et aux recommandations de l&rsquo;Organisation Mondiale de la Sant\u00e9 (OMS) pour les insecticides destin\u00e9s aux avions. Leur utilisation permet d&rsquo;\u00e9viter la propagation de vecteurs d&rsquo;organismes nuisibles pour l&rsquo;homme, les&hellip;","og_url":"https:\/\/psa-paris.com\/fr\/3-1-aircraft-approved-biosecurity-insecticides\/","og_site_name":"PSA","article_modified_time":"2024-04-12T19:26:25+00:00","twitter_card":"summary_large_image","twitter_misc":{"Dur\u00e9e de lecture estim\u00e9e":"2 minutes"},"schema":{"@context":"https:\/\/schema.org","@graph":[{"@type":"WebPage","@id":"https:\/\/psa-paris.com\/fr\/3-1-aircraft-approved-biosecurity-insecticides\/","url":"https:\/\/psa-paris.com\/fr\/3-1-aircraft-approved-biosecurity-insecticides\/","name":"INSECTICIDES BIOSECURITE USAGE AERONAUTIQUE - PSA","isPartOf":{"@id":"https:\/\/psa-paris.com\/fr\/#website"},"datePublished":"2023-11-13T15:14:18+00:00","dateModified":"2024-04-12T19:26:25+00:00","breadcrumb":{"@id":"https:\/\/psa-paris.com\/fr\/3-1-aircraft-approved-biosecurity-insecticides\/#breadcrumb"},"inLanguage":"fr-FR","potentialAction":[{"@type":"ReadAction","target":["https:\/\/psa-paris.com\/fr\/3-1-aircraft-approved-biosecurity-insecticides\/"]}]},{"@type":"BreadcrumbList","@id":"https:\/\/psa-paris.com\/fr\/3-1-aircraft-approved-biosecurity-insecticides\/#breadcrumb","itemListElement":[{"@type":"ListItem","position":1,"name":"Accueil","item":"https:\/\/psa-paris.com\/fr\/"},{"@type":"ListItem","position":2,"name":"INSECTICIDES BIOSECURITE USAGE AERONAUTIQUE"}]},{"@type":"WebSite","@id":"https:\/\/psa-paris.com\/fr\/#website","url":"https:\/\/psa-paris.com\/fr\/","name":"PSA","description":"Produits Sanitaires A\u00e9ronefs - PSA","potentialAction":[{"@type":"SearchAction","target":{"@type":"EntryPoint","urlTemplate":"https:\/\/psa-paris.com\/fr\/?s={search_term_string}"},"query-input":{"@type":"PropertyValueSpecification","valueRequired":true,"valueName":"search_term_string"}}],"inLanguage":"fr-FR"}]}},"_links":{"self":[{"href":"https:\/\/psa-paris.com\/fr\/wp-json\/wp\/v2\/pages\/9832","targetHints":{"allow":["GET"]}}],"collection":[{"href":"https:\/\/psa-paris.com\/fr\/wp-json\/wp\/v2\/pages"}],"about":[{"href":"https:\/\/psa-paris.com\/fr\/wp-json\/wp\/v2\/types\/page"}],"author":[{"embeddable":true,"href":"https:\/\/psa-paris.com\/fr\/wp-json\/wp\/v2\/users\/1"}],"replies":[{"embeddable":true,"href":"https:\/\/psa-paris.com\/fr\/wp-json\/wp\/v2\/comments?post=9832"}],"version-history":[{"count":14,"href":"https:\/\/psa-paris.com\/fr\/wp-json\/wp\/v2\/pages\/9832\/revisions"}],"predecessor-version":[{"id":15041,"href":"https:\/\/psa-paris.com\/fr\/wp-json\/wp\/v2\/pages\/9832\/revisions\/15041"}],"wp:attachment":[{"href":"https:\/\/psa-paris.com\/fr\/wp-json\/wp\/v2\/media?parent=9832"}],"curies":[{"name":"wp","href":"https:\/\/api.w.org\/{rel}","templated":true}]}}