{"id":9833,"date":"2023-11-13T16:09:14","date_gmt":"2023-11-13T15:09:14","guid":{"rendered":"https:\/\/test-psadevincijunior-456.devincijunior.fr\/2-insect-repellents-for-skin-clothes\/"},"modified":"2024-04-12T21:27:21","modified_gmt":"2024-04-12T19:27:21","slug":"2-insect-repellents-for-skin-clothes","status":"publish","type":"page","link":"https:\/\/psa-paris.com\/fr\/2-insect-repellents-for-skin-clothes\/","title":{"rendered":"REPULSIFS INSECTES POUR LA PEAU ET LES VETEMENTS"},"content":{"rendered":"<div class=\"wpb-content-wrapper\"><p>[vc_row][vc_column][vc_single_image image=\u00a0\u00bb1354&Prime; img_size=\u00a0\u00bbfull\u00a0\u00bb alignment=\u00a0\u00bbcenter\u00a0\u00bb][vc_column_text css=\u00a0\u00bb.vc_custom_1708075657782{margin-bottom: 0px !important;}\u00a0\u00bb]<\/p>\n<h1 style=\"text-align: center;\">R\u00e9pulsifs Insectes Peau &amp; V\u00eatements<\/h1>\n<p>[\/vc_column_text][vc_separator][vc_column_text]<\/p>\n<p style=\"font-weight: 400; text-align: justify;\">SKIN2P Body\u00ae et SCREEN2P Wear\u00ae, r\u00e9pulsifs insectes pour la peau et les v\u00eatements, constituent ensemble la solution tout-en-un de derni\u00e8re g\u00e9n\u00e9ration pour la protection individuelle contre les insectes vecteurs de maladies, et une alternative efficace aux traitements prophylactiques.<\/p>\n<p style=\"font-weight: 400; text-align: justify;\">La formulation aqueuse de ces biocides, test\u00e9e par des laboratoires europ\u00e9ens r\u00e9put\u00e9s selon les normes les plus r\u00e9centes et les protocoles de l&rsquo;Organisation Mondiale de la Sant\u00e9 (OMS), a d\u00e9montr\u00e9 une efficacit\u00e9 durable contre les insectes (moustiques, tiques, phl\u00e9botomes) vecteurs de maladies telles que le paludisme, le zika, la dengue et la leishmaniose. Outre leur efficacit\u00e9 prouv\u00e9e et leur confort d&rsquo;utilisation, la formulation unique \u00e0 base d&rsquo;icaridine de SKIN2P Body\u00ae et SCREEN2P Wear\u00ae leur permet d&rsquo;\u00eatre actifs beaucoup plus longtemps que les formules \u00e0 base d&rsquo;autres ingr\u00e9dients actifs habituels et est exempte de tous les nombreux inconv\u00e9nients associ\u00e9s en particulier au DEET.<\/p>\n<p style=\"font-weight: 400; text-align: justify;\">Notre solution tout-en-un de derni\u00e8re g\u00e9n\u00e9ration est utilis\u00e9e par de nombreuses compagnies a\u00e9riennes, entreprises industrielles et arm\u00e9es dans le monde entier pour prot\u00e9ger leur personnel.<\/p>\n<p>[\/vc_column_text][\/vc_column][\/vc_row][vc_row][vc_column][vc_basic_grid post_type=\u00a0\u00bbdt_portfolio\u00a0\u00bb max_items=\u00a0\u00bb-1&Prime; element_width=\u00a0\u00bb3&Prime; gap=\u00a0\u00bb20&Prime; order=\u00a0\u00bbASC\u00a0\u00bb item=\u00a0\u00bb10546&Prime; grid_id=\u00a0\u00bbvc_gid:1712949621413-0f753bc5-eab6-0&Prime; taxonomies=\u00a0\u00bb22&Prime;][\/vc_column][\/vc_row]<\/p>\n<\/div>","protected":false},"excerpt":{"rendered":"<p>[vc_row][vc_column][vc_single_image image=\u00a0\u00bb1354&Prime; img_size=\u00a0\u00bbfull\u00a0\u00bb alignment=\u00a0\u00bbcenter\u00a0\u00bb][vc_column_text css=\u00a0\u00bb.vc_custom_1708075657782{margin-bottom: 0px !important;}\u00a0\u00bb] R\u00e9pulsifs Insectes Peau &amp; V\u00eatements [\/vc_column_text][vc_separator][vc_column_text] SKIN2P Body\u00ae et SCREEN2P Wear\u00ae, r\u00e9pulsifs insectes pour la peau et les v\u00eatements, constituent ensemble la solution tout-en-un de derni\u00e8re g\u00e9n\u00e9ration pour la protection individuelle contre les insectes vecteurs de maladies, et une alternative efficace aux traitements prophylactiques. La formulation aqueuse de&hellip;<\/p>\n","protected":false},"author":1,"featured_media":0,"parent":0,"menu_order":0,"comment_status":"closed","ping_status":"closed","template":"","meta":{"_acf_changed":false,"footnotes":""},"class_list":["post-9833","page","type-page","status-publish","hentry","description-off"],"acf":[],"yoast_head":"<!-- This site is optimized with the Yoast SEO plugin v26.4 - https:\/\/yoast.com\/wordpress\/plugins\/seo\/ -->\n<title>REPULSIFS INSECTES POUR LA PEAU ET LES VETEMENTS - PSA<\/title>\n<meta name=\"robots\" content=\"index, follow, max-snippet:-1, max-image-preview:large, max-video-preview:-1\" \/>\n<link rel=\"canonical\" href=\"https:\/\/psa-paris.com\/fr\/2-insect-repellents-for-skin-clothes\/\" \/>\n<meta property=\"og:locale\" content=\"fr_FR\" \/>\n<meta property=\"og:type\" content=\"article\" \/>\n<meta property=\"og:title\" content=\"REPULSIFS INSECTES POUR LA PEAU ET LES VETEMENTS - PSA\" \/>\n<meta property=\"og:description\" content=\"[vc_row][vc_column][vc_single_image image=\u00a0\u00bb1354&Prime; img_size=\u00a0\u00bbfull\u00a0\u00bb alignment=\u00a0\u00bbcenter\u00a0\u00bb][vc_column_text css=\u00a0\u00bb.vc_custom_1708075657782{margin-bottom: 0px !important;}\u00a0\u00bb] R\u00e9pulsifs Insectes Peau &amp; V\u00eatements [\/vc_column_text][vc_separator][vc_column_text] SKIN2P Body\u00ae et SCREEN2P Wear\u00ae, r\u00e9pulsifs insectes pour la peau et les v\u00eatements, constituent ensemble la solution tout-en-un de derni\u00e8re g\u00e9n\u00e9ration pour la protection individuelle contre les insectes vecteurs de maladies, et une alternative efficace aux traitements prophylactiques. La formulation aqueuse de&hellip;\" \/>\n<meta property=\"og:url\" content=\"https:\/\/psa-paris.com\/fr\/2-insect-repellents-for-skin-clothes\/\" \/>\n<meta property=\"og:site_name\" content=\"PSA\" \/>\n<meta property=\"article:modified_time\" content=\"2024-04-12T19:27:21+00:00\" \/>\n<meta name=\"twitter:card\" content=\"summary_large_image\" \/>\n<meta name=\"twitter:label1\" content=\"Dur\u00e9e de lecture estim\u00e9e\" \/>\n\t<meta name=\"twitter:data1\" content=\"2 minutes\" \/>\n<script type=\"application\/ld+json\" class=\"yoast-schema-graph\">{\"@context\":\"https:\/\/schema.org\",\"@graph\":[{\"@type\":\"WebPage\",\"@id\":\"https:\/\/psa-paris.com\/fr\/2-insect-repellents-for-skin-clothes\/\",\"url\":\"https:\/\/psa-paris.com\/fr\/2-insect-repellents-for-skin-clothes\/\",\"name\":\"REPULSIFS INSECTES POUR LA PEAU ET LES VETEMENTS - PSA\",\"isPartOf\":{\"@id\":\"https:\/\/psa-paris.com\/fr\/#website\"},\"datePublished\":\"2023-11-13T15:09:14+00:00\",\"dateModified\":\"2024-04-12T19:27:21+00:00\",\"breadcrumb\":{\"@id\":\"https:\/\/psa-paris.com\/fr\/2-insect-repellents-for-skin-clothes\/#breadcrumb\"},\"inLanguage\":\"fr-FR\",\"potentialAction\":[{\"@type\":\"ReadAction\",\"target\":[\"https:\/\/psa-paris.com\/fr\/2-insect-repellents-for-skin-clothes\/\"]}]},{\"@type\":\"BreadcrumbList\",\"@id\":\"https:\/\/psa-paris.com\/fr\/2-insect-repellents-for-skin-clothes\/#breadcrumb\",\"itemListElement\":[{\"@type\":\"ListItem\",\"position\":1,\"name\":\"Accueil\",\"item\":\"https:\/\/psa-paris.com\/fr\/\"},{\"@type\":\"ListItem\",\"position\":2,\"name\":\"REPULSIFS INSECTES POUR LA PEAU ET LES VETEMENTS\"}]},{\"@type\":\"WebSite\",\"@id\":\"https:\/\/psa-paris.com\/fr\/#website\",\"url\":\"https:\/\/psa-paris.com\/fr\/\",\"name\":\"PSA\",\"description\":\"Produits Sanitaires A\u00e9ronefs - PSA\",\"potentialAction\":[{\"@type\":\"SearchAction\",\"target\":{\"@type\":\"EntryPoint\",\"urlTemplate\":\"https:\/\/psa-paris.com\/fr\/?s={search_term_string}\"},\"query-input\":{\"@type\":\"PropertyValueSpecification\",\"valueRequired\":true,\"valueName\":\"search_term_string\"}}],\"inLanguage\":\"fr-FR\"}]}<\/script>\n<!-- \/ Yoast SEO plugin. -->","yoast_head_json":{"title":"REPULSIFS INSECTES POUR LA PEAU ET LES VETEMENTS - PSA","robots":{"index":"index","follow":"follow","max-snippet":"max-snippet:-1","max-image-preview":"max-image-preview:large","max-video-preview":"max-video-preview:-1"},"canonical":"https:\/\/psa-paris.com\/fr\/2-insect-repellents-for-skin-clothes\/","og_locale":"fr_FR","og_type":"article","og_title":"REPULSIFS INSECTES POUR LA PEAU ET LES VETEMENTS - PSA","og_description":"[vc_row][vc_column][vc_single_image image=\u00a0\u00bb1354&Prime; img_size=\u00a0\u00bbfull\u00a0\u00bb alignment=\u00a0\u00bbcenter\u00a0\u00bb][vc_column_text css=\u00a0\u00bb.vc_custom_1708075657782{margin-bottom: 0px !important;}\u00a0\u00bb] R\u00e9pulsifs Insectes Peau &amp; V\u00eatements [\/vc_column_text][vc_separator][vc_column_text] SKIN2P Body\u00ae et SCREEN2P Wear\u00ae, r\u00e9pulsifs insectes pour la peau et les v\u00eatements, constituent ensemble la solution tout-en-un de derni\u00e8re g\u00e9n\u00e9ration pour la protection individuelle contre les insectes vecteurs de maladies, et une alternative efficace aux traitements prophylactiques. La formulation aqueuse de&hellip;","og_url":"https:\/\/psa-paris.com\/fr\/2-insect-repellents-for-skin-clothes\/","og_site_name":"PSA","article_modified_time":"2024-04-12T19:27:21+00:00","twitter_card":"summary_large_image","twitter_misc":{"Dur\u00e9e de lecture estim\u00e9e":"2 minutes"},"schema":{"@context":"https:\/\/schema.org","@graph":[{"@type":"WebPage","@id":"https:\/\/psa-paris.com\/fr\/2-insect-repellents-for-skin-clothes\/","url":"https:\/\/psa-paris.com\/fr\/2-insect-repellents-for-skin-clothes\/","name":"REPULSIFS INSECTES POUR LA PEAU ET LES VETEMENTS - PSA","isPartOf":{"@id":"https:\/\/psa-paris.com\/fr\/#website"},"datePublished":"2023-11-13T15:09:14+00:00","dateModified":"2024-04-12T19:27:21+00:00","breadcrumb":{"@id":"https:\/\/psa-paris.com\/fr\/2-insect-repellents-for-skin-clothes\/#breadcrumb"},"inLanguage":"fr-FR","potentialAction":[{"@type":"ReadAction","target":["https:\/\/psa-paris.com\/fr\/2-insect-repellents-for-skin-clothes\/"]}]},{"@type":"BreadcrumbList","@id":"https:\/\/psa-paris.com\/fr\/2-insect-repellents-for-skin-clothes\/#breadcrumb","itemListElement":[{"@type":"ListItem","position":1,"name":"Accueil","item":"https:\/\/psa-paris.com\/fr\/"},{"@type":"ListItem","position":2,"name":"REPULSIFS INSECTES POUR LA PEAU ET LES VETEMENTS"}]},{"@type":"WebSite","@id":"https:\/\/psa-paris.com\/fr\/#website","url":"https:\/\/psa-paris.com\/fr\/","name":"PSA","description":"Produits Sanitaires A\u00e9ronefs - PSA","potentialAction":[{"@type":"SearchAction","target":{"@type":"EntryPoint","urlTemplate":"https:\/\/psa-paris.com\/fr\/?s={search_term_string}"},"query-input":{"@type":"PropertyValueSpecification","valueRequired":true,"valueName":"search_term_string"}}],"inLanguage":"fr-FR"}]}},"_links":{"self":[{"href":"https:\/\/psa-paris.com\/fr\/wp-json\/wp\/v2\/pages\/9833","targetHints":{"allow":["GET"]}}],"collection":[{"href":"https:\/\/psa-paris.com\/fr\/wp-json\/wp\/v2\/pages"}],"about":[{"href":"https:\/\/psa-paris.com\/fr\/wp-json\/wp\/v2\/types\/page"}],"author":[{"embeddable":true,"href":"https:\/\/psa-paris.com\/fr\/wp-json\/wp\/v2\/users\/1"}],"replies":[{"embeddable":true,"href":"https:\/\/psa-paris.com\/fr\/wp-json\/wp\/v2\/comments?post=9833"}],"version-history":[{"count":13,"href":"https:\/\/psa-paris.com\/fr\/wp-json\/wp\/v2\/pages\/9833\/revisions"}],"predecessor-version":[{"id":15047,"href":"https:\/\/psa-paris.com\/fr\/wp-json\/wp\/v2\/pages\/9833\/revisions\/15047"}],"wp:attachment":[{"href":"https:\/\/psa-paris.com\/fr\/wp-json\/wp\/v2\/media?parent=9833"}],"curies":[{"name":"wp","href":"https:\/\/api.w.org\/{rel}","templated":true}]}}