{"id":9834,"date":"2023-11-12T23:22:29","date_gmt":"2023-11-12T22:22:29","guid":{"rendered":"https:\/\/test-psadevincijunior-456.devincijunior.fr\/1-hands-surface-disinfection\/"},"modified":"2024-04-12T21:28:14","modified_gmt":"2024-04-12T19:28:14","slug":"1-hands-surface-disinfection","status":"publish","type":"page","link":"https:\/\/psa-paris.com\/fr\/1-hands-surface-disinfection\/","title":{"rendered":"SOLUTIONS NETTOYAGE ET DESINFECTION"},"content":{"rendered":"<div class=\"wpb-content-wrapper\"><p>[vc_row][vc_column][vc_single_image image=\u00a0\u00bb1356&Prime; img_size=\u00a0\u00bbfull\u00a0\u00bb alignment=\u00a0\u00bbcenter\u00a0\u00bb][vc_column_text css=\u00a0\u00bb.vc_custom_1708075817355{margin-bottom: 0px !important;}\u00a0\u00bb]<\/p>\n<h1 style=\"text-align: center;\">Solutions Nettoyage et D\u00e9sinfection<\/h1>\n<p>[\/vc_column_text][vc_separator][vc_column_text]<\/p>\n<p style=\"text-align: justify;\">Des transports \u00e0 l&rsquo;\u00e9ducation et aux soins de sant\u00e9, en passant par l&rsquo;arm\u00e9e, les forces de l&rsquo;ordre et les op\u00e9rations industrielles, des processus efficaces de d\u00e9sinfection et de nettoyage sont devenus un \u00e9l\u00e9ment crucial des activit\u00e9s quotidiennes. Pour faciliter ces processus, nous proposons une gamme de solutions d\u00e9sinfectantes, notamment des d\u00e9sinfectants \u00e0 large spectre, des produits de nettoyage et de protection personnelle, qui contribuent \u00e0 \u00e9liminer un large \u00e9ventail de micro-organismes, y compris les virus, les bact\u00e9ries et les champignons.<\/p>\n<p style=\"text-align: justify;\">Nos puissants nettoyants d\u00e9sinfectants peuvent \u00eatre utilis\u00e9s sur la plupart des plastiques, composites et tissus, tandis que nos produits d\u2019hygi\u00e8ne personnelle comprennent des lingettes d\u00e9sinfectantes et des gels antimicrobiens pour les mains pour une bonne hygi\u00e8ne personnelle sur le lieu de travail.<\/p>\n<p>[\/vc_column_text][\/vc_column][\/vc_row][vc_row][vc_column][vc_basic_grid post_type=\u00a0\u00bbdt_portfolio\u00a0\u00bb max_items=\u00a0\u00bb-1&Prime; element_width=\u00a0\u00bb3&Prime; gap=\u00a0\u00bb20&Prime; order=\u00a0\u00bbASC\u00a0\u00bb item=\u00a0\u00bb10546&Prime; grid_id=\u00a0\u00bbvc_gid:1712949638537-322fa67b-d98a-6&Prime; taxonomies=\u00a0\u00bb23&Prime;][\/vc_column][\/vc_row]<\/p>\n<\/div>","protected":false},"excerpt":{"rendered":"<p>[vc_row][vc_column][vc_single_image image=\u00a0\u00bb1356&Prime; img_size=\u00a0\u00bbfull\u00a0\u00bb alignment=\u00a0\u00bbcenter\u00a0\u00bb][vc_column_text css=\u00a0\u00bb.vc_custom_1708075817355{margin-bottom: 0px !important;}\u00a0\u00bb] Solutions Nettoyage et D\u00e9sinfection [\/vc_column_text][vc_separator][vc_column_text] Des transports \u00e0 l&rsquo;\u00e9ducation et aux soins de sant\u00e9, en passant par l&rsquo;arm\u00e9e, les forces de l&rsquo;ordre et les op\u00e9rations industrielles, des processus efficaces de d\u00e9sinfection et de nettoyage sont devenus un \u00e9l\u00e9ment crucial des activit\u00e9s quotidiennes. Pour faciliter ces processus, nous proposons&hellip;<\/p>\n","protected":false},"author":1,"featured_media":0,"parent":0,"menu_order":0,"comment_status":"closed","ping_status":"closed","template":"","meta":{"_acf_changed":false,"footnotes":""},"class_list":["post-9834","page","type-page","status-publish","hentry","description-off"],"acf":[],"yoast_head":"<!-- This site is optimized with the Yoast SEO plugin v26.4 - https:\/\/yoast.com\/wordpress\/plugins\/seo\/ -->\n<title>SOLUTIONS NETTOYAGE ET DESINFECTION - PSA<\/title>\n<meta name=\"robots\" content=\"index, follow, max-snippet:-1, max-image-preview:large, max-video-preview:-1\" \/>\n<link rel=\"canonical\" href=\"https:\/\/psa-paris.com\/fr\/1-hands-surface-disinfection\/\" \/>\n<meta property=\"og:locale\" content=\"fr_FR\" \/>\n<meta property=\"og:type\" content=\"article\" \/>\n<meta property=\"og:title\" content=\"SOLUTIONS NETTOYAGE ET DESINFECTION - PSA\" \/>\n<meta property=\"og:description\" content=\"[vc_row][vc_column][vc_single_image image=\u00a0\u00bb1356&Prime; img_size=\u00a0\u00bbfull\u00a0\u00bb alignment=\u00a0\u00bbcenter\u00a0\u00bb][vc_column_text css=\u00a0\u00bb.vc_custom_1708075817355{margin-bottom: 0px !important;}\u00a0\u00bb] Solutions Nettoyage et D\u00e9sinfection [\/vc_column_text][vc_separator][vc_column_text] Des transports \u00e0 l&rsquo;\u00e9ducation et aux soins de sant\u00e9, en passant par l&rsquo;arm\u00e9e, les forces de l&rsquo;ordre et les op\u00e9rations industrielles, des processus efficaces de d\u00e9sinfection et de nettoyage sont devenus un \u00e9l\u00e9ment crucial des activit\u00e9s quotidiennes. Pour faciliter ces processus, nous proposons&hellip;\" \/>\n<meta property=\"og:url\" content=\"https:\/\/psa-paris.com\/fr\/1-hands-surface-disinfection\/\" \/>\n<meta property=\"og:site_name\" content=\"PSA\" \/>\n<meta property=\"article:modified_time\" content=\"2024-04-12T19:28:14+00:00\" \/>\n<meta name=\"twitter:card\" content=\"summary_large_image\" \/>\n<meta name=\"twitter:label1\" content=\"Dur\u00e9e de lecture estim\u00e9e\" \/>\n\t<meta name=\"twitter:data1\" content=\"1 minute\" \/>\n<script type=\"application\/ld+json\" class=\"yoast-schema-graph\">{\"@context\":\"https:\/\/schema.org\",\"@graph\":[{\"@type\":\"WebPage\",\"@id\":\"https:\/\/psa-paris.com\/fr\/1-hands-surface-disinfection\/\",\"url\":\"https:\/\/psa-paris.com\/fr\/1-hands-surface-disinfection\/\",\"name\":\"SOLUTIONS NETTOYAGE ET DESINFECTION - PSA\",\"isPartOf\":{\"@id\":\"https:\/\/psa-paris.com\/fr\/#website\"},\"datePublished\":\"2023-11-12T22:22:29+00:00\",\"dateModified\":\"2024-04-12T19:28:14+00:00\",\"breadcrumb\":{\"@id\":\"https:\/\/psa-paris.com\/fr\/1-hands-surface-disinfection\/#breadcrumb\"},\"inLanguage\":\"fr-FR\",\"potentialAction\":[{\"@type\":\"ReadAction\",\"target\":[\"https:\/\/psa-paris.com\/fr\/1-hands-surface-disinfection\/\"]}]},{\"@type\":\"BreadcrumbList\",\"@id\":\"https:\/\/psa-paris.com\/fr\/1-hands-surface-disinfection\/#breadcrumb\",\"itemListElement\":[{\"@type\":\"ListItem\",\"position\":1,\"name\":\"Accueil\",\"item\":\"https:\/\/psa-paris.com\/fr\/\"},{\"@type\":\"ListItem\",\"position\":2,\"name\":\"SOLUTIONS NETTOYAGE ET DESINFECTION\"}]},{\"@type\":\"WebSite\",\"@id\":\"https:\/\/psa-paris.com\/fr\/#website\",\"url\":\"https:\/\/psa-paris.com\/fr\/\",\"name\":\"PSA\",\"description\":\"Produits Sanitaires A\u00e9ronefs - PSA\",\"potentialAction\":[{\"@type\":\"SearchAction\",\"target\":{\"@type\":\"EntryPoint\",\"urlTemplate\":\"https:\/\/psa-paris.com\/fr\/?s={search_term_string}\"},\"query-input\":{\"@type\":\"PropertyValueSpecification\",\"valueRequired\":true,\"valueName\":\"search_term_string\"}}],\"inLanguage\":\"fr-FR\"}]}<\/script>\n<!-- \/ Yoast SEO plugin. -->","yoast_head_json":{"title":"SOLUTIONS NETTOYAGE ET DESINFECTION - PSA","robots":{"index":"index","follow":"follow","max-snippet":"max-snippet:-1","max-image-preview":"max-image-preview:large","max-video-preview":"max-video-preview:-1"},"canonical":"https:\/\/psa-paris.com\/fr\/1-hands-surface-disinfection\/","og_locale":"fr_FR","og_type":"article","og_title":"SOLUTIONS NETTOYAGE ET DESINFECTION - PSA","og_description":"[vc_row][vc_column][vc_single_image image=\u00a0\u00bb1356&Prime; img_size=\u00a0\u00bbfull\u00a0\u00bb alignment=\u00a0\u00bbcenter\u00a0\u00bb][vc_column_text css=\u00a0\u00bb.vc_custom_1708075817355{margin-bottom: 0px !important;}\u00a0\u00bb] Solutions Nettoyage et D\u00e9sinfection [\/vc_column_text][vc_separator][vc_column_text] Des transports \u00e0 l&rsquo;\u00e9ducation et aux soins de sant\u00e9, en passant par l&rsquo;arm\u00e9e, les forces de l&rsquo;ordre et les op\u00e9rations industrielles, des processus efficaces de d\u00e9sinfection et de nettoyage sont devenus un \u00e9l\u00e9ment crucial des activit\u00e9s quotidiennes. Pour faciliter ces processus, nous proposons&hellip;","og_url":"https:\/\/psa-paris.com\/fr\/1-hands-surface-disinfection\/","og_site_name":"PSA","article_modified_time":"2024-04-12T19:28:14+00:00","twitter_card":"summary_large_image","twitter_misc":{"Dur\u00e9e de lecture estim\u00e9e":"1 minute"},"schema":{"@context":"https:\/\/schema.org","@graph":[{"@type":"WebPage","@id":"https:\/\/psa-paris.com\/fr\/1-hands-surface-disinfection\/","url":"https:\/\/psa-paris.com\/fr\/1-hands-surface-disinfection\/","name":"SOLUTIONS NETTOYAGE ET DESINFECTION - PSA","isPartOf":{"@id":"https:\/\/psa-paris.com\/fr\/#website"},"datePublished":"2023-11-12T22:22:29+00:00","dateModified":"2024-04-12T19:28:14+00:00","breadcrumb":{"@id":"https:\/\/psa-paris.com\/fr\/1-hands-surface-disinfection\/#breadcrumb"},"inLanguage":"fr-FR","potentialAction":[{"@type":"ReadAction","target":["https:\/\/psa-paris.com\/fr\/1-hands-surface-disinfection\/"]}]},{"@type":"BreadcrumbList","@id":"https:\/\/psa-paris.com\/fr\/1-hands-surface-disinfection\/#breadcrumb","itemListElement":[{"@type":"ListItem","position":1,"name":"Accueil","item":"https:\/\/psa-paris.com\/fr\/"},{"@type":"ListItem","position":2,"name":"SOLUTIONS NETTOYAGE ET DESINFECTION"}]},{"@type":"WebSite","@id":"https:\/\/psa-paris.com\/fr\/#website","url":"https:\/\/psa-paris.com\/fr\/","name":"PSA","description":"Produits Sanitaires A\u00e9ronefs - PSA","potentialAction":[{"@type":"SearchAction","target":{"@type":"EntryPoint","urlTemplate":"https:\/\/psa-paris.com\/fr\/?s={search_term_string}"},"query-input":{"@type":"PropertyValueSpecification","valueRequired":true,"valueName":"search_term_string"}}],"inLanguage":"fr-FR"}]}},"_links":{"self":[{"href":"https:\/\/psa-paris.com\/fr\/wp-json\/wp\/v2\/pages\/9834","targetHints":{"allow":["GET"]}}],"collection":[{"href":"https:\/\/psa-paris.com\/fr\/wp-json\/wp\/v2\/pages"}],"about":[{"href":"https:\/\/psa-paris.com\/fr\/wp-json\/wp\/v2\/types\/page"}],"author":[{"embeddable":true,"href":"https:\/\/psa-paris.com\/fr\/wp-json\/wp\/v2\/users\/1"}],"replies":[{"embeddable":true,"href":"https:\/\/psa-paris.com\/fr\/wp-json\/wp\/v2\/comments?post=9834"}],"version-history":[{"count":11,"href":"https:\/\/psa-paris.com\/fr\/wp-json\/wp\/v2\/pages\/9834\/revisions"}],"predecessor-version":[{"id":15052,"href":"https:\/\/psa-paris.com\/fr\/wp-json\/wp\/v2\/pages\/9834\/revisions\/15052"}],"wp:attachment":[{"href":"https:\/\/psa-paris.com\/fr\/wp-json\/wp\/v2\/media?parent=9834"}],"curies":[{"name":"wp","href":"https:\/\/api.w.org\/{rel}","templated":true}]}}