{"id":9835,"date":"2023-11-11T16:23:34","date_gmt":"2023-11-11T15:23:34","guid":{"rendered":"https:\/\/test-psadevincijunior-456.devincijunior.fr\/use_of_cookies\/"},"modified":"2024-01-30T11:14:31","modified_gmt":"2024-01-30T10:14:31","slug":"use_of_cookies","status":"publish","type":"page","link":"https:\/\/psa-paris.com\/fr\/use_of_cookies\/","title":{"rendered":"UTILISATION DE COOKIES"},"content":{"rendered":"<div class=\"wpb-content-wrapper\"><p>[vc_row][vc_column][vc_column_text]PSA Paris (\u00ab\u00a0nous\u00a0\u00bb, \u00ab\u00a0notre\u00a0\u00bb ou \u00ab\u00a0nos\u00a0\u00bb) utilise des cookies pour vous fournir un service web am\u00e9lior\u00e9 et plus personnalis\u00e9. A travers cette politique d&rsquo;utilisation des cookies de PSA Paris, nous vous pr\u00e9sentons comment et pourquoi nous utilisons des cookies sur ce site, en toute transparence.<\/p>\n<p>&nbsp;<\/p>\n<h2 class=\"title-primary\" style=\"text-align: justify;\">Qu&rsquo;est-ce qu&rsquo;un cookie et \u00e0 quoi sert-il ?<\/h2>\n<p style=\"text-align: justify;\">Un cookie est un petit fichier texte qui est enregistr\u00e9 et\/ou lu par votre navigateur sur le disque dur de votre appareil (PC, ordinateur portable ou smartphone, par exemple) et d\u00e9pos\u00e9 par les sites internet que vous visitez. Presque tous les sites utilisent des cookies pour bien fonctionner et optimiser leur convivialit\u00e9 et leur fonctionnalit\u00e9. Les cookies rendent \u00e9galement les interactions avec les sites plus s\u00fbres et plus rapides, dans la mesure o\u00f9 ils peuvent m\u00e9moriser vos pr\u00e9f\u00e9rences (telles que votre nom d&rsquo;utilisateur et votre langue) en renvoyant les informations qu&rsquo;ils contiennent au site d&rsquo;origine (cookie interne) ou \u00e0 un autre site auquel ils appartiennent (cookie tiers), lorsque vous visitez \u00e0 nouveau le site \u00e0 partir du m\u00eame terminal. Selon leur fonction et la finalit\u00e9 de leur utilisation, les cookies sont class\u00e9s dans les cat\u00e9gories d\u00e9crites ci-dessous et utilis\u00e9es par PSA Paris sur ce site :<\/p>\n<p style=\"text-align: justify;\"><span class=\"italic bold\">  Les cookies absolument n\u00e9cessaires vous permettent de vous d\u00e9placer sur le site et d&rsquo;utiliser ses fonctions de base. Ils ne sont g\u00e9n\u00e9ralement install\u00e9s qu&rsquo;en r\u00e9ponse \u00e0 des actions de votre part pour acc\u00e9der \u00e0 des services, comme la connexion \u00e0 une zone s\u00e9curis\u00e9e de notre site. Ces cookies sont essentiels \u00e0 l&rsquo;utilisation de ce site.<\/span><\/p>\n<p style=\"text-align: justify;\"><span class=\"italic bold\">  Les cookies de fonctionnalit\u00e9 sont utilis\u00e9s pour vous reconna\u00eetre lorsque vous revenez sur notre site et nous permettent de vous offrir des fonctionnalit\u00e9s am\u00e9lior\u00e9es et plus personnalis\u00e9es, telles que la personnalisation et l&rsquo;enregistrement de vos pr\u00e9f\u00e9rences (le choix de votre langue ou de la r\u00e9gion o\u00f9 vous vous trouvez par exemple). Ces cookies collectent des informations anonymes et ne peuvent pas tracer vos mouvements vers d&rsquo;autres sites.<\/span><\/p>\n<p style=\"text-align: justify;\"><span class=\"italic bold\">  Les cookies d&rsquo;analyse et de performance nous permettent de reconna\u00eetre et de compter le nombre de visiteurs sur notre site et de collecter des informations sur la mani\u00e8re dont notre site est utilis\u00e9 (par exemple, quelles sont les pages les plus consult\u00e9es par les visiteurs, les utilisateurs ont-ils des messages d&rsquo;erreur sur certaines de nos pages, etc.) Cela nous permet d&rsquo;am\u00e9liorer le fonctionnement de notre site web, par exemple en veillant \u00e0 ce que les utilisateurs trouvent facilement ce qu&rsquo;ils recherchent.<\/span><\/p>\n<p style=\"text-align: justify;\"><span class=\"italic bold\">  Les cookies publicitaires ou de ciblage enregistrent votre visite sur notre site, ainsi que les pages que vous avez consult\u00e9es et les liens que vous avez suivis. Nous utiliserons ces informations pour afficher des publicit\u00e9s pertinentes bas\u00e9es sur vos centres d&rsquo;int\u00e9r\u00eat. Ils sont \u00e9galement utilis\u00e9s pour limiter le nombre d&rsquo;affichages d&rsquo;une m\u00eame publicit\u00e9 et pour aider \u00e0 mesurer l&rsquo;efficacit\u00e9 des campagnes publicitaires. Ainsi, nous pouvons \u00e9galement partager ces informations avec des tiers (annonceurs par exemple).<\/span><\/p>\n<p>&nbsp;<\/p>\n<h2 class=\"title-primary\" style=\"text-align: justify;\">Utilisation de cookies de tiers<\/h2>\n<p style=\"text-align: justify;\">Veuillez noter que PSA Paris utilise les services de tiers pour conna\u00eetre votre utilisation de ce site, afin d&rsquo;optimiser votre exp\u00e9rience d&rsquo;utilisateur et d&rsquo;afficher des publicit\u00e9s en dehors de ce site. Ces tiers (tels que les r\u00e9seaux d&rsquo;annonceurs et les prestataires de services externes, comme les services d&rsquo;analyse du trafic web) peuvent \u00e9galement utiliser des cookies que nous ne contr\u00f4lons pas.<\/p>\n<p>&nbsp;<\/p>\n<h2 class=\"title-primary\" style=\"text-align: justify;\">Que faire si vous ne souhaitez pas activer les cookies ?<\/h2>\n<p style=\"text-align: justify;\">Vous pouvez r\u00e9voquer votre consentement \u00e0 l&rsquo;utilisation de cookies \u00e0 tout moment, de la mani\u00e8re suivante :<\/p>\n<p class=\"subtitle-primary\" style=\"text-align: justify;\"><strong>  En param\u00e9trant votre navigateur internet  <\/strong><\/p>\n<p style=\"text-align: justify;\">Si vous souhaitez supprimer les cookies stock\u00e9s sur votre appareil et configurer votre navigateur pour qu&rsquo;il refuse les cookies, vous pouvez le faire dans les pr\u00e9f\u00e9rences de votre navigateur Internet. Ces options de navigation pour les cookies se trouvent g\u00e9n\u00e9ralement dans les menus \u00ab\u00a0Options\u00a0\u00bb, \u00ab\u00a0Outils\u00a0\u00bb ou \u00ab\u00a0Pr\u00e9f\u00e9rences\u00a0\u00bb du navigateur que vous utilisez pour acc\u00e9der \u00e0 ce site. Cependant, selon les diff\u00e9rents navigateurs existants, diff\u00e9rents moyens peuvent \u00eatre utilis\u00e9s pour d\u00e9sactiver les cookies. Pour en savoir plus, vous pouvez suivre les liens mentionn\u00e9s ci-dessous :<\/p>\n<ul style=\"text-align: justify;\">\n<li><a href=\"https:\/\/support.microsoft.com\/en-us\/help\/17442\/windows-internet-explorer-delete-manage-cookies\" target=\"_blank\" rel=\"noopener\">Microsoft Internet Explorer<\/a><\/li>\n<li><a href=\"https:\/\/support.google.com\/accounts\/answer\/61416?hl=en&amp;comuto_cmkt=FR_CR_ALL_NEWT\" target=\"_blank\" rel=\"noopener\">Google Chrome<\/a><\/li>\n<li><a href=\"https:\/\/support.apple.com\/kb\/PH19214?locale=en_GB\" target=\"_blank\" rel=\"noopener\">Safari<\/a><\/li>\n<li><a href=\"https:\/\/support.mozilla.org\/en-US\/kb\/enable-and-disable-cookies-website-preferences\" target=\"_blank\" rel=\"noopener\">Firefox<\/a><\/li>\n<li><a href=\"https:\/\/www.opera.com\/help\/tutorials\/security\/privacy\/\" target=\"_blank\" rel=\"noopener\">Op\u00e9ra<\/a><\/li>\n<\/ul>\n<p class=\"title-primary\" style=\"text-align: justify;\"><strong>  Veuillez noter que si vous refusez d&rsquo;enregistrer des cookies sur votre appareil \u00e0 partir de votre navigateur internet, vous pourrez toujours naviguer sur ce site, mais certaines parties et options pourraient ne pas fonctionner correctement.  <\/strong><\/p>\n<h3 class=\"subtitle-primary\" style=\"text-align: justify;\">En utilisant des plateformes en ligne pour contr\u00f4ler les cookies publicitaires :<\/h3>\n<p style=\"text-align: justify;\">Pour les cookies publicitaires tiers, vous pouvez \u00e9galement vous connecter au site <a href=\"https:\/\/www.youronlinechoices.com\/fr\/controler-ses-cookies\/?comuto_cmkt=FR_CR_ALL_NEWT\" target=\"_ blank site \" rel=\"noopener\"> Youronlinechoices<\/a>, propos\u00e9 par les professionnels de la publicit\u00e9 num\u00e9rique regroup\u00e9s au sein de l&rsquo;association europ\u00e9enne EDAA (European Digital Advertising Alliance).<\/p>\n<p style=\"text-align: justify;\">Vous pourrez refuser ou accepter les cookies utilis\u00e9s par les professionnels de la publicit\u00e9.<\/p>\n<p>&nbsp;<\/p>\n<h2 class=\"title-primary\" style=\"text-align: justify;\">Des questions sur la charte des cookies de PSA Paris ?<\/h2>\n<p style=\"text-align: justify;\">Si vous avez des questions sur la Charte des cookies de PSA Paris, n&rsquo;h\u00e9sitez pas \u00e0 nous contacter en utilisant le <a href=\"https:\/\/psa-paris.com\/fr\/contact_us_cookies\/\"> formulaire<\/a> en ligne.<\/p>\n<p>[\/vc_column_text][\/vc_column][\/vc_row]<\/p>\n<\/div>","protected":false},"excerpt":{"rendered":"<p>[vc_row][vc_column][vc_column_text]PSA Paris (\u00ab\u00a0nous\u00a0\u00bb, \u00ab\u00a0notre\u00a0\u00bb ou \u00ab\u00a0nos\u00a0\u00bb) utilise des cookies pour vous fournir un service web am\u00e9lior\u00e9 et plus personnalis\u00e9. A travers cette politique d&rsquo;utilisation des cookies de PSA Paris, nous vous pr\u00e9sentons comment et pourquoi nous utilisons des cookies sur ce site, en toute transparence. &nbsp; Qu&rsquo;est-ce qu&rsquo;un cookie et \u00e0 quoi sert-il ? Un&hellip;<\/p>\n","protected":false},"author":1,"featured_media":0,"parent":0,"menu_order":0,"comment_status":"closed","ping_status":"closed","template":"","meta":{"_acf_changed":false,"footnotes":""},"class_list":["post-9835","page","type-page","status-publish","hentry","description-off"],"acf":[],"yoast_head":"<!-- This site is optimized with the Yoast SEO plugin v26.4 - https:\/\/yoast.com\/wordpress\/plugins\/seo\/ -->\n<title>UTILISATION DE COOKIES - PSA<\/title>\n<meta name=\"robots\" content=\"index, follow, max-snippet:-1, max-image-preview:large, max-video-preview:-1\" \/>\n<link rel=\"canonical\" href=\"https:\/\/psa-paris.com\/fr\/use_of_cookies\/\" \/>\n<meta property=\"og:locale\" content=\"fr_FR\" \/>\n<meta property=\"og:type\" content=\"article\" \/>\n<meta property=\"og:title\" content=\"UTILISATION DE COOKIES - PSA\" \/>\n<meta property=\"og:description\" content=\"[vc_row][vc_column][vc_column_text]PSA Paris (\u00ab\u00a0nous\u00a0\u00bb, \u00ab\u00a0notre\u00a0\u00bb ou \u00ab\u00a0nos\u00a0\u00bb) utilise des cookies pour vous fournir un service web am\u00e9lior\u00e9 et plus personnalis\u00e9. A travers cette politique d&rsquo;utilisation des cookies de PSA Paris, nous vous pr\u00e9sentons comment et pourquoi nous utilisons des cookies sur ce site, en toute transparence. &nbsp; Qu&rsquo;est-ce qu&rsquo;un cookie et \u00e0 quoi sert-il ? Un&hellip;\" \/>\n<meta property=\"og:url\" content=\"https:\/\/psa-paris.com\/fr\/use_of_cookies\/\" \/>\n<meta property=\"og:site_name\" content=\"PSA\" \/>\n<meta property=\"article:modified_time\" content=\"2024-01-30T10:14:31+00:00\" \/>\n<meta name=\"twitter:card\" content=\"summary_large_image\" \/>\n<meta name=\"twitter:label1\" content=\"Dur\u00e9e de lecture estim\u00e9e\" \/>\n\t<meta name=\"twitter:data1\" content=\"4 minutes\" \/>\n<script type=\"application\/ld+json\" class=\"yoast-schema-graph\">{\"@context\":\"https:\/\/schema.org\",\"@graph\":[{\"@type\":\"WebPage\",\"@id\":\"https:\/\/psa-paris.com\/fr\/use_of_cookies\/\",\"url\":\"https:\/\/psa-paris.com\/fr\/use_of_cookies\/\",\"name\":\"UTILISATION DE COOKIES - PSA\",\"isPartOf\":{\"@id\":\"https:\/\/psa-paris.com\/fr\/#website\"},\"datePublished\":\"2023-11-11T15:23:34+00:00\",\"dateModified\":\"2024-01-30T10:14:31+00:00\",\"breadcrumb\":{\"@id\":\"https:\/\/psa-paris.com\/fr\/use_of_cookies\/#breadcrumb\"},\"inLanguage\":\"fr-FR\",\"potentialAction\":[{\"@type\":\"ReadAction\",\"target\":[\"https:\/\/psa-paris.com\/fr\/use_of_cookies\/\"]}]},{\"@type\":\"BreadcrumbList\",\"@id\":\"https:\/\/psa-paris.com\/fr\/use_of_cookies\/#breadcrumb\",\"itemListElement\":[{\"@type\":\"ListItem\",\"position\":1,\"name\":\"Accueil\",\"item\":\"https:\/\/psa-paris.com\/fr\/\"},{\"@type\":\"ListItem\",\"position\":2,\"name\":\"UTILISATION DE COOKIES\"}]},{\"@type\":\"WebSite\",\"@id\":\"https:\/\/psa-paris.com\/fr\/#website\",\"url\":\"https:\/\/psa-paris.com\/fr\/\",\"name\":\"PSA\",\"description\":\"Produits Sanitaires A\u00e9ronefs - PSA\",\"potentialAction\":[{\"@type\":\"SearchAction\",\"target\":{\"@type\":\"EntryPoint\",\"urlTemplate\":\"https:\/\/psa-paris.com\/fr\/?s={search_term_string}\"},\"query-input\":{\"@type\":\"PropertyValueSpecification\",\"valueRequired\":true,\"valueName\":\"search_term_string\"}}],\"inLanguage\":\"fr-FR\"}]}<\/script>\n<!-- \/ Yoast SEO plugin. -->","yoast_head_json":{"title":"UTILISATION DE COOKIES - PSA","robots":{"index":"index","follow":"follow","max-snippet":"max-snippet:-1","max-image-preview":"max-image-preview:large","max-video-preview":"max-video-preview:-1"},"canonical":"https:\/\/psa-paris.com\/fr\/use_of_cookies\/","og_locale":"fr_FR","og_type":"article","og_title":"UTILISATION DE COOKIES - PSA","og_description":"[vc_row][vc_column][vc_column_text]PSA Paris (\u00ab\u00a0nous\u00a0\u00bb, \u00ab\u00a0notre\u00a0\u00bb ou \u00ab\u00a0nos\u00a0\u00bb) utilise des cookies pour vous fournir un service web am\u00e9lior\u00e9 et plus personnalis\u00e9. A travers cette politique d&rsquo;utilisation des cookies de PSA Paris, nous vous pr\u00e9sentons comment et pourquoi nous utilisons des cookies sur ce site, en toute transparence. &nbsp; Qu&rsquo;est-ce qu&rsquo;un cookie et \u00e0 quoi sert-il ? Un&hellip;","og_url":"https:\/\/psa-paris.com\/fr\/use_of_cookies\/","og_site_name":"PSA","article_modified_time":"2024-01-30T10:14:31+00:00","twitter_card":"summary_large_image","twitter_misc":{"Dur\u00e9e de lecture estim\u00e9e":"4 minutes"},"schema":{"@context":"https:\/\/schema.org","@graph":[{"@type":"WebPage","@id":"https:\/\/psa-paris.com\/fr\/use_of_cookies\/","url":"https:\/\/psa-paris.com\/fr\/use_of_cookies\/","name":"UTILISATION DE COOKIES - PSA","isPartOf":{"@id":"https:\/\/psa-paris.com\/fr\/#website"},"datePublished":"2023-11-11T15:23:34+00:00","dateModified":"2024-01-30T10:14:31+00:00","breadcrumb":{"@id":"https:\/\/psa-paris.com\/fr\/use_of_cookies\/#breadcrumb"},"inLanguage":"fr-FR","potentialAction":[{"@type":"ReadAction","target":["https:\/\/psa-paris.com\/fr\/use_of_cookies\/"]}]},{"@type":"BreadcrumbList","@id":"https:\/\/psa-paris.com\/fr\/use_of_cookies\/#breadcrumb","itemListElement":[{"@type":"ListItem","position":1,"name":"Accueil","item":"https:\/\/psa-paris.com\/fr\/"},{"@type":"ListItem","position":2,"name":"UTILISATION DE COOKIES"}]},{"@type":"WebSite","@id":"https:\/\/psa-paris.com\/fr\/#website","url":"https:\/\/psa-paris.com\/fr\/","name":"PSA","description":"Produits Sanitaires A\u00e9ronefs - PSA","potentialAction":[{"@type":"SearchAction","target":{"@type":"EntryPoint","urlTemplate":"https:\/\/psa-paris.com\/fr\/?s={search_term_string}"},"query-input":{"@type":"PropertyValueSpecification","valueRequired":true,"valueName":"search_term_string"}}],"inLanguage":"fr-FR"}]}},"_links":{"self":[{"href":"https:\/\/psa-paris.com\/fr\/wp-json\/wp\/v2\/pages\/9835","targetHints":{"allow":["GET"]}}],"collection":[{"href":"https:\/\/psa-paris.com\/fr\/wp-json\/wp\/v2\/pages"}],"about":[{"href":"https:\/\/psa-paris.com\/fr\/wp-json\/wp\/v2\/types\/page"}],"author":[{"embeddable":true,"href":"https:\/\/psa-paris.com\/fr\/wp-json\/wp\/v2\/users\/1"}],"replies":[{"embeddable":true,"href":"https:\/\/psa-paris.com\/fr\/wp-json\/wp\/v2\/comments?post=9835"}],"version-history":[{"count":6,"href":"https:\/\/psa-paris.com\/fr\/wp-json\/wp\/v2\/pages\/9835\/revisions"}],"predecessor-version":[{"id":9920,"href":"https:\/\/psa-paris.com\/fr\/wp-json\/wp\/v2\/pages\/9835\/revisions\/9920"}],"wp:attachment":[{"href":"https:\/\/psa-paris.com\/fr\/wp-json\/wp\/v2\/media?parent=9835"}],"curies":[{"name":"wp","href":"https:\/\/api.w.org\/{rel}","templated":true}]}}