{"id":9836,"date":"2023-11-11T16:21:45","date_gmt":"2023-11-11T15:21:45","guid":{"rendered":"https:\/\/test-psadevincijunior-456.devincijunior.fr\/data_retention_policy\/"},"modified":"2024-01-30T11:13:37","modified_gmt":"2024-01-30T10:13:37","slug":"data_retention_policy","status":"publish","type":"page","link":"https:\/\/psa-paris.com\/fr\/data_retention_policy\/","title":{"rendered":"POLITIQUE DE CONSERVATION DES DONN\u00c9ES"},"content":{"rendered":"<div class=\"wpb-content-wrapper\"><p>[vc_row][vc_column][vc_column_text]<\/p>\n<h2 class=\"title-primary\" style=\"text-align: justify;\"><strong>1. Vue d&rsquo;ensemble<\/strong><\/h2>\n<p style=\"text-align: justify;\">PSA Paris (1, rue Lamirault 77090 COLLEGIEN FRANCE), en sa qualit\u00e9 de responsable du traitement, attache une grande importance \u00e0 la protection et au respect de votre vie priv\u00e9e. La pr\u00e9sente politique vise \u00e0 vous informer de nos pratiques concernant la collecte, l&rsquo;utilisation et le partage des informations que vous \u00eates tenu de nous fournir par l&rsquo;interm\u00e9diaire de notre site web (le \u00ab\u00a0Site\u00a0\u00bb). PSA Paris sera d\u00e9nomm\u00e9e par la suite \u00a0\u00bb PSA Paris \u00ab\u00a0, \u00a0\u00bb nous \u00a0\u00bb ou \u00a0\u00bb notre \u00ab\u00a0.<\/p>\n<p style=\"text-align: justify;\">La pr\u00e9sente politique (ainsi que nos conditions d&rsquo;utilisation et tous les documents qui y sont r\u00e9f\u00e9renc\u00e9s, de m\u00eame que notre politique en mati\u00e8re de cookies) d\u00e9crit la mani\u00e8re dont nous traitons les informations personnelles que nous recueillons et que nous vous fournissons. Nous vous invitons \u00e0 lire attentivement ce document pour conna\u00eetre et comprendre nos pratiques concernant le traitement de vos donn\u00e9es personnelles que nous mettons en \u0153uvre.<\/p>\n<p>&nbsp;<\/p>\n<h2 class=\"title-primary\" style=\"text-align: justify;\"><strong>2. Les informations que nous collectons<\/strong><\/h2>\n<p style=\"text-align: justify;\">Nous pouvons collecter et traiter les donn\u00e9es suivantes :<\/p>\n<h3 class=\"subtitle-primary\" style=\"text-align: justify;\"><strong>2.1. Les informations que vous nous transmettez directement<\/strong><\/h3>\n<p style=\"text-align: justify;\">En utilisant notre site, vous \u00eates amen\u00e9 \u00e0 nous transmettre des informations dont certaines sont susceptibles de vous identifier (\u00ab\u00a0donn\u00e9es personnelles\u00a0\u00bb). C&rsquo;est notamment le cas lorsque vous remplissez des formulaires, lorsque vous nous contactez &#8211; que ce soit par t\u00e9l\u00e9phone, par courrier \u00e9lectronique ou par tout autre moyen de communication &#8211; ou lorsque vous nous faites part d&rsquo;un probl\u00e8me.<\/p>\n<p style=\"text-align: justify;\">Ces informations contiennent les donn\u00e9es suivantes :<\/p>\n<p style=\"text-align: justify;\"><b>2.1.1.<\/b>  Les donn\u00e9es n\u00e9cessaires \u00e0 l&rsquo;utilisation des services que nous fournissons sur notre site ou \u00e0 l&rsquo;acc\u00e8s \u00e0 tout autre service fourni par nous. Ces donn\u00e9es comprennent vos nom et pr\u00e9nom, votre adresse \u00e9lectronique et votre num\u00e9ro de t\u00e9l\u00e9phone ;<\/p>\n<p style=\"text-align: justify;\"><b>2.1.2.<\/b>  Une adresse postale ;<\/p>\n<p style=\"text-align: justify;\"><b>2.1.3.<\/b>  Une copie de tous les \u00e9changes entre vous et PSA Paris ;<\/p>\n<p style=\"text-align: justify;\"><b>2.1.4.<\/b>  Les donn\u00e9es que nous pouvons vous demander de fournir lorsque vous signalez un probl\u00e8me avec nos services, comme l&rsquo;objet de votre demande d&rsquo;assistance ;<\/p>\n<h3 class=\"subtitle-primary\" style=\"text-align: justify;\">2.2. Les donn\u00e9es que nous collectons automatiquement<\/h3>\n<p style=\"text-align: justify;\"><b>2.2.1.<\/b>  Dans le cas o\u00f9 vous vous connectez \u00e0 nos services en utilisant les fonctionnalit\u00e9s de r\u00e9seaux sociaux mises \u00e0 votre disposition, PSA Paris peut collecter certaines de vos donn\u00e9es personnelles lorsque vous interagissez avec les fonctionnalit\u00e9s de ces r\u00e9seaux sociaux, telles que les fonctionnalit\u00e9s \u00ab\u00a0J\u00a0\u00bb. amour \u00ab\u00a0.<\/p>\n<p style=\"text-align: justify;\"><b>2.2.2.<\/b>  Lors de chacune de vos visites, nous pouvons collecter, conform\u00e9ment \u00e0 la l\u00e9gislation applicable et avec votre accord, si n\u00e9cessaire, des informations sur les appareils sur lesquels vous utilisez nos services ou les r\u00e9seaux \u00e0 partir desquels vous acc\u00e9dez \u00e0 nos services, telles que : telles que vos adresses IP, vos donn\u00e9es de connexion, les types et versions de navigateurs Internet utilis\u00e9s, les types et versions de vos plugins de navigateur, les syst\u00e8mes d&rsquo;exploitation et plateformes, les donn\u00e9es relatives \u00e0 votre parcours de navigation sur notre Site, y compris votre parcours sur les diff\u00e9rentes URL de notre Site, le contenu auquel vous acc\u00e9dez ou que vous visualisez, les termes de recherche utilis\u00e9s, les erreurs de t\u00e9l\u00e9chargement, la dur\u00e9e de visualisation de certaines pages, l&rsquo;identifiant publicitaire de votre appareil, les interactions avec la page, ainsi que tout num\u00e9ro de t\u00e9l\u00e9phone utilis\u00e9 pour nous contacter. Parmi les technologies utilis\u00e9es pour collecter ces informations, nous utilisons des cookies (pour en savoir plus, veuillez consulter notre <a href=\"https:\/\/psa-paris.com\/fr\/use_of_cookies\/\">politique en mati\u00e8re de cookies<\/a>).<\/p>\n<h3 class=\"subtitle-primary\" style=\"text-align: justify;\">2.3. Dur\u00e9e de conservation des donn\u00e9es<\/h3>\n<p style=\"text-align: justify;\"><b>2.3.1.<\/b>  Vos donn\u00e9es sont archiv\u00e9es pendant une p\u00e9riode de 2 ans apr\u00e8s votre derni\u00e8re utilisation de notre site.<\/p>\n<p>&nbsp;<\/p>\n<h2 class=\"title-primary\" style=\"text-align: justify;\"><strong>3. Comment utilisons-nous les donn\u00e9es que nous collectons ? Nous utilisons les donn\u00e9es que nous recueillons pour :<\/strong><\/h2>\n<p style=\"text-align: justify;\"><b>3.1.<\/b>  ex\u00e9cuter les contrats conclus entre vous et nous, et vous fournir les informations et les services demand\u00e9s ;<\/p>\n<p style=\"text-align: justify;\"><b>3.2.<\/b>  vous envoyer des informations sur nos services par e-mail ou par tout autre moyen de communication ;<\/p>\n<p style=\"text-align: justify;\"><b>3.3.<\/b>  vous adresser, conform\u00e9ment aux dispositions l\u00e9gales applicables et avec votre accord lorsque la l\u00e9gislation l&rsquo;exige, des messages marketing, publicitaires et promotionnels et des informations relatives \u00e0 l&rsquo;utilisation de nos services, ou vous sugg\u00e9rer et vous conseiller des services susceptibles de vous int\u00e9resser. Nous pouvons \u00e9galement utiliser vos donn\u00e9es pour vous envoyer des messages publicitaires susceptibles de vous int\u00e9resser sur des plateformes de m\u00e9dias sociaux ou des sites de tiers. Si vous souhaitez plus d&rsquo;informations \u00e0 ce sujet, nous vous invitons \u00e0 lire les documents contractuels de ces plateformes ;<\/p>\n<p style=\"text-align: justify;\"><b>3.4.<\/b>  pour vous informer des changements apport\u00e9s \u00e0 nos services ;<\/p>\n<p style=\"text-align: justify;\"><b>3.5.<\/b>  am\u00e9liorer et optimiser notre Site, notamment pour que l&rsquo;affichage de nos contenus soit adapt\u00e9 \u00e0 votre appareil ;<\/p>\n<p style=\"text-align: justify;\"><b>3.6.<\/b>  vous permettre d&rsquo;utiliser les fonctions interactives de nos services si vous le souhaitez ;<\/p>\n<p>&nbsp;<\/p>\n<h2 class=\"title-primary\" style=\"text-align: justify;\"><strong>4. Publicit\u00e9 cibl\u00e9e et courriels que nous vous envoyons<\/strong><\/h2>\n<p style=\"text-align: justify;\">Conform\u00e9ment \u00e0 la l\u00e9gislation applicable et avec votre consentement lorsqu&rsquo;il est requis, nous pouvons utiliser les donn\u00e9es que vous nous fournissez sur notre site \u00e0 des fins de prospection commerciale (par exemple pour (i) vous envoyer nos bulletins d&rsquo;information, (ii) vous envoyer des invitations \u00e0 nos \u00e9v\u00e9nements ou d&rsquo;autres communications susceptibles de vous int\u00e9resser ; et (iii) afficher des publicit\u00e9s cibl\u00e9es sur des plateformes de m\u00e9dias sociaux ou des sites de tiers).<\/p>\n<p style=\"text-align: justify;\">En ce qui concerne les courriels promotionnels : Vous pouvez \u00e0 tout moment retirer votre consentement en (i) en d\u00e9cochant la case dans votre compte, (ii) en cliquant sur le lien de d\u00e9sinscription fourni dans chacune de nos communications ou (iii) en nous contactant selon les modalit\u00e9s d\u00e9crites \u00e0 l&rsquo;article 13 ci-dessous.<\/p>\n<p style=\"text-align: justify;\">En ce qui concerne la publicit\u00e9 cibl\u00e9e :<\/p>\n<ul style=\"text-align: justify;\">\n<li>Sur les plateformes de m\u00e9dias sociaux (par exemple Facebook, Twitter) : vous pouvez vous opposer \u00e0 ce processus \u00e0 tout moment en configurant les param\u00e8tres relatifs \u00e0 la publicit\u00e9 de votre compte ;<\/li>\n<li>Sur les sites de tiers : vous pouvez consulter notre politique en mati\u00e8re de cookies pour savoir comment retirer votre consentement.<\/li>\n<\/ul>\n<p>&nbsp;<\/p>\n<h2 class=\"title-primary\" style=\"text-align: justify;\"><strong>5. Cookies et technologies similaires<\/strong><\/h2>\n<p style=\"text-align: justify;\">Pour en savoir plus, consultez notre <a href=\"https:\/\/psa-paris.com\/fr\/use_of_cookies\/\">politique en mati\u00e8re de cookies<\/a>.<\/p>\n<h2 class=\"title-primary\" style=\"text-align: justify;\">6. Liens vers d&rsquo;autres sites web et r\u00e9seaux sociaux<\/h2>\n<p style=\"text-align: justify;\">Nos sites contiennent des liens vers les sites web de nos partenaires ou de tiers. Veuillez noter que ces sites web ont leur propre politique de confidentialit\u00e9 et que nous ne sommes pas responsables de l&rsquo;utilisation faite par ces sites des informations collect\u00e9es lorsque vous cliquez sur ces liens. Nous vous invitons \u00e0 lire les politiques de confidentialit\u00e9 de ces sites avant de leur transmettre vos donn\u00e9es personnelles.<\/p>\n<h2 class=\"title-primary\" style=\"text-align: justify;\">7. Modification de notre politique de confidentialit\u00e9<\/h2>\n<p style=\"text-align: justify;\">Nous pouvons occasionnellement modifier la pr\u00e9sente politique de confidentialit\u00e9. Si n\u00e9cessaire, nous vous en informerons et\/ou vous demanderons votre consentement. Nous vous conseillons de consulter r\u00e9guli\u00e8rement cette page pour prendre connaissance de toute modification ou mise \u00e0 jour de notre politique de confidentialit\u00e9.<\/p>\n<h2 class=\"title-primary\" style=\"text-align: justify;\">8. Contact<\/h2>\n<p style=\"text-align: justify;\">Pour toute question relative \u00e0 cette politique de confidentialit\u00e9 ou pour toute demande concernant vos donn\u00e9es personnelles, vous pouvez nous contacter par :<\/p>\n<ul style=\"text-align: justify;\">\n<li>en envoyant un courriel \u00e0 notre responsable de la protection de la vie priv\u00e9e \u00e0 l&rsquo;adresse suivante : <a href=\"mailto:psa@psa-paris.com\"> psa@psa-paris.com<\/a><\/li>\n<li>en remplissant ce <a href=\"https:\/\/psa-paris.com\/fr\/contact_us_cookies\/\"> formulaire en ligne <\/a> <\/li>\n<li>ou en envoyant un courriel \u00e0 l&rsquo;adresse suivante : PSA Paris &#8211; A l&rsquo;attention du d\u00e9l\u00e9gu\u00e9 \u00e0 la protection des donn\u00e9es &#8211; 1, rue de Lamirault 77090 Coll\u00e9gien FRANCE D\u00e9l\u00e9gu\u00e9 \u00e0 la protection des donn\u00e9es &#8211; 1, rue de Lamirault 77090 COLLEGIEN FRANCE<\/li>\n<\/ul>\n<p>[\/vc_column_text][\/vc_column][\/vc_row]<\/p>\n<\/div>","protected":false},"excerpt":{"rendered":"<p>[vc_row][vc_column][vc_column_text] 1. Vue d&rsquo;ensemble PSA Paris (1, rue Lamirault 77090 COLLEGIEN FRANCE), en sa qualit\u00e9 de responsable du traitement, attache une grande importance \u00e0 la protection et au respect de votre vie priv\u00e9e. La pr\u00e9sente politique vise \u00e0 vous informer de nos pratiques concernant la collecte, l&rsquo;utilisation et le partage des informations que vous \u00eates&hellip;<\/p>\n","protected":false},"author":1,"featured_media":0,"parent":0,"menu_order":0,"comment_status":"closed","ping_status":"closed","template":"","meta":{"_acf_changed":false,"footnotes":""},"class_list":["post-9836","page","type-page","status-publish","hentry","description-off"],"acf":[],"yoast_head":"<!-- This site is optimized with the Yoast SEO plugin v26.4 - https:\/\/yoast.com\/wordpress\/plugins\/seo\/ -->\n<title>POLITIQUE DE CONSERVATION DES DONN\u00c9ES - PSA<\/title>\n<meta name=\"robots\" content=\"index, follow, max-snippet:-1, max-image-preview:large, max-video-preview:-1\" \/>\n<link rel=\"canonical\" href=\"https:\/\/psa-paris.com\/fr\/data_retention_policy\/\" \/>\n<meta property=\"og:locale\" content=\"fr_FR\" \/>\n<meta property=\"og:type\" content=\"article\" \/>\n<meta property=\"og:title\" content=\"POLITIQUE DE CONSERVATION DES DONN\u00c9ES - PSA\" \/>\n<meta property=\"og:description\" content=\"[vc_row][vc_column][vc_column_text] 1. Vue d&rsquo;ensemble PSA Paris (1, rue Lamirault 77090 COLLEGIEN FRANCE), en sa qualit\u00e9 de responsable du traitement, attache une grande importance \u00e0 la protection et au respect de votre vie priv\u00e9e. La pr\u00e9sente politique vise \u00e0 vous informer de nos pratiques concernant la collecte, l&rsquo;utilisation et le partage des informations que vous \u00eates&hellip;\" \/>\n<meta property=\"og:url\" content=\"https:\/\/psa-paris.com\/fr\/data_retention_policy\/\" \/>\n<meta property=\"og:site_name\" content=\"PSA\" \/>\n<meta property=\"article:modified_time\" content=\"2024-01-30T10:13:37+00:00\" \/>\n<meta name=\"twitter:card\" content=\"summary_large_image\" \/>\n<meta name=\"twitter:label1\" content=\"Dur\u00e9e de lecture estim\u00e9e\" \/>\n\t<meta name=\"twitter:data1\" content=\"6 minutes\" \/>\n<script type=\"application\/ld+json\" class=\"yoast-schema-graph\">{\"@context\":\"https:\/\/schema.org\",\"@graph\":[{\"@type\":\"WebPage\",\"@id\":\"https:\/\/psa-paris.com\/fr\/data_retention_policy\/\",\"url\":\"https:\/\/psa-paris.com\/fr\/data_retention_policy\/\",\"name\":\"POLITIQUE DE CONSERVATION DES DONN\u00c9ES - PSA\",\"isPartOf\":{\"@id\":\"https:\/\/psa-paris.com\/fr\/#website\"},\"datePublished\":\"2023-11-11T15:21:45+00:00\",\"dateModified\":\"2024-01-30T10:13:37+00:00\",\"breadcrumb\":{\"@id\":\"https:\/\/psa-paris.com\/fr\/data_retention_policy\/#breadcrumb\"},\"inLanguage\":\"fr-FR\",\"potentialAction\":[{\"@type\":\"ReadAction\",\"target\":[\"https:\/\/psa-paris.com\/fr\/data_retention_policy\/\"]}]},{\"@type\":\"BreadcrumbList\",\"@id\":\"https:\/\/psa-paris.com\/fr\/data_retention_policy\/#breadcrumb\",\"itemListElement\":[{\"@type\":\"ListItem\",\"position\":1,\"name\":\"Accueil\",\"item\":\"https:\/\/psa-paris.com\/fr\/\"},{\"@type\":\"ListItem\",\"position\":2,\"name\":\"POLITIQUE DE CONSERVATION DES DONN\u00c9ES\"}]},{\"@type\":\"WebSite\",\"@id\":\"https:\/\/psa-paris.com\/fr\/#website\",\"url\":\"https:\/\/psa-paris.com\/fr\/\",\"name\":\"PSA\",\"description\":\"Produits Sanitaires A\u00e9ronefs - PSA\",\"potentialAction\":[{\"@type\":\"SearchAction\",\"target\":{\"@type\":\"EntryPoint\",\"urlTemplate\":\"https:\/\/psa-paris.com\/fr\/?s={search_term_string}\"},\"query-input\":{\"@type\":\"PropertyValueSpecification\",\"valueRequired\":true,\"valueName\":\"search_term_string\"}}],\"inLanguage\":\"fr-FR\"}]}<\/script>\n<!-- \/ Yoast SEO plugin. -->","yoast_head_json":{"title":"POLITIQUE DE CONSERVATION DES DONN\u00c9ES - PSA","robots":{"index":"index","follow":"follow","max-snippet":"max-snippet:-1","max-image-preview":"max-image-preview:large","max-video-preview":"max-video-preview:-1"},"canonical":"https:\/\/psa-paris.com\/fr\/data_retention_policy\/","og_locale":"fr_FR","og_type":"article","og_title":"POLITIQUE DE CONSERVATION DES DONN\u00c9ES - PSA","og_description":"[vc_row][vc_column][vc_column_text] 1. Vue d&rsquo;ensemble PSA Paris (1, rue Lamirault 77090 COLLEGIEN FRANCE), en sa qualit\u00e9 de responsable du traitement, attache une grande importance \u00e0 la protection et au respect de votre vie priv\u00e9e. La pr\u00e9sente politique vise \u00e0 vous informer de nos pratiques concernant la collecte, l&rsquo;utilisation et le partage des informations que vous \u00eates&hellip;","og_url":"https:\/\/psa-paris.com\/fr\/data_retention_policy\/","og_site_name":"PSA","article_modified_time":"2024-01-30T10:13:37+00:00","twitter_card":"summary_large_image","twitter_misc":{"Dur\u00e9e de lecture estim\u00e9e":"6 minutes"},"schema":{"@context":"https:\/\/schema.org","@graph":[{"@type":"WebPage","@id":"https:\/\/psa-paris.com\/fr\/data_retention_policy\/","url":"https:\/\/psa-paris.com\/fr\/data_retention_policy\/","name":"POLITIQUE DE CONSERVATION DES DONN\u00c9ES - PSA","isPartOf":{"@id":"https:\/\/psa-paris.com\/fr\/#website"},"datePublished":"2023-11-11T15:21:45+00:00","dateModified":"2024-01-30T10:13:37+00:00","breadcrumb":{"@id":"https:\/\/psa-paris.com\/fr\/data_retention_policy\/#breadcrumb"},"inLanguage":"fr-FR","potentialAction":[{"@type":"ReadAction","target":["https:\/\/psa-paris.com\/fr\/data_retention_policy\/"]}]},{"@type":"BreadcrumbList","@id":"https:\/\/psa-paris.com\/fr\/data_retention_policy\/#breadcrumb","itemListElement":[{"@type":"ListItem","position":1,"name":"Accueil","item":"https:\/\/psa-paris.com\/fr\/"},{"@type":"ListItem","position":2,"name":"POLITIQUE DE CONSERVATION DES DONN\u00c9ES"}]},{"@type":"WebSite","@id":"https:\/\/psa-paris.com\/fr\/#website","url":"https:\/\/psa-paris.com\/fr\/","name":"PSA","description":"Produits Sanitaires A\u00e9ronefs - PSA","potentialAction":[{"@type":"SearchAction","target":{"@type":"EntryPoint","urlTemplate":"https:\/\/psa-paris.com\/fr\/?s={search_term_string}"},"query-input":{"@type":"PropertyValueSpecification","valueRequired":true,"valueName":"search_term_string"}}],"inLanguage":"fr-FR"}]}},"_links":{"self":[{"href":"https:\/\/psa-paris.com\/fr\/wp-json\/wp\/v2\/pages\/9836","targetHints":{"allow":["GET"]}}],"collection":[{"href":"https:\/\/psa-paris.com\/fr\/wp-json\/wp\/v2\/pages"}],"about":[{"href":"https:\/\/psa-paris.com\/fr\/wp-json\/wp\/v2\/types\/page"}],"author":[{"embeddable":true,"href":"https:\/\/psa-paris.com\/fr\/wp-json\/wp\/v2\/users\/1"}],"replies":[{"embeddable":true,"href":"https:\/\/psa-paris.com\/fr\/wp-json\/wp\/v2\/comments?post=9836"}],"version-history":[{"count":6,"href":"https:\/\/psa-paris.com\/fr\/wp-json\/wp\/v2\/pages\/9836\/revisions"}],"predecessor-version":[{"id":9914,"href":"https:\/\/psa-paris.com\/fr\/wp-json\/wp\/v2\/pages\/9836\/revisions\/9914"}],"wp:attachment":[{"href":"https:\/\/psa-paris.com\/fr\/wp-json\/wp\/v2\/media?parent=9836"}],"curies":[{"name":"wp","href":"https:\/\/api.w.org\/{rel}","templated":true}]}}