{"id":9838,"date":"2023-11-11T16:04:28","date_gmt":"2023-11-11T15:04:28","guid":{"rendered":"https:\/\/test-psadevincijunior-456.devincijunior.fr\/legal_notice\/"},"modified":"2024-08-12T15:40:38","modified_gmt":"2024-08-12T13:40:38","slug":"mentions_legales","status":"publish","type":"page","link":"https:\/\/psa-paris.com\/fr\/mentions_legales\/","title":{"rendered":"Mentions l\u00e9gales"},"content":{"rendered":"<div class=\"wpb-content-wrapper\"><p>[vc_row][vc_column][vc_column_text]<\/p>\n<h4 style=\"text-align: justify;\"><strong>L&rsquo;\u00c9DITEUR DU SITE.<\/strong><\/h4>\n<p style=\"text-align: justify;\">Le pr\u00e9sent site \u00ab\u00a0www.psa-paris.com\u00a0\u00bb est la propri\u00e9t\u00e9 de la soci\u00e9t\u00e9 PSA (Produits Sanitaires Aeronefs), inscrite au Registre du Commerce et des Soci\u00e9t\u00e9s de Paris sous le num\u00e9ro 305 775 710, dont le si\u00e8ge social est situ\u00e9 : 1, rue de Lamirault, 77090 Coll\u00e9gien<\/p>\n<p style=\"text-align: justify;\">Le directeur de publication du site est M. Amine Bouhrara.<br \/>\nLe site est h\u00e9berg\u00e9 par la soci\u00e9t\u00e9 OVH, SAS au capital de 500 000 \u20ac &#8211; Si\u00e8ge social : 140 Quai du Sartel &#8211; 59100 Roubaix &#8211; FRANCE. L&rsquo;ensemble du site rel\u00e8ve de la l\u00e9gislation fran\u00e7aise et internationale sur le droit d&rsquo;auteur et la propri\u00e9t\u00e9 intellectuelle. Tous les droits de reproduction sont r\u00e9serv\u00e9s, y compris pour les documents iconographiques et photographiques.<\/p>\n<p>&nbsp;<\/p>\n<h4 style=\"text-align: justify;\"><strong>L&rsquo;UTILISATEUR.<\/strong><\/h4>\n<p style=\"text-align: justify;\">Toute personne ayant acc\u00e8s au Site, quels que soient sa qualit\u00e9 (particulier ou professionnel), le lieu o\u00f9 elle se trouve, les modalit\u00e9s de sa connexion au Site, l&rsquo;objet et la finalit\u00e9 de son acc\u00e8s aux informations publi\u00e9es sur le Site, est un Utilisateur du Site.<br \/>\nL&rsquo;utilisateur est inform\u00e9 des risques inh\u00e9rents \u00e0 l&rsquo;Internet, notamment en termes de :<br \/>\n&#8211; le manque de s\u00e9curit\u00e9 dans la transmission des donn\u00e9es.<br \/>\n&#8211; la continuit\u00e9 non s\u00e9curis\u00e9e de l&rsquo;acc\u00e8s au site ou aux diff\u00e9rents services offerts par le site.<br \/>\nEn tout \u00e9tat de cause, l&rsquo;Editeur ne peut \u00eatre tenu responsable de ces risques et de leurs cons\u00e9quences, pr\u00e9judiciables, quelle qu&rsquo;en soit l&rsquo;\u00e9tendue, pour l&rsquo;Utilisateur. Il appartient \u00e0 chaque Utilisateur de prendre toutes les mesures appropri\u00e9es de fa\u00e7on \u00e0 prot\u00e9ger ses propres donn\u00e9es, logiciels et mat\u00e9riels de la contamination par des virus ou autres formes d&rsquo;attaques circulant \u00e9ventuellement \u00e0 travers le Site ou les informations publi\u00e9es.<br \/>\nL&rsquo;Utilisateur ne peut se pr\u00e9valoir d&rsquo;aucune difficult\u00e9 d&rsquo;acc\u00e8s au Site pour acc\u00e9der aux informations en fraude des pr\u00e9sentes Conditions d&rsquo;Utilisation. Pour \u00eatre prises en compte, les r\u00e9clamations de l&rsquo;Utilisateur doivent \u00eatre adress\u00e9es \u00e0 l&rsquo;Editeur par voie postale uniquement sous la forme recommand\u00e9e avec accus\u00e9 de r\u00e9ception \u00e0 l&rsquo;adresse mentionn\u00e9e ci-dessus.<\/p>\n<p>&nbsp;<\/p>\n<h4 style=\"text-align: justify;\"><strong>L&rsquo;ADMINISTRATEUR DU SITE.<\/strong><\/h4>\n<p style=\"text-align: justify;\">L&rsquo;administrateur du site a pour fonction d&rsquo;assurer le bon fonctionnement du site et d&rsquo;en assurer la s\u00e9curit\u00e9. Il fait partie de sa mission de faciliter l&rsquo;application des pr\u00e9sentes conditions d&rsquo;utilisation et de veiller au comportement loyal et responsable de chaque utilisateur.<\/p>\n<p>&nbsp;<\/p>\n<h4 style=\"text-align: justify;\"><strong>DONN\u00c9ES PERSONNELLES.<\/strong><\/h4>\n<p style=\"text-align: justify;\">En application des dispositions de la loi n\u00b0 78-17 du 6 janvier 1978 dite \u00ab\u00a0Informatique et Libert\u00e9s\u00a0\u00bb modifi\u00e9e, toute personne physique dispose des droits d&rsquo;acc\u00e8s, de modification, de rectification et de suppression des donn\u00e9es la concernant. L&rsquo;exercice de ces droits s&rsquo;effectue \u00e0 tout moment par voie postale \u00e0 l&rsquo;adresse<br \/>\nsuivant :<br \/>\nZAC d&rsquo;Amirault<br \/>\n1, rue de l&rsquo;Amirault<br \/>\n77090 COLLEGIEN &#8211; FRANCE<\/p>\n<p style=\"text-align: justify;\">Toute utilisation du site est enregistr\u00e9e. L&rsquo;Utilisateur est inform\u00e9 de la facult\u00e9 laiss\u00e9e \u00e0 l&rsquo;Editeur de mettre en place des collecteurs automatis\u00e9s de donn\u00e9es permettant d&rsquo;identifier l&rsquo;Utilisateur et ses visites successives sur le Site. Dans certains cas, l&rsquo;utilisateur peut \u00eatre amen\u00e9 \u00e0 fournir des donn\u00e9es personnelles \u00e0 des fins statistiques. En outre, l&rsquo;Utilisateur est inform\u00e9 que ces donn\u00e9es peuvent \u00eatre utilis\u00e9es \u00e0 des fins de marketing direct pour des produits ou services similaires par l&rsquo;Editeur du Site. L&rsquo;utilisateur peut avoir acc\u00e8s \u00e0 ces donn\u00e9es et s&rsquo;opposer gratuitement \u00e0 ces utilisations en \u00e9crivant \u00e0 l&rsquo;adresse indiqu\u00e9e ci-dessus.<\/p>\n<p style=\"text-align: justify;\">Toute autre prospection par l&rsquo;Editeur du Site ou toute cession \u00e0 des tiers (partenaires commerciaux, etc.) de ces donn\u00e9es sera soumise \u00e0 l&rsquo;accord pr\u00e9alable et expr\u00e8s de l&rsquo;Utilisateur. L&rsquo;Editeur du Site s&rsquo;engage \u00e0 prendre les pr\u00e9cautions techniques reconnues pour pr\u00e9server la s\u00e9curit\u00e9 des donn\u00e9es \u00e0 caract\u00e8re personnel et notamment emp\u00eacher qu&rsquo;elles ne soient d\u00e9form\u00e9es, endommag\u00e9es ou communiqu\u00e9es \u00e0 des tiers non autoris\u00e9s.<\/p>\n<p>[\/vc_column_text][\/vc_column][\/vc_row]<\/p>\n<\/div>","protected":false},"excerpt":{"rendered":"<p>[vc_row][vc_column][vc_column_text] L&rsquo;\u00c9DITEUR DU SITE. Le pr\u00e9sent site \u00ab\u00a0www.psa-paris.com\u00a0\u00bb est la propri\u00e9t\u00e9 de la soci\u00e9t\u00e9 PSA (Produits Sanitaires Aeronefs), inscrite au Registre du Commerce et des Soci\u00e9t\u00e9s de Paris sous le num\u00e9ro 305 775 710, dont le si\u00e8ge social est situ\u00e9 : 1, rue de Lamirault, 77090 Coll\u00e9gien Le directeur de publication du site est M.&hellip;<\/p>\n","protected":false},"author":1,"featured_media":0,"parent":0,"menu_order":0,"comment_status":"closed","ping_status":"closed","template":"","meta":{"_acf_changed":false,"footnotes":""},"class_list":["post-9838","page","type-page","status-publish","hentry","description-off"],"acf":[],"yoast_head":"<!-- This site is optimized with the Yoast SEO plugin v26.4 - https:\/\/yoast.com\/wordpress\/plugins\/seo\/ -->\n<title>Mentions l\u00e9gales - PSA<\/title>\n<meta name=\"description\" content=\"D\u00e9couvrez les mentions l\u00e9gales de PSA Produits Sanitaires A\u00e9ronefs.\" \/>\n<meta name=\"robots\" content=\"index, follow, max-snippet:-1, max-image-preview:large, max-video-preview:-1\" \/>\n<link rel=\"canonical\" href=\"https:\/\/psa-paris.com\/fr\/mentions_legales\/\" \/>\n<meta property=\"og:locale\" content=\"fr_FR\" \/>\n<meta property=\"og:type\" content=\"article\" \/>\n<meta property=\"og:title\" content=\"Mentions l\u00e9gales - PSA\" \/>\n<meta property=\"og:description\" content=\"D\u00e9couvrez les mentions l\u00e9gales de PSA Produits Sanitaires A\u00e9ronefs.\" \/>\n<meta property=\"og:url\" content=\"https:\/\/psa-paris.com\/fr\/mentions_legales\/\" \/>\n<meta property=\"og:site_name\" content=\"PSA\" \/>\n<meta property=\"article:modified_time\" content=\"2024-08-12T13:40:38+00:00\" \/>\n<meta name=\"twitter:card\" content=\"summary_large_image\" \/>\n<meta name=\"twitter:label1\" content=\"Dur\u00e9e de lecture estim\u00e9e\" \/>\n\t<meta name=\"twitter:data1\" content=\"3 minutes\" \/>\n<script type=\"application\/ld+json\" class=\"yoast-schema-graph\">{\"@context\":\"https:\/\/schema.org\",\"@graph\":[{\"@type\":\"WebPage\",\"@id\":\"https:\/\/psa-paris.com\/fr\/mentions_legales\/\",\"url\":\"https:\/\/psa-paris.com\/fr\/mentions_legales\/\",\"name\":\"Mentions l\u00e9gales - PSA\",\"isPartOf\":{\"@id\":\"https:\/\/psa-paris.com\/fr\/#website\"},\"datePublished\":\"2023-11-11T15:04:28+00:00\",\"dateModified\":\"2024-08-12T13:40:38+00:00\",\"description\":\"D\u00e9couvrez les mentions l\u00e9gales de PSA Produits Sanitaires A\u00e9ronefs.\",\"breadcrumb\":{\"@id\":\"https:\/\/psa-paris.com\/fr\/mentions_legales\/#breadcrumb\"},\"inLanguage\":\"fr-FR\",\"potentialAction\":[{\"@type\":\"ReadAction\",\"target\":[\"https:\/\/psa-paris.com\/fr\/mentions_legales\/\"]}]},{\"@type\":\"BreadcrumbList\",\"@id\":\"https:\/\/psa-paris.com\/fr\/mentions_legales\/#breadcrumb\",\"itemListElement\":[{\"@type\":\"ListItem\",\"position\":1,\"name\":\"Accueil\",\"item\":\"https:\/\/psa-paris.com\/fr\/\"},{\"@type\":\"ListItem\",\"position\":2,\"name\":\"Mentions l\u00e9gales\"}]},{\"@type\":\"WebSite\",\"@id\":\"https:\/\/psa-paris.com\/fr\/#website\",\"url\":\"https:\/\/psa-paris.com\/fr\/\",\"name\":\"PSA\",\"description\":\"Produits Sanitaires A\u00e9ronefs - PSA\",\"potentialAction\":[{\"@type\":\"SearchAction\",\"target\":{\"@type\":\"EntryPoint\",\"urlTemplate\":\"https:\/\/psa-paris.com\/fr\/?s={search_term_string}\"},\"query-input\":{\"@type\":\"PropertyValueSpecification\",\"valueRequired\":true,\"valueName\":\"search_term_string\"}}],\"inLanguage\":\"fr-FR\"}]}<\/script>\n<!-- \/ Yoast SEO plugin. -->","yoast_head_json":{"title":"Mentions l\u00e9gales - PSA","description":"D\u00e9couvrez les mentions l\u00e9gales de PSA Produits Sanitaires A\u00e9ronefs.","robots":{"index":"index","follow":"follow","max-snippet":"max-snippet:-1","max-image-preview":"max-image-preview:large","max-video-preview":"max-video-preview:-1"},"canonical":"https:\/\/psa-paris.com\/fr\/mentions_legales\/","og_locale":"fr_FR","og_type":"article","og_title":"Mentions l\u00e9gales - PSA","og_description":"D\u00e9couvrez les mentions l\u00e9gales de PSA Produits Sanitaires A\u00e9ronefs.","og_url":"https:\/\/psa-paris.com\/fr\/mentions_legales\/","og_site_name":"PSA","article_modified_time":"2024-08-12T13:40:38+00:00","twitter_card":"summary_large_image","twitter_misc":{"Dur\u00e9e de lecture estim\u00e9e":"3 minutes"},"schema":{"@context":"https:\/\/schema.org","@graph":[{"@type":"WebPage","@id":"https:\/\/psa-paris.com\/fr\/mentions_legales\/","url":"https:\/\/psa-paris.com\/fr\/mentions_legales\/","name":"Mentions l\u00e9gales - PSA","isPartOf":{"@id":"https:\/\/psa-paris.com\/fr\/#website"},"datePublished":"2023-11-11T15:04:28+00:00","dateModified":"2024-08-12T13:40:38+00:00","description":"D\u00e9couvrez les mentions l\u00e9gales de PSA Produits Sanitaires A\u00e9ronefs.","breadcrumb":{"@id":"https:\/\/psa-paris.com\/fr\/mentions_legales\/#breadcrumb"},"inLanguage":"fr-FR","potentialAction":[{"@type":"ReadAction","target":["https:\/\/psa-paris.com\/fr\/mentions_legales\/"]}]},{"@type":"BreadcrumbList","@id":"https:\/\/psa-paris.com\/fr\/mentions_legales\/#breadcrumb","itemListElement":[{"@type":"ListItem","position":1,"name":"Accueil","item":"https:\/\/psa-paris.com\/fr\/"},{"@type":"ListItem","position":2,"name":"Mentions l\u00e9gales"}]},{"@type":"WebSite","@id":"https:\/\/psa-paris.com\/fr\/#website","url":"https:\/\/psa-paris.com\/fr\/","name":"PSA","description":"Produits Sanitaires A\u00e9ronefs - PSA","potentialAction":[{"@type":"SearchAction","target":{"@type":"EntryPoint","urlTemplate":"https:\/\/psa-paris.com\/fr\/?s={search_term_string}"},"query-input":{"@type":"PropertyValueSpecification","valueRequired":true,"valueName":"search_term_string"}}],"inLanguage":"fr-FR"}]}},"_links":{"self":[{"href":"https:\/\/psa-paris.com\/fr\/wp-json\/wp\/v2\/pages\/9838","targetHints":{"allow":["GET"]}}],"collection":[{"href":"https:\/\/psa-paris.com\/fr\/wp-json\/wp\/v2\/pages"}],"about":[{"href":"https:\/\/psa-paris.com\/fr\/wp-json\/wp\/v2\/types\/page"}],"author":[{"embeddable":true,"href":"https:\/\/psa-paris.com\/fr\/wp-json\/wp\/v2\/users\/1"}],"replies":[{"embeddable":true,"href":"https:\/\/psa-paris.com\/fr\/wp-json\/wp\/v2\/comments?post=9838"}],"version-history":[{"count":5,"href":"https:\/\/psa-paris.com\/fr\/wp-json\/wp\/v2\/pages\/9838\/revisions"}],"predecessor-version":[{"id":15858,"href":"https:\/\/psa-paris.com\/fr\/wp-json\/wp\/v2\/pages\/9838\/revisions\/15858"}],"wp:attachment":[{"href":"https:\/\/psa-paris.com\/fr\/wp-json\/wp\/v2\/media?parent=9838"}],"curies":[{"name":"wp","href":"https:\/\/api.w.org\/{rel}","templated":true}]}}