{"id":9844,"date":"2023-11-11T10:07:39","date_gmt":"2023-11-11T09:07:39","guid":{"rendered":"https:\/\/test-psadevincijunior-456.devincijunior.fr\/research_development\/"},"modified":"2024-04-10T00:00:10","modified_gmt":"2024-04-09T22:00:10","slug":"research_development","status":"publish","type":"page","link":"https:\/\/psa-paris.com\/fr\/research_development\/","title":{"rendered":"\u00c0 PROPOS DE NOUS RECHERCHE ET D\u00c9VELOPPEMENT"},"content":{"rendered":"<div class=\"wpb-content-wrapper\"><p>[vc_row][vc_column width=\u00a0\u00bb1\/4&Prime;][vc_column_text]<\/p>\n<h4 style=\"text-align: left;\"><a href=\"https:\/\/psa-paris.com\/fr\/who_are_we\/\">QUI SOMMES-NOUS ?<\/a><\/h4>\n<p>[\/vc_column_text][vc_separator][vc_column_text]<\/p>\n<h4 style=\"text-align: left;\"><a href=\"https:\/\/psa-paris.com\/fr\/our_culture\/\">NOTRE CULTURE<\/a><\/h4>\n<p>[\/vc_column_text][vc_separator][vc_column_text]<\/p>\n<h4 style=\"text-align: left;\"><a href=\"https:\/\/psa-paris.com\/fr\/a_responsible_company\/\">UNE ENTREPRISE RESPONSABLE<\/a><\/h4>\n<p>[\/vc_column_text][vc_separator][vc_column_text]<\/p>\n<h4 style=\"text-align: left;\"><a href=\"https:\/\/psa-paris.com\/fr\/research_development\/\">RECHERCHE ET D\u00c9VELOPPEMENT<\/a><\/h4>\n<p>[\/vc_column_text][vc_separator][vc_column_text]<\/p>\n<h4 style=\"text-align: left;\"><a href=\"https:\/\/psa-paris.com\/fr\/where_we_operate\/\">NOS OPERATIONS<\/a><\/h4>\n<p>[\/vc_column_text][vc_separator][vc_column_text]<\/p>\n<h4 style=\"text-align: left;\"><a href=\"https:\/\/psa-paris.com\/fr\/accreditations_associations\/\">ACCR\u00c9DITATIONS ET ASSOCIATIONS<\/a><\/h4>\n<p>[\/vc_column_text][vc_separator][vc_column_text]<\/p>\n<h4 style=\"text-align: left;\"><a href=\"https:\/\/psa-paris.com\/wp-content\/uploads\/2023\/11\/PSA-General-Conditions-and-Terms-of-Sale-2020-EN-nov2020.pdf\">CONDITIONS G\u00c9N\u00c9RALES DE VENTE<\/a><\/h4>\n<p>[\/vc_column_text][\/vc_column][vc_column width=\u00a0\u00bb3\/4&Prime;][vc_single_image image=\u00a0\u00bb116&Prime; img_size=\u00a0\u00bblarge\u00a0\u00bb alignment=\u00a0\u00bbcenter\u00a0\u00bb][vc_column_text css=\u00a0\u00bb.vc_custom_1699693573997{margin-bottom: 0px !important;}\u00a0\u00bb]<\/p>\n<h3>RECHERCHE ET D\u00c9VELOPPEMENT<\/h3>\n<p>[\/vc_column_text][vc_separator][vc_column_text]<\/p>\n<p style=\"text-align: justify;\">PSA est fier de ses nouvelles offres de produits, qui sont le fruit d&rsquo;une expertise interne, d&rsquo;\u00e9tudes de march\u00e9 approfondies et du retour d&rsquo;information des clients, combin\u00e9s \u00e0 une d\u00e9termination \u00e0 acc\u00e9der aux nouvelles technologies dans le monde entier, en fournissant des solutions innovantes en mati\u00e8re de produits et de services \u00e0 notre r\u00e9seau mondial de clients. Notre technologie de pointe et notre programme structur\u00e9 de d\u00e9veloppement de nouveaux produits restent des \u00e9l\u00e9ments essentiels de nos valeurs.<\/p>\n<p style=\"text-align: justify;\">Nos locaux de Paris-Coll\u00e9gien comprennent un laboratoire de recherche et d\u00e9veloppement de pointe de plus de 150 m2. Nous disposons d&rsquo;un personnel technique hautement qualifi\u00e9, de capacit\u00e9s technologiques modernes et avons adopt\u00e9 une approche progressive de la recherche et du d\u00e9veloppement.<\/p>\n<p style=\"text-align: justify;\">Centr\u00e9e sur les sp\u00e9cialit\u00e9s chimiques pour l&rsquo;aviation et l&rsquo;industrie, l&rsquo;expertise de nos \u00e9quipes int\u00e8gre une large compr\u00e9hension et expertise des contraintes de ces secteurs, et notamment pour le d\u00e9veloppement de solutions efficaces ininflammables et homologu\u00e9es pour l&rsquo;aviation, soumises \u00e0 validation de compatibilit\u00e9 multi-mat\u00e9riaux, tests d&rsquo;aptitudes a\u00e9ronautiques et certifications, garantissant ainsi la s\u00e9curit\u00e9 de leurs utilisateurs.<\/p>\n<p>&nbsp;<\/p>\n<p style=\"text-align: justify;\"><img loading=\"lazy\" decoding=\"async\" class=\"aligncenter wp-image-2569\" src=\"https:\/\/psa-paris.com\/wp-content\/uploads\/2023\/11\/PSA-Paris-Lab-300x225.jpg\" alt=\"\" width=\"600\" height=\"450\" srcset=\"https:\/\/psa-paris.com\/wp-content\/uploads\/2023\/11\/PSA-Paris-Lab-300x225.jpg 300w, https:\/\/psa-paris.com\/wp-content\/uploads\/2023\/11\/PSA-Paris-Lab-1024x768.jpg 1024w, https:\/\/psa-paris.com\/wp-content\/uploads\/2023\/11\/PSA-Paris-Lab-768x576.jpg 768w, https:\/\/psa-paris.com\/wp-content\/uploads\/2023\/11\/PSA-Paris-Lab-1536x1152.jpg 1536w, https:\/\/psa-paris.com\/wp-content\/uploads\/2023\/11\/PSA-Paris-Lab-2048x1536.jpg 2048w\" sizes=\"auto, (max-width: 600px) 100vw, 600px\" \/><\/p>\n<p>&nbsp;<\/p>\n<p style=\"text-align: justify;\">Avec le groupe Callington, PSA continue d&rsquo;investir de mani\u00e8re significative dans la recherche et le d\u00e9veloppement et nos aspirations sont de fournir une innovation in\u00e9gal\u00e9e par le biais d&rsquo;initiatives de d\u00e9veloppement de nouveaux produits \u00e0 la pointe de l&rsquo;industrie.<\/p>\n<p style=\"text-align: justify;\">Notre laboratoire collabore quotidiennement avec les autres laboratoires et p\u00f4les de comp\u00e9tences de Callington en Inde, en Tha\u00eflande et en Australie, pour le d\u00e9veloppement de nouveaux produits. Ensemble, nous avons d\u00e9velopp\u00e9 un solide programme interne de recherche et de d\u00e9veloppement et nous accordons une grande importance \u00e0 la poursuite de la fabrication de solutions chimiques sp\u00e9cialis\u00e9es nouvelles, uniques, s\u00fbres et durables.<\/p>\n<p>[\/vc_column_text][\/vc_column][\/vc_row]<\/p>\n<\/div>","protected":false},"excerpt":{"rendered":"<p>[vc_row][vc_column width=\u00a0\u00bb1\/4&Prime;][vc_column_text] QUI SOMMES-NOUS ? [\/vc_column_text][vc_separator][vc_column_text] NOTRE CULTURE [\/vc_column_text][vc_separator][vc_column_text] UNE ENTREPRISE RESPONSABLE [\/vc_column_text][vc_separator][vc_column_text] RECHERCHE ET D\u00c9VELOPPEMENT [\/vc_column_text][vc_separator][vc_column_text] NOS OPERATIONS [\/vc_column_text][vc_separator][vc_column_text] ACCR\u00c9DITATIONS ET ASSOCIATIONS [\/vc_column_text][vc_separator][vc_column_text] CONDITIONS G\u00c9N\u00c9RALES DE VENTE [\/vc_column_text][\/vc_column][vc_column width=\u00a0\u00bb3\/4&Prime;][vc_single_image image=\u00a0\u00bb116&Prime; img_size=\u00a0\u00bblarge\u00a0\u00bb alignment=\u00a0\u00bbcenter\u00a0\u00bb][vc_column_text css=\u00a0\u00bb.vc_custom_1699693573997{margin-bottom: 0px !important;}\u00a0\u00bb] RECHERCHE ET D\u00c9VELOPPEMENT [\/vc_column_text][vc_separator][vc_column_text] PSA est fier de ses nouvelles offres de produits, qui sont le fruit d&rsquo;une expertise&hellip;<\/p>\n","protected":false},"author":1,"featured_media":0,"parent":0,"menu_order":0,"comment_status":"closed","ping_status":"closed","template":"","meta":{"_acf_changed":false,"footnotes":""},"class_list":["post-9844","page","type-page","status-publish","hentry","description-off"],"acf":[],"yoast_head":"<!-- This site is optimized with the Yoast SEO plugin v26.4 - https:\/\/yoast.com\/wordpress\/plugins\/seo\/ -->\n<title>\u00c0 PROPOS DE NOUS RECHERCHE ET D\u00c9VELOPPEMENT - PSA<\/title>\n<meta name=\"robots\" content=\"index, follow, max-snippet:-1, max-image-preview:large, max-video-preview:-1\" \/>\n<link rel=\"canonical\" href=\"https:\/\/psa-paris.com\/fr\/research_development\/\" \/>\n<meta property=\"og:locale\" content=\"fr_FR\" \/>\n<meta property=\"og:type\" content=\"article\" \/>\n<meta property=\"og:title\" content=\"\u00c0 PROPOS DE NOUS RECHERCHE ET D\u00c9VELOPPEMENT - PSA\" \/>\n<meta property=\"og:description\" content=\"[vc_row][vc_column width=\u00a0\u00bb1\/4&Prime;][vc_column_text] QUI SOMMES-NOUS ? [\/vc_column_text][vc_separator][vc_column_text] NOTRE CULTURE [\/vc_column_text][vc_separator][vc_column_text] UNE ENTREPRISE RESPONSABLE [\/vc_column_text][vc_separator][vc_column_text] RECHERCHE ET D\u00c9VELOPPEMENT [\/vc_column_text][vc_separator][vc_column_text] NOS OPERATIONS [\/vc_column_text][vc_separator][vc_column_text] ACCR\u00c9DITATIONS ET ASSOCIATIONS [\/vc_column_text][vc_separator][vc_column_text] CONDITIONS G\u00c9N\u00c9RALES DE VENTE [\/vc_column_text][\/vc_column][vc_column width=\u00a0\u00bb3\/4&Prime;][vc_single_image image=\u00a0\u00bb116&Prime; img_size=\u00a0\u00bblarge\u00a0\u00bb alignment=\u00a0\u00bbcenter\u00a0\u00bb][vc_column_text css=\u00a0\u00bb.vc_custom_1699693573997{margin-bottom: 0px !important;}\u00a0\u00bb] RECHERCHE ET D\u00c9VELOPPEMENT [\/vc_column_text][vc_separator][vc_column_text] PSA est fier de ses nouvelles offres de produits, qui sont le fruit d&rsquo;une expertise&hellip;\" \/>\n<meta property=\"og:url\" content=\"https:\/\/psa-paris.com\/fr\/research_development\/\" \/>\n<meta property=\"og:site_name\" content=\"PSA\" \/>\n<meta property=\"article:modified_time\" content=\"2024-04-09T22:00:10+00:00\" \/>\n<meta property=\"og:image\" content=\"https:\/\/psa-paris.com\/wp-content\/uploads\/2023\/11\/PSA-Paris-Lab-300x225.jpg\" \/>\n<meta name=\"twitter:card\" content=\"summary_large_image\" \/>\n<meta name=\"twitter:label1\" content=\"Dur\u00e9e de lecture estim\u00e9e\" \/>\n\t<meta name=\"twitter:data1\" content=\"2 minutes\" \/>\n<script type=\"application\/ld+json\" class=\"yoast-schema-graph\">{\"@context\":\"https:\/\/schema.org\",\"@graph\":[{\"@type\":\"WebPage\",\"@id\":\"https:\/\/psa-paris.com\/fr\/research_development\/\",\"url\":\"https:\/\/psa-paris.com\/fr\/research_development\/\",\"name\":\"\u00c0 PROPOS DE NOUS RECHERCHE ET D\u00c9VELOPPEMENT - PSA\",\"isPartOf\":{\"@id\":\"https:\/\/psa-paris.com\/fr\/#website\"},\"primaryImageOfPage\":{\"@id\":\"https:\/\/psa-paris.com\/fr\/research_development\/#primaryimage\"},\"image\":{\"@id\":\"https:\/\/psa-paris.com\/fr\/research_development\/#primaryimage\"},\"thumbnailUrl\":\"https:\/\/psa-paris.com\/wp-content\/uploads\/2023\/11\/PSA-Paris-Lab-300x225.jpg\",\"datePublished\":\"2023-11-11T09:07:39+00:00\",\"dateModified\":\"2024-04-09T22:00:10+00:00\",\"breadcrumb\":{\"@id\":\"https:\/\/psa-paris.com\/fr\/research_development\/#breadcrumb\"},\"inLanguage\":\"fr-FR\",\"potentialAction\":[{\"@type\":\"ReadAction\",\"target\":[\"https:\/\/psa-paris.com\/fr\/research_development\/\"]}]},{\"@type\":\"ImageObject\",\"inLanguage\":\"fr-FR\",\"@id\":\"https:\/\/psa-paris.com\/fr\/research_development\/#primaryimage\",\"url\":\"https:\/\/psa-paris.com\/wp-content\/uploads\/2023\/11\/PSA-Paris-Lab-300x225.jpg\",\"contentUrl\":\"https:\/\/psa-paris.com\/wp-content\/uploads\/2023\/11\/PSA-Paris-Lab-300x225.jpg\"},{\"@type\":\"BreadcrumbList\",\"@id\":\"https:\/\/psa-paris.com\/fr\/research_development\/#breadcrumb\",\"itemListElement\":[{\"@type\":\"ListItem\",\"position\":1,\"name\":\"Accueil\",\"item\":\"https:\/\/psa-paris.com\/fr\/\"},{\"@type\":\"ListItem\",\"position\":2,\"name\":\"\u00c0 PROPOS DE NOUS RECHERCHE ET D\u00c9VELOPPEMENT\"}]},{\"@type\":\"WebSite\",\"@id\":\"https:\/\/psa-paris.com\/fr\/#website\",\"url\":\"https:\/\/psa-paris.com\/fr\/\",\"name\":\"PSA\",\"description\":\"Produits Sanitaires A\u00e9ronefs - PSA\",\"potentialAction\":[{\"@type\":\"SearchAction\",\"target\":{\"@type\":\"EntryPoint\",\"urlTemplate\":\"https:\/\/psa-paris.com\/fr\/?s={search_term_string}\"},\"query-input\":{\"@type\":\"PropertyValueSpecification\",\"valueRequired\":true,\"valueName\":\"search_term_string\"}}],\"inLanguage\":\"fr-FR\"}]}<\/script>\n<!-- \/ Yoast SEO plugin. -->","yoast_head_json":{"title":"\u00c0 PROPOS DE NOUS RECHERCHE ET D\u00c9VELOPPEMENT - PSA","robots":{"index":"index","follow":"follow","max-snippet":"max-snippet:-1","max-image-preview":"max-image-preview:large","max-video-preview":"max-video-preview:-1"},"canonical":"https:\/\/psa-paris.com\/fr\/research_development\/","og_locale":"fr_FR","og_type":"article","og_title":"\u00c0 PROPOS DE NOUS RECHERCHE ET D\u00c9VELOPPEMENT - PSA","og_description":"[vc_row][vc_column width=\u00a0\u00bb1\/4&Prime;][vc_column_text] QUI SOMMES-NOUS ? [\/vc_column_text][vc_separator][vc_column_text] NOTRE CULTURE [\/vc_column_text][vc_separator][vc_column_text] UNE ENTREPRISE RESPONSABLE [\/vc_column_text][vc_separator][vc_column_text] RECHERCHE ET D\u00c9VELOPPEMENT [\/vc_column_text][vc_separator][vc_column_text] NOS OPERATIONS [\/vc_column_text][vc_separator][vc_column_text] ACCR\u00c9DITATIONS ET ASSOCIATIONS [\/vc_column_text][vc_separator][vc_column_text] CONDITIONS G\u00c9N\u00c9RALES DE VENTE [\/vc_column_text][\/vc_column][vc_column width=\u00a0\u00bb3\/4&Prime;][vc_single_image image=\u00a0\u00bb116&Prime; img_size=\u00a0\u00bblarge\u00a0\u00bb alignment=\u00a0\u00bbcenter\u00a0\u00bb][vc_column_text css=\u00a0\u00bb.vc_custom_1699693573997{margin-bottom: 0px !important;}\u00a0\u00bb] RECHERCHE ET D\u00c9VELOPPEMENT [\/vc_column_text][vc_separator][vc_column_text] PSA est fier de ses nouvelles offres de produits, qui sont le fruit d&rsquo;une expertise&hellip;","og_url":"https:\/\/psa-paris.com\/fr\/research_development\/","og_site_name":"PSA","article_modified_time":"2024-04-09T22:00:10+00:00","og_image":[{"url":"https:\/\/psa-paris.com\/wp-content\/uploads\/2023\/11\/PSA-Paris-Lab-300x225.jpg","type":"","width":"","height":""}],"twitter_card":"summary_large_image","twitter_misc":{"Dur\u00e9e de lecture estim\u00e9e":"2 minutes"},"schema":{"@context":"https:\/\/schema.org","@graph":[{"@type":"WebPage","@id":"https:\/\/psa-paris.com\/fr\/research_development\/","url":"https:\/\/psa-paris.com\/fr\/research_development\/","name":"\u00c0 PROPOS DE NOUS RECHERCHE ET D\u00c9VELOPPEMENT - PSA","isPartOf":{"@id":"https:\/\/psa-paris.com\/fr\/#website"},"primaryImageOfPage":{"@id":"https:\/\/psa-paris.com\/fr\/research_development\/#primaryimage"},"image":{"@id":"https:\/\/psa-paris.com\/fr\/research_development\/#primaryimage"},"thumbnailUrl":"https:\/\/psa-paris.com\/wp-content\/uploads\/2023\/11\/PSA-Paris-Lab-300x225.jpg","datePublished":"2023-11-11T09:07:39+00:00","dateModified":"2024-04-09T22:00:10+00:00","breadcrumb":{"@id":"https:\/\/psa-paris.com\/fr\/research_development\/#breadcrumb"},"inLanguage":"fr-FR","potentialAction":[{"@type":"ReadAction","target":["https:\/\/psa-paris.com\/fr\/research_development\/"]}]},{"@type":"ImageObject","inLanguage":"fr-FR","@id":"https:\/\/psa-paris.com\/fr\/research_development\/#primaryimage","url":"https:\/\/psa-paris.com\/wp-content\/uploads\/2023\/11\/PSA-Paris-Lab-300x225.jpg","contentUrl":"https:\/\/psa-paris.com\/wp-content\/uploads\/2023\/11\/PSA-Paris-Lab-300x225.jpg"},{"@type":"BreadcrumbList","@id":"https:\/\/psa-paris.com\/fr\/research_development\/#breadcrumb","itemListElement":[{"@type":"ListItem","position":1,"name":"Accueil","item":"https:\/\/psa-paris.com\/fr\/"},{"@type":"ListItem","position":2,"name":"\u00c0 PROPOS DE NOUS RECHERCHE ET D\u00c9VELOPPEMENT"}]},{"@type":"WebSite","@id":"https:\/\/psa-paris.com\/fr\/#website","url":"https:\/\/psa-paris.com\/fr\/","name":"PSA","description":"Produits Sanitaires A\u00e9ronefs - PSA","potentialAction":[{"@type":"SearchAction","target":{"@type":"EntryPoint","urlTemplate":"https:\/\/psa-paris.com\/fr\/?s={search_term_string}"},"query-input":{"@type":"PropertyValueSpecification","valueRequired":true,"valueName":"search_term_string"}}],"inLanguage":"fr-FR"}]}},"_links":{"self":[{"href":"https:\/\/psa-paris.com\/fr\/wp-json\/wp\/v2\/pages\/9844","targetHints":{"allow":["GET"]}}],"collection":[{"href":"https:\/\/psa-paris.com\/fr\/wp-json\/wp\/v2\/pages"}],"about":[{"href":"https:\/\/psa-paris.com\/fr\/wp-json\/wp\/v2\/types\/page"}],"author":[{"embeddable":true,"href":"https:\/\/psa-paris.com\/fr\/wp-json\/wp\/v2\/users\/1"}],"replies":[{"embeddable":true,"href":"https:\/\/psa-paris.com\/fr\/wp-json\/wp\/v2\/comments?post=9844"}],"version-history":[{"count":15,"href":"https:\/\/psa-paris.com\/fr\/wp-json\/wp\/v2\/pages\/9844\/revisions"}],"predecessor-version":[{"id":14703,"href":"https:\/\/psa-paris.com\/fr\/wp-json\/wp\/v2\/pages\/9844\/revisions\/14703"}],"wp:attachment":[{"href":"https:\/\/psa-paris.com\/fr\/wp-json\/wp\/v2\/media?parent=9844"}],"curies":[{"name":"wp","href":"https:\/\/api.w.org\/{rel}","templated":true}]}}