{"id":9845,"date":"2023-11-11T09:59:24","date_gmt":"2023-11-11T08:59:24","guid":{"rendered":"https:\/\/test-psadevincijunior-456.devincijunior.fr\/a_responsible_company\/"},"modified":"2024-06-12T14:46:40","modified_gmt":"2024-06-12T12:46:40","slug":"a_responsible_company","status":"publish","type":"page","link":"https:\/\/psa-paris.com\/fr\/a_responsible_company\/","title":{"rendered":"\u00c0 PROPOS DE NOUS UNE ENTREPRISE RESPONSABLE"},"content":{"rendered":"<div class=\"wpb-content-wrapper\"><p>[vc_row][vc_column width=\u00a0\u00bb1\/4&Prime;][vc_column_text]<\/p>\n<h4 style=\"text-align: left;\"><a href=\"https:\/\/psa-paris.com\/fr\/who_are_we\/\">QUI SOMMES-NOUS ?<\/a><\/h4>\n<p>[\/vc_column_text][vc_separator][vc_column_text]<\/p>\n<h4 style=\"text-align: left;\"><a href=\"https:\/\/psa-paris.com\/fr\/our_culture\/\">NOTRE CULTURE<\/a><\/h4>\n<p>[\/vc_column_text][vc_separator][vc_column_text]<\/p>\n<h4 style=\"text-align: left;\"><a href=\"https:\/\/psa-paris.com\/fr\/a_responsible_company\/\">UNE ENTREPRISE RESPONSABLE<\/a><\/h4>\n<p>[\/vc_column_text][vc_separator][vc_column_text]<\/p>\n<h4 style=\"text-align: left;\"><a href=\"https:\/\/psa-paris.com\/fr\/research_development\/\">RECHERCHE ET D\u00c9VELOPPEMENT<\/a><\/h4>\n<p>[\/vc_column_text][vc_separator][vc_column_text]<\/p>\n<h4 style=\"text-align: left;\"><a href=\"https:\/\/psa-paris.com\/fr\/where_we_operate\/\">NOS OPERATIONS<\/a><\/h4>\n<p>[\/vc_column_text][vc_separator][vc_column_text]<\/p>\n<h4 style=\"text-align: left;\"><a href=\"https:\/\/psa-paris.com\/fr\/accreditations_associations\/\">ACCR\u00c9DITATIONS ET ASSOCIATIONS<\/a><\/h4>\n<p>[\/vc_column_text][vc_separator][vc_column_text css=\u00a0\u00bb\u00a0\u00bb]<\/p>\n<h4 style=\"text-align: left;\"><a href=\"https:\/\/psa-paris.com\/wp-content\/uploads\/2024\/06\/PSA-Conditions-Generales-de-Vente-2020-FR.pdf\" target=\"_blank\" rel=\"noopener\">CONDITIONS G\u00c9N\u00c9RALES DE VENTE<\/a><\/h4>\n<p>[\/vc_column_text][\/vc_column][vc_column width=\u00a0\u00bb3\/4&Prime;][vc_single_image image=\u00a0\u00bb102&Prime; img_size=\u00a0\u00bblarge\u00a0\u00bb alignment=\u00a0\u00bbcenter\u00a0\u00bb][vc_column_text css=\u00a0\u00bb.vc_custom_1699692283364{margin-bottom: 0px !important;}\u00a0\u00bb]<\/p>\n<h3>PSA &#8211; UNE ENTREPRISE RESPONSABLE<\/h3>\n<p>[\/vc_column_text][vc_separator][vc_column_text]<\/p>\n<p style=\"text-align: justify;\">Nous sommes l&rsquo;un des principaux fabricants de produits chimiques sp\u00e9cialis\u00e9s, partenaire mondial des secteurs de l&rsquo;aviation et de la d\u00e9fense, ainsi que de secteurs de niche dans les domaines de la fabrication, de la sant\u00e9, des soins et de la vente au d\u00e9tail.<\/p>\n<p style=\"text-align: justify;\">En tant qu&rsquo;entreprise familiale, notre conviction fondamentale est de faire la diff\u00e9rence avec et pour notre personnel, les entreprises de nos clients et les march\u00e9s sur lesquels nous op\u00e9rons dans le monde entier, en laissant un h\u00e9ritage durable pour les g\u00e9n\u00e9rations \u00e0 venir.<\/p>\n<p style=\"text-align: justify;\">Avec une vision et des objectifs de d\u00e9veloppement ambitieux, PSA se d\u00e9veloppe et se concentre quotidiennement sur la cr\u00e9ation et le d\u00e9veloppement de produits et de solutions innovants et s\u00fbrs pour ses clients, avec une cha\u00eene d&rsquo;approvisionnement efficace et centr\u00e9e sur le service \u00e0 la client\u00e8le.<\/p>\n<p style=\"text-align: justify;\"><strong>L&rsquo;engagement de PSA en mati\u00e8re de responsabilit\u00e9 soci\u00e9tale, tant au niveau environnemental que social, reste au c\u0153ur de ses op\u00e9rations et de ses activit\u00e9s quotidiennes, et de la r\u00e9alisation de cette vision.<\/strong><\/p>\n<p style=\"text-align: justify;\"><strong>Depuis 2020, PSA est \u00e9valu\u00e9e chaque ann\u00e9e par ECOVADIS sur sa Responsabilit\u00e9 Soci\u00e9tale d&rsquo;Entreprise (RSE), et re\u00e7oit la m\u00e9daille de platine depuis 2021, ce qui positionne PSA dans le top 1 % des entreprises not\u00e9es du secteur<\/strong>.<\/p>\n<p>[\/vc_column_text][vc_single_image image=\u00a0\u00bb2570&Prime; img_size=\u00a0\u00bb100&#215;100&Prime; alignment=\u00a0\u00bbcenter\u00a0\u00bb][vc_column_text]<\/p>\n<p style=\"text-align: justify;\">Notre politique de RSE d\u00e9crit nos efforts pour rendre au monde ce qu&rsquo;il nous donne. Elle repose sur les deux piliers que sont la responsabilit\u00e9 environnementale et la responsabilit\u00e9 sociale des entreprises, ainsi que sur les deux principes de conformit\u00e9 et de proactivit\u00e9.<\/p>\n<p style=\"text-align: justify;\"><strong>Nous travaillons avec une vision et des politiques \u00e0 long terme qui comprennent le d\u00e9veloppement des employ\u00e9s, l&rsquo;engagement social, les domaines d&rsquo;innovation, l&rsquo;am\u00e9lioration quotidienne des op\u00e9rations et de l&rsquo;environnement pour des op\u00e9rations et des produits plus s\u00fbrs. <\/strong><\/p>\n<p style=\"text-align: justify;\">Pour ce faire, nous envisageons l&rsquo;objectif \u00ab\u00a0s\u00fbr\u00a0\u00bb sous l&rsquo;angle de la durabilit\u00e9 et de la s\u00e9curit\u00e9 pour les personnes, pour l&rsquo;environnement et pour les biens de nos clients qui utilisent nos produits et services.<\/p>\n<p>&nbsp;<\/p>\n<p><img loading=\"lazy\" decoding=\"async\" class=\"aligncenter wp-image-16\" src=\"https:\/\/psa-paris.com\/wp-content\/uploads\/2023\/11\/PSA-SAFE-CHEMICAL-SOLUTIONS-BLEU-FOND-TRANSPARENT-300x52.png\" alt=\"\" width=\"500\" height=\"87\" srcset=\"https:\/\/psa-paris.com\/wp-content\/uploads\/2023\/11\/PSA-SAFE-CHEMICAL-SOLUTIONS-BLEU-FOND-TRANSPARENT-300x52.png 300w, https:\/\/psa-paris.com\/wp-content\/uploads\/2023\/11\/PSA-SAFE-CHEMICAL-SOLUTIONS-BLEU-FOND-TRANSPARENT-1024x178.png 1024w, https:\/\/psa-paris.com\/wp-content\/uploads\/2023\/11\/PSA-SAFE-CHEMICAL-SOLUTIONS-BLEU-FOND-TRANSPARENT-768x134.png 768w, https:\/\/psa-paris.com\/wp-content\/uploads\/2023\/11\/PSA-SAFE-CHEMICAL-SOLUTIONS-BLEU-FOND-TRANSPARENT-1536x267.png 1536w, https:\/\/psa-paris.com\/wp-content\/uploads\/2023\/11\/PSA-SAFE-CHEMICAL-SOLUTIONS-BLEU-FOND-TRANSPARENT.png 1540w\" sizes=\"auto, (max-width: 500px) 100vw, 500px\" \/><\/p>\n<p>&nbsp;<\/p>\n<p style=\"text-align: justify;\"><strong>\u00ab\u00a0TAKE CARE\u00a0\u00bb est notre feuille de route en mati\u00e8re de responsabilit\u00e9 et de d\u00e9veloppement durable.<\/strong><\/p>\n<ul style=\"text-align: justify;\">\n<li>Prendre soin de nos collaborateurs<\/li>\n<li>Prendre soin de nos clients et de leurs propres clients.<\/li>\n<li>Prendre soin de l&rsquo;environnement<\/li>\n<\/ul>\n<p style=\"text-align: justify;\">Initi\u00e9e en 2019, cette feuille de route regroupe nos politiques, engagements et initiatives autour des 4 axes cl\u00e9s suivants :<\/p>\n<p>&nbsp;<\/p>\n<p><img loading=\"lazy\" decoding=\"async\" class=\"aligncenter wp-image-103\" src=\"https:\/\/psa-paris.com\/wp-content\/uploads\/2023\/11\/3-Axes-of-PSA-TAKING-CARE-CSR-roadmap-300x96.png\" alt=\"\" width=\"600\" height=\"193\" srcset=\"https:\/\/psa-paris.com\/wp-content\/uploads\/2023\/11\/3-Axes-of-PSA-TAKING-CARE-CSR-roadmap-300x96.png 300w, https:\/\/psa-paris.com\/wp-content\/uploads\/2023\/11\/3-Axes-of-PSA-TAKING-CARE-CSR-roadmap-1024x329.png 1024w, https:\/\/psa-paris.com\/wp-content\/uploads\/2023\/11\/3-Axes-of-PSA-TAKING-CARE-CSR-roadmap-768x247.png 768w, https:\/\/psa-paris.com\/wp-content\/uploads\/2023\/11\/3-Axes-of-PSA-TAKING-CARE-CSR-roadmap-1536x493.png 1536w, https:\/\/psa-paris.com\/wp-content\/uploads\/2023\/11\/3-Axes-of-PSA-TAKING-CARE-CSR-roadmap-2048x657.png 2048w\" sizes=\"auto, (max-width: 600px) 100vw, 600px\" \/><\/p>\n<p>&nbsp;<\/p>\n<p style=\"text-align: justify;\"><strong>Les principaux moteurs et \u00e9tapes de notre feuille de route \u00ab\u00a0TAKE CARE\u00a0\u00bb depuis sa cr\u00e9ation sont :<\/strong><\/p>\n<p style=\"text-align: justify;\">Engagement de toutes les \u00e9quipes chez PSA, qui partagent des objectifs et des actions impliquant tout le monde.<\/p>\n<p style=\"text-align: justify;\">\u00b0 Implication de tiers : nos sous-traitants d&rsquo;ingr\u00e9dients et de composants ; et nos fabricants de tiers partenaires \u00e0 long terme qui compl\u00e8tent les capacit\u00e9s de fabrication de Callington-PSA dans le monde entier.<\/p>\n<p style=\"text-align: justify;\">\u00b0 Actions et indicateurs li\u00e9s aux objectifs de d\u00e9veloppement durable (ODD) de l&rsquo;Organisation des Nations unies (ONU).<\/p>\n<p style=\"text-align: justify;\">\u00b0 Bio-conception ou \u00ab\u00a0re-conception\u00a0\u00bb pour nos solutions chimiques et leurs \u00e9volutions.<\/p>\n<p style=\"text-align: justify;\">\u00b0 Le calcul de l&#8217;empreinte carbone de l&rsquo;entreprise et de l&#8217;empreinte carbone des produits, en vue de guider nos actions et de participer activement \u00e0 l&rsquo;\u00e9tablissement de relations de confiance \u00e0 long terme avec nos clients et les tiers.<\/p>\n<p style=\"text-align: justify;\">\u00b0 Le bien-\u00eatre et la formation de nos employ\u00e9s.<\/p>\n<p style=\"text-align: justify;\">\u00b0 \u00c9valuation annuelle de la RSE et notation de la durabilit\u00e9 de notre entreprise et de nos activit\u00e9s.<\/p>\n<p>&nbsp;<\/p>\n<p><img loading=\"lazy\" decoding=\"async\" class=\"aligncenter wp-image-104\" src=\"https:\/\/psa-paris.com\/wp-content\/uploads\/2023\/11\/4-UN-Sustainable-Development-Goals-300x180.png\" alt=\"\" width=\"400\" height=\"240\" srcset=\"https:\/\/psa-paris.com\/wp-content\/uploads\/2023\/11\/4-UN-Sustainable-Development-Goals-300x180.png 300w, https:\/\/psa-paris.com\/wp-content\/uploads\/2023\/11\/4-UN-Sustainable-Development-Goals-1024x614.png 1024w, https:\/\/psa-paris.com\/wp-content\/uploads\/2023\/11\/4-UN-Sustainable-Development-Goals-768x461.png 768w, https:\/\/psa-paris.com\/wp-content\/uploads\/2023\/11\/4-UN-Sustainable-Development-Goals-1536x921.png 1536w, https:\/\/psa-paris.com\/wp-content\/uploads\/2023\/11\/4-UN-Sustainable-Development-Goals-2048x1228.png 2048w\" sizes=\"auto, (max-width: 400px) 100vw, 400px\" \/><\/p>\n<p>&nbsp;<\/p>\n<p style=\"text-align: justify;\"><strong>Pour les clients de PSA et pour l&rsquo;environnement, cela signifie<\/strong> : D\u00e9veloppement et reconception de gammes de produits, sp\u00e9cifiquement formul\u00e9s en se concentrant sur les aspects cl\u00e9s de la s\u00e9curit\u00e9 et de l&rsquo;environnement (formulations biod\u00e9gradables, exclusion de certains ingr\u00e9dients, ingr\u00e9dients bio-sourc\u00e9s&#8230;) ; Formulations plus concentr\u00e9es, permettant une logistique optimis\u00e9e et une utilisation polyvalente ; Nouveaux formats, avec de nouveaux emballages recyclables et les premiers produits avec des emballages fabriqu\u00e9s \u00e0 partir de 100% de plastique recycl\u00e9 post-consommation ; La possibilit\u00e9 de progresser dans leur propre engagement en mati\u00e8re de durabilit\u00e9 et de mesure et de r\u00e9duction de l&#8217;empreinte carbone: <strong>En juin 2023, PSA est le premier fabricant de produits chimiques pour l&rsquo;aviation \u00e0 proposer des solutions approuv\u00e9es usage a\u00e9ronautique, avec une empreinte carbone calcul\u00e9e et une compensation carbone pour des produits neutres en carbone (Net Zero CO2)<\/strong>:<\/p>\n<p><img loading=\"lazy\" decoding=\"async\" class=\"aligncenter wp-image-366\" src=\"https:\/\/psa-paris.com\/wp-content\/uploads\/2023\/11\/CO2-NEUTRAL-Products-and-Our-focus-v2.png\" alt=\"\" width=\"600\" height=\"145\" srcset=\"https:\/\/psa-paris.com\/wp-content\/uploads\/2023\/11\/CO2-NEUTRAL-Products-and-Our-focus-v2.png 839w, https:\/\/psa-paris.com\/wp-content\/uploads\/2023\/11\/CO2-NEUTRAL-Products-and-Our-focus-v2-300x73.png 300w, https:\/\/psa-paris.com\/wp-content\/uploads\/2023\/11\/CO2-NEUTRAL-Products-and-Our-focus-v2-768x186.png 768w\" sizes=\"auto, (max-width: 600px) 100vw, 600px\" \/><\/p>\n<p>&nbsp;<\/p>\n<p><img loading=\"lazy\" decoding=\"async\" class=\"aligncenter wp-image-106 size-large\" src=\"https:\/\/psa-paris.com\/wp-content\/uploads\/2023\/11\/6-CO2-Compensated-Products-1024x235.jpg\" alt=\"\" width=\"1024\" height=\"235\" srcset=\"https:\/\/psa-paris.com\/wp-content\/uploads\/2023\/11\/6-CO2-Compensated-Products-1024x235.jpg 1024w, https:\/\/psa-paris.com\/wp-content\/uploads\/2023\/11\/6-CO2-Compensated-Products-300x69.jpg 300w, https:\/\/psa-paris.com\/wp-content\/uploads\/2023\/11\/6-CO2-Compensated-Products-768x176.jpg 768w, https:\/\/psa-paris.com\/wp-content\/uploads\/2023\/11\/6-CO2-Compensated-Products-1536x352.jpg 1536w, https:\/\/psa-paris.com\/wp-content\/uploads\/2023\/11\/6-CO2-Compensated-Products-2048x469.jpg 2048w\" sizes=\"auto, (max-width: 1024px) 100vw, 1024px\" \/><\/p>\n<p>&nbsp;<\/p>\n<p style=\"text-align: center;\"><strong>D\u00e9couvrez nos initiatives et nos investissements en mati\u00e8re de compensation de l&#8217;empreinte carbone des produits<\/strong>:<\/p>\n<p><a href=\"https:\/\/fpm.climatepartner.com\/tracking\/15744-2307-1001\/eng\" target=\"_blank\" rel=\"noopener\"><img loading=\"lazy\" decoding=\"async\" class=\"aligncenter wp-image-107\" src=\"https:\/\/psa-paris.com\/wp-content\/uploads\/2023\/11\/v2018qr_EN_C_15744-2307-1001_CO2-compensated-300x50.png\" alt=\"\" width=\"400\" height=\"66\" srcset=\"https:\/\/psa-paris.com\/wp-content\/uploads\/2023\/11\/v2018qr_EN_C_15744-2307-1001_CO2-compensated-300x50.png 300w, https:\/\/psa-paris.com\/wp-content\/uploads\/2023\/11\/v2018qr_EN_C_15744-2307-1001_CO2-compensated-1024x169.png 1024w, https:\/\/psa-paris.com\/wp-content\/uploads\/2023\/11\/v2018qr_EN_C_15744-2307-1001_CO2-compensated-768x127.png 768w, https:\/\/psa-paris.com\/wp-content\/uploads\/2023\/11\/v2018qr_EN_C_15744-2307-1001_CO2-compensated-1536x254.png 1536w, https:\/\/psa-paris.com\/wp-content\/uploads\/2023\/11\/v2018qr_EN_C_15744-2307-1001_CO2-compensated.png 1998w\" sizes=\"auto, (max-width: 400px) 100vw, 400px\" \/><\/a><\/p>\n<p>&nbsp;<\/p>\n<p style=\"text-align: justify;\"><strong>Pour les employ\u00e9s de PSA, cela signifie en particulier<\/strong> : Un budget pour la formation et le d\u00e9veloppement des comp\u00e9tences sup\u00e9rieur \u00e0 3% de la masse salariale ; Un accent mis sur la responsabilisation et l&rsquo;augmentation de l&rsquo;implication et de la collaboration interne, avec un partage de l&rsquo;information et une responsabilisation favoris\u00e9s par des r\u00e9unions de partage cl\u00e9s sur les priorit\u00e9s, les r\u00e9alisations et les progr\u00e8s, avec une vision \u00e0 court, moyen et long terme ; Une politique de ressources humaines favorisant l&rsquo;alternance comme moyen d&rsquo;int\u00e9gration de notre main-d&rsquo;\u0153uvre, et un contr\u00f4le du turnover, de l&rsquo;\u00e2ge et de la diversit\u00e9 des employ\u00e9s dans l&rsquo;entreprise ; Un environnement de travail agr\u00e9able ; Des processus d\u00e9mat\u00e9rialis\u00e9s accrus pour simplifier les principales proc\u00e9dures administratives internes ; Des \u00e9v\u00e9nements sociaux d&rsquo;entreprise r\u00e9guliers avec des d\u00e9fis et du team building ; Le tri et la r\u00e9duction des d\u00e9chets dans tous les locaux ; Une prise de conscience accrue de l&rsquo;impact environnemental de leurs activit\u00e9s individuelles et collectives dans et pour PSA.<\/p>\n<p style=\"text-align: justify;\"><strong>En plus de son initiative sur l&#8217;empreinte carbone des produits, PSA calcule \u00e9galement son empreinte carbone annuelle (Scope1, Scope 2 et Scope 3 partiel) depuis 2019, et compense d\u00e9sormais cette empreinte carbone.<\/strong><\/p>\n<p>&nbsp;<\/p>\n<p><a href=\"https:\/\/fpm.climatepartner.com\/tracking\/15744-2309-1001\/en\" target=\"_blank\" rel=\"noopener\"><img loading=\"lazy\" decoding=\"async\" class=\"aligncenter wp-image-108 size-medium\" src=\"https:\/\/psa-paris.com\/wp-content\/uploads\/2023\/11\/8-15744-2308-1001_Certificat_PSA_FR_CCF2022-212x300.jpg\" alt=\"\" width=\"212\" height=\"300\" srcset=\"https:\/\/psa-paris.com\/wp-content\/uploads\/2023\/11\/8-15744-2308-1001_Certificat_PSA_FR_CCF2022-212x300.jpg 212w, https:\/\/psa-paris.com\/wp-content\/uploads\/2023\/11\/8-15744-2308-1001_Certificat_PSA_FR_CCF2022.jpg 672w\" sizes=\"auto, (max-width: 212px) 100vw, 212px\" \/><\/a><\/p>\n<p>&nbsp;<\/p>\n<p style=\"text-align: justify;\"><strong>Pour nos fournisseurs et les tiers cl\u00e9s :<\/strong> L&rsquo;\u00e9laboration et la signature d&rsquo;une Charte pour les Achats et le D\u00e9veloppement Durable ; La coop\u00e9ration et l&rsquo;implication dans le d\u00e9veloppement de solutions plus durables (gaz propulseurs, ingr\u00e9dients, composants et emballages primaires et secondaires, logistique) ; Le travail partag\u00e9 sur le calcul de l&#8217;empreinte carbone des produits PSA ; Le d\u00e9veloppement et le renforcement de partenariats \u00e0 long terme ; La promotion et le d\u00e9veloppement par PSA du recours aux emplois aid\u00e9s et aux entreprises adapt\u00e9es (ESAT, associations de personnes handicap\u00e9es, d\u00e9tenus&#8230;) pour certaines op\u00e9rations n\u00e9cessaires de tri, de retraitement, d&rsquo;\u00e9tiquetage, de nettoyage des locaux, de jardinage, ou de livraisons de proximit\u00e9.<\/p>\n<p style=\"text-align: justify;\"><strong>PSA n&rsquo;a pas encore sign\u00e9 le Pacte Mondial des Nations Unies, mais s&rsquo;est engag\u00e9, dans l&rsquo;intervalle, \u00e0 le respecter et \u00e0 s&rsquo;orienter vers une d\u00e9marche de plus en plus structur\u00e9e, avec pour objectif un Agenda 21 fort de significations et d&rsquo;actions.<\/strong><\/p>\n<p>[\/vc_column_text][\/vc_column][\/vc_row]<\/p>\n<\/div>","protected":false},"excerpt":{"rendered":"<p>[vc_row][vc_column width=\u00a0\u00bb1\/4&Prime;][vc_column_text] QUI SOMMES-NOUS ? [\/vc_column_text][vc_separator][vc_column_text] NOTRE CULTURE [\/vc_column_text][vc_separator][vc_column_text] UNE ENTREPRISE RESPONSABLE [\/vc_column_text][vc_separator][vc_column_text] RECHERCHE ET D\u00c9VELOPPEMENT [\/vc_column_text][vc_separator][vc_column_text] NOS OPERATIONS [\/vc_column_text][vc_separator][vc_column_text] ACCR\u00c9DITATIONS ET ASSOCIATIONS [\/vc_column_text][vc_separator][vc_column_text css=\u00a0\u00bb\u00a0\u00bb] CONDITIONS G\u00c9N\u00c9RALES DE VENTE [\/vc_column_text][\/vc_column][vc_column width=\u00a0\u00bb3\/4&Prime;][vc_single_image image=\u00a0\u00bb102&Prime; img_size=\u00a0\u00bblarge\u00a0\u00bb alignment=\u00a0\u00bbcenter\u00a0\u00bb][vc_column_text css=\u00a0\u00bb.vc_custom_1699692283364{margin-bottom: 0px !important;}\u00a0\u00bb] PSA &#8211; UNE ENTREPRISE RESPONSABLE [\/vc_column_text][vc_separator][vc_column_text] Nous sommes l&rsquo;un des principaux fabricants de produits chimiques sp\u00e9cialis\u00e9s, partenaire mondial&hellip;<\/p>\n","protected":false},"author":1,"featured_media":0,"parent":0,"menu_order":0,"comment_status":"closed","ping_status":"closed","template":"","meta":{"_acf_changed":false,"footnotes":""},"class_list":["post-9845","page","type-page","status-publish","hentry","description-off"],"acf":[],"yoast_head":"<!-- This site is optimized with the Yoast SEO plugin v26.4 - https:\/\/yoast.com\/wordpress\/plugins\/seo\/ -->\n<title>\u00c0 PROPOS DE NOUS UNE ENTREPRISE RESPONSABLE - PSA<\/title>\n<meta name=\"description\" content=\"Nous sommes l&#039;un des principaux fabricants de produits chimiques sp\u00e9cialis\u00e9s, partenaire mondial des secteurs de l&#039;aviation et de la d\u00e9fense.\" \/>\n<meta name=\"robots\" content=\"index, follow, max-snippet:-1, max-image-preview:large, max-video-preview:-1\" \/>\n<link rel=\"canonical\" href=\"https:\/\/psa-paris.com\/fr\/a_responsible_company\/\" \/>\n<meta property=\"og:locale\" content=\"fr_FR\" \/>\n<meta property=\"og:type\" content=\"article\" \/>\n<meta property=\"og:title\" content=\"\u00c0 PROPOS DE NOUS UNE ENTREPRISE RESPONSABLE - PSA\" \/>\n<meta property=\"og:description\" content=\"Nous sommes l&#039;un des principaux fabricants de produits chimiques sp\u00e9cialis\u00e9s, partenaire mondial des secteurs de l&#039;aviation et de la d\u00e9fense.\" \/>\n<meta property=\"og:url\" content=\"https:\/\/psa-paris.com\/fr\/a_responsible_company\/\" \/>\n<meta property=\"og:site_name\" content=\"PSA\" \/>\n<meta property=\"article:modified_time\" content=\"2024-06-12T12:46:40+00:00\" \/>\n<meta property=\"og:image\" content=\"https:\/\/psa-paris.com\/wp-content\/uploads\/2023\/11\/PSA-SAFE-CHEMICAL-SOLUTIONS-BLEU-FOND-TRANSPARENT-300x52.png\" \/>\n<meta name=\"twitter:card\" content=\"summary_large_image\" \/>\n<meta name=\"twitter:label1\" content=\"Dur\u00e9e de lecture estim\u00e9e\" \/>\n\t<meta name=\"twitter:data1\" content=\"7 minutes\" \/>\n<script type=\"application\/ld+json\" class=\"yoast-schema-graph\">{\"@context\":\"https:\/\/schema.org\",\"@graph\":[{\"@type\":\"WebPage\",\"@id\":\"https:\/\/psa-paris.com\/fr\/a_responsible_company\/\",\"url\":\"https:\/\/psa-paris.com\/fr\/a_responsible_company\/\",\"name\":\"\u00c0 PROPOS DE NOUS UNE ENTREPRISE RESPONSABLE - PSA\",\"isPartOf\":{\"@id\":\"https:\/\/psa-paris.com\/fr\/#website\"},\"primaryImageOfPage\":{\"@id\":\"https:\/\/psa-paris.com\/fr\/a_responsible_company\/#primaryimage\"},\"image\":{\"@id\":\"https:\/\/psa-paris.com\/fr\/a_responsible_company\/#primaryimage\"},\"thumbnailUrl\":\"https:\/\/psa-paris.com\/wp-content\/uploads\/2023\/11\/PSA-SAFE-CHEMICAL-SOLUTIONS-BLEU-FOND-TRANSPARENT-300x52.png\",\"datePublished\":\"2023-11-11T08:59:24+00:00\",\"dateModified\":\"2024-06-12T12:46:40+00:00\",\"description\":\"Nous sommes l'un des principaux fabricants de produits chimiques sp\u00e9cialis\u00e9s, partenaire mondial des secteurs de l'aviation et de la d\u00e9fense.\",\"breadcrumb\":{\"@id\":\"https:\/\/psa-paris.com\/fr\/a_responsible_company\/#breadcrumb\"},\"inLanguage\":\"fr-FR\",\"potentialAction\":[{\"@type\":\"ReadAction\",\"target\":[\"https:\/\/psa-paris.com\/fr\/a_responsible_company\/\"]}]},{\"@type\":\"ImageObject\",\"inLanguage\":\"fr-FR\",\"@id\":\"https:\/\/psa-paris.com\/fr\/a_responsible_company\/#primaryimage\",\"url\":\"https:\/\/psa-paris.com\/wp-content\/uploads\/2023\/11\/PSA-SAFE-CHEMICAL-SOLUTIONS-BLEU-FOND-TRANSPARENT-300x52.png\",\"contentUrl\":\"https:\/\/psa-paris.com\/wp-content\/uploads\/2023\/11\/PSA-SAFE-CHEMICAL-SOLUTIONS-BLEU-FOND-TRANSPARENT-300x52.png\"},{\"@type\":\"BreadcrumbList\",\"@id\":\"https:\/\/psa-paris.com\/fr\/a_responsible_company\/#breadcrumb\",\"itemListElement\":[{\"@type\":\"ListItem\",\"position\":1,\"name\":\"Accueil\",\"item\":\"https:\/\/psa-paris.com\/fr\/\"},{\"@type\":\"ListItem\",\"position\":2,\"name\":\"\u00c0 PROPOS DE NOUS UNE ENTREPRISE RESPONSABLE\"}]},{\"@type\":\"WebSite\",\"@id\":\"https:\/\/psa-paris.com\/fr\/#website\",\"url\":\"https:\/\/psa-paris.com\/fr\/\",\"name\":\"PSA\",\"description\":\"Produits Sanitaires A\u00e9ronefs - PSA\",\"potentialAction\":[{\"@type\":\"SearchAction\",\"target\":{\"@type\":\"EntryPoint\",\"urlTemplate\":\"https:\/\/psa-paris.com\/fr\/?s={search_term_string}\"},\"query-input\":{\"@type\":\"PropertyValueSpecification\",\"valueRequired\":true,\"valueName\":\"search_term_string\"}}],\"inLanguage\":\"fr-FR\"}]}<\/script>\n<!-- \/ Yoast SEO plugin. -->","yoast_head_json":{"title":"\u00c0 PROPOS DE NOUS UNE ENTREPRISE RESPONSABLE - PSA","description":"Nous sommes l'un des principaux fabricants de produits chimiques sp\u00e9cialis\u00e9s, partenaire mondial des secteurs de l'aviation et de la d\u00e9fense.","robots":{"index":"index","follow":"follow","max-snippet":"max-snippet:-1","max-image-preview":"max-image-preview:large","max-video-preview":"max-video-preview:-1"},"canonical":"https:\/\/psa-paris.com\/fr\/a_responsible_company\/","og_locale":"fr_FR","og_type":"article","og_title":"\u00c0 PROPOS DE NOUS UNE ENTREPRISE RESPONSABLE - PSA","og_description":"Nous sommes l'un des principaux fabricants de produits chimiques sp\u00e9cialis\u00e9s, partenaire mondial des secteurs de l'aviation et de la d\u00e9fense.","og_url":"https:\/\/psa-paris.com\/fr\/a_responsible_company\/","og_site_name":"PSA","article_modified_time":"2024-06-12T12:46:40+00:00","og_image":[{"url":"https:\/\/psa-paris.com\/wp-content\/uploads\/2023\/11\/PSA-SAFE-CHEMICAL-SOLUTIONS-BLEU-FOND-TRANSPARENT-300x52.png","type":"","width":"","height":""}],"twitter_card":"summary_large_image","twitter_misc":{"Dur\u00e9e de lecture estim\u00e9e":"7 minutes"},"schema":{"@context":"https:\/\/schema.org","@graph":[{"@type":"WebPage","@id":"https:\/\/psa-paris.com\/fr\/a_responsible_company\/","url":"https:\/\/psa-paris.com\/fr\/a_responsible_company\/","name":"\u00c0 PROPOS DE NOUS UNE ENTREPRISE RESPONSABLE - PSA","isPartOf":{"@id":"https:\/\/psa-paris.com\/fr\/#website"},"primaryImageOfPage":{"@id":"https:\/\/psa-paris.com\/fr\/a_responsible_company\/#primaryimage"},"image":{"@id":"https:\/\/psa-paris.com\/fr\/a_responsible_company\/#primaryimage"},"thumbnailUrl":"https:\/\/psa-paris.com\/wp-content\/uploads\/2023\/11\/PSA-SAFE-CHEMICAL-SOLUTIONS-BLEU-FOND-TRANSPARENT-300x52.png","datePublished":"2023-11-11T08:59:24+00:00","dateModified":"2024-06-12T12:46:40+00:00","description":"Nous sommes l'un des principaux fabricants de produits chimiques sp\u00e9cialis\u00e9s, partenaire mondial des secteurs de l'aviation et de la d\u00e9fense.","breadcrumb":{"@id":"https:\/\/psa-paris.com\/fr\/a_responsible_company\/#breadcrumb"},"inLanguage":"fr-FR","potentialAction":[{"@type":"ReadAction","target":["https:\/\/psa-paris.com\/fr\/a_responsible_company\/"]}]},{"@type":"ImageObject","inLanguage":"fr-FR","@id":"https:\/\/psa-paris.com\/fr\/a_responsible_company\/#primaryimage","url":"https:\/\/psa-paris.com\/wp-content\/uploads\/2023\/11\/PSA-SAFE-CHEMICAL-SOLUTIONS-BLEU-FOND-TRANSPARENT-300x52.png","contentUrl":"https:\/\/psa-paris.com\/wp-content\/uploads\/2023\/11\/PSA-SAFE-CHEMICAL-SOLUTIONS-BLEU-FOND-TRANSPARENT-300x52.png"},{"@type":"BreadcrumbList","@id":"https:\/\/psa-paris.com\/fr\/a_responsible_company\/#breadcrumb","itemListElement":[{"@type":"ListItem","position":1,"name":"Accueil","item":"https:\/\/psa-paris.com\/fr\/"},{"@type":"ListItem","position":2,"name":"\u00c0 PROPOS DE NOUS UNE ENTREPRISE RESPONSABLE"}]},{"@type":"WebSite","@id":"https:\/\/psa-paris.com\/fr\/#website","url":"https:\/\/psa-paris.com\/fr\/","name":"PSA","description":"Produits Sanitaires A\u00e9ronefs - PSA","potentialAction":[{"@type":"SearchAction","target":{"@type":"EntryPoint","urlTemplate":"https:\/\/psa-paris.com\/fr\/?s={search_term_string}"},"query-input":{"@type":"PropertyValueSpecification","valueRequired":true,"valueName":"search_term_string"}}],"inLanguage":"fr-FR"}]}},"_links":{"self":[{"href":"https:\/\/psa-paris.com\/fr\/wp-json\/wp\/v2\/pages\/9845","targetHints":{"allow":["GET"]}}],"collection":[{"href":"https:\/\/psa-paris.com\/fr\/wp-json\/wp\/v2\/pages"}],"about":[{"href":"https:\/\/psa-paris.com\/fr\/wp-json\/wp\/v2\/types\/page"}],"author":[{"embeddable":true,"href":"https:\/\/psa-paris.com\/fr\/wp-json\/wp\/v2\/users\/1"}],"replies":[{"embeddable":true,"href":"https:\/\/psa-paris.com\/fr\/wp-json\/wp\/v2\/comments?post=9845"}],"version-history":[{"count":19,"href":"https:\/\/psa-paris.com\/fr\/wp-json\/wp\/v2\/pages\/9845\/revisions"}],"predecessor-version":[{"id":15710,"href":"https:\/\/psa-paris.com\/fr\/wp-json\/wp\/v2\/pages\/9845\/revisions\/15710"}],"wp:attachment":[{"href":"https:\/\/psa-paris.com\/fr\/wp-json\/wp\/v2\/media?parent=9845"}],"curies":[{"name":"wp","href":"https:\/\/api.w.org\/{rel}","templated":true}]}}