{"id":9846,"date":"2023-11-11T09:40:52","date_gmt":"2023-11-11T08:40:52","guid":{"rendered":"https:\/\/test-psadevincijunior-456.devincijunior.fr\/our_culture\/"},"modified":"2024-04-09T23:58:15","modified_gmt":"2024-04-09T21:58:15","slug":"our_culture","status":"publish","type":"page","link":"https:\/\/psa-paris.com\/fr\/our_culture\/","title":{"rendered":"\u00c0 PROPOS DE NOUS NOTRE CULTURE"},"content":{"rendered":"<div class=\"wpb-content-wrapper\"><p>[vc_row][vc_column width=\u00a0\u00bb1\/4&Prime;][vc_column_text]<\/p>\n<h4 style=\"text-align: left;\"><a href=\"https:\/\/psa-paris.com\/fr\/who_are_we\/\">QUI SOMMES-NOUS ?<\/a><\/h4>\n<p>[\/vc_column_text][vc_separator][vc_column_text]<\/p>\n<h4 style=\"text-align: left;\"><a href=\"https:\/\/psa-paris.com\/fr\/our_culture\/\">NOTRE CULTURE<\/a><\/h4>\n<p>[\/vc_column_text][vc_separator][vc_column_text]<\/p>\n<h4 style=\"text-align: left;\"><a href=\"https:\/\/psa-paris.com\/fr\/a_responsible_company\/\">UNE ENTREPRISE RESPONSABLE<\/a><\/h4>\n<p>[\/vc_column_text][vc_separator][vc_column_text]<\/p>\n<h4 style=\"text-align: left;\"><a href=\"https:\/\/psa-paris.com\/fr\/research_development\/\">RECHERCHE ET D\u00c9VELOPPEMENT<\/a><\/h4>\n<p>[\/vc_column_text][vc_separator][vc_column_text]<\/p>\n<h4 style=\"text-align: left;\"><a href=\"https:\/\/psa-paris.com\/fr\/where_we_operate\/\">NOS OPERATIONS<\/a><\/h4>\n<p>[\/vc_column_text][vc_separator][vc_column_text]<\/p>\n<h4 style=\"text-align: left;\"><a href=\"https:\/\/psa-paris.com\/fr\/accreditations_associations\/\">ACCR\u00c9DITATIONS ET ASSOCIATIONS<\/a><\/h4>\n<p>[\/vc_column_text][vc_separator][vc_column_text]<\/p>\n<h4 style=\"text-align: left;\"><a href=\"https:\/\/psa-paris.com\/wp-content\/uploads\/2023\/11\/PSA-General-Conditions-and-Terms-of-Sale-2020-EN-nov2020.pdf\">CONDITIONS G\u00c9N\u00c9RALES DE VENTE<\/a><\/h4>\n<p>[\/vc_column_text][\/vc_column][vc_column width=\u00a0\u00bb3\/4&Prime;][vc_single_image image=\u00a0\u00bb91&Prime; img_size=\u00a0\u00bblarge\u00a0\u00bb alignment=\u00a0\u00bbcenter\u00a0\u00bb][vc_column_text css=\u00a0\u00bb.vc_custom_1699691457141{margin-bottom: 0px !important;}\u00a0\u00bb]<\/p>\n<h3>NOTRE CULTURE<\/h3>\n<p>[\/vc_column_text][vc_separator][vc_column_text]<\/p>\n<p style=\"text-align: justify;\">Nous sommes l&rsquo;un des principaux fabricants de produits chimiques sp\u00e9cialis\u00e9s, partenaire mondial des secteurs de l&rsquo;aviation et de la d\u00e9fense, ainsi que de secteurs de niche dans les domaines de la fabrication, de la sant\u00e9, des soins et de la vente au d\u00e9tail.<\/p>\n<p style=\"text-align: justify;\">En tant qu&rsquo;entreprise familiale, notre conviction fondamentale est de faire la diff\u00e9rence avec et pour notre personnel, les entreprises de nos clients et les march\u00e9s sur lesquels nous op\u00e9rons dans le monde entier, en laissant un h\u00e9ritage durable pour les g\u00e9n\u00e9rations \u00e0 venir.<\/p>\n<p style=\"text-align: justify;\">Notre mission, notre vision et nos valeurs, renforc\u00e9es par des politiques internes claires, forment ensemble le cadre commun de notre culture, qui est au c\u0153ur de la mani\u00e8re dont nous exer\u00e7ons nos activit\u00e9s.<\/p>\n<p><img loading=\"lazy\" decoding=\"async\" class=\"aligncenter wp-image-92\" src=\"https:\/\/psa-paris.com\/wp-content\/uploads\/2023\/11\/1Mission-Vision-Values-300x300.png\" alt=\"\" width=\"200\" height=\"200\" srcset=\"https:\/\/psa-paris.com\/wp-content\/uploads\/2023\/11\/1Mission-Vision-Values-300x300.png 300w, https:\/\/psa-paris.com\/wp-content\/uploads\/2023\/11\/1Mission-Vision-Values-150x150.png 150w, https:\/\/psa-paris.com\/wp-content\/uploads\/2023\/11\/1Mission-Vision-Values.png 360w\" sizes=\"auto, (max-width: 200px) 100vw, 200px\" \/><\/p>\n<p style=\"text-align: justify;\">Chaque jour, nous d\u00e9veloppons de mani\u00e8re responsable des solutions chimiques sp\u00e9cialis\u00e9es qui contribuent \u00e0 rendre le monde plus s\u00fbr, \u00e0 pr\u00e9venir la propagation des maladies, \u00e0 assurer la propret\u00e9 et le bien-\u00eatre, \u00e0 prot\u00e9ger les personnes et les biens de valeur, et \u00e0 am\u00e9liorer les processus de fabrication.<\/p>\n<p style=\"text-align: justify;\">Engag\u00e9s dans notre responsabilit\u00e9 soci\u00e9tale, tant au niveau environnemental que social, nous combinons l&rsquo;expertise et l&rsquo;innovation technologiques avec une fabrication durable de classe mondiale et l&rsquo;excellence des processus.<\/p>\n<p><img loading=\"lazy\" decoding=\"async\" class=\"aligncenter wp-image-16\" src=\"https:\/\/psa-paris.com\/wp-content\/uploads\/2023\/11\/PSA-SAFE-CHEMICAL-SOLUTIONS-BLEU-FOND-TRANSPARENT-1024x178.png\" alt=\"\" width=\"500\" height=\"87\" srcset=\"https:\/\/psa-paris.com\/wp-content\/uploads\/2023\/11\/PSA-SAFE-CHEMICAL-SOLUTIONS-BLEU-FOND-TRANSPARENT-1024x178.png 1024w, https:\/\/psa-paris.com\/wp-content\/uploads\/2023\/11\/PSA-SAFE-CHEMICAL-SOLUTIONS-BLEU-FOND-TRANSPARENT-300x52.png 300w, https:\/\/psa-paris.com\/wp-content\/uploads\/2023\/11\/PSA-SAFE-CHEMICAL-SOLUTIONS-BLEU-FOND-TRANSPARENT-768x134.png 768w, https:\/\/psa-paris.com\/wp-content\/uploads\/2023\/11\/PSA-SAFE-CHEMICAL-SOLUTIONS-BLEU-FOND-TRANSPARENT-1536x267.png 1536w, https:\/\/psa-paris.com\/wp-content\/uploads\/2023\/11\/PSA-SAFE-CHEMICAL-SOLUTIONS-BLEU-FOND-TRANSPARENT.png 1540w\" sizes=\"auto, (max-width: 500px) 100vw, 500px\" \/><\/p>\n<p style=\"text-align: justify;\">Avec l&rsquo;objectif clair de devenir le fournisseur mondial de choix de solutions de chimie innovantes et s\u00fbres pour les secteurs de l&rsquo;aviation civile et militaire, pour toutes les applications cl\u00e9s de nettoyage, de d\u00e9sinfection et de d\u00e9sinsectisation, pour la protection personnelle et l&rsquo;hygi\u00e8ne, ainsi que pour la maintenance des a\u00e9ronefs, nous fournissons un service professionnel et r\u00e9actif \u00e0 nos clients \u00e0 tout moment.<\/p>\n<p style=\"text-align: justify;\">Avec le succ\u00e8s de nos clients \u00e0 l&rsquo;esprit et pour renforcer nos relations durables et mutuellement b\u00e9n\u00e9fiques, notre action est efficace et responsable, et d\u00e9montre notre engagement pour la qualit\u00e9 et l&rsquo;excellence. Nos fournisseurs et prestataires de services sont de v\u00e9ritables partenaires avec lesquels nous \u00e9tablissons des relations de confiance \u00e0 long terme.<\/p>\n<p style=\"text-align: justify;\">L&rsquo;innovation joue un r\u00f4le cl\u00e9 dans le d\u00e9veloppement de produits s\u00fbrs et de qualit\u00e9. Nous continuons \u00e0 utiliser des solutions de pointe pour d\u00e9velopper la prochaine g\u00e9n\u00e9ration de produits pour nos clients, en mettant l&rsquo;accent sur la durabilit\u00e9.<\/p>\n<p style=\"text-align: justify;\">Parce que nos collaborateurs sont des acteurs cl\u00e9s qui permettent \u00e0 l&rsquo;entreprise de r\u00e9aliser ses ambitions et sur lesquels repose cette d\u00e9marche de Qualit\u00e9 et d&rsquo;Am\u00e9lioration Continue, PSA met tout en \u0153uvre pour leur donner les moyens d&rsquo;exercer leurs missions par le d\u00e9veloppement personnel, une formation adapt\u00e9e, le d\u00e9veloppement continu, la mise en commun des connaissances techniques et le partage d&rsquo;exp\u00e9rience.<\/p>\n<p style=\"text-align: justify;\">Nous croyons en l&rsquo;esprit d&rsquo;entreprise de nos employ\u00e9s. Nous favorisons un environnement de travail o\u00f9 r\u00e8gnent la confiance et le respect dans tous les domaines. Nos collaborateurs sont ouverts, solidaires et communicatifs, et aiment travailler ensemble et avec nos clients et nos principales parties prenantes.<\/p>\n<p>[\/vc_column_text][vc_row_inner content_placement=\u00a0\u00bbmiddle\u00a0\u00bb][vc_column_inner width=\u00a0\u00bb1\/2&Prime;][vc_single_image image=\u00a0\u00bb96&Prime; img_size=\u00a0\u00bbmedium\u00a0\u00bb alignment=\u00a0\u00bbright\u00a0\u00bb][\/vc_column_inner][vc_column_inner width=\u00a0\u00bb1\/4&Prime;][vc_column_text]<\/p>\n<p style=\"text-align: center;\"><span style=\"font-size: 12pt; color: #009ec5;\"><strong>Des valeurs indissociables, pour nos \u00e9quipes, sur la voie de l&rsquo;Excellence durable<\/strong><\/span><\/p>\n<p>[\/vc_column_text][\/vc_column_inner][vc_column_inner width=\u00a0\u00bb1\/4&Prime;][\/vc_column_inner][\/vc_row_inner][\/vc_column][\/vc_row]<\/p>\n<\/div>","protected":false},"excerpt":{"rendered":"<p>[vc_row][vc_column width=\u00a0\u00bb1\/4&Prime;][vc_column_text] QUI SOMMES-NOUS ? [\/vc_column_text][vc_separator][vc_column_text] NOTRE CULTURE [\/vc_column_text][vc_separator][vc_column_text] UNE ENTREPRISE RESPONSABLE [\/vc_column_text][vc_separator][vc_column_text] RECHERCHE ET D\u00c9VELOPPEMENT [\/vc_column_text][vc_separator][vc_column_text] NOS OPERATIONS [\/vc_column_text][vc_separator][vc_column_text] ACCR\u00c9DITATIONS ET ASSOCIATIONS [\/vc_column_text][vc_separator][vc_column_text] CONDITIONS G\u00c9N\u00c9RALES DE VENTE [\/vc_column_text][\/vc_column][vc_column width=\u00a0\u00bb3\/4&Prime;][vc_single_image image=\u00a0\u00bb91&Prime; img_size=\u00a0\u00bblarge\u00a0\u00bb alignment=\u00a0\u00bbcenter\u00a0\u00bb][vc_column_text css=\u00a0\u00bb.vc_custom_1699691457141{margin-bottom: 0px !important;}\u00a0\u00bb] NOTRE CULTURE [\/vc_column_text][vc_separator][vc_column_text] Nous sommes l&rsquo;un des principaux fabricants de produits chimiques sp\u00e9cialis\u00e9s, partenaire mondial des secteurs de l&rsquo;aviation&hellip;<\/p>\n","protected":false},"author":1,"featured_media":0,"parent":0,"menu_order":0,"comment_status":"closed","ping_status":"closed","template":"","meta":{"_acf_changed":false,"footnotes":""},"class_list":["post-9846","page","type-page","status-publish","hentry","description-off"],"acf":[],"yoast_head":"<!-- This site is optimized with the Yoast SEO plugin v26.4 - https:\/\/yoast.com\/wordpress\/plugins\/seo\/ -->\n<title>\u00c0 PROPOS DE NOUS NOTRE CULTURE - PSA<\/title>\n<meta name=\"robots\" content=\"index, follow, max-snippet:-1, max-image-preview:large, max-video-preview:-1\" \/>\n<link rel=\"canonical\" href=\"https:\/\/psa-paris.com\/fr\/our_culture\/\" \/>\n<meta property=\"og:locale\" content=\"fr_FR\" \/>\n<meta property=\"og:type\" content=\"article\" \/>\n<meta property=\"og:title\" content=\"\u00c0 PROPOS DE NOUS NOTRE CULTURE - PSA\" \/>\n<meta property=\"og:description\" content=\"[vc_row][vc_column width=\u00a0\u00bb1\/4&Prime;][vc_column_text] QUI SOMMES-NOUS ? [\/vc_column_text][vc_separator][vc_column_text] NOTRE CULTURE [\/vc_column_text][vc_separator][vc_column_text] UNE ENTREPRISE RESPONSABLE [\/vc_column_text][vc_separator][vc_column_text] RECHERCHE ET D\u00c9VELOPPEMENT [\/vc_column_text][vc_separator][vc_column_text] NOS OPERATIONS [\/vc_column_text][vc_separator][vc_column_text] ACCR\u00c9DITATIONS ET ASSOCIATIONS [\/vc_column_text][vc_separator][vc_column_text] CONDITIONS G\u00c9N\u00c9RALES DE VENTE [\/vc_column_text][\/vc_column][vc_column width=\u00a0\u00bb3\/4&Prime;][vc_single_image image=\u00a0\u00bb91&Prime; img_size=\u00a0\u00bblarge\u00a0\u00bb alignment=\u00a0\u00bbcenter\u00a0\u00bb][vc_column_text css=\u00a0\u00bb.vc_custom_1699691457141{margin-bottom: 0px !important;}\u00a0\u00bb] NOTRE CULTURE [\/vc_column_text][vc_separator][vc_column_text] Nous sommes l&rsquo;un des principaux fabricants de produits chimiques sp\u00e9cialis\u00e9s, partenaire mondial des secteurs de l&rsquo;aviation&hellip;\" \/>\n<meta property=\"og:url\" content=\"https:\/\/psa-paris.com\/fr\/our_culture\/\" \/>\n<meta property=\"og:site_name\" content=\"PSA\" \/>\n<meta property=\"article:modified_time\" content=\"2024-04-09T21:58:15+00:00\" \/>\n<meta property=\"og:image\" content=\"https:\/\/psa-paris.com\/wp-content\/uploads\/2023\/11\/1Mission-Vision-Values-300x300.png\" \/>\n<meta name=\"twitter:card\" content=\"summary_large_image\" \/>\n<meta name=\"twitter:label1\" content=\"Dur\u00e9e de lecture estim\u00e9e\" \/>\n\t<meta name=\"twitter:data1\" content=\"4 minutes\" \/>\n<script type=\"application\/ld+json\" class=\"yoast-schema-graph\">{\"@context\":\"https:\/\/schema.org\",\"@graph\":[{\"@type\":\"WebPage\",\"@id\":\"https:\/\/psa-paris.com\/fr\/our_culture\/\",\"url\":\"https:\/\/psa-paris.com\/fr\/our_culture\/\",\"name\":\"\u00c0 PROPOS DE NOUS NOTRE CULTURE - PSA\",\"isPartOf\":{\"@id\":\"https:\/\/psa-paris.com\/fr\/#website\"},\"primaryImageOfPage\":{\"@id\":\"https:\/\/psa-paris.com\/fr\/our_culture\/#primaryimage\"},\"image\":{\"@id\":\"https:\/\/psa-paris.com\/fr\/our_culture\/#primaryimage\"},\"thumbnailUrl\":\"https:\/\/psa-paris.com\/wp-content\/uploads\/2023\/11\/1Mission-Vision-Values-300x300.png\",\"datePublished\":\"2023-11-11T08:40:52+00:00\",\"dateModified\":\"2024-04-09T21:58:15+00:00\",\"breadcrumb\":{\"@id\":\"https:\/\/psa-paris.com\/fr\/our_culture\/#breadcrumb\"},\"inLanguage\":\"fr-FR\",\"potentialAction\":[{\"@type\":\"ReadAction\",\"target\":[\"https:\/\/psa-paris.com\/fr\/our_culture\/\"]}]},{\"@type\":\"ImageObject\",\"inLanguage\":\"fr-FR\",\"@id\":\"https:\/\/psa-paris.com\/fr\/our_culture\/#primaryimage\",\"url\":\"https:\/\/psa-paris.com\/wp-content\/uploads\/2023\/11\/1Mission-Vision-Values-300x300.png\",\"contentUrl\":\"https:\/\/psa-paris.com\/wp-content\/uploads\/2023\/11\/1Mission-Vision-Values-300x300.png\"},{\"@type\":\"BreadcrumbList\",\"@id\":\"https:\/\/psa-paris.com\/fr\/our_culture\/#breadcrumb\",\"itemListElement\":[{\"@type\":\"ListItem\",\"position\":1,\"name\":\"Accueil\",\"item\":\"https:\/\/psa-paris.com\/fr\/\"},{\"@type\":\"ListItem\",\"position\":2,\"name\":\"\u00c0 PROPOS DE NOUS NOTRE CULTURE\"}]},{\"@type\":\"WebSite\",\"@id\":\"https:\/\/psa-paris.com\/fr\/#website\",\"url\":\"https:\/\/psa-paris.com\/fr\/\",\"name\":\"PSA\",\"description\":\"Produits Sanitaires A\u00e9ronefs - PSA\",\"potentialAction\":[{\"@type\":\"SearchAction\",\"target\":{\"@type\":\"EntryPoint\",\"urlTemplate\":\"https:\/\/psa-paris.com\/fr\/?s={search_term_string}\"},\"query-input\":{\"@type\":\"PropertyValueSpecification\",\"valueRequired\":true,\"valueName\":\"search_term_string\"}}],\"inLanguage\":\"fr-FR\"}]}<\/script>\n<!-- \/ Yoast SEO plugin. -->","yoast_head_json":{"title":"\u00c0 PROPOS DE NOUS NOTRE CULTURE - PSA","robots":{"index":"index","follow":"follow","max-snippet":"max-snippet:-1","max-image-preview":"max-image-preview:large","max-video-preview":"max-video-preview:-1"},"canonical":"https:\/\/psa-paris.com\/fr\/our_culture\/","og_locale":"fr_FR","og_type":"article","og_title":"\u00c0 PROPOS DE NOUS NOTRE CULTURE - PSA","og_description":"[vc_row][vc_column width=\u00a0\u00bb1\/4&Prime;][vc_column_text] QUI SOMMES-NOUS ? [\/vc_column_text][vc_separator][vc_column_text] NOTRE CULTURE [\/vc_column_text][vc_separator][vc_column_text] UNE ENTREPRISE RESPONSABLE [\/vc_column_text][vc_separator][vc_column_text] RECHERCHE ET D\u00c9VELOPPEMENT [\/vc_column_text][vc_separator][vc_column_text] NOS OPERATIONS [\/vc_column_text][vc_separator][vc_column_text] ACCR\u00c9DITATIONS ET ASSOCIATIONS [\/vc_column_text][vc_separator][vc_column_text] CONDITIONS G\u00c9N\u00c9RALES DE VENTE [\/vc_column_text][\/vc_column][vc_column width=\u00a0\u00bb3\/4&Prime;][vc_single_image image=\u00a0\u00bb91&Prime; img_size=\u00a0\u00bblarge\u00a0\u00bb alignment=\u00a0\u00bbcenter\u00a0\u00bb][vc_column_text css=\u00a0\u00bb.vc_custom_1699691457141{margin-bottom: 0px !important;}\u00a0\u00bb] NOTRE CULTURE [\/vc_column_text][vc_separator][vc_column_text] Nous sommes l&rsquo;un des principaux fabricants de produits chimiques sp\u00e9cialis\u00e9s, partenaire mondial des secteurs de l&rsquo;aviation&hellip;","og_url":"https:\/\/psa-paris.com\/fr\/our_culture\/","og_site_name":"PSA","article_modified_time":"2024-04-09T21:58:15+00:00","og_image":[{"url":"https:\/\/psa-paris.com\/wp-content\/uploads\/2023\/11\/1Mission-Vision-Values-300x300.png","type":"","width":"","height":""}],"twitter_card":"summary_large_image","twitter_misc":{"Dur\u00e9e de lecture estim\u00e9e":"4 minutes"},"schema":{"@context":"https:\/\/schema.org","@graph":[{"@type":"WebPage","@id":"https:\/\/psa-paris.com\/fr\/our_culture\/","url":"https:\/\/psa-paris.com\/fr\/our_culture\/","name":"\u00c0 PROPOS DE NOUS NOTRE CULTURE - PSA","isPartOf":{"@id":"https:\/\/psa-paris.com\/fr\/#website"},"primaryImageOfPage":{"@id":"https:\/\/psa-paris.com\/fr\/our_culture\/#primaryimage"},"image":{"@id":"https:\/\/psa-paris.com\/fr\/our_culture\/#primaryimage"},"thumbnailUrl":"https:\/\/psa-paris.com\/wp-content\/uploads\/2023\/11\/1Mission-Vision-Values-300x300.png","datePublished":"2023-11-11T08:40:52+00:00","dateModified":"2024-04-09T21:58:15+00:00","breadcrumb":{"@id":"https:\/\/psa-paris.com\/fr\/our_culture\/#breadcrumb"},"inLanguage":"fr-FR","potentialAction":[{"@type":"ReadAction","target":["https:\/\/psa-paris.com\/fr\/our_culture\/"]}]},{"@type":"ImageObject","inLanguage":"fr-FR","@id":"https:\/\/psa-paris.com\/fr\/our_culture\/#primaryimage","url":"https:\/\/psa-paris.com\/wp-content\/uploads\/2023\/11\/1Mission-Vision-Values-300x300.png","contentUrl":"https:\/\/psa-paris.com\/wp-content\/uploads\/2023\/11\/1Mission-Vision-Values-300x300.png"},{"@type":"BreadcrumbList","@id":"https:\/\/psa-paris.com\/fr\/our_culture\/#breadcrumb","itemListElement":[{"@type":"ListItem","position":1,"name":"Accueil","item":"https:\/\/psa-paris.com\/fr\/"},{"@type":"ListItem","position":2,"name":"\u00c0 PROPOS DE NOUS NOTRE CULTURE"}]},{"@type":"WebSite","@id":"https:\/\/psa-paris.com\/fr\/#website","url":"https:\/\/psa-paris.com\/fr\/","name":"PSA","description":"Produits Sanitaires A\u00e9ronefs - PSA","potentialAction":[{"@type":"SearchAction","target":{"@type":"EntryPoint","urlTemplate":"https:\/\/psa-paris.com\/fr\/?s={search_term_string}"},"query-input":{"@type":"PropertyValueSpecification","valueRequired":true,"valueName":"search_term_string"}}],"inLanguage":"fr-FR"}]}},"_links":{"self":[{"href":"https:\/\/psa-paris.com\/fr\/wp-json\/wp\/v2\/pages\/9846","targetHints":{"allow":["GET"]}}],"collection":[{"href":"https:\/\/psa-paris.com\/fr\/wp-json\/wp\/v2\/pages"}],"about":[{"href":"https:\/\/psa-paris.com\/fr\/wp-json\/wp\/v2\/types\/page"}],"author":[{"embeddable":true,"href":"https:\/\/psa-paris.com\/fr\/wp-json\/wp\/v2\/users\/1"}],"replies":[{"embeddable":true,"href":"https:\/\/psa-paris.com\/fr\/wp-json\/wp\/v2\/comments?post=9846"}],"version-history":[{"count":15,"href":"https:\/\/psa-paris.com\/fr\/wp-json\/wp\/v2\/pages\/9846\/revisions"}],"predecessor-version":[{"id":14701,"href":"https:\/\/psa-paris.com\/fr\/wp-json\/wp\/v2\/pages\/9846\/revisions\/14701"}],"wp:attachment":[{"href":"https:\/\/psa-paris.com\/fr\/wp-json\/wp\/v2\/media?parent=9846"}],"curies":[{"name":"wp","href":"https:\/\/api.w.org\/{rel}","templated":true}]}}