{"id":9847,"date":"2023-11-11T09:27:29","date_gmt":"2023-11-11T08:27:29","guid":{"rendered":"https:\/\/test-psadevincijunior-456.devincijunior.fr\/who_are_we\/"},"modified":"2024-06-06T15:42:05","modified_gmt":"2024-06-06T13:42:05","slug":"who_are_we","status":"publish","type":"page","link":"https:\/\/psa-paris.com\/fr\/who_are_we\/","title":{"rendered":"QUI SOMMES-NOUS ?"},"content":{"rendered":"<div class=\"wpb-content-wrapper\"><p>[vc_row][vc_column width=\u00a0\u00bb1\/4&Prime;][vc_column_text]<\/p>\n<h4 style=\"text-align: left;\"><a href=\"https:\/\/psa-paris.com\/fr\/who_are_we\/\">QUI SOMMES-NOUS ?<\/a><\/h4>\n<p>[\/vc_column_text][vc_separator][vc_column_text]<\/p>\n<h4 style=\"text-align: left;\"><a href=\"https:\/\/psa-paris.com\/fr\/our_culture\/\">NOTRE CULTURE<\/a><\/h4>\n<p>[\/vc_column_text][vc_separator][vc_column_text]<\/p>\n<h4 style=\"text-align: left;\"><a href=\"https:\/\/psa-paris.com\/fr\/a_responsible_company\/\">UNE ENTREPRISE RESPONSABLE<\/a><\/h4>\n<p>[\/vc_column_text][vc_separator][vc_column_text]<\/p>\n<h4 style=\"text-align: left;\"><a href=\"https:\/\/psa-paris.com\/fr\/research_development\/\">RECHERCHE ET D\u00c9VELOPPEMENT<\/a><\/h4>\n<p>[\/vc_column_text][vc_separator][vc_column_text]<\/p>\n<h4 style=\"text-align: left;\"><a href=\"https:\/\/psa-paris.com\/fr\/where_we_operate\/\">NOS OPERATIONS<\/a><\/h4>\n<p>[\/vc_column_text][vc_separator][vc_column_text]<\/p>\n<h4 style=\"text-align: left;\"><a href=\"https:\/\/psa-paris.com\/fr\/accreditations_associations\/\">ACCR\u00c9DITATIONS ET ASSOCIATIONS<\/a><\/h4>\n<p>[\/vc_column_text][vc_separator][vc_column_text css=\u00a0\u00bb\u00a0\u00bb]<\/p>\n<h4 style=\"text-align: left;\"><a href=\"https:\/\/psa-paris.com\/wp-content\/uploads\/2023\/11\/PSA-General-Conditions-and-Terms-of-Sale-2020-EN-nov2020.pdf\">CONDITIONS G\u00c9N\u00c9RALES DE VENTE<\/a><\/h4>\n<p>[\/vc_column_text][\/vc_column][vc_column width=\u00a0\u00bb3\/4&Prime;][vc_single_image image=\u00a0\u00bb77&Prime; img_size=\u00a0\u00bblarge\u00a0\u00bb alignment=\u00a0\u00bbcenter\u00a0\u00bb][vc_column_text css=\u00a0\u00bb.vc_custom_1699690797241{margin-bottom: 0px !important;}\u00a0\u00bb]<\/p>\n<h3>PRODUITS SANITAIRES AERONEFS &#8211; PSA<\/h3>\n<p>[\/vc_column_text][vc_column_text]<\/p>\n<p style=\"text-align: justify;\">Produits Sanitaires A\u00e9ronefs &#8211; PSA est une soci\u00e9t\u00e9 fran\u00e7aise, experte dans le d\u00e9veloppement et la fabrication de solutions de chimie de sp\u00e9cialit\u00e9 innovantes et s\u00fbres pour la d\u00e9sinfection, la d\u00e9sinsectisation, la maintenance et l&rsquo;entretien dans les secteurs du transport et de l&rsquo;industrie, et en particulier pour l&rsquo;aviation civile et militaire. PSA poss\u00e8de \u00e9galement une grande expertise reconnue dans les produits d&rsquo;hygi\u00e8ne en vol (savon, lingettes d\u00e9sinfectantes, traitement des odeurs&#8230;), de protection et de soins personnels des passagers et de l&rsquo;\u00e9quipage (r\u00e9pulsifs pour la peau et les v\u00eatements, lingettes individuelles, kits sanitaires de pr\u00e9caution et d&rsquo;urgence, kits de survie suppl\u00e9mentaires&#8230;).<\/p>\n<p style=\"text-align: justify;\">Les exigences du secteur tr\u00e8s strict et r\u00e9glement\u00e9 de l\u2019aviation, en termes de formulations s\u00fbres et ininflammables, d&rsquo;efficacit\u00e9, de toxicit\u00e9 et de compatibilit\u00e9 avec les mat\u00e9riaux, permettent aux produits PSA d&rsquo;\u00eatre reconnus et largement utilis\u00e9s depuis des ann\u00e9es dans diff\u00e9rentes activit\u00e9s de divers secteurs industriels et tertiaires (autres activit\u00e9s a\u00e9roportuaires, transports terrestres et maritimes, plateformes p\u00e9troli\u00e8res, industries gazi\u00e8res, industries automobiles, mais aussi h\u00f4tels, secteurs de la sant\u00e9 et de l&rsquo;assistance, etc.)<\/p>\n<p><img loading=\"lazy\" decoding=\"async\" class=\"aligncenter wp-image-78\" src=\"https:\/\/psa-paris.com\/wp-content\/uploads\/2023\/11\/1-PSA-operating-on-6-sectors-300x214.png\" alt=\"\" width=\"600\" height=\"429\" srcset=\"https:\/\/psa-paris.com\/wp-content\/uploads\/2023\/11\/1-PSA-operating-on-6-sectors-300x214.png 300w, https:\/\/psa-paris.com\/wp-content\/uploads\/2023\/11\/1-PSA-operating-on-6-sectors-1024x732.png 1024w, https:\/\/psa-paris.com\/wp-content\/uploads\/2023\/11\/1-PSA-operating-on-6-sectors-768x549.png 768w, https:\/\/psa-paris.com\/wp-content\/uploads\/2023\/11\/1-PSA-operating-on-6-sectors-1536x1098.png 1536w, https:\/\/psa-paris.com\/wp-content\/uploads\/2023\/11\/1-PSA-operating-on-6-sectors-2048x1464.png 2048w\" sizes=\"auto, (max-width: 600px) 100vw, 600px\" \/><\/p>\n<p style=\"text-align: justify;\">Expert reconnu en France et dans le monde depuis 55 ans, PSA participe quotidiennement, avec sa large gamme de produits, de formats, d&rsquo;\u00e9quipements et de proc\u00e9d\u00e9s d&rsquo;application, \u00e0 la lutte contre les risques biologiques et les maladies vectorielles, et \u00e0 la protection des voyageurs et des professionnels de tous ces secteurs dans leurs activit\u00e9s.<\/p>\n<p style=\"text-align: justify;\">Le si\u00e8ge social de PSA est situ\u00e9 en Seine et Marne (77), \u00e0 Coll\u00e9gien &#8211; Marne-la-Vall\u00e9e, sur un site comprenant plus de 3 000 m2 de bureaux, des laboratoires de Recherche et D\u00e9veloppement et un entrep\u00f4t logistique int\u00e9gr\u00e9. Avec des productions principalement en France, en Europe et en Tunisie, PSA op\u00e8re \u00e9galement avec des centres de stockage dans diff\u00e9rentes r\u00e9gions du monde et des \u00e9quipes propres travaillant au c\u0153ur des march\u00e9s internationaux, pour servir efficacement ses clients sur les 5 continents. Dans les secteurs d&rsquo;activit\u00e9 qu&rsquo;il a choisis, PSA pr\u00e9voit de poursuivre sa croissance dans les ann\u00e9es \u00e0 venir, notamment par le lancement de nouvelles gammes innovantes de solutions expertes, l&rsquo;enregistrement de nouveaux produits biocides, ainsi que par le renforcement de partenariats sp\u00e9cifiques et le d\u00e9veloppement de sa pr\u00e9sence dans des secteurs autres que l&rsquo;aviation civile et de d\u00e9fense.<\/p>\n<p>&nbsp;<\/p>\n<p><img loading=\"lazy\" decoding=\"async\" class=\"aligncenter wp-image-79\" src=\"https:\/\/psa-paris.com\/wp-content\/uploads\/2023\/11\/2-PSA-recent-and-modern-facilities-300x191.png\" alt=\"\" width=\"600\" height=\"383\" srcset=\"https:\/\/psa-paris.com\/wp-content\/uploads\/2023\/11\/2-PSA-recent-and-modern-facilities-300x191.png 300w, https:\/\/psa-paris.com\/wp-content\/uploads\/2023\/11\/2-PSA-recent-and-modern-facilities-1024x653.png 1024w, https:\/\/psa-paris.com\/wp-content\/uploads\/2023\/11\/2-PSA-recent-and-modern-facilities-768x490.png 768w, https:\/\/psa-paris.com\/wp-content\/uploads\/2023\/11\/2-PSA-recent-and-modern-facilities-1536x980.png 1536w, https:\/\/psa-paris.com\/wp-content\/uploads\/2023\/11\/2-PSA-recent-and-modern-facilities-2048x1306.png 2048w\" sizes=\"auto, (max-width: 600px) 100vw, 600px\" \/><\/p>\n<p>&nbsp;<\/p>\n<p style=\"text-align: justify;\">PSA collabore avec plus de 200 entreprises publiques et priv\u00e9es du secteur a\u00e9ronautique, des constructeurs d&rsquo;avions (Airbus, Boeing, Bombardier, etc.), des \u00e9quipementiers (Thales, Safran, etc.), des industries sp\u00e9cifiques et des acteurs institutionnels cl\u00e9s impliqu\u00e9s dans les recommandations et r\u00e9glementations internationales et nationales en mati\u00e8re d&rsquo;aviation, de sant\u00e9 publique, de biocides et d&rsquo;environnement (OMS, IATA, OACI, UE, Agences pour l&rsquo;alimentation, l&rsquo;agriculture, l&rsquo;environnement et la sant\u00e9 et la s\u00e9curit\u00e9 au travail, Direction G\u00e9n\u00e9rale de l&rsquo;Armement (DGA), etc.)<\/p>\n<p style=\"text-align: justify;\">Un certain nombre d&rsquo;arm\u00e9es et de forces de s\u00e9curit\u00e9 utilisent \u00e9galement quotidiennement les solutions PSA, dont ses insecticides et r\u00e9pulsifs de derni\u00e8re g\u00e9n\u00e9ration pour la peau et les v\u00eatements, ses produits nettoyants d\u00e9sinfectants et les \u00e9quipements associ\u00e9s pour la protection des forces arm\u00e9es d\u00e9ploy\u00e9es en zone op\u00e9rationnelle et de ses diff\u00e9rents corps dans leurs activit\u00e9s quotidiennes.<\/p>\n<p style=\"text-align: justify;\">Les produits PSA font g\u00e9n\u00e9ralement l&rsquo;objet d&rsquo;un enregistrement, d&rsquo;autorisations nationales de vente et de commercialisation, en Europe et dans d&rsquo;autres r\u00e9gions du monde, et sont syst\u00e9matiquement soumis \u00e0 des validations de compatibilit\u00e9 multi-mat\u00e9riaux, \u00e0 des tests d&rsquo;aptitudes a\u00e9ronautiques et \u00e0 des certifications, garantissant ainsi la s\u00e9curit\u00e9 de leurs utilisateurs.<\/p>\n<p><img loading=\"lazy\" decoding=\"async\" class=\"aligncenter wp-image-80\" src=\"https:\/\/psa-paris.com\/wp-content\/uploads\/2023\/11\/Trois-Logos-300x79.png\" alt=\"\" width=\"500\" height=\"131\" srcset=\"https:\/\/psa-paris.com\/wp-content\/uploads\/2023\/11\/Trois-Logos-300x79.png 300w, https:\/\/psa-paris.com\/wp-content\/uploads\/2023\/11\/Trois-Logos-1024x269.png 1024w, https:\/\/psa-paris.com\/wp-content\/uploads\/2023\/11\/Trois-Logos-768x202.png 768w, https:\/\/psa-paris.com\/wp-content\/uploads\/2023\/11\/Trois-Logos-1536x403.png 1536w, https:\/\/psa-paris.com\/wp-content\/uploads\/2023\/11\/Trois-Logos-2048x538.png 2048w\" sizes=\"auto, (max-width: 500px) 100vw, 500px\" \/><\/p>\n<p style=\"text-align: justify;\">En plus de ses valeurs de professionnalisme, de r\u00e9activit\u00e9, d&rsquo;attention aux besoins du client et d&rsquo;innovation, PSA int\u00e8gre les crit\u00e8res cl\u00e9s suivants dans toutes ses solutions et nouveaux projets de d\u00e9veloppement :<\/p>\n<p style=\"text-align: justify;\">&#8211; efficacit\u00e9 prouv\u00e9e par des tests selon des normes reconnues et diverses homologations sp\u00e9cialis\u00e9es.<\/p>\n<p style=\"text-align: justify;\">&#8211; une application facile et rapide du produit, en tenant compte des contraintes sp\u00e9cifiques du secteur, du lieu et des conditions d&rsquo;utilisation.<\/p>\n<p style=\"text-align: justify;\">&#8211; le respect et l&rsquo;adaptation permanente aux r\u00e9glementations nationales et internationales en mati\u00e8re de biocides, de toxicologie et d&rsquo;environnement.<\/p>\n<p style=\"text-align: justify;\">PSA consid\u00e8re sa d\u00e9marche qualit\u00e9, fruit d&rsquo;un travail collectif, comme l&rsquo;une de ses forces et l&rsquo;un de ses moteurs de croissance. PSA est certifi\u00e9 ISO 9001 depuis 2006, et actuellement sous la version 2015.<\/p>\n<p style=\"text-align: justify;\">En se concentrant sur une vision claire, celle d&rsquo;\u00eatre le fournisseur de r\u00e9f\u00e9rence et la source centralis\u00e9e pour les secteurs de march\u00e9 choisis, PSA fournit un service professionnel et expert \u00e0 ses clients \u00e0 tout moment.<\/p>\n<p style=\"text-align: justify;\">Ses fournisseurs et prestataires de services sont de v\u00e9ritables partenaires avec lesquels PSA \u00e9tablit des relations de confiance.<\/p>\n<p style=\"text-align: justify;\">Parce que ses collaborateurs sont les acteurs cl\u00e9s qui permettent \u00e0 l&rsquo;entreprise de r\u00e9aliser ses ambitions et sur lesquels repose cette d\u00e9marche de Qualit\u00e9 et d&rsquo;Am\u00e9lioration Continue, PSA met tout en \u0153uvre pour leur donner les moyens d&rsquo;exercer leurs missions par le d\u00e9veloppement personnel, la formation adapt\u00e9e, le d\u00e9veloppement continu et la mise en commun des connaissances techniques et le partage d&rsquo;exp\u00e9riences.<\/p>\n<p style=\"text-align: justify;\">Par cons\u00e9quent, PSA est proactive et en pleine croissance, se concentrant quotidiennement sur les aspects cl\u00e9s suivants :<\/p>\n<p style=\"text-align: justify;\">&#8211; la cr\u00e9ation et le d\u00e9veloppement de produits et de solutions innovants et s\u00fbrs.<\/p>\n<p style=\"text-align: justify;\">&#8211; un d\u00e9veloppement commercial ambitieux.<\/p>\n<p style=\"text-align: justify;\">&#8211; une cha\u00eene d&rsquo;approvisionnement efficace et ax\u00e9e sur le service \u00e0 la client\u00e8le.<\/p>\n<p style=\"text-align: justify;\">&#8211; une croissance et un d\u00e9veloppement durables \u00e0 long terme.<\/p>\n<p style=\"text-align: justify;\">&#8211; s&rsquo;engage \u00e0 assumer sa responsabilit\u00e9 soci\u00e9tale, tant au niveau environnemental que social.<\/p>\n<p style=\"text-align: justify;\">Depuis 2020, PSA est \u00e9valu\u00e9e chaque ann\u00e9e par ECOVADIS sur sa Responsabilit\u00e9 Soci\u00e9tale d&rsquo;Entreprise (RSE), et re\u00e7oit la m\u00e9daille de platine depuis 2021, ce qui positionne PSA dans le top 1 % des entreprises not\u00e9es du secteur.<\/p>\n<p>[\/vc_column_text][vc_separator][vc_single_image image=\u00a0\u00bb2570&Prime; alignment=\u00a0\u00bbcenter\u00a0\u00bb][vc_column_text]Mi-2018, sur cette vision commune, PSA a uni ses forces \u00e0 celles du groupe CALLINGTON, autre expert de la chimie de sp\u00e9cialit\u00e9 pour l&rsquo;aviation et l&rsquo;industrie mondiale, pour cr\u00e9er un nouveau leader mondialement reconnu, s&rsquo;appuyant sur une exp\u00e9rience sectorielle combin\u00e9e de plus de 90 ans, avec des gammes compl\u00e9mentaires et une pr\u00e9sence sur les 5 continents.[\/vc_column_text][vc_single_image image=\u00a0\u00bb81&Prime; img_size=\u00a0\u00bbmedium\u00a0\u00bb alignment=\u00a0\u00bbcenter\u00a0\u00bb][\/vc_column][\/vc_row]<\/p>\n<\/div>","protected":false},"excerpt":{"rendered":"<p>[vc_row][vc_column width=\u00a0\u00bb1\/4&Prime;][vc_column_text] QUI SOMMES-NOUS ? [\/vc_column_text][vc_separator][vc_column_text] NOTRE CULTURE [\/vc_column_text][vc_separator][vc_column_text] UNE ENTREPRISE RESPONSABLE [\/vc_column_text][vc_separator][vc_column_text] RECHERCHE ET D\u00c9VELOPPEMENT [\/vc_column_text][vc_separator][vc_column_text] NOS OPERATIONS [\/vc_column_text][vc_separator][vc_column_text] ACCR\u00c9DITATIONS ET ASSOCIATIONS [\/vc_column_text][vc_separator][vc_column_text css=\u00a0\u00bb\u00a0\u00bb] CONDITIONS G\u00c9N\u00c9RALES DE VENTE [\/vc_column_text][\/vc_column][vc_column width=\u00a0\u00bb3\/4&Prime;][vc_single_image image=\u00a0\u00bb77&Prime; img_size=\u00a0\u00bblarge\u00a0\u00bb alignment=\u00a0\u00bbcenter\u00a0\u00bb][vc_column_text css=\u00a0\u00bb.vc_custom_1699690797241{margin-bottom: 0px !important;}\u00a0\u00bb] PRODUITS SANITAIRES AERONEFS &#8211; PSA [\/vc_column_text][vc_column_text] Produits Sanitaires A\u00e9ronefs &#8211; PSA est une soci\u00e9t\u00e9 fran\u00e7aise, experte dans le&hellip;<\/p>\n","protected":false},"author":1,"featured_media":0,"parent":0,"menu_order":0,"comment_status":"closed","ping_status":"closed","template":"","meta":{"_acf_changed":false,"footnotes":""},"class_list":["post-9847","page","type-page","status-publish","hentry","description-off"],"acf":[],"yoast_head":"<!-- This site is optimized with the Yoast SEO plugin v26.4 - https:\/\/yoast.com\/wordpress\/plugins\/seo\/ -->\n<title>QUI SOMMES-NOUS ? - PSA<\/title>\n<meta name=\"robots\" content=\"index, follow, max-snippet:-1, max-image-preview:large, max-video-preview:-1\" \/>\n<link rel=\"canonical\" href=\"https:\/\/psa-paris.com\/fr\/who_are_we\/\" \/>\n<meta property=\"og:locale\" content=\"fr_FR\" \/>\n<meta property=\"og:type\" content=\"article\" \/>\n<meta property=\"og:title\" content=\"QUI SOMMES-NOUS ? - PSA\" \/>\n<meta property=\"og:description\" content=\"[vc_row][vc_column width=\u00a0\u00bb1\/4&Prime;][vc_column_text] QUI SOMMES-NOUS ? [\/vc_column_text][vc_separator][vc_column_text] NOTRE CULTURE [\/vc_column_text][vc_separator][vc_column_text] UNE ENTREPRISE RESPONSABLE [\/vc_column_text][vc_separator][vc_column_text] RECHERCHE ET D\u00c9VELOPPEMENT [\/vc_column_text][vc_separator][vc_column_text] NOS OPERATIONS [\/vc_column_text][vc_separator][vc_column_text] ACCR\u00c9DITATIONS ET ASSOCIATIONS [\/vc_column_text][vc_separator][vc_column_text css=\u00a0\u00bb\u00a0\u00bb] CONDITIONS G\u00c9N\u00c9RALES DE VENTE [\/vc_column_text][\/vc_column][vc_column width=\u00a0\u00bb3\/4&Prime;][vc_single_image image=\u00a0\u00bb77&Prime; img_size=\u00a0\u00bblarge\u00a0\u00bb alignment=\u00a0\u00bbcenter\u00a0\u00bb][vc_column_text css=\u00a0\u00bb.vc_custom_1699690797241{margin-bottom: 0px !important;}\u00a0\u00bb] PRODUITS SANITAIRES AERONEFS &#8211; PSA [\/vc_column_text][vc_column_text] Produits Sanitaires A\u00e9ronefs &#8211; PSA est une soci\u00e9t\u00e9 fran\u00e7aise, experte dans le&hellip;\" \/>\n<meta property=\"og:url\" content=\"https:\/\/psa-paris.com\/fr\/who_are_we\/\" \/>\n<meta property=\"og:site_name\" content=\"PSA\" \/>\n<meta property=\"article:modified_time\" content=\"2024-06-06T13:42:05+00:00\" \/>\n<meta property=\"og:image\" content=\"https:\/\/psa-paris.com\/wp-content\/uploads\/2023\/11\/1-PSA-operating-on-6-sectors-300x214.png\" \/>\n<meta name=\"twitter:card\" content=\"summary_large_image\" \/>\n<meta name=\"twitter:label1\" content=\"Dur\u00e9e de lecture estim\u00e9e\" \/>\n\t<meta name=\"twitter:data1\" content=\"5 minutes\" \/>\n<script type=\"application\/ld+json\" class=\"yoast-schema-graph\">{\"@context\":\"https:\/\/schema.org\",\"@graph\":[{\"@type\":\"WebPage\",\"@id\":\"https:\/\/psa-paris.com\/fr\/who_are_we\/\",\"url\":\"https:\/\/psa-paris.com\/fr\/who_are_we\/\",\"name\":\"QUI SOMMES-NOUS ? - PSA\",\"isPartOf\":{\"@id\":\"https:\/\/psa-paris.com\/fr\/#website\"},\"primaryImageOfPage\":{\"@id\":\"https:\/\/psa-paris.com\/fr\/who_are_we\/#primaryimage\"},\"image\":{\"@id\":\"https:\/\/psa-paris.com\/fr\/who_are_we\/#primaryimage\"},\"thumbnailUrl\":\"https:\/\/psa-paris.com\/wp-content\/uploads\/2023\/11\/1-PSA-operating-on-6-sectors-300x214.png\",\"datePublished\":\"2023-11-11T08:27:29+00:00\",\"dateModified\":\"2024-06-06T13:42:05+00:00\",\"breadcrumb\":{\"@id\":\"https:\/\/psa-paris.com\/fr\/who_are_we\/#breadcrumb\"},\"inLanguage\":\"fr-FR\",\"potentialAction\":[{\"@type\":\"ReadAction\",\"target\":[\"https:\/\/psa-paris.com\/fr\/who_are_we\/\"]}]},{\"@type\":\"ImageObject\",\"inLanguage\":\"fr-FR\",\"@id\":\"https:\/\/psa-paris.com\/fr\/who_are_we\/#primaryimage\",\"url\":\"https:\/\/psa-paris.com\/wp-content\/uploads\/2023\/11\/1-PSA-operating-on-6-sectors-300x214.png\",\"contentUrl\":\"https:\/\/psa-paris.com\/wp-content\/uploads\/2023\/11\/1-PSA-operating-on-6-sectors-300x214.png\"},{\"@type\":\"BreadcrumbList\",\"@id\":\"https:\/\/psa-paris.com\/fr\/who_are_we\/#breadcrumb\",\"itemListElement\":[{\"@type\":\"ListItem\",\"position\":1,\"name\":\"Accueil\",\"item\":\"https:\/\/psa-paris.com\/fr\/\"},{\"@type\":\"ListItem\",\"position\":2,\"name\":\"QUI SOMMES-NOUS ?\"}]},{\"@type\":\"WebSite\",\"@id\":\"https:\/\/psa-paris.com\/fr\/#website\",\"url\":\"https:\/\/psa-paris.com\/fr\/\",\"name\":\"PSA\",\"description\":\"Produits Sanitaires A\u00e9ronefs - PSA\",\"potentialAction\":[{\"@type\":\"SearchAction\",\"target\":{\"@type\":\"EntryPoint\",\"urlTemplate\":\"https:\/\/psa-paris.com\/fr\/?s={search_term_string}\"},\"query-input\":{\"@type\":\"PropertyValueSpecification\",\"valueRequired\":true,\"valueName\":\"search_term_string\"}}],\"inLanguage\":\"fr-FR\"}]}<\/script>\n<!-- \/ Yoast SEO plugin. -->","yoast_head_json":{"title":"QUI SOMMES-NOUS ? - PSA","robots":{"index":"index","follow":"follow","max-snippet":"max-snippet:-1","max-image-preview":"max-image-preview:large","max-video-preview":"max-video-preview:-1"},"canonical":"https:\/\/psa-paris.com\/fr\/who_are_we\/","og_locale":"fr_FR","og_type":"article","og_title":"QUI SOMMES-NOUS ? - PSA","og_description":"[vc_row][vc_column width=\u00a0\u00bb1\/4&Prime;][vc_column_text] QUI SOMMES-NOUS ? [\/vc_column_text][vc_separator][vc_column_text] NOTRE CULTURE [\/vc_column_text][vc_separator][vc_column_text] UNE ENTREPRISE RESPONSABLE [\/vc_column_text][vc_separator][vc_column_text] RECHERCHE ET D\u00c9VELOPPEMENT [\/vc_column_text][vc_separator][vc_column_text] NOS OPERATIONS [\/vc_column_text][vc_separator][vc_column_text] ACCR\u00c9DITATIONS ET ASSOCIATIONS [\/vc_column_text][vc_separator][vc_column_text css=\u00a0\u00bb\u00a0\u00bb] CONDITIONS G\u00c9N\u00c9RALES DE VENTE [\/vc_column_text][\/vc_column][vc_column width=\u00a0\u00bb3\/4&Prime;][vc_single_image image=\u00a0\u00bb77&Prime; img_size=\u00a0\u00bblarge\u00a0\u00bb alignment=\u00a0\u00bbcenter\u00a0\u00bb][vc_column_text css=\u00a0\u00bb.vc_custom_1699690797241{margin-bottom: 0px !important;}\u00a0\u00bb] PRODUITS SANITAIRES AERONEFS &#8211; PSA [\/vc_column_text][vc_column_text] Produits Sanitaires A\u00e9ronefs &#8211; PSA est une soci\u00e9t\u00e9 fran\u00e7aise, experte dans le&hellip;","og_url":"https:\/\/psa-paris.com\/fr\/who_are_we\/","og_site_name":"PSA","article_modified_time":"2024-06-06T13:42:05+00:00","og_image":[{"url":"https:\/\/psa-paris.com\/wp-content\/uploads\/2023\/11\/1-PSA-operating-on-6-sectors-300x214.png","type":"","width":"","height":""}],"twitter_card":"summary_large_image","twitter_misc":{"Dur\u00e9e de lecture estim\u00e9e":"5 minutes"},"schema":{"@context":"https:\/\/schema.org","@graph":[{"@type":"WebPage","@id":"https:\/\/psa-paris.com\/fr\/who_are_we\/","url":"https:\/\/psa-paris.com\/fr\/who_are_we\/","name":"QUI SOMMES-NOUS ? - PSA","isPartOf":{"@id":"https:\/\/psa-paris.com\/fr\/#website"},"primaryImageOfPage":{"@id":"https:\/\/psa-paris.com\/fr\/who_are_we\/#primaryimage"},"image":{"@id":"https:\/\/psa-paris.com\/fr\/who_are_we\/#primaryimage"},"thumbnailUrl":"https:\/\/psa-paris.com\/wp-content\/uploads\/2023\/11\/1-PSA-operating-on-6-sectors-300x214.png","datePublished":"2023-11-11T08:27:29+00:00","dateModified":"2024-06-06T13:42:05+00:00","breadcrumb":{"@id":"https:\/\/psa-paris.com\/fr\/who_are_we\/#breadcrumb"},"inLanguage":"fr-FR","potentialAction":[{"@type":"ReadAction","target":["https:\/\/psa-paris.com\/fr\/who_are_we\/"]}]},{"@type":"ImageObject","inLanguage":"fr-FR","@id":"https:\/\/psa-paris.com\/fr\/who_are_we\/#primaryimage","url":"https:\/\/psa-paris.com\/wp-content\/uploads\/2023\/11\/1-PSA-operating-on-6-sectors-300x214.png","contentUrl":"https:\/\/psa-paris.com\/wp-content\/uploads\/2023\/11\/1-PSA-operating-on-6-sectors-300x214.png"},{"@type":"BreadcrumbList","@id":"https:\/\/psa-paris.com\/fr\/who_are_we\/#breadcrumb","itemListElement":[{"@type":"ListItem","position":1,"name":"Accueil","item":"https:\/\/psa-paris.com\/fr\/"},{"@type":"ListItem","position":2,"name":"QUI SOMMES-NOUS ?"}]},{"@type":"WebSite","@id":"https:\/\/psa-paris.com\/fr\/#website","url":"https:\/\/psa-paris.com\/fr\/","name":"PSA","description":"Produits Sanitaires A\u00e9ronefs - PSA","potentialAction":[{"@type":"SearchAction","target":{"@type":"EntryPoint","urlTemplate":"https:\/\/psa-paris.com\/fr\/?s={search_term_string}"},"query-input":{"@type":"PropertyValueSpecification","valueRequired":true,"valueName":"search_term_string"}}],"inLanguage":"fr-FR"}]}},"_links":{"self":[{"href":"https:\/\/psa-paris.com\/fr\/wp-json\/wp\/v2\/pages\/9847","targetHints":{"allow":["GET"]}}],"collection":[{"href":"https:\/\/psa-paris.com\/fr\/wp-json\/wp\/v2\/pages"}],"about":[{"href":"https:\/\/psa-paris.com\/fr\/wp-json\/wp\/v2\/types\/page"}],"author":[{"embeddable":true,"href":"https:\/\/psa-paris.com\/fr\/wp-json\/wp\/v2\/users\/1"}],"replies":[{"embeddable":true,"href":"https:\/\/psa-paris.com\/fr\/wp-json\/wp\/v2\/comments?post=9847"}],"version-history":[{"count":23,"href":"https:\/\/psa-paris.com\/fr\/wp-json\/wp\/v2\/pages\/9847\/revisions"}],"predecessor-version":[{"id":15707,"href":"https:\/\/psa-paris.com\/fr\/wp-json\/wp\/v2\/pages\/9847\/revisions\/15707"}],"wp:attachment":[{"href":"https:\/\/psa-paris.com\/fr\/wp-json\/wp\/v2\/media?parent=9847"}],"curies":[{"name":"wp","href":"https:\/\/api.w.org\/{rel}","templated":true}]}}